{"id":999,"date":"2025-12-11T16:48:04","date_gmt":"2025-12-11T15:48:04","guid":{"rendered":"https:\/\/shop.hanaton.hu\/?post_type=product&#038;p=999"},"modified":"2025-12-14T21:48:20","modified_gmt":"2025-12-14T20:48:20","slug":"audio-technica-vm745xml-kettos-mozgomagneses-hangszedo","status":"publish","type":"product","link":"https:\/\/shop.hanaton.hu\/?product=audio-technica-vm745xml-kettos-mozgomagneses-hangszedo","title":{"rendered":"Audio-Technica VM745xML Kett\u0151s mozg\u00f3m\u00e1gneses hangszed\u0151"},"content":{"rendered":"<table class=\"product__attributes product__table active\" style=\"font-size: 16px; font-style: normal;\">\n<tbody>\n<tr class=\"attributes__group-title\">\n<th class=\"attributes__group-title--text\" colspan=\"2\" scope=\"rowgroup\">hangszed\u0151 \u00e9s t\u0171<\/th>\n<\/tr>\n<tr class=\"attributes__tr\">\n<th class=\"attributes__th\" scope=\"row\">Frekvencia \u00e1tvitel<\/th>\n<td class=\"attributes__td\" data-th=\"Frekvencia \u00e1tvitel\">20 \u2013 27\u202f000 Hz-ig<\/td>\n<\/tr>\n<tr class=\"attributes__tr\">\n<th class=\"attributes__th\" scope=\"row\">Csatorna szepar\u00e1ci\u00f3<\/th>\n<td class=\"attributes__td\" data-th=\"Csatorna szepar\u00e1ci\u00f3\">26 dB (1 kHz)<\/td>\n<\/tr>\n<tr class=\"attributes__tr\">\n<th class=\"attributes__th\" scope=\"row\">Vertical Tracking Force<\/th>\n<td class=\"attributes__td\" data-th=\"Vertical Tracking Force\">20\u00b0<\/td>\n<\/tr>\n<tr class=\"attributes__tr\">\n<th class=\"attributes__th\" scope=\"row\">Nyom\u00f3er\u0151-tartom\u00e1ny<\/th>\n<td class=\"attributes__td\" data-th=\"Nyom\u00f3er\u0151-tartom\u00e1ny\">3,7 mV (1 kHz, 5 cm\/s)<\/td>\n<\/tr>\n<tr class=\"attributes__tr\">\n<th class=\"attributes__th\" scope=\"row\">T\u0171 konstrukci\u00f3<\/th>\n<td class=\"attributes__td\" data-th=\"T\u0171 konstrukci\u00f3\">Micro Linear<\/td>\n<\/tr>\n<tr class=\"attributes__tr\">\n<th class=\"attributes__th\" scope=\"row\">Aj\u00e1nlott terhel\u0151 impedancia<\/th>\n<td class=\"attributes__td\" data-th=\"Aj\u00e1nlott terhel\u0151 impedancia\">47 kiloohm<\/td>\n<\/tr>\n<tr class=\"attributes__tr\">\n<th class=\"attributes__th\" scope=\"row\">Tekercs impedancia<\/th>\n<td class=\"attributes__td\" data-th=\"Tekercs impedancia\">3,2\u202fkiloohm (1 kHz)<\/td>\n<\/tr>\n<tr class=\"attributes__tr\">\n<th class=\"attributes__th\" scope=\"row\">DC ellen\u00e1ll\u00e1s<\/th>\n<td class=\"attributes__td\" data-th=\"DC ellen\u00e1ll\u00e1s\">750 ohm<\/td>\n<\/tr>\n<tr class=\"attributes__tr\">\n<th class=\"attributes__th\" scope=\"row\">Tekercs induktancia<\/th>\n<td class=\"attributes__td\" data-th=\"Tekercs induktancia\">480 mH (1 kHz)<\/td>\n<\/tr>\n<tr class=\"attributes__tr\">\n<th class=\"attributes__th\" scope=\"row\">Kimeneti fesz\u00fclts\u00e9g<\/th>\n<td class=\"attributes__td\" data-th=\"Kimeneti fesz\u00fclts\u00e9g\">3,7 mV (1 kHz, 5 cm\/s)<\/td>\n<\/tr>\n<tr class=\"attributes__tr\">\n<th class=\"attributes__th\" scope=\"row\">Output Balance<\/th>\n<td class=\"attributes__td\" data-th=\"Output Balance\">1,0 dB (1 kHz)<\/td>\n<\/tr>\n<tr class=\"attributes__tr\">\n<th class=\"attributes__th\" scope=\"row\">T\u0171sz\u00e1r<\/th>\n<td class=\"attributes__td\" data-th=\"T\u0171sz\u00e1r\">0,28\u202fmm (0,011&#8243;) \u00e1tm\u00e9r\u0151j\u0171 t\u00f6m\u00f6r b\u00f3r<\/td>\n<\/tr>\n<tr class=\"attributes__tr\">\n<th class=\"attributes__th\" scope=\"row\">Statikus enged\u00e9kenys\u00e9g<\/th>\n<td class=\"attributes__td\" data-th=\"Statikus enged\u00e9kenys\u00e9g\">20 \u00d7 10-6 cm\/din<\/td>\n<\/tr>\n<tr class=\"attributes__tr\">\n<th class=\"attributes__th\" scope=\"row\">Dinamikus enged\u00e9kenys\u00e9g<\/th>\n<td class=\"attributes__td\" data-th=\"Dinamikus enged\u00e9kenys\u00e9g\">7 \u00d7 10-6 cm\/din (100 Hz)<\/td>\n<\/tr>\n<tr class=\"attributes__tr\">\n<th class=\"attributes__th\" scope=\"row\">M\u00e9retek<\/th>\n<td class=\"attributes__td\" data-th=\"M\u00e9retek\">29,0\u202fmm (1,1&#8243;)\u202f\u00d7\u202f18,3\u202fmm (0,72&#8243;)\u202f\u00d7\u202f17,5\u202fmm (0,69&#8243;) (Ma\u00d7Sz\u00e9\u00d7M\u00e9)<\/td>\n<\/tr>\n<tr class=\"attributes__tr\">\n<th class=\"attributes__th\" scope=\"row\">Mell\u00e9kelt tartoz\u00e9kok<\/th>\n<td class=\"attributes__td\" data-th=\"Mell\u00e9kelt tartoz\u00e9kok\">Hangszed\u0151 r\u00f6gz\u00edt\u0151csavarok** (M2,6) (2\u202fdb 10,0\u202fmm (0,39&#8243;), 2\u202fdb 8,0\u202fmm (0,31&#8243;), 2\u202fdb 5,0\u202fmm (0,20&#8243;))\u00a0 , Al\u00e1t\u00e9t \u00d7 2\u00a0 , Nem m\u00e1gneses csavarh\u00faz\u00f3\u00a0 , T\u0171tiszt\u00edt\u00f3 ecset<\/td>\n<\/tr>\n<tr class=\"attributes__tr\">\n<th class=\"attributes__th\" scope=\"row\">Threaded Hole<\/th>\n<td class=\"attributes__td\" data-th=\"Threaded Hole\">M2,6 x 2<\/td>\n<\/tr>\n<tr class=\"attributes__tr\">\n<th class=\"attributes__th\" scope=\"row\">Aj\u00e1nlott terhel\u0151 kapacit\u00e1s<\/th>\n<td class=\"attributes__td\" data-th=\"Aj\u00e1nlott terhel\u0151 kapacit\u00e1s\">150 \u2013 250 pF-ig<\/td>\n<\/tr>\n<tr class=\"attributes__tr\">\n<th class=\"attributes__th\" scope=\"row\">Cseret\u0171 t\u00edpusa<\/th>\n<td class=\"attributes__td\" data-th=\"Cseret\u0171 t\u00edpusa\">AT-VMN45xML* (k\u00fcl\u00f6n kaphat\u00f3)<\/td>\n<\/tr>\n<tr class=\"attributes__tr\">\n<th class=\"attributes__th\" scope=\"row\">T\u0171 g\u00f6rb\u00fcleti sugara<\/th>\n<td class=\"attributes__td\" data-th=\"T\u0171 g\u00f6rb\u00fcleti sugara\">2,2 \u00d7 0,12\u202fmil<\/td>\n<\/tr>\n<tr class=\"attributes__tr\">\n<th class=\"attributes__th\" scope=\"row\">T\u00edpus<\/th>\n<td class=\"attributes__td\" data-th=\"T\u00edpus\">VM<\/td>\n<\/tr>\n<tr class=\"attributes__tr\">\n<th class=\"attributes__th\" scope=\"row\">T\u00f6meg<\/th>\n<td class=\"attributes__td\" data-th=\"T\u00f6meg\">8,8 g (0,31 oz)<\/td>\n<\/tr>\n<tr class=\"attributes__tr\">\n<th class=\"attributes__th\" scope=\"row\">Notes<\/th>\n<td class=\"attributes__td\" data-th=\"Notes\">*1 A term\u00e9k cseret\u0171je az AT-VMx sorozat\u00fa term\u00e9kekhez haszn\u00e1lhat\u00f3. Ebben a sorozatban k\u00fcl\u00f6nb\u00f6z\u0151 profil\u00fa \u00e9s szerkezet\u0171 cser\u00e9lhet\u0151 t\u0171ket k\u00edn\u00e1lunk. Tov\u00e1bbi r\u00e9szletek\u00e9rt l\u00e1togasson el az Audio-Technica weboldal\u00e1ra.<br \/>\n*2 Hangszed\u0151 r\u00f6gz\u00edt\u0151 csavarok (2 db 5,0\u202fmm (0,20&#8243;)) a hangszed\u0151 r\u00f6gz\u00edt\u00e9s\u00e9re szolg\u00e1lnak a csomagol\u00e1s doboz\u00e1ban a v\u00e1s\u00e1rl\u00e1skor. \u0150rizze meg ezeket miut\u00e1n kivette a hangszed\u0151t a csomagol\u00e1sb\u00f3l.<br \/>\nA term\u00e9k fejleszt\u00e9se \u00e9rdek\u00e9ben a term\u00e9k el\u0151zetes \u00e9rtes\u00edt\u00e9s n\u00e9lk\u00fcl m\u00f3dos\u00edt\u00e1s t\u00e1rgy\u00e1t k\u00e9pezi.<\/td>\n<\/tr>\n<\/tbody>\n<\/table>\n","protected":false},"excerpt":{"rendered":"<div class=\"product-hero__intro-text\">\n<p>Az AT-VMx sorozat \u00faj melegs\u00e9get \u00e9s realizmust hoz az Audio-Technica pr\u00e9mium kett\u0151s mozg\u00f3m\u00e1gneses (MM) hangszed\u0151k csal\u00e1dj\u00e1ba, mik\u00f6zben zenei r\u00e9szletekkel teli hangsz\u00ednpadot \u00e9p\u00edt fel.<\/p>\n<p>Mint minden MM hangszed\u0151nk, ez a friss\u00edtett csal\u00e1d is a mesterlemez k\u00e9sz\u00edt\u00e9s\u00e9hez haszn\u00e1lt v\u00e1g\u00f3fejet ut\u00e1nozza. K\u00e9t m\u00e1gnest haszn\u00e1l, amelyek a sztere\u00f3 bar\u00e1zda bal \u00e9s jobb csatorn\u00e1j\u00e1nak megfelel\u0151en vannak elhelyezve, \u00edgy kiv\u00e1l\u00f3 csatornaelv\u00e1laszt\u00e1st \u00e9s sz\u00e9les frekvencia\u00e1tviteli tartom\u00e1nyt kapunk. Az \u00faj VMx sorozat ezen k\u00edv\u00fcl a felhaszn\u00e1lt anyagokban \u00e9s m\u0171szaki megold\u00e1sokban is olyan v\u00e1ltoz\u00e1sokat hoz, amelyek tov\u00e1bb finom\u00edtj\u00e1k a hangz\u00e1st, els\u0151sorban a gyorsabb zenei tranziensek \u00e9s a dinamika tekintet\u00e9ben.<\/p>\n<\/div>\n<div class=\"product-hero__expanded-text\">\n<p>A VMx hangszed\u0151k gener\u00e1tor\u00e1ban csatorn\u00e1nk\u00e9nt k\u00e9t paratoroid kialak\u00edt\u00e1s\u00fa tekercs tal\u00e1lhat\u00f3, amelyek egym\u00e1s m\u00f6g\u00f6tt helyezkednek el. Ez a technol\u00f3gia jelent\u0151sen jav\u00edtja a hat\u00e9konys\u00e1got, a kimen\u0151 jelszint magasabb lesz. A hangszed\u0151testben egy k\u00f6z\u00e9ps\u0151 \u00e1rny\u00e9kol\u00f3 lemez v\u00e1lasztja el a bal \u00e9s a jobb csatorna tekercseit, hogy cs\u00f6kkentse az \u00e1thall\u00e1st \u00e9s meg\u0151rizze a tiszta sztere\u00f3 k\u00e9pet. A tekercsekhez imm\u00e1r PCUHD\u00ae (Pure Copper Ultra High Drawability) r\u00e9zhuzalt haszn\u00e1lunk, ami r\u00e9szletekben \u00e9s sz\u00ednekben gazdagabb hangvisszaad\u00e1st eredm\u00e9nyez. A tekercsek menetsz\u00e1m\u00e1t kiss\u00e9 cs\u00f6kkentett\u00fck a tranziens v\u00e1lasz jav\u00edt\u00e1sa \u00e9rdek\u00e9ben, \u00edgy a hangszed\u0151 gyorsabban reag\u00e1l a zenei jel v\u00e1ltoz\u00e1saira, \u00e9s ez leny\u0171g\u00f6z\u0151en tiszta \u00e9s \u00e9leth\u0171 zenei \u00e9lm\u00e9nyt eredm\u00e9nyez.<\/p>\n<p>Az AT-VM745xML alacsony saj\u00e1t t\u00f6meg\u0171, Micro Linear csiszol\u00e1s\u00fa t\u0171je olyan pontosan k\u00f6veti a bar\u00e1zd\u00e1t, amit az egyszer\u0171bb k\u00fapos \u00e9s elliptikus profil\u00fa t\u0171k nem tudnak megk\u00f6zel\u00edteni. Ezt a magas felbont\u00e1s\u00fa hangvisszaad\u00e1st tov\u00e1bb finom\u00edtja a t\u00f6m\u00f6r b\u00f3r t\u0171sz\u00e1r, amely kb k\u00e9t \u00e9s f\u00e9lszer gyorsabban tov\u00e1bb\u00edtja a jeleket, mint az egyszer\u0171bb modellek alum\u00ednium cs\u0151 t\u0171sz\u00e1ra. Ez a megold\u00e1s a dinamikus zenei szakaszok pontosabb megsz\u00f3laltat\u00e1s\u00e1t eredm\u00e9nyezi.<\/p>\n<p>Az AT-VM745xML hangszed\u0151 \u00f6nt\u00f6tt alum\u00ednium hangszed\u0151h\u00e1z\u00e1ba menetes bet\u00e9teket integr\u00e1ltak, amelyek megk\u00f6nny\u00edtik a beszerel\u00e9st (mind\u00f6ssze a k\u00e9t csavar sz\u00fcks\u00e9ges a hangszed\u0151 r\u00f6gz\u00edt\u00e9s\u00e9hez), k\u00fcl\u00f6n\u00f6sen a cs\u00facskateg\u00f3ri\u00e1s lemezj\u00e1tsz\u00f3kon gyakori integr\u00e1lt headshellek eset\u00e9ben. Egy \u00faj, V alak\u00fa bev\u00e1g\u00e1s a felhajthat\u00f3 t\u0171v\u00e9d\u0151ben mutatja a t\u0171 poz\u00edci\u00f3j\u00e1t, azaz k\u00f6nnyebb megc\u00e9lozni a helyet, ahov\u00e1 a t\u0171t engedj\u00fck le.<\/p>\n<\/div>\n<p>&nbsp;<\/p>\n","protected":false},"featured_media":1000,"comment_status":"open","ping_status":"closed","template":"","meta":{"_uag_custom_page_level_css":"","site-sidebar-layout":"default","site-content-layout":"","ast-site-content-layout":"default","site-content-style":"default","site-sidebar-style":"default","ast-global-header-display":"","ast-banner-title-visibility":"","ast-main-header-display":"","ast-hfb-above-header-display":"","ast-hfb-below-header-display":"","ast-hfb-mobile-header-display":"","site-post-title":"","ast-breadcrumbs-content":"","ast-featured-img":"","footer-sml-layout":"","ast-disable-related-posts":"","theme-transparent-header-meta":"default","adv-header-id-meta":"","stick-header-meta":"","header-above-stick-meta":"","header-main-stick-meta":"","header-below-stick-meta":"","astra-migrate-meta-layouts":"set","ast-page-background-enabled":"default","ast-page-background-meta":{"desktop":{"background-color":"var(--ast-global-color-4)","background-image":"","background-repeat":"repeat","background-position":"center center","background-size":"auto","background-attachment":"scroll","background-type":"","background-media":"","overlay-type":"","overlay-color":"","overlay-opacity":"","overlay-gradient":""},"tablet":{"background-color":"","background-image":"","background-repeat":"repeat","background-position":"center center","background-size":"auto","background-attachment":"scroll","background-type":"","background-media":"","overlay-type":"","overlay-color":"","overlay-opacity":"","overlay-gradient":""},"mobile":{"background-color":"","background-image":"","background-repeat":"repeat","background-position":"center center","background-size":"auto","background-attachment":"scroll","background-type":"","background-media":"","overlay-type":"","overlay-color":"","overlay-opacity":"","overlay-gradient":""}},"ast-content-background-meta":{"desktop":{"background-color":"var(--ast-global-color-5)","background-image":"","background-repeat":"repeat","background-position":"center center","background-size":"auto","background-attachment":"scroll","background-type":"","background-media":"","overlay-type":"","overlay-color":"","overlay-opacity":"","overlay-gradient":""},"tablet":{"background-color":"var(--ast-global-color-5)","background-image":"","background-repeat":"repeat","background-position":"center center","background-size":"auto","background-attachment":"scroll","background-type":"","background-media":"","overlay-type":"","overlay-color":"","overlay-opacity":"","overlay-gradient":""},"mobile":{"background-color":"var(--ast-global-color-5)","background-image":"","background-repeat":"repeat","background-position":"center center","background-size":"auto","background-attachment":"scroll","background-type":"","background-media":"","overlay-type":"","overlay-color":"","overlay-opacity":"","overlay-gradient":""}}},"product_brand":[],"product_cat":[49,54],"product_tag":[],"class_list":{"0":"post-999","1":"product","2":"type-product","3":"status-publish","4":"has-post-thumbnail","6":"product_cat-hangszedo","7":"product_cat-tuk-es-hangszedo","8":"desktop-align-left","9":"tablet-align-left","10":"mobile-align-left","12":"first","13":"instock","14":"taxable","15":"shipping-taxable","16":"purchasable","17":"product-type-simple"},"supplier_id":null,"supplier_sku":"","barcode":null,"atum_controlled":true,"out_stock_date":null,"out_stock_threshold":null,"inheritable":false,"inbound_stock":0,"stock_on_hold":0,"sold_today":0,"sales_last_days":0,"reserved_stock":0,"customer_returns":0,"warehouse_damage":0,"lost_in_post":0,"other_logs":0,"out_stock_days":0,"lost_sales":0,"has_location":false,"update_date":"2026-04-29T04:22:30","atum_locations":[],"atum_stock_status":"instock","restock_status":false,"low_stock_amount":"","sales_update_date":"2026-04-29T04:22:30","calc_backorders":null,"uagb_featured_image_src":{"full":["https:\/\/shop.hanaton.hu\/wp-content\/uploads\/at-vm745xml_01.png",2000,2000,false],"thumbnail":["https:\/\/shop.hanaton.hu\/wp-content\/uploads\/at-vm745xml_01-150x150.png",150,150,true],"medium":["https:\/\/shop.hanaton.hu\/wp-content\/uploads\/at-vm745xml_01-300x300.png",300,300,true],"medium_large":["https:\/\/shop.hanaton.hu\/wp-content\/uploads\/at-vm745xml_01-768x768.png",768,768,true],"large":["https:\/\/shop.hanaton.hu\/wp-content\/uploads\/at-vm745xml_01-1024x1024.png",1024,1024,true],"1536x1536":["https:\/\/shop.hanaton.hu\/wp-content\/uploads\/at-vm745xml_01-1536x1536.png",1536,1536,true],"2048x2048":["https:\/\/shop.hanaton.hu\/wp-content\/uploads\/at-vm745xml_01.png",2000,2000,false],"woocommerce_thumbnail":["https:\/\/shop.hanaton.hu\/wp-content\/uploads\/at-vm745xml_01-300x300.png",300,300,true],"woocommerce_single":["https:\/\/shop.hanaton.hu\/wp-content\/uploads\/at-vm745xml_01-600x600.png",600,600,true],"woocommerce_gallery_thumbnail":["https:\/\/shop.hanaton.hu\/wp-content\/uploads\/at-vm745xml_01-100x100.png",100,100,true]},"uagb_author_info":{"display_name":"admin","author_link":"https:\/\/shop.hanaton.hu\/?author=0"},"uagb_comment_info":0,"uagb_excerpt":"Az AT-VMx sorozat \u00faj melegs\u00e9get \u00e9s realizmust hoz az Audio-Technica pr\u00e9mium kett\u0151s mozg\u00f3m\u00e1gneses (MM) hangszed\u0151k csal\u00e1dj\u00e1ba, mik\u00f6zben zenei r\u00e9szletekkel teli hangsz\u00ednpadot \u00e9p\u00edt fel. Mint minden MM hangszed\u0151nk, ez a friss\u00edtett csal\u00e1d is a mesterlemez k\u00e9sz\u00edt\u00e9s\u00e9hez haszn\u00e1lt v\u00e1g\u00f3fejet ut\u00e1nozza. K\u00e9t m\u00e1gnest haszn\u00e1l, amelyek a sztere\u00f3 bar\u00e1zda bal \u00e9s jobb csatorn\u00e1j\u00e1nak megfelel\u0151en vannak elhelyezve, \u00edgy kiv\u00e1l\u00f3 csatornaelv\u00e1laszt\u00e1st&hellip;","_links":{"self":[{"href":"https:\/\/shop.hanaton.hu\/index.php?rest_route=\/wp\/v2\/product\/999","targetHints":{"allow":["GET"]}}],"collection":[{"href":"https:\/\/shop.hanaton.hu\/index.php?rest_route=\/wp\/v2\/product"}],"about":[{"href":"https:\/\/shop.hanaton.hu\/index.php?rest_route=\/wp\/v2\/types\/product"}],"replies":[{"embeddable":true,"href":"https:\/\/shop.hanaton.hu\/index.php?rest_route=%2Fwp%2Fv2%2Fcomments&post=999"}],"wp:featuredmedia":[{"embeddable":true,"href":"https:\/\/shop.hanaton.hu\/index.php?rest_route=\/wp\/v2\/media\/1000"}],"wp:attachment":[{"href":"https:\/\/shop.hanaton.hu\/index.php?rest_route=%2Fwp%2Fv2%2Fmedia&parent=999"}],"wp:term":[{"taxonomy":"product_brand","embeddable":true,"href":"https:\/\/shop.hanaton.hu\/index.php?rest_route=%2Fwp%2Fv2%2Fproduct_brand&post=999"},{"taxonomy":"product_cat","embeddable":true,"href":"https:\/\/shop.hanaton.hu\/index.php?rest_route=%2Fwp%2Fv2%2Fproduct_cat&post=999"},{"taxonomy":"product_tag","embeddable":true,"href":"https:\/\/shop.hanaton.hu\/index.php?rest_route=%2Fwp%2Fv2%2Fproduct_tag&post=999"}],"curies":[{"name":"wp","href":"https:\/\/api.w.org\/{rel}","templated":true}]}}