{"id":54,"date":"2023-09-07T22:41:10","date_gmt":"2023-09-07T20:41:10","guid":{"rendered":"https:\/\/shop.hanaton.hu\/?post_type=product&#038;p=54"},"modified":"2025-12-11T23:18:18","modified_gmt":"2025-12-11T22:18:18","slug":"ketkefes-antisztatikus-lemeztisztito","status":"publish","type":"product","link":"https:\/\/shop.hanaton.hu\/?product=ketkefes-antisztatikus-lemeztisztito","title":{"rendered":"K\u00e9tkef\u00e9s antisztatikus lemeztiszt\u00edt\u00f3 \/AT6013a"},"content":{"rendered":"","protected":false},"excerpt":{"rendered":"<p>K\u00e9t sz\u00e9nsz\u00e1las kefe \u00e9s a k\u00f6zt\u00fck l\u00e9v\u0151 b\u00e1rsonyp\u00e1rna egy\u00fctt dolgozik a por \u00e9s m\u00e1s szennyez\u0151d\u00e9seket egy l\u00e9p\u00e9sben t\u00f6rt\u00e9n\u0151 \u00f6sszegy\u0171jt\u00e9s\u00e9ben<\/p>\n<ul>\n<li>Az antisztatikus kefesz\u00e1lak egyenesek maradnak a m\u00e9ly lemezbar\u00e1zd\u00e1k tiszt\u00edt\u00e1shoz.<\/li>\n<li>N\u00f6veli a hangszed\u0151 \u00e9lettartam\u00e1t \u00e9s a felsz\u00edni vesztes\u00e9g cs\u00f6kkent\u00e9s\u00e9vel jav\u00edt a hallgat\u00e1si \u00e9lm\u00e9nyen.<\/li>\n<\/ul>\n","protected":false},"featured_media":132,"comment_status":"closed","ping_status":"closed","template":"","meta":{"_uag_custom_page_level_css":"","site-sidebar-layout":"default","site-content-layout":"","ast-site-content-layout":"default","site-content-style":"default","site-sidebar-style":"default","ast-global-header-display":"","ast-banner-title-visibility":"","ast-main-header-display":"","ast-hfb-above-header-display":"","ast-hfb-below-header-display":"","ast-hfb-mobile-header-display":"","site-post-title":"","ast-breadcrumbs-content":"","ast-featured-img":"","footer-sml-layout":"","ast-disable-related-posts":"","theme-transparent-header-meta":"default","adv-header-id-meta":"","stick-header-meta":"","header-above-stick-meta":"","header-main-stick-meta":"","header-below-stick-meta":"","astra-migrate-meta-layouts":"set","ast-page-background-enabled":"default","ast-page-background-meta":{"desktop":{"background-color":"var(--ast-global-color-4)","background-image":"","background-repeat":"repeat","background-position":"center center","background-size":"auto","background-attachment":"scroll","background-type":"","background-media":"","overlay-type":"","overlay-color":"","overlay-opacity":"","overlay-gradient":""},"tablet":{"background-color":"","background-image":"","background-repeat":"repeat","background-position":"center center","background-size":"auto","background-attachment":"scroll","background-type":"","background-media":"","overlay-type":"","overlay-color":"","overlay-opacity":"","overlay-gradient":""},"mobile":{"background-color":"","background-image":"","background-repeat":"repeat","background-position":"center center","background-size":"auto","background-attachment":"scroll","background-type":"","background-media":"","overlay-type":"","overlay-color":"","overlay-opacity":"","overlay-gradient":""}},"ast-content-background-meta":{"desktop":{"background-color":"var(--ast-global-color-5)","background-image":"","background-repeat":"repeat","background-position":"center center","background-size":"auto","background-attachment":"scroll","background-type":"","background-media":"","overlay-type":"","overlay-color":"","overlay-opacity":"","overlay-gradient":""},"tablet":{"background-color":"var(--ast-global-color-5)","background-image":"","background-repeat":"repeat","background-position":"center center","background-size":"auto","background-attachment":"scroll","background-type":"","background-media":"","overlay-type":"","overlay-color":"","overlay-opacity":"","overlay-gradient":""},"mobile":{"background-color":"var(--ast-global-color-5)","background-image":"","background-repeat":"repeat","background-position":"center center","background-size":"auto","background-attachment":"scroll","background-type":"","background-media":"","overlay-type":"","overlay-color":"","overlay-opacity":"","overlay-gradient":""}}},"product_brand":[],"product_cat":[20],"product_tag":[],"class_list":{"0":"post-54","1":"product","2":"type-product","3":"status-publish","4":"has-post-thumbnail","6":"product_cat-tisztitoszerek-es-egyebek","7":"desktop-align-left","8":"tablet-align-left","9":"mobile-align-left","11":"first","12":"instock","13":"taxable","14":"shipping-taxable","15":"purchasable","16":"product-type-simple"},"supplier_id":null,"supplier_sku":"","barcode":null,"atum_controlled":true,"out_stock_date":null,"out_stock_threshold":null,"inheritable":false,"inbound_stock":0,"stock_on_hold":0,"sold_today":0,"sales_last_days":0,"reserved_stock":0,"customer_returns":0,"warehouse_damage":0,"lost_in_post":0,"other_logs":0,"out_stock_days":0,"lost_sales":0,"has_location":false,"update_date":"2026-05-02T04:24:32","atum_locations":[],"atum_stock_status":"instock","restock_status":false,"low_stock_amount":"","sales_update_date":"2026-05-02T04:24:32","calc_backorders":null,"uagb_featured_image_src":{"full":["https:\/\/shop.hanaton.hu\/wp-content\/uploads\/2023\/09\/at6013a_01.png",2000,2000,false],"thumbnail":["https:\/\/shop.hanaton.hu\/wp-content\/uploads\/2023\/09\/at6013a_01-150x150.png",150,150,true],"medium":["https:\/\/shop.hanaton.hu\/wp-content\/uploads\/2023\/09\/at6013a_01-300x300.png",300,300,true],"medium_large":["https:\/\/shop.hanaton.hu\/wp-content\/uploads\/2023\/09\/at6013a_01-768x768.png",768,768,true],"large":["https:\/\/shop.hanaton.hu\/wp-content\/uploads\/2023\/09\/at6013a_01-1024x1024.png",1024,1024,true],"1536x1536":["https:\/\/shop.hanaton.hu\/wp-content\/uploads\/2023\/09\/at6013a_01-1536x1536.png",1536,1536,true],"2048x2048":["https:\/\/shop.hanaton.hu\/wp-content\/uploads\/2023\/09\/at6013a_01.png",2000,2000,false],"woocommerce_thumbnail":["https:\/\/shop.hanaton.hu\/wp-content\/uploads\/2023\/09\/at6013a_01-300x300.png",300,300,true],"woocommerce_single":["https:\/\/shop.hanaton.hu\/wp-content\/uploads\/2023\/09\/at6013a_01-600x600.png",600,600,true],"woocommerce_gallery_thumbnail":["https:\/\/shop.hanaton.hu\/wp-content\/uploads\/2023\/09\/at6013a_01-100x100.png",100,100,true]},"uagb_author_info":{"display_name":"admin","author_link":"https:\/\/shop.hanaton.hu\/?author=0"},"uagb_comment_info":0,"uagb_excerpt":"K\u00e9t sz\u00e9nsz\u00e1las kefe \u00e9s a k\u00f6zt\u00fck l\u00e9v\u0151 b\u00e1rsonyp\u00e1rna egy\u00fctt dolgozik a por \u00e9s m\u00e1s szennyez\u0151d\u00e9seket egy l\u00e9p\u00e9sben t\u00f6rt\u00e9n\u0151 \u00f6sszegy\u0171jt\u00e9s\u00e9ben Az antisztatikus kefesz\u00e1lak egyenesek maradnak a m\u00e9ly lemezbar\u00e1zd\u00e1k tiszt\u00edt\u00e1shoz. N\u00f6veli a hangszed\u0151 \u00e9lettartam\u00e1t \u00e9s a felsz\u00edni vesztes\u00e9g cs\u00f6kkent\u00e9s\u00e9vel jav\u00edt a hallgat\u00e1si \u00e9lm\u00e9nyen.","_links":{"self":[{"href":"https:\/\/shop.hanaton.hu\/index.php?rest_route=\/wp\/v2\/product\/54","targetHints":{"allow":["GET"]}}],"collection":[{"href":"https:\/\/shop.hanaton.hu\/index.php?rest_route=\/wp\/v2\/product"}],"about":[{"href":"https:\/\/shop.hanaton.hu\/index.php?rest_route=\/wp\/v2\/types\/product"}],"replies":[{"embeddable":true,"href":"https:\/\/shop.hanaton.hu\/index.php?rest_route=%2Fwp%2Fv2%2Fcomments&post=54"}],"wp:featuredmedia":[{"embeddable":true,"href":"https:\/\/shop.hanaton.hu\/index.php?rest_route=\/wp\/v2\/media\/132"}],"wp:attachment":[{"href":"https:\/\/shop.hanaton.hu\/index.php?rest_route=%2Fwp%2Fv2%2Fmedia&parent=54"}],"wp:term":[{"taxonomy":"product_brand","embeddable":true,"href":"https:\/\/shop.hanaton.hu\/index.php?rest_route=%2Fwp%2Fv2%2Fproduct_brand&post=54"},{"taxonomy":"product_cat","embeddable":true,"href":"https:\/\/shop.hanaton.hu\/index.php?rest_route=%2Fwp%2Fv2%2Fproduct_cat&post=54"},{"taxonomy":"product_tag","embeddable":true,"href":"https:\/\/shop.hanaton.hu\/index.php?rest_route=%2Fwp%2Fv2%2Fproduct_tag&post=54"}],"curies":[{"name":"wp","href":"https:\/\/api.w.org\/{rel}","templated":true}]}}