{"id":49,"date":"2023-09-07T22:41:09","date_gmt":"2023-09-07T20:41:09","guid":{"rendered":"https:\/\/shop.hanaton.hu\/?post_type=product&#038;p=49"},"modified":"2025-12-11T23:18:18","modified_gmt":"2025-12-11T22:18:18","slug":"audio-technica-lpw50btrw-lemezjatszo","status":"publish","type":"product","link":"https:\/\/shop.hanaton.hu\/?product=audio-technica-lpw50btrw-lemezjatszo","title":{"rendered":"Audio-Technica LPW50BTRW lemezj\u00e1tsz\u00f3"},"content":{"rendered":"<p>A manu\u00e1lis lemezj\u00e1tsz\u00f3 pomp\u00e1s r\u00f3zsafa-bevonata tov\u00e1bb emeli a lemezj\u00e1tsz\u00f3 kifinomult st\u00edlus\u00e1t, de emellett el is fojtja az alacsony frekvenci\u00e1j\u00fa akusztikus gerjed\u00e9st is, amivel biztos\u00edtja a krist\u00e1lytiszta, zavartalan hangz\u00e1st.<\/p>\n<p>A fels\u0151kateg\u00f3ri\u00e1s hangszed\u0151kart \u00e9s a kritikusok \u00e1ltal is elismert AT-VM95E-t, valamint Bluetooth\u00ae-kapcsol\u00f3d\u00e1si lehet\u0151s\u00e9get is mag\u00e1ba foglal\u00f3 Audio-Technika AT-LPW50XBT-RW lemezj\u00e1tsz\u00f3tartalmaz mindent, amire egy bakelitlemezrajong\u00f3nak sz\u00fcks\u00e9ge lehet ahhoz, hogy \u00e1t\u00e9lje az \u00e1tfog\u00f3 \u00e9s gazdag anal\u00f3g hangz\u00e1s \u00e9lm\u00e9ny\u00e9t.<\/p>\n<ul>\n<li>Teljesen manu\u00e1lis, sz\u00edjhajt\u00e1s\u00fa m\u0171k\u00f6d\u00e9s k\u00e9t sebess\u00e9ggel: 33-1\/3 \u00e9s 45 ford.\/<br \/>\nperc<\/li>\n<li>A motor fordulatsz\u00e1m-\u00e9rz\u00e9kel\u0151 rendszerrel rendelkezik a t\u00e1ny\u00e9r pontos forg\u00e1si sebess\u00e9g\u00e9nek fenntart\u00e1sa \u00e9rdek\u00e9ben<\/li>\n<li>\u00c1ll\u00edthat\u00f3 dinamikus anti-skate vez\u00e9rl\u00e9s<\/li>\n<li>Professzion\u00e1lis rezg\u00e9scsillap\u00edt\u00f3, \u00f6nt\u00f6tt alum\u00ednium t\u00e1ny\u00e9r gumilappal<\/li>\n<li>AT-HS4 (ez\u00fcst) univerz\u00e1lis, \u00bd\u201d-os hangszed\u0151fej \u00e9s AT-VM95E (fekete) kett\u0151s mozg\u00f3-m\u00e1gneses hangszed\u0151 0,3 x 0,7 mm-es elliptikus t\u0171vel<\/li>\n<li>Az AT-VM95E hangszed\u0151 kompatibilis b\u00e1rmely VM95 sorozat\u00fa cser\u00e9lhet\u0151 t\u0171vel, \u00edgy a lehet\u0151s\u00e9gek sz\u00e9les v\u00e1laszt\u00e9k\u00e1t k\u00edn\u00e1lja minden k\u00f6lts\u00e9gvet\u00e9shez \u00e9s alkalmaz\u00e1shoz<\/li>\n<li>Egyenes sz\u00e9nsz\u00e1las hangkar hidraulikusan csillap\u00edtott emel\u0151vez\u00e9rl\u00e9ssel \u00e9s reteszelhet\u0151 t\u00e1maszt\u00e9kkal<\/li>\n<li>Rezg\u00e9scsillap\u00edt\u00f3, 30 mm vastag MDF (k\u00f6zepes s\u0171r\u0171s\u00e9g\u0171 farostlemez) alap r\u00f3zsafa fel\u00fclet\u0171 fa furn\u00e9rral<\/li>\n<li>Be\u00e9p\u00edtett kapcsolhat\u00f3 phono el\u0151er\u0151s\u00edt\u0151 phono vagy line-level kimenethez<\/li>\n<li>A v\u00e1lt\u00f3\u00e1ram\u00fa adapter a h\u00e1zon k\u00edv\u00fcl kezeli az AC\/DC \u00e1talak\u00edt\u00e1st, cs\u00f6kkentve a zajt a jell\u00e1ncban<\/li>\n<li>Tartalmaz: kett\u0151s RCA dugaszr\u00f3l kett\u0151s RCA dugaszra sztere\u00f3 k\u00e1belt, 45 ford.\/perc adaptert, gumilapot \u00e9s elt\u00e1vol\u00edthat\u00f3 csukl\u00f3s porv\u00e9d\u0151t<\/li>\n<\/ul>\n<table id=\"product-attribute-specs-table\" class=\"c-table c-table--spec js-expandable-table__table\">\n<tbody>\n<tr class=\"\">\n<th scope=\"row\">T\u00edpus<\/th>\n<td>Sz\u00edjhajt\u00e1s\u00fa manu\u00e1lis lemezj\u00e1tsz\u00f3<\/td>\n<\/tr>\n<tr class=\"\">\n<th scope=\"row\">Motor<\/th>\n<td>DC szervo akt\u00edv fordulatsz\u00e1m stabiliz\u00e1torral<\/td>\n<\/tr>\n<tr class=\"\">\n<th scope=\"row\">Meghajt\u00e1s<\/th>\n<td>Sz\u00edjhajt\u00e1s\u00fa<\/td>\n<\/tr>\n<tr class=\"\">\n<th scope=\"row\">Sebess\u00e9gek<\/th>\n<td>33-1\/3 ford.\/perc, 45 ford.\/perc<\/td>\n<\/tr>\n<tr class=\"\">\n<th scope=\"row\">Lemezt\u00e1ny\u00e9r<\/th>\n<td>Alum\u00ednium pr\u00e9s\u00f6ntv\u00e9ny<\/td>\n<\/tr>\n<\/tbody>\n<\/table>\n","protected":false},"excerpt":{"rendered":"<p>Az Audio-Technica AT-LPW50BT-RW vezet\u00e9kn\u00e9lk\u00fcli lemezj\u00e1tsz\u00f3ja optim\u00e1lis, magas hangh\u0171s\u00e9g\u0171 lemezj\u00e1tsz\u00e1st biztos\u00edt vezet\u00e9kes vagy Bluetooth\u00ae-zenehallgat\u00e1s mellett.<\/p>\n","protected":false},"featured_media":108,"comment_status":"closed","ping_status":"closed","template":"","meta":{"_uag_custom_page_level_css":"","site-sidebar-layout":"default","site-content-layout":"","ast-site-content-layout":"default","site-content-style":"default","site-sidebar-style":"default","ast-global-header-display":"","ast-banner-title-visibility":"","ast-main-header-display":"","ast-hfb-above-header-display":"","ast-hfb-below-header-display":"","ast-hfb-mobile-header-display":"","site-post-title":"","ast-breadcrumbs-content":"","ast-featured-img":"","footer-sml-layout":"","ast-disable-related-posts":"","theme-transparent-header-meta":"","adv-header-id-meta":"","stick-header-meta":"","header-above-stick-meta":"","header-main-stick-meta":"","header-below-stick-meta":"","astra-migrate-meta-layouts":"default","ast-page-background-enabled":"default","ast-page-background-meta":{"desktop":{"background-color":"var(--ast-global-color-4)","background-image":"","background-repeat":"repeat","background-position":"center center","background-size":"auto","background-attachment":"scroll","background-type":"","background-media":"","overlay-type":"","overlay-color":"","overlay-opacity":"","overlay-gradient":""},"tablet":{"background-color":"","background-image":"","background-repeat":"repeat","background-position":"center center","background-size":"auto","background-attachment":"scroll","background-type":"","background-media":"","overlay-type":"","overlay-color":"","overlay-opacity":"","overlay-gradient":""},"mobile":{"background-color":"","background-image":"","background-repeat":"repeat","background-position":"center center","background-size":"auto","background-attachment":"scroll","background-type":"","background-media":"","overlay-type":"","overlay-color":"","overlay-opacity":"","overlay-gradient":""}},"ast-content-background-meta":{"desktop":{"background-color":"var(--ast-global-color-5)","background-image":"","background-repeat":"repeat","background-position":"center center","background-size":"auto","background-attachment":"scroll","background-type":"","background-media":"","overlay-type":"","overlay-color":"","overlay-opacity":"","overlay-gradient":""},"tablet":{"background-color":"var(--ast-global-color-5)","background-image":"","background-repeat":"repeat","background-position":"center center","background-size":"auto","background-attachment":"scroll","background-type":"","background-media":"","overlay-type":"","overlay-color":"","overlay-opacity":"","overlay-gradient":""},"mobile":{"background-color":"var(--ast-global-color-5)","background-image":"","background-repeat":"repeat","background-position":"center center","background-size":"auto","background-attachment":"scroll","background-type":"","background-media":"","overlay-type":"","overlay-color":"","overlay-opacity":"","overlay-gradient":""}}},"product_brand":[],"product_cat":[19],"product_tag":[],"class_list":{"0":"post-49","1":"product","2":"type-product","3":"status-publish","4":"has-post-thumbnail","6":"product_cat-lemezjatszok","7":"desktop-align-left","8":"tablet-align-left","9":"mobile-align-left","11":"first","12":"instock","13":"taxable","14":"shipping-taxable","15":"purchasable","16":"product-type-simple"},"supplier_id":null,"supplier_sku":"","barcode":null,"atum_controlled":true,"out_stock_date":null,"out_stock_threshold":null,"inheritable":false,"inbound_stock":0,"stock_on_hold":0,"sold_today":0,"sales_last_days":0,"reserved_stock":0,"customer_returns":0,"warehouse_damage":0,"lost_in_post":0,"other_logs":0,"out_stock_days":0,"lost_sales":0,"has_location":false,"update_date":"2026-04-30T04:23:32","atum_locations":[],"atum_stock_status":"instock","restock_status":false,"low_stock_amount":"","sales_update_date":"2026-04-30T04:23:32","calc_backorders":null,"uagb_featured_image_src":{"full":["https:\/\/shop.hanaton.hu\/wp-content\/uploads\/2023\/09\/at-lpw50bt-rw_01_1.png",2000,2000,false],"thumbnail":["https:\/\/shop.hanaton.hu\/wp-content\/uploads\/2023\/09\/at-lpw50bt-rw_01_1-150x150.png",150,150,true],"medium":["https:\/\/shop.hanaton.hu\/wp-content\/uploads\/2023\/09\/at-lpw50bt-rw_01_1-300x300.png",300,300,true],"medium_large":["https:\/\/shop.hanaton.hu\/wp-content\/uploads\/2023\/09\/at-lpw50bt-rw_01_1-768x768.png",768,768,true],"large":["https:\/\/shop.hanaton.hu\/wp-content\/uploads\/2023\/09\/at-lpw50bt-rw_01_1-1024x1024.png",1024,1024,true],"1536x1536":["https:\/\/shop.hanaton.hu\/wp-content\/uploads\/2023\/09\/at-lpw50bt-rw_01_1-1536x1536.png",1536,1536,true],"2048x2048":["https:\/\/shop.hanaton.hu\/wp-content\/uploads\/2023\/09\/at-lpw50bt-rw_01_1.png",2000,2000,false],"woocommerce_thumbnail":["https:\/\/shop.hanaton.hu\/wp-content\/uploads\/2023\/09\/at-lpw50bt-rw_01_1-300x300.png",300,300,true],"woocommerce_single":["https:\/\/shop.hanaton.hu\/wp-content\/uploads\/2023\/09\/at-lpw50bt-rw_01_1-600x600.png",600,600,true],"woocommerce_gallery_thumbnail":["https:\/\/shop.hanaton.hu\/wp-content\/uploads\/2023\/09\/at-lpw50bt-rw_01_1-100x100.png",100,100,true]},"uagb_author_info":{"display_name":"admin","author_link":"https:\/\/shop.hanaton.hu\/?author=0"},"uagb_comment_info":0,"uagb_excerpt":"Az Audio-Technica AT-LPW50BT-RW vezet\u00e9kn\u00e9lk\u00fcli lemezj\u00e1tsz\u00f3ja optim\u00e1lis, magas hangh\u0171s\u00e9g\u0171 lemezj\u00e1tsz\u00e1st biztos\u00edt vezet\u00e9kes vagy Bluetooth\u00ae-zenehallgat\u00e1s mellett.","_links":{"self":[{"href":"https:\/\/shop.hanaton.hu\/index.php?rest_route=\/wp\/v2\/product\/49","targetHints":{"allow":["GET"]}}],"collection":[{"href":"https:\/\/shop.hanaton.hu\/index.php?rest_route=\/wp\/v2\/product"}],"about":[{"href":"https:\/\/shop.hanaton.hu\/index.php?rest_route=\/wp\/v2\/types\/product"}],"replies":[{"embeddable":true,"href":"https:\/\/shop.hanaton.hu\/index.php?rest_route=%2Fwp%2Fv2%2Fcomments&post=49"}],"wp:featuredmedia":[{"embeddable":true,"href":"https:\/\/shop.hanaton.hu\/index.php?rest_route=\/wp\/v2\/media\/108"}],"wp:attachment":[{"href":"https:\/\/shop.hanaton.hu\/index.php?rest_route=%2Fwp%2Fv2%2Fmedia&parent=49"}],"wp:term":[{"taxonomy":"product_brand","embeddable":true,"href":"https:\/\/shop.hanaton.hu\/index.php?rest_route=%2Fwp%2Fv2%2Fproduct_brand&post=49"},{"taxonomy":"product_cat","embeddable":true,"href":"https:\/\/shop.hanaton.hu\/index.php?rest_route=%2Fwp%2Fv2%2Fproduct_cat&post=49"},{"taxonomy":"product_tag","embeddable":true,"href":"https:\/\/shop.hanaton.hu\/index.php?rest_route=%2Fwp%2Fv2%2Fproduct_tag&post=49"}],"curies":[{"name":"wp","href":"https:\/\/api.w.org\/{rel}","templated":true}]}}