{"id":48,"date":"2023-09-07T22:41:09","date_gmt":"2023-09-07T20:41:09","guid":{"rendered":"https:\/\/shop.hanaton.hu\/?post_type=product&#038;p=48"},"modified":"2025-08-15T08:27:18","modified_gmt":"2025-08-15T06:27:18","slug":"audio-technica-lpw30bk-lemezjatszo","status":"publish","type":"product","link":"https:\/\/shop.hanaton.hu\/?product=audio-technica-lpw30bk-lemezjatszo","title":{"rendered":"Audio-Technica LPW30TK lemezj\u00e1tsz\u00f3"},"content":{"rendered":"<table class=\"product__attributes product__table active\">\n<tbody>\n<tr class=\"attributes__tr\">\n<th class=\"attributes__th\" scope=\"row\">T\u00edpus<\/th>\n<td class=\"attributes__td\" data-th=\"T\u00edpus\">K\u00e9tsebess\u00e9ges, teljesen k\u00e9zi m\u0171k\u00f6dtet\u00e9s<\/td>\n<\/tr>\n<tr class=\"attributes__tr\">\n<th class=\"attributes__th\" scope=\"row\">Motor<\/th>\n<td class=\"attributes__td\" data-th=\"Motor\">Egyen\u00e1ram\u00fa szervomotor<\/td>\n<\/tr>\n<tr class=\"attributes__tr\">\n<th class=\"attributes__th\" scope=\"row\">Meghajt\u00e1s<\/th>\n<td class=\"attributes__td\" data-th=\"Meghajt\u00e1s\">Sz\u00edjhajt\u00e1s<\/td>\n<\/tr>\n<tr class=\"attributes__tr\">\n<th class=\"attributes__th\" scope=\"row\">Sebess\u00e9gek<\/th>\n<td class=\"attributes__td\" data-th=\"Sebess\u00e9gek\">33-1\/3 \u00e9s 45 fordulat\/perc<\/td>\n<\/tr>\n<tr class=\"attributes__tr\">\n<th class=\"attributes__th\" scope=\"row\">Lemezt\u00e1ny\u00e9r<\/th>\n<td class=\"attributes__td\" data-th=\"Lemezt\u00e1ny\u00e9r\">\u00d6nt\u00f6tt alum\u00ednium<\/td>\n<\/tr>\n<tr class=\"attributes__tr\">\n<th class=\"attributes__th\" scope=\"row\">Ny\u00e1vog\u00e1s<\/th>\n<td class=\"attributes__td\" data-th=\"Ny\u00e1vog\u00e1s\">&lt; 0,15% WRMS (33 ford\/perc) 3 kHz-en<\/td>\n<\/tr>\n<tr class=\"attributes__tr\">\n<th class=\"attributes__th\" scope=\"row\">Jel\/Zaj viszony<\/th>\n<td class=\"attributes__td\" data-th=\"Jel\/Zaj viszony\">&gt; 60 dB<\/td>\n<\/tr>\n<tr class=\"attributes__tr\">\n<th class=\"attributes__th\" scope=\"row\">Kimeneti jelszint<\/th>\n<td class=\"attributes__td\" data-th=\"Kimeneti jelszint\">El\u0151er\u0151s\u00edt\u0151: \u201ePHONO\u201d (lemezj\u00e1tsz\u00f3): 4,0mV n\u00e9vleges, 1kHz-en, 5cm\/s El\u0151er\u0151s\u00edt\u0151: LINE (vonal): 200mV n\u00e9vleges, 1kHz-en, 5cm\/s<\/td>\n<\/tr>\n<tr class=\"attributes__tr\">\n<th class=\"attributes__th\" scope=\"row\">Phono fokozat er\u0151s\u00edt\u00e9se<\/th>\n<td class=\"attributes__td\" data-th=\"Phono fokozat er\u0151s\u00edt\u00e9se\">35 dB nominal, RIAA equalized<\/td>\n<\/tr>\n<tr class=\"attributes__tr\">\n<th class=\"attributes__th\" scope=\"row\">T\u00e1pell\u00e1t\u00e1s<\/th>\n<td class=\"attributes__td\" data-th=\"T\u00e1pell\u00e1t\u00e1s\">100\u2013240 V, 50\/60Hz<\/td>\n<\/tr>\n<tr class=\"attributes__tr\">\n<th class=\"attributes__th\" scope=\"row\">M\u00e9retek<\/th>\n<td class=\"attributes__td\" data-th=\"M\u00e9retek\">116,9 x 420,0 x 340,0 (Ma x Sz\u00e9 x M\u00e9 mm)<\/td>\n<\/tr>\n<tr class=\"attributes__tr\">\n<th class=\"attributes__th\" scope=\"row\">T\u00f6meg<\/th>\n<td class=\"attributes__td\" data-th=\"T\u00f6meg\">5 kg<\/td>\n<\/tr>\n<tr class=\"attributes__tr\">\n<th class=\"attributes__th\" scope=\"row\">Mell\u00e9kelt tartoz\u00e9kok<\/th>\n<td class=\"attributes__td\" data-th=\"Mell\u00e9kelt tartoz\u00e9kok\">AT-HS4SV fejr\u00e9sz<br \/>\nAT-VM95C Dual Moving Magnet hangszed\u0151 elliptikus t\u0171vel<br \/>\nLevehet\u0151 RCA kimeneti k\u00e1bel (\u201ekett\u0151s RCA dugasz \u2013 kett\u0151s RCA dugasz\u201d kialak\u00edt\u00e1ssal)<br \/>\nAC adapter, 45 fordulat\/perc adapter, ellens\u00faly, gumial\u00e1t\u00e9t<br \/>\nElt\u00e1vol\u00edthat\u00f3 zsan\u00e9r<\/td>\n<\/tr>\n<tr class=\"attributes__tr\">\n<th class=\"attributes__th\" scope=\"row\">Accessories Included<\/th>\n<td class=\"attributes__td\" data-th=\"Accessories Included\">AT-HS4SV Headshell AT-VM95C Dual Moving Magnet Cartridge with Conical Stylus Detachable RCA output cable (dual RCA male to dual RCA male) AC adapter 45 RPM adapter Counterweight Rubber mat Removable hinged dust cover<\/td>\n<\/tr>\n<tr class=\"attributes__tr\">\n<th class=\"attributes__th\" scope=\"row\">AC Adapter<\/th>\n<td class=\"attributes__td\" data-th=\"AC Adapter\">12 V, 0.5 A<\/td>\n<\/tr>\n<tr class=\"attributes__tr\">\n<th class=\"attributes__th\" scope=\"row\">Tonearm Type<\/th>\n<td class=\"attributes__td\" data-th=\"Tonearm Type\">Static balanced straight aluminum pipe tonearm<\/td>\n<\/tr>\n<tr class=\"attributes__tr\">\n<th class=\"attributes__th\" scope=\"row\">Effective Arm Length<\/th>\n<td class=\"attributes__td\" data-th=\"Effective Arm Length\">223.6 mm<\/td>\n<\/tr>\n<tr class=\"attributes__tr\">\n<th class=\"attributes__th\" scope=\"row\">Overhang<\/th>\n<td class=\"attributes__td\" data-th=\"Overhang\">18.6 mm<\/td>\n<\/tr>\n<tr class=\"attributes__tr\">\n<th class=\"attributes__th\" scope=\"row\">Tracking Error Angle<\/th>\n<td class=\"attributes__td\" data-th=\"Tracking Error Angle\">&lt;2 degrees<\/td>\n<\/tr>\n<tr class=\"attributes__tr\">\n<th class=\"attributes__th\" scope=\"row\">Applicable Cartridge Weight<\/th>\n<td class=\"attributes__td\" data-th=\"Applicable Cartridge Weight\">12-17 g<\/td>\n<\/tr>\n<tr class=\"attributes__tr\">\n<th class=\"attributes__th\" scope=\"row\">Replacement Stylus<\/th>\n<td class=\"attributes__td\" data-th=\"Replacement Stylus\">AT-VMN95C<\/td>\n<\/tr>\n<tr class=\"attributes__tr\">\n<th class=\"attributes__th\" scope=\"row\">Notes<\/th>\n<td class=\"attributes__td\" data-th=\"Notes\"><b>Stylus pressure adjustment range:<\/b> 0-3 g<\/td>\n<\/tr>\n<\/tbody>\n<\/table>\n<div class=\"product__attributes--button\"><\/div>\n","protected":false},"excerpt":{"rendered":"<p>Manu\u00e1lis, sz\u00edjhajt\u00e1s\u00fa, fa alj\u00fa lemezj\u00e1tsz\u00f3<\/p>\n","protected":false},"featured_media":231,"comment_status":"closed","ping_status":"closed","template":"","meta":{"_uag_custom_page_level_css":"","site-sidebar-layout":"default","site-content-layout":"","ast-site-content-layout":"default","site-content-style":"default","site-sidebar-style":"default","ast-global-header-display":"","ast-banner-title-visibility":"","ast-main-header-display":"","ast-hfb-above-header-display":"","ast-hfb-below-header-display":"","ast-hfb-mobile-header-display":"","site-post-title":"","ast-breadcrumbs-content":"","ast-featured-img":"","footer-sml-layout":"","ast-disable-related-posts":"","theme-transparent-header-meta":"default","adv-header-id-meta":"","stick-header-meta":"","header-above-stick-meta":"","header-main-stick-meta":"","header-below-stick-meta":"","astra-migrate-meta-layouts":"set","ast-page-background-enabled":"default","ast-page-background-meta":{"desktop":{"background-color":"var(--ast-global-color-4)","background-image":"","background-repeat":"repeat","background-position":"center center","background-size":"auto","background-attachment":"scroll","background-type":"","background-media":"","overlay-type":"","overlay-color":"","overlay-opacity":"","overlay-gradient":""},"tablet":{"background-color":"","background-image":"","background-repeat":"repeat","background-position":"center center","background-size":"auto","background-attachment":"scroll","background-type":"","background-media":"","overlay-type":"","overlay-color":"","overlay-opacity":"","overlay-gradient":""},"mobile":{"background-color":"","background-image":"","background-repeat":"repeat","background-position":"center center","background-size":"auto","background-attachment":"scroll","background-type":"","background-media":"","overlay-type":"","overlay-color":"","overlay-opacity":"","overlay-gradient":""}},"ast-content-background-meta":{"desktop":{"background-color":"var(--ast-global-color-5)","background-image":"","background-repeat":"repeat","background-position":"center center","background-size":"auto","background-attachment":"scroll","background-type":"","background-media":"","overlay-type":"","overlay-color":"","overlay-opacity":"","overlay-gradient":""},"tablet":{"background-color":"var(--ast-global-color-5)","background-image":"","background-repeat":"repeat","background-position":"center center","background-size":"auto","background-attachment":"scroll","background-type":"","background-media":"","overlay-type":"","overlay-color":"","overlay-opacity":"","overlay-gradient":""},"mobile":{"background-color":"var(--ast-global-color-5)","background-image":"","background-repeat":"repeat","background-position":"center center","background-size":"auto","background-attachment":"scroll","background-type":"","background-media":"","overlay-type":"","overlay-color":"","overlay-opacity":"","overlay-gradient":""}}},"product_brand":[],"product_cat":[19],"product_tag":[30,24,29],"class_list":{"0":"post-48","1":"product","2":"type-product","3":"status-publish","4":"has-post-thumbnail","6":"product_cat-lemezjatszok","7":"product_tag-fa-talp","8":"product_tag-lemezjatszo","9":"product_tag-szij-hajtas","10":"desktop-align-left","11":"tablet-align-left","12":"mobile-align-left","14":"first","15":"instock","16":"taxable","17":"shipping-taxable","18":"purchasable","19":"product-type-variable","20":"has-default-attributes"},"supplier_id":null,"supplier_sku":"","barcode":null,"atum_controlled":true,"out_stock_date":null,"out_stock_threshold":null,"inheritable":false,"inbound_stock":0,"stock_on_hold":0,"sold_today":0,"sales_last_days":0,"reserved_stock":0,"customer_returns":0,"warehouse_damage":0,"lost_in_post":0,"other_logs":0,"out_stock_days":0,"lost_sales":0,"has_location":false,"update_date":"2026-04-29T04:22:28","atum_locations":[],"atum_stock_status":"instock","restock_status":false,"low_stock_amount":"","sales_update_date":"2026-04-29T04:22:28","calc_backorders":null,"uagb_featured_image_src":{"full":["https:\/\/shop.hanaton.hu\/wp-content\/uploads\/2023\/09\/at-lpw30tk_01.png",2000,2000,false],"thumbnail":["https:\/\/shop.hanaton.hu\/wp-content\/uploads\/2023\/09\/at-lpw30tk_01-150x150.png",150,150,true],"medium":["https:\/\/shop.hanaton.hu\/wp-content\/uploads\/2023\/09\/at-lpw30tk_01-300x300.png",300,300,true],"medium_large":["https:\/\/shop.hanaton.hu\/wp-content\/uploads\/2023\/09\/at-lpw30tk_01-768x768.png",768,768,true],"large":["https:\/\/shop.hanaton.hu\/wp-content\/uploads\/2023\/09\/at-lpw30tk_01-1024x1024.png",1024,1024,true],"1536x1536":["https:\/\/shop.hanaton.hu\/wp-content\/uploads\/2023\/09\/at-lpw30tk_01-1536x1536.png",1536,1536,true],"2048x2048":["https:\/\/shop.hanaton.hu\/wp-content\/uploads\/2023\/09\/at-lpw30tk_01.png",2000,2000,false],"woocommerce_thumbnail":["https:\/\/shop.hanaton.hu\/wp-content\/uploads\/2023\/09\/at-lpw30tk_01-300x300.png",300,300,true],"woocommerce_single":["https:\/\/shop.hanaton.hu\/wp-content\/uploads\/2023\/09\/at-lpw30tk_01-600x600.png",600,600,true],"woocommerce_gallery_thumbnail":["https:\/\/shop.hanaton.hu\/wp-content\/uploads\/2023\/09\/at-lpw30tk_01-100x100.png",100,100,true]},"uagb_author_info":{"display_name":"admin","author_link":"https:\/\/shop.hanaton.hu\/?author=0"},"uagb_comment_info":0,"uagb_excerpt":"Manu\u00e1lis, sz\u00edjhajt\u00e1s\u00fa, fa alj\u00fa lemezj\u00e1tsz\u00f3","_links":{"self":[{"href":"https:\/\/shop.hanaton.hu\/index.php?rest_route=\/wp\/v2\/product\/48","targetHints":{"allow":["GET"]}}],"collection":[{"href":"https:\/\/shop.hanaton.hu\/index.php?rest_route=\/wp\/v2\/product"}],"about":[{"href":"https:\/\/shop.hanaton.hu\/index.php?rest_route=\/wp\/v2\/types\/product"}],"replies":[{"embeddable":true,"href":"https:\/\/shop.hanaton.hu\/index.php?rest_route=%2Fwp%2Fv2%2Fcomments&post=48"}],"wp:featuredmedia":[{"embeddable":true,"href":"https:\/\/shop.hanaton.hu\/index.php?rest_route=\/wp\/v2\/media\/231"}],"wp:attachment":[{"href":"https:\/\/shop.hanaton.hu\/index.php?rest_route=%2Fwp%2Fv2%2Fmedia&parent=48"}],"wp:term":[{"taxonomy":"product_brand","embeddable":true,"href":"https:\/\/shop.hanaton.hu\/index.php?rest_route=%2Fwp%2Fv2%2Fproduct_brand&post=48"},{"taxonomy":"product_cat","embeddable":true,"href":"https:\/\/shop.hanaton.hu\/index.php?rest_route=%2Fwp%2Fv2%2Fproduct_cat&post=48"},{"taxonomy":"product_tag","embeddable":true,"href":"https:\/\/shop.hanaton.hu\/index.php?rest_route=%2Fwp%2Fv2%2Fproduct_tag&post=48"}],"curies":[{"name":"wp","href":"https:\/\/api.w.org\/{rel}","templated":true}]}}