{"id":474,"date":"2024-01-27T20:04:43","date_gmt":"2024-01-27T19:04:43","guid":{"rendered":"https:\/\/shop.hanaton.hu\/?product=audio-technica-ath-adx5000-reference-air-dynamic-open-back-headphones"},"modified":"2025-12-14T22:11:19","modified_gmt":"2025-12-14T21:11:19","slug":"audio-technica-ath-adx5000-reference-air-dynamic-open-back-headphones","status":"publish","type":"product","link":"https:\/\/shop.hanaton.hu\/?product=audio-technica-ath-adx5000-reference-air-dynamic-open-back-headphones","title":{"rendered":"Audio-Technica ATH-ADX5000 Reference Air Dynamic Open Back Headphones"},"content":{"rendered":"<div id=\"description\" class=\"details_accordion__item active\">\n<div class=\"details_accordion-content\">\n<div class=\"details_accordion-content-inner\">\n<div>\n<h3>\u00daJ ETALON A NAPPALIBAN<\/h3>\n<p>M\u00e9rf\u00f6ldk\u0151 a nyitott fejhallgat\u00f3k vil\u00e1g\u00e1ban, az ATH-ADX5000 mg\u00e1ban \u00f6tv\u00f6zi a jap\u00e1n k\u00e9zm\u0171ves mesterek tud\u00e1s\u00e1t \u00e9s az Audio-Technica t\u00f6rekv\u00e9s\u00e9t a t\u00f6k\u00e9letes hangz\u00e1s megalkot\u00e1s\u00e1ra, \u00edgy lesz \u00faj referenci\u00e1ja az otthoni zenehallgat\u00e1snak.<\/p>\n<p>Az \u00faj fejleszt\u00e9s\u0171 &#8222;core-mount&#8221; technol\u00f3gia, hatalmas, 58 mm-es integr\u00e1lt meghajt\u00f3 egys\u00e9gek, volfr\u00e1mbevonat\u00fa membr\u00e1n, mindezeket rejti mag\u00e1ban a m\u00e9hsejt szerkezet\u0171 h\u00e1z. Mindezek pedig azt jelzik, hogy \u00faj etalon sz\u00fcletett az otthoni audiofil zenehallgat\u00e1s vil\u00e1g\u00e1ba.<\/p>\n<ul>\n<li>\u00daj fejleszt\u00e9s\u0171 Core Mount Technology (PAT.P) a lehet\u0151 legsz\u00e9lesebb spektrum el\u00e9r\u00e9se \u00e9rdek\u00e9ben<\/li>\n<li>Integr\u00e1lt meghajt\u00f3 egys\u00e9g, mely t\u00f6k\u00e9letesen kiz\u00e1rja a nemk\u00edv\u00e1nt vibr\u00e1ci\u00f3kat<\/li>\n<li>58 mm-es meghajt\u00f3k a mebr\u00e1nnal, a tart\u00f3szerkezettel \u00e9s a permendur m\u00e1gnesk\u00f6rrel egy egys\u00e9gbe integr\u00e1lva<\/li>\n<li>A volfr\u00e1mbevonat\u00fa membr\u00e1n \u00e1ltal k\u00edn\u00e1lt merevs\u00e9g seg\u00edt a jobb tranziens \u00e1tvitelben<\/li>\n<li>\u00dajfajta m\u00e9hsejt mint\u00e1zat\u00fa h\u00e1z, oldals\u00f3 ny\u00edl\u00e1sok n\u00e9lk\u00fcl, hogy a nyom\u00e1svesztes\u00e9g a lehet\u0151 legkisebb legyen a fejhallgat\u00f3n bel\u00fcl<\/li>\n<li>Jap\u00e1nban k\u00e9sz\u00fcl\u00a0&#8211; minden darabot, Toki\u00f3ban egyedileg \u00e9p\u00edtenek \u00f6ssze, nagy gondoss\u00e1ggal<\/li>\n<li>Magn\u00e9ziumb\u00f3l k\u00e9sz\u00fclt tart\u00f3szerkezet, mely k\u00f6nny\u0171, m\u00e9gis szil\u00e1rd alapot biztos\u00edt<\/li>\n<li>Minden darab egyedi sorozatsz\u00e1mmal rendelkezik, melyet l\u00e9zerrel grav\u00edroznak r\u00e1<\/li>\n<\/ul>\n<h3>INTEGR\u00c1LT MEGHAJT\u00d3 EGYS\u00c9G<\/h3>\n<p>A meghajt\u00f3 integr\u00e1lt kialak\u00edt\u00e1sa egyedi \u00e9s k\u00fcl\u00f6nleges. A meghajt\u00f3 egys\u00e9g egy integr\u00e1lt konstrukci\u00f3, mely mag\u00e1ba\u00a0foglalja membr\u00e1nt, a hangtekercset, a terel\u0151lemezt \u00e9s a m\u00e1gneses egys\u00e9get. Ez a konstrukci\u00f3 k\u00e9pes lecs\u00f6kkenteni a nemk\u00edv\u00e1natos rezg\u00e9seket, valamint jelent\u0151s s\u00falycs\u00f6kken\u00e9st is eredm\u00e9nyez. A PPS \u00fcvegsz\u00e1lb\u00f3l (Polypenylene Sulfide) k\u00e9sz\u00fclt terel\u0151lemez kem\u00e9nys\u00e9ge biztos\u00edtja a membr\u00e1n stabil mozg\u00e1s\u00e1t.<\/p>\n<h3>HIGH-RESOLUTION AUDIO<\/h3>\n<p>True Motion High-Resolution Audio meghajt\u00f3k, kiterjesztett fels\u0151 frekvenci\u00e1kkal, az igazi nagyfelbont\u00e1s\u00fa audio \u00e9lm\u00e9ny\u00e9rt<\/p>\n<h3>Core Mount Technol\u00f3gia<\/h3>\n<p>A meghajt\u00f3 elhelyez\u00e9se prec\u00edzen megtervezett a h\u00e1zban, optim\u00e1lis helyzetben van ahhoz, hogy a leveg\u0151 \u00e1raml\u00e1sa a lehet\u0151 leghat\u00e9konyabb lehessen. Ez is nagyban hozz\u00e1j\u00e1rul ahhoz, hogy a k\u00f6z\u00e9ptartom\u00e1nyt\u00f3l kezdve a legmagasabb frekvenci\u00e1kig k\u00f6nnyed, l\u00e9gies \u00e9s term\u00e9szetes a hangz\u00e1s, kieg\u00e9sz\u00fclve a prec\u00edz \u00e9s telt basszussal.<\/p>\n<h3>Luxus k\u00f6rnyezet<\/h3>\n<p>A fejhallgat\u00f3 egy eleg\u00e1ns b\u0151rkofferben lakik, mely igazi luxus \u00e9rzetet k\u00f6lcs\u00f6n\u00f6z a tulajdonos\u00e1nak. Term\u00e9szetesen 6N OCF k\u00e1bel\u00a0j\u00e1r hozz\u00e1, prec\u00edzen megmunk\u00e1lt rozsdamentes ac\u00e9l 6.3mm-es Jack csatlakoz\u00f3val.<\/p>\n<h3>Alcantara f\u00fclp\u00e1rn\u00e1k \u00e9s fejp\u00e1nt<\/h3>\n<p>A tart\u00f3ss\u00e1g\u00e1r\u00f3l elh\u00edres\u00fclt Alcantara anyagb\u00f3l k\u00e9sz\u00fcl a fejp\u00e1nt \u00e9s a f\u00fclp\u00e1rn\u00e1k is. A tart\u00f3ss\u00e1ga mellett ez az anyag kifejezetten k\u00e9nyelmes is, ezzel n\u00f6velve a visel\u0151je komfort\u00e9rzet\u00e9t, ak\u00e1r hossz\u00fa \u00f3r\u00e1kon \u00e1t is. A divat\u00a0\u00e9s az aut\u00f3ipar el\u0151kel\u0151 szegmensei is el\u0151szeretettel haszn\u00e1lj\u00e1k ezt az anyagot tart\u00f3ss\u00e1ga \u00e9s kiv\u00e1l\u00f3 text\u00far\u00e1ja miatt\u00a0.<\/p>\n<h3>M\u00e9hsejt mint\u00e1zat\u00fa r\u00e1cs<\/h3>\n<p>A z\u00e1rt oldalfalak \u00e9s a m\u00e9hsejt mint\u00e1zat\u00fa h\u00e1z kombin\u00e1ci\u00f3ja \u00e1ltal az oldalfalon \u00e1t nincs nyom\u00e1svesztes\u00e9g, \u00edgy\u00a0t\u00f6k\u00e9letesen kiegyens\u00falyozott hangz\u00e1s \u00e9rhet\u0151 el.<\/p>\n<h3>Egyedileg sorsz\u00e1mozott<\/h3>\n<p>Minden ADX5000 fejhallgat\u00f3 l\u00e9zergrav\u00edrozott, egyedi sorsz\u00e1mot visel.<\/p>\n<\/div>\n<\/div>\n<\/div>\n<\/div>\n<div id=\"product.attributes.container\" class=\"details_accordion__item active\">\n<div class=\"details_accordion-trigger\">\n<h2 class=\"details_accordion-title\"><\/h2>\n<\/div>\n<div class=\"details_accordion-content\">\n<div class=\"details_accordion-content-inner\">\n<div id=\"product-attributes\">\n<table class=\"product__attributes product__table active\">\n<tbody>\n<tr class=\"attributes__group-title\">\n<th class=\"attributes__group-title--text\" colspan=\"2\">Headphones<\/th>\n<\/tr>\n<tr class=\"attributes__tr\">\n<th class=\"attributes__th\" scope=\"row\">T\u00edpus<\/th>\n<td class=\"attributes__td\" data-th=\"T\u00edpus\">Nyitott, dinamikus<\/td>\n<\/tr>\n<tr class=\"attributes__tr\">\n<th class=\"attributes__th\" scope=\"row\">Meghajt\u00f3 \u00e1tm\u00e9r\u0151<\/th>\n<td class=\"attributes__td\" data-th=\"Meghajt\u00f3 \u00e1tm\u00e9r\u0151\">58 mm (x 2)<\/td>\n<\/tr>\n<tr class=\"attributes__tr\">\n<th class=\"attributes__th\" scope=\"row\">Frekvencia \u00e1tvitel<\/th>\n<td class=\"attributes__td\" data-th=\"Frekvencia \u00e1tvitel\">5 \u2013 50 000 Hz<\/td>\n<\/tr>\n<tr class=\"attributes__tr\">\n<th class=\"attributes__th\" scope=\"row\">Maxim\u00e1lis terhelhet\u0151s\u00e9g<\/th>\n<td class=\"attributes__td\" data-th=\"Maxim\u00e1lis terhelhet\u0151s\u00e9g\">1 000 mW<\/td>\n<\/tr>\n<tr class=\"attributes__tr\">\n<th class=\"attributes__th\" scope=\"row\">\u00c9rz\u00e9kenys\u00e9g<\/th>\n<td class=\"attributes__td\" data-th=\"\u00c9rz\u00e9kenys\u00e9g\">100 dB\/mW<\/td>\n<\/tr>\n<tr class=\"attributes__tr\">\n<th class=\"attributes__th\" scope=\"row\">Impedancia<\/th>\n<td class=\"attributes__td\" data-th=\"Impedancia\">420 ohm<\/td>\n<\/tr>\n<tr class=\"attributes__tr\">\n<th class=\"attributes__th\" scope=\"row\">T\u00f6meg<\/th>\n<td class=\"attributes__td\" data-th=\"T\u00f6meg\">270g (k\u00e1bel n\u00e9lk\u00fcl)<\/td>\n<\/tr>\n<tr class=\"attributes__tr\">\n<th class=\"attributes__th\" scope=\"row\">K\u00e1bel<\/th>\n<td class=\"attributes__td\" data-th=\"K\u00e1bel\">Cser\u00e9lhet\u0151 k\u00e1bel (3.0m), 6.3mm aranyozott sztere\u00f3 Jack<\/td>\n<\/tr>\n<tr class=\"attributes__tr\">\n<th class=\"attributes__th\" scope=\"row\">Csatlakoz\u00f3<\/th>\n<td class=\"attributes__td\" data-th=\"Csatlakoz\u00f3\">A2DC csatlakoz\u00f3k<\/td>\n<\/tr>\n<tr class=\"attributes__tr\">\n<th class=\"attributes__th\" scope=\"row\">Mell\u00e9kelt tartoz\u00e9kok<\/th>\n<td class=\"attributes__td\" data-th=\"Mell\u00e9kelt tartoz\u00e9kok\">Exkluz\u00edv b\u0151r\u00f6nd<\/td>\n<\/tr>\n<\/tbody>\n<\/table>\n<div class=\"product__attributes--button\"><\/div>\n<\/div>\n<\/div>\n<\/div>\n<\/div>\n","protected":false},"excerpt":{"rendered":"<p>M\u00e9rf\u00f6ldk\u0151 a nyitott fejhallgat\u00f3k vil\u00e1g\u00e1ban, az ATH-ADX5000 mg\u00e1ban \u00f6tv\u00f6zi a jap\u00e1n k\u00e9zm\u0171ves mesterek tud\u00e1s\u00e1t \u00e9s az Audio-Technica t\u00f6rekv\u00e9s\u00e9t a t\u00f6k\u00e9letes hangz\u00e1s megalkot\u00e1s\u00e1ra, \u00edgy lesz \u00faj referenci\u00e1ja az otthoni zenehallgat\u00e1snak.<\/p>\n","protected":false},"featured_media":1389,"comment_status":"closed","ping_status":"closed","template":"","meta":{"_uag_custom_page_level_css":"","site-sidebar-layout":"default","site-content-layout":"","ast-site-content-layout":"default","site-content-style":"default","site-sidebar-style":"default","ast-global-header-display":"","ast-banner-title-visibility":"","ast-main-header-display":"","ast-hfb-above-header-display":"","ast-hfb-below-header-display":"","ast-hfb-mobile-header-display":"","site-post-title":"","ast-breadcrumbs-content":"","ast-featured-img":"","footer-sml-layout":"","ast-disable-related-posts":"","theme-transparent-header-meta":"default","adv-header-id-meta":"","stick-header-meta":"","header-above-stick-meta":"","header-main-stick-meta":"","header-below-stick-meta":"","astra-migrate-meta-layouts":"set","ast-page-background-enabled":"default","ast-page-background-meta":{"desktop":{"background-color":"var(--ast-global-color-4)","background-image":"","background-repeat":"repeat","background-position":"center center","background-size":"auto","background-attachment":"scroll","background-type":"","background-media":"","overlay-type":"","overlay-color":"","overlay-opacity":"","overlay-gradient":""},"tablet":{"background-color":"","background-image":"","background-repeat":"repeat","background-position":"center center","background-size":"auto","background-attachment":"scroll","background-type":"","background-media":"","overlay-type":"","overlay-color":"","overlay-opacity":"","overlay-gradient":""},"mobile":{"background-color":"","background-image":"","background-repeat":"repeat","background-position":"center center","background-size":"auto","background-attachment":"scroll","background-type":"","background-media":"","overlay-type":"","overlay-color":"","overlay-opacity":"","overlay-gradient":""}},"ast-content-background-meta":{"desktop":{"background-color":"var(--ast-global-color-5)","background-image":"","background-repeat":"repeat","background-position":"center center","background-size":"auto","background-attachment":"scroll","background-type":"","background-media":"","overlay-type":"","overlay-color":"","overlay-opacity":"","overlay-gradient":""},"tablet":{"background-color":"var(--ast-global-color-5)","background-image":"","background-repeat":"repeat","background-position":"center center","background-size":"auto","background-attachment":"scroll","background-type":"","background-media":"","overlay-type":"","overlay-color":"","overlay-opacity":"","overlay-gradient":""},"mobile":{"background-color":"var(--ast-global-color-5)","background-image":"","background-repeat":"repeat","background-position":"center center","background-size":"auto","background-attachment":"scroll","background-type":"","background-media":"","overlay-type":"","overlay-color":"","overlay-opacity":"","overlay-gradient":""}}},"product_brand":[],"product_cat":[39],"product_tag":[],"class_list":{"0":"post-474","1":"product","2":"type-product","3":"status-publish","4":"has-post-thumbnail","6":"product_cat-hi-fi-headphones","7":"desktop-align-left","8":"tablet-align-left","9":"mobile-align-left","11":"first","12":"instock","13":"taxable","14":"shipping-taxable","15":"purchasable","16":"product-type-simple"},"supplier_id":null,"supplier_sku":"","barcode":null,"atum_controlled":true,"out_stock_date":null,"out_stock_threshold":null,"inheritable":false,"inbound_stock":0,"stock_on_hold":0,"sold_today":0,"sales_last_days":0,"reserved_stock":0,"customer_returns":0,"warehouse_damage":0,"lost_in_post":0,"other_logs":0,"out_stock_days":0,"lost_sales":0,"has_location":false,"update_date":"2026-05-01T04:23:39","atum_locations":[],"atum_stock_status":"instock","restock_status":false,"low_stock_amount":"","sales_update_date":"2026-05-01T04:23:39","calc_backorders":null,"uagb_featured_image_src":{"full":["https:\/\/shop.hanaton.hu\/wp-content\/uploads\/ath-adx5000_01.png-2.webp",2000,2000,false],"thumbnail":["https:\/\/shop.hanaton.hu\/wp-content\/uploads\/ath-adx5000_01.png-2-150x150.webp",150,150,true],"medium":["https:\/\/shop.hanaton.hu\/wp-content\/uploads\/ath-adx5000_01.png-2-300x300.webp",300,300,true],"medium_large":["https:\/\/shop.hanaton.hu\/wp-content\/uploads\/ath-adx5000_01.png-2-768x768.webp",768,768,true],"large":["https:\/\/shop.hanaton.hu\/wp-content\/uploads\/ath-adx5000_01.png-2-1024x1024.webp",1024,1024,true],"1536x1536":["https:\/\/shop.hanaton.hu\/wp-content\/uploads\/ath-adx5000_01.png-2-1536x1536.webp",1536,1536,true],"2048x2048":["https:\/\/shop.hanaton.hu\/wp-content\/uploads\/ath-adx5000_01.png-2.webp",2000,2000,false],"woocommerce_thumbnail":["https:\/\/shop.hanaton.hu\/wp-content\/uploads\/ath-adx5000_01.png-2-300x300.webp",300,300,true],"woocommerce_single":["https:\/\/shop.hanaton.hu\/wp-content\/uploads\/ath-adx5000_01.png-2-600x600.webp",600,600,true],"woocommerce_gallery_thumbnail":["https:\/\/shop.hanaton.hu\/wp-content\/uploads\/ath-adx5000_01.png-2-100x100.webp",100,100,true]},"uagb_author_info":{"display_name":"admin","author_link":"https:\/\/shop.hanaton.hu\/?author=0"},"uagb_comment_info":0,"uagb_excerpt":"M\u00e9rf\u00f6ldk\u0151 a nyitott fejhallgat\u00f3k vil\u00e1g\u00e1ban, az ATH-ADX5000 mg\u00e1ban \u00f6tv\u00f6zi a jap\u00e1n k\u00e9zm\u0171ves mesterek tud\u00e1s\u00e1t \u00e9s az Audio-Technica t\u00f6rekv\u00e9s\u00e9t a t\u00f6k\u00e9letes hangz\u00e1s megalkot\u00e1s\u00e1ra, \u00edgy lesz \u00faj referenci\u00e1ja az otthoni zenehallgat\u00e1snak.","_links":{"self":[{"href":"https:\/\/shop.hanaton.hu\/index.php?rest_route=\/wp\/v2\/product\/474","targetHints":{"allow":["GET"]}}],"collection":[{"href":"https:\/\/shop.hanaton.hu\/index.php?rest_route=\/wp\/v2\/product"}],"about":[{"href":"https:\/\/shop.hanaton.hu\/index.php?rest_route=\/wp\/v2\/types\/product"}],"replies":[{"embeddable":true,"href":"https:\/\/shop.hanaton.hu\/index.php?rest_route=%2Fwp%2Fv2%2Fcomments&post=474"}],"wp:featuredmedia":[{"embeddable":true,"href":"https:\/\/shop.hanaton.hu\/index.php?rest_route=\/wp\/v2\/media\/1389"}],"wp:attachment":[{"href":"https:\/\/shop.hanaton.hu\/index.php?rest_route=%2Fwp%2Fv2%2Fmedia&parent=474"}],"wp:term":[{"taxonomy":"product_brand","embeddable":true,"href":"https:\/\/shop.hanaton.hu\/index.php?rest_route=%2Fwp%2Fv2%2Fproduct_brand&post=474"},{"taxonomy":"product_cat","embeddable":true,"href":"https:\/\/shop.hanaton.hu\/index.php?rest_route=%2Fwp%2Fv2%2Fproduct_cat&post=474"},{"taxonomy":"product_tag","embeddable":true,"href":"https:\/\/shop.hanaton.hu\/index.php?rest_route=%2Fwp%2Fv2%2Fproduct_tag&post=474"}],"curies":[{"name":"wp","href":"https:\/\/api.w.org\/{rel}","templated":true}]}}