{"id":472,"date":"2024-01-27T20:04:42","date_gmt":"2024-01-27T19:04:42","guid":{"rendered":"https:\/\/shop.hanaton.hu\/?product=audio-technica-ath-ad700x-open-back-headphones"},"modified":"2025-12-14T22:07:57","modified_gmt":"2025-12-14T21:07:57","slug":"audio-technica-ath-ad700x-open-back-headphones","status":"publish","type":"product","link":"https:\/\/shop.hanaton.hu\/?product=audio-technica-ath-ad700x-open-back-headphones","title":{"rendered":"Audio-Technica ATH-AD700X Open Back Headphones"},"content":{"rendered":"<div id=\"description\" class=\"details_accordion__item active\">\n<div class=\"details_accordion-content\">\n<div class=\"details_accordion-content-inner\">\n<div>\n<h3>impressz\u00edv hangt\u00e9r<\/h3>\n<p>K\u00f6nny\u0171, m\u00e9hsejtes alum\u00ednium kagyl\u00f3ival ez a fejhallgat\u00f3 szinte semmi nyom\u00e1st nem gyakorol a f\u00fclek k\u00f6rny\u00e9k\u00e9re, ezzel seg\u00edtve a teljesen term\u00e9szetes hangz\u00e1s\u00e9lm\u00e9nyt. \u00daj fejleszt\u00e9s\u0171, 53mm-es, CCAW hangtekercsekkel szerelt meghajt\u00f3i felelnek a kiv\u00e1l\u00f3 t\u00e9r\u00e9rzet\u00e9rt \u00e9s a gy\u00f6ny\u00f6r\u0171 magas \u00e9s m\u00e9ly hangok\u00e9rt. Az \u00f6nbe\u00e1ll\u00f3 fejt\u00e1masz rendszer automatikusan alkalmazkodik a fejm\u00e9rethez \u00e9s nagyon k\u00e9nyelmes viseletet biztos\u00edt. 6,3mm-es adapterrel ell\u00e1tott, 3,5mm-es aranyozott jack dug\u00f3val szerelt, 3m-es, egyenes OFC-k\u00e1bel csatlakozik a bal kagyl\u00f3ba.<\/p>\n<ul>\n<li>Nagym\u00e9ret\u0171, 53 mm-es meghajt\u00f3k gy\u00f6ny\u00f6r\u0171 hangk\u00e9ppel<\/li>\n<li>CCAW hangtekercsek a finom \u00e9s kifelyez\u0151 hang\u00e9lm\u00e9ny\u00e9rt<\/li>\n<li>Nyitott f\u00fclkagyl\u00f3k a leveg\u0151s \u00e9lm\u00e9ny\u00e9rt<\/li>\n<li>T\u00f6k\u00e9letes m\u00e9ly, k\u00f6z\u00e9p \u00e9s magas egyens\u00faly<\/li>\n<li>\u00d6nbe\u00e1ll\u00f3 3D Wing Support fejt\u00e1masz<\/li>\n<li>Mem\u00f3riahabos f\u00fclp\u00e1rn\u00e1k<\/li>\n<li>OFC egyoldal\u00fa k\u00e1bel TPE rugalmas burkolattal<\/li>\n<li>Aranyozott 3,5mm jack csatlakoz\u00f3 6,3mm \u00e1talak\u00edt\u00f3val<\/li>\n<\/ul>\n<h3>\u201cccaw hangtekercs\u201d<\/h3>\n<p>Az ATH-AD700X 53mm-es meghajt\u00f3i\u00a0az Audio-Technica \u00e1ltalkifejlesztett CCAW hangtekercsek k\u00f6r\u00e9 lettek \u00e9p\u00edtve, ez\u00e1ltal megh\u00f6kkent\u0151en sz\u00e9p hangk\u00e9pet \u00e9s j\u00f3l balanszolt m\u00e9ly hangokat kin\u00e1lnak.<\/p>\n<h3>\u201cEXKL\u00daZIV D.A.D.S. RENDSZER\u201d<\/h3>\n<p>Az ATH-AD700X\u00a0Double Air Damping System rendszerrel van felszerelve, mely megtal\u00e1lhat\u00f3 a teljes\u00a0Audio-Technica Art Monitor fejhallgat\u00f3 v\u00e1laszt\u00e9kban.<\/p>\n<h3>\u201c3D WING FEJP\u00c1NT\u201d<\/h3>\n<p>A 3D Wing kialak\u00edt\u00e1s kism\u00e9ret\u0171 &#8222;sz\u00e1rnyakb\u00f3l&#8221; \u00e1ll, melyek automatikusan illeszkednek a felhaszn\u00e1l\u00f3 fejform\u00e1j\u00e1hoz an\u00e9lk\u00fcl, hogy a klasszikus fejp\u00e1ntok nyom\u00e1s\u00e9rzet\u00e9t visszaadn\u00e1k.<\/p>\n<h3>ULTRAK\u00d6NNY\u0170<\/h3>\n<p>A fejhallgat\u00f3 pehelyk\u00f6nny\u0171 strukt\u00far\u00e1j\u00e1t a h\u00e1z kialak\u00edt\u00e1s\u00e1t meghat\u00e1roz\u00f3 magn\u00e9zium \u00f6ntv\u00e9ny adja. A fejhallgat\u00f3 kevesebb, mint 265g-t nyom.<\/p>\n<h3>D.A.D.S. RENDSZER<\/h3>\n<p>Az Audio-Technica \u00e1ltal kifejlesztett\u00a0Double Air Damping Systemkimagasl\u00f3 m\u00e9lyhanglek\u00e9pz\u00e9st k\u00edn\u00e1l.<\/p>\n<h3>OFC K\u00c1BEL<\/h3>\n<p>A ATH-AD700X k\u00e1bele OFC-b\u0151l k\u00e9sz\u00fcl (Oxig\u00e9n-mentes r\u00e9z) , melnyek k\u00f6sz\u00f6nhet\u0151en a k\u00e1bel nem zavarja a hanglek\u00e9pz\u00e9st.<\/p>\n<h3>3D WING STRUKT\u00daRA<\/h3>\n<p>A 3D Wing Support mechanizmus automatikusan alkalmazkodik a fejm\u00e9retre, mik\u00f6zben alig \u00e9rezhet\u0151en tartja a fejhallgat\u00f3t a hely\u00e9n.<\/p>\n<\/div>\n<\/div>\n<\/div>\n<\/div>\n<div id=\"product.attributes.container\" class=\"details_accordion__item active\">\n<div class=\"details_accordion-content\">\n<div class=\"details_accordion-content-inner\">\n<div id=\"product-attributes\">\n<table class=\"product__attributes product__table active\">\n<tbody>\n<tr class=\"attributes__group-title\">\n<th class=\"attributes__group-title--text\" colspan=\"2\">Headphones<\/th>\n<\/tr>\n<tr class=\"attributes__tr\">\n<th class=\"attributes__th\" scope=\"row\">Meghajt\u00f3 \u00e1tm\u00e9r\u0151<\/th>\n<td class=\"attributes__td\" data-th=\"Meghajt\u00f3 \u00e1tm\u00e9r\u0151\">53 mm<\/td>\n<\/tr>\n<tr class=\"attributes__tr\">\n<th class=\"attributes__th\" scope=\"row\">Frekvencia \u00e1tvitel<\/th>\n<td class=\"attributes__td\" data-th=\"Frekvencia \u00e1tvitel\">5 &#8211; 30 000 Hz<\/td>\n<\/tr>\n<tr class=\"attributes__tr\">\n<th class=\"attributes__th\" scope=\"row\">Maxim\u00e1lis terhelhet\u0151s\u00e9g<\/th>\n<td class=\"attributes__td\" data-th=\"Maxim\u00e1lis terhelhet\u0151s\u00e9g\">700 mW<\/td>\n<\/tr>\n<tr class=\"attributes__tr\">\n<th class=\"attributes__th\" scope=\"row\">\u00c9rz\u00e9kenys\u00e9g<\/th>\n<td class=\"attributes__td\" data-th=\"\u00c9rz\u00e9kenys\u00e9g\">100 dB\/mW<\/td>\n<\/tr>\n<tr class=\"attributes__tr\">\n<th class=\"attributes__th\" scope=\"row\">Impedancia<\/th>\n<td class=\"attributes__td\" data-th=\"Impedancia\">38 Ohm<\/td>\n<\/tr>\n<tr class=\"attributes__tr\">\n<th class=\"attributes__th\" scope=\"row\">T\u00f6meg<\/th>\n<td class=\"attributes__td\" data-th=\"T\u00f6meg\">265 g<\/td>\n<\/tr>\n<tr class=\"attributes__tr\">\n<th class=\"attributes__th\" scope=\"row\">K\u00e1bel<\/th>\n<td class=\"attributes__td\" data-th=\"K\u00e1bel\">3 m<\/td>\n<\/tr>\n<tr class=\"attributes__tr\">\n<th class=\"attributes__th\" scope=\"row\">Csatlakoz\u00f3<\/th>\n<td class=\"attributes__td\" data-th=\"Csatlakoz\u00f3\">Aranyozott sztere\u00f3 3,5 mm-es mini jack csatlakoz\u00f3<\/td>\n<\/tr>\n<tr class=\"attributes__tr\">\n<th class=\"attributes__th\" scope=\"row\">Mell\u00e9kelt tartoz\u00e9kok<\/th>\n<td class=\"attributes__td\" data-th=\"Mell\u00e9kelt tartoz\u00e9kok\">6,3 mm-es adapter<\/td>\n<\/tr>\n<\/tbody>\n<\/table>\n<div class=\"product__attributes--button\"><\/div>\n<\/div>\n<\/div>\n<\/div>\n<\/div>\n","protected":false},"excerpt":{"rendered":"<p>K\u00f6nny\u0171, m\u00e9hsejtes alum\u00ednium kagyl\u00f3ival ez a fejhallgat\u00f3 szinte semmi nyom\u00e1st nem gyakorol a f\u00fclek k\u00f6rny\u00e9k\u00e9re, ezzel seg\u00edtve a teljesen term\u00e9szetes hangz\u00e1s\u00e9lm\u00e9nyt. \u00daj fejleszt\u00e9s\u0171, 53mm-es, CCAW hangtekercsekkel szerelt meghajt\u00f3i felelnek a kiv\u00e1l\u00f3 t\u00e9r\u00e9rzet\u00e9rt \u00e9s a gy\u00f6ny\u00f6r\u0171 magas \u00e9s m\u00e9ly hangok\u00e9rt. Az \u00f6nbe\u00e1ll\u00f3 fejt\u00e1masz rendszer automatikusan alkalmazkodik a fejm\u00e9rethez \u00e9s nagyon k\u00e9nyelmes viseletet biztos\u00edt. 6,3mm-es adapterrel ell\u00e1tott, 3,5mm-es aranyozott jack dug\u00f3val szerelt, 3m-es, egyenes OFC-k\u00e1bel csatlakozik a bal kagyl\u00f3ba.<\/p>\n","protected":false},"featured_media":721,"comment_status":"closed","ping_status":"closed","template":"","meta":{"_uag_custom_page_level_css":"","site-sidebar-layout":"default","site-content-layout":"","ast-site-content-layout":"default","site-content-style":"default","site-sidebar-style":"default","ast-global-header-display":"","ast-banner-title-visibility":"","ast-main-header-display":"","ast-hfb-above-header-display":"","ast-hfb-below-header-display":"","ast-hfb-mobile-header-display":"","site-post-title":"","ast-breadcrumbs-content":"","ast-featured-img":"","footer-sml-layout":"","ast-disable-related-posts":"","theme-transparent-header-meta":"default","adv-header-id-meta":"","stick-header-meta":"","header-above-stick-meta":"","header-main-stick-meta":"","header-below-stick-meta":"","astra-migrate-meta-layouts":"set","ast-page-background-enabled":"default","ast-page-background-meta":{"desktop":{"background-color":"var(--ast-global-color-4)","background-image":"","background-repeat":"repeat","background-position":"center center","background-size":"auto","background-attachment":"scroll","background-type":"","background-media":"","overlay-type":"","overlay-color":"","overlay-opacity":"","overlay-gradient":""},"tablet":{"background-color":"","background-image":"","background-repeat":"repeat","background-position":"center center","background-size":"auto","background-attachment":"scroll","background-type":"","background-media":"","overlay-type":"","overlay-color":"","overlay-opacity":"","overlay-gradient":""},"mobile":{"background-color":"","background-image":"","background-repeat":"repeat","background-position":"center center","background-size":"auto","background-attachment":"scroll","background-type":"","background-media":"","overlay-type":"","overlay-color":"","overlay-opacity":"","overlay-gradient":""}},"ast-content-background-meta":{"desktop":{"background-color":"var(--ast-global-color-5)","background-image":"","background-repeat":"repeat","background-position":"center center","background-size":"auto","background-attachment":"scroll","background-type":"","background-media":"","overlay-type":"","overlay-color":"","overlay-opacity":"","overlay-gradient":""},"tablet":{"background-color":"var(--ast-global-color-5)","background-image":"","background-repeat":"repeat","background-position":"center center","background-size":"auto","background-attachment":"scroll","background-type":"","background-media":"","overlay-type":"","overlay-color":"","overlay-opacity":"","overlay-gradient":""},"mobile":{"background-color":"var(--ast-global-color-5)","background-image":"","background-repeat":"repeat","background-position":"center center","background-size":"auto","background-attachment":"scroll","background-type":"","background-media":"","overlay-type":"","overlay-color":"","overlay-opacity":"","overlay-gradient":""}}},"product_brand":[],"product_cat":[39],"product_tag":[],"class_list":{"0":"post-472","1":"product","2":"type-product","3":"status-publish","4":"has-post-thumbnail","6":"product_cat-hi-fi-headphones","7":"desktop-align-left","8":"tablet-align-left","9":"mobile-align-left","11":"first","12":"instock","13":"taxable","14":"shipping-taxable","15":"purchasable","16":"product-type-simple"},"supplier_id":null,"supplier_sku":"","barcode":null,"atum_controlled":true,"out_stock_date":null,"out_stock_threshold":null,"inheritable":false,"inbound_stock":0,"stock_on_hold":0,"sold_today":0,"sales_last_days":0,"reserved_stock":0,"customer_returns":0,"warehouse_damage":0,"lost_in_post":0,"other_logs":0,"out_stock_days":0,"lost_sales":0,"has_location":false,"update_date":"2026-05-16T00:10:59","atum_locations":[],"atum_stock_status":"instock","restock_status":false,"low_stock_amount":"","sales_update_date":"2026-05-16T00:10:59","calc_backorders":null,"uagb_featured_image_src":{"full":["https:\/\/shop.hanaton.hu\/wp-content\/uploads\/ath-ad700x_01.png.webp",700,700,false],"thumbnail":["https:\/\/shop.hanaton.hu\/wp-content\/uploads\/ath-ad700x_01.png-150x150.webp",150,150,true],"medium":["https:\/\/shop.hanaton.hu\/wp-content\/uploads\/ath-ad700x_01.png-300x300.webp",300,300,true],"medium_large":["https:\/\/shop.hanaton.hu\/wp-content\/uploads\/ath-ad700x_01.png.webp",700,700,false],"large":["https:\/\/shop.hanaton.hu\/wp-content\/uploads\/ath-ad700x_01.png.webp",700,700,false],"1536x1536":["https:\/\/shop.hanaton.hu\/wp-content\/uploads\/ath-ad700x_01.png.webp",700,700,false],"2048x2048":["https:\/\/shop.hanaton.hu\/wp-content\/uploads\/ath-ad700x_01.png.webp",700,700,false],"woocommerce_thumbnail":["https:\/\/shop.hanaton.hu\/wp-content\/uploads\/ath-ad700x_01.png-300x300.webp",300,300,true],"woocommerce_single":["https:\/\/shop.hanaton.hu\/wp-content\/uploads\/ath-ad700x_01.png-600x600.webp",600,600,true],"woocommerce_gallery_thumbnail":["https:\/\/shop.hanaton.hu\/wp-content\/uploads\/ath-ad700x_01.png-100x100.webp",100,100,true]},"uagb_author_info":{"display_name":"admin","author_link":"https:\/\/shop.hanaton.hu\/?author=0"},"uagb_comment_info":0,"uagb_excerpt":"K\u00f6nny\u0171, m\u00e9hsejtes alum\u00ednium kagyl\u00f3ival ez a fejhallgat\u00f3 szinte semmi nyom\u00e1st nem gyakorol a f\u00fclek k\u00f6rny\u00e9k\u00e9re, ezzel seg\u00edtve a teljesen term\u00e9szetes hangz\u00e1s\u00e9lm\u00e9nyt. \u00daj fejleszt\u00e9s\u0171, 53mm-es, CCAW hangtekercsekkel szerelt meghajt\u00f3i felelnek a kiv\u00e1l\u00f3 t\u00e9r\u00e9rzet\u00e9rt \u00e9s a gy\u00f6ny\u00f6r\u0171 magas \u00e9s m\u00e9ly hangok\u00e9rt. Az \u00f6nbe\u00e1ll\u00f3 fejt\u00e1masz rendszer automatikusan alkalmazkodik a fejm\u00e9rethez \u00e9s nagyon k\u00e9nyelmes viseletet biztos\u00edt. 6,3mm-es adapterrel ell\u00e1tott,&hellip;","_links":{"self":[{"href":"https:\/\/shop.hanaton.hu\/index.php?rest_route=\/wp\/v2\/product\/472","targetHints":{"allow":["GET"]}}],"collection":[{"href":"https:\/\/shop.hanaton.hu\/index.php?rest_route=\/wp\/v2\/product"}],"about":[{"href":"https:\/\/shop.hanaton.hu\/index.php?rest_route=\/wp\/v2\/types\/product"}],"replies":[{"embeddable":true,"href":"https:\/\/shop.hanaton.hu\/index.php?rest_route=%2Fwp%2Fv2%2Fcomments&post=472"}],"wp:featuredmedia":[{"embeddable":true,"href":"https:\/\/shop.hanaton.hu\/index.php?rest_route=\/wp\/v2\/media\/721"}],"wp:attachment":[{"href":"https:\/\/shop.hanaton.hu\/index.php?rest_route=%2Fwp%2Fv2%2Fmedia&parent=472"}],"wp:term":[{"taxonomy":"product_brand","embeddable":true,"href":"https:\/\/shop.hanaton.hu\/index.php?rest_route=%2Fwp%2Fv2%2Fproduct_brand&post=472"},{"taxonomy":"product_cat","embeddable":true,"href":"https:\/\/shop.hanaton.hu\/index.php?rest_route=%2Fwp%2Fv2%2Fproduct_cat&post=472"},{"taxonomy":"product_tag","embeddable":true,"href":"https:\/\/shop.hanaton.hu\/index.php?rest_route=%2Fwp%2Fv2%2Fproduct_tag&post=472"}],"curies":[{"name":"wp","href":"https:\/\/api.w.org\/{rel}","templated":true}]}}