{"id":470,"date":"2024-01-27T20:04:41","date_gmt":"2024-01-27T19:04:41","guid":{"rendered":"https:\/\/shop.hanaton.hu\/?product=audio-technica-ath-ad2000x-open-back-headphones"},"modified":"2025-12-14T22:23:35","modified_gmt":"2025-12-14T21:23:35","slug":"audio-technica-ath-ad2000x-open-back-headphones","status":"publish","type":"product","link":"https:\/\/shop.hanaton.hu\/?product=audio-technica-ath-ad2000x-open-back-headphones","title":{"rendered":"Audio-Technica ATH-AD2000X Open Back Headphones"},"content":{"rendered":"<div id=\"description\" class=\"details_accordion__item active\">\n<div class=\"details_accordion-content\">\n<div class=\"details_accordion-content-inner\">\n<div>\n<h3>egy kimagasl\u00f3an egyens\u00falyozott \u00e9s r\u00e9szletes hang\u00e9lm\u00e9ny\u00e9rt<\/h3>\n<p>Az ATH-AD2000X nyitott fejhallgat\u00f3 p\u00e1ratlan zenehallgat\u00e1si \u00e9lm\u00e9nyt k\u00edn\u00e1l. Pehelyk\u00f6nny\u0171 \u00e9s hihetetlen\u00fcl k\u00e9nyelmes viselet, csod\u00e1s sztere\u00f3 hangz\u00e1ssal k\u00e9nyezteti hallgat\u00f3j\u00e1t hossz\u00fa \u00f3r\u00e1kon \u00e1t. A nagym\u00e9ret\u0171, 53mm-es meghajt\u00f3k a r\u00e9zbevonat\u00fa alum\u00edniumhuzal (CCAW) hangtekercsekkel rendelkeznek a pontos, r\u00e9szletez\u0151 hangz\u00e1s \u00e9s a m\u00e9ly, kiegyens\u00falyozott basszus \u00e9rdek\u00e9ben.Az AD2000X kimagasl\u00f3an teljes\u00edt klasszikus \u00e9s audiofil hanganyagok reproduk\u00e1l\u00e1s\u00e1ban. K\u00f6nny\u0171, m\u00e9hsejtes alum\u00ednium kagyl\u00f3kkal \u00e9s egyedi, \u00f6nbe\u00e1ll\u00f3 fejt\u00e1masszal rendelkezik, ami szinte \u00e9szrevehetetlen\u00fcl kis nyom\u00e1st gyakorol a fejre, \u00edgy seg\u00edtve a zenehallgat\u00e1s nagyfok\u00fa\u00a0\u00e9lvezet\u00e9t.<\/p>\n<ul>\n<li>Audiofil nyitott fejhallgat\u00f3 tiszta, natur\u00e1lis vok\u00e1l \u00e9s hangszer reprodukci\u00f3val, kegyens\u00falyozott hangz\u00e1ssal, prec\u00edz hangt\u00e9r lek\u00e9pez\u00e9ssel \u00e9s fel\u00fclm\u00falhatatlan dinamik\u00e1val<\/li>\n<li>Nagym\u00e9ret\u0171, 53mm-es meghajt\u00f3k CCAW hangtekercsekkel<\/li>\n<li>Nem gyakorol nyom\u00e1st a f\u00fclek k\u00f6rny\u00e9k\u00e9re, teljesen term\u00e9szetes \u00e9rz\u00e9s a visel\u00e9se<\/li>\n<li>A 3D Wing Support fejt\u00e1masz rendszer egy vibr\u00e1ci\u00f3mentes mechanizmus, ami \u00fagy tartja a fejhallgat\u00f3t a hely\u00e9n, hogy minim\u00e1lis er\u0151t gyakorol a fejre, \u00edgy t\u00e1mogatja a hossz\u00fa id\u0151n \u00e1t is k\u00e9nyelmes zenehallgat\u00e1st<\/li>\n<li>Kimagasl\u00f3an k\u00e9nyelmes, ergonomikus kialak\u00edt\u00e1s\u00fa f\u00fclp\u00e1rn\u00e1k<\/li>\n<li>Aranyozott sztere\u00f3 3,5 mm-es mini jack csatlakoz\u00f3 6,3 mm-es adapterrel<\/li>\n<\/ul>\n<h3>\u201cCCAW OFC7N HANGTEKERCSEK\u201d<\/h3>\n<p>Az ATH-AD2000X OFC7N (99.99% oxig\u00e9nmentes) r\u00e9z hangtekercsei kiemelked\u0151en tiszt\u00e1k, ezeknek \u00e9s a k\u00e9tr\u00e9szes m\u00e1gnesk\u00f6r\u00f6knek k\u00f6sz\u00f6nhet\u0151en igaz\u00e1ngazdag hangk\u00e9pz\u00e9st \u00a0ny\u00fajt.<\/p>\n<h3>\u201cpermendur m\u00e1gnesk\u00f6r\u201d<\/h3>\n<p>Az ATH-AD2000X m\u00e1gnesk\u00f6rei\u00a0Permendur-b\u00f3l k\u00e9sz\u00fclnek (ugyanazon mennyis\u00e9g\u0171 vas \u00e9s kobalt \u00f6tv\u00f6zete), melynek k\u00f6sznhet\u0151en kimagasl\u00f3 hangmin\u0151s\u00e9get \u00e9s sz\u00e9les hangreprodukci\u00f3t k\u00edn\u00e1l.<\/p>\n<h3>\u201cY-ALAK\u00da K\u00c1BEL\u201d<\/h3>\n<p>Az ATH-AD1000X \u00a0Y-alak\u00fa k\u00e1bel\u00e9ben n\u00e9gyszeres\u00a0PCOCC (Pure Copper Ohno Continuous Cast) tisztas\u00e1g\u00fa r\u00e9zhuzalok tal\u00e1lhat\u00f3k, melyek\u00a099.99%-ban oxig\u00e9nmentesek. Ennek k\u00f6sz\u00f6nhet\u0151en a k\u00e1bel pontosan adja tov\u00e1bb az eredeti forr\u00e1st a fejhallgat\u00f3nak.<\/p>\n<h3>ULTRAK\u00d6NNY\u0170<\/h3>\n<p>A fejhallgat\u00f3 pehelyk\u00f6nny\u0171 strukt\u00far\u00e1j\u00e1t a h\u00e1z kialak\u00edt\u00e1s\u00e1t meghat\u00e1roz\u00f3 magn\u00e9zium \u00f6ntv\u00e9ny adja. A fejhallgat\u00f3 kevesebb, mint 265g-t nyom.<\/p>\n<h3>D.A.D.S. RENDSZER<\/h3>\n<p>Az Audio-Technica \u00e1ltal kifejlesztett\u00a0Double Air Damping System kimagasl\u00f3 m\u00e9lyhanglek\u00e9pz\u00e9st k\u00edn\u00e1l.<\/p>\n<h3>PCOCC K\u00c1BEL<\/h3>\n<p>A ATH-AD2000X k\u00e1bele PCOCC-b\u0151l k\u00e9sz\u00fcl (Oxig\u00e9n-mentes r\u00e9z) , melynek k\u00f6sz\u00f6nhet\u0151en a k\u00e1bel nem zavarja a hanglek\u00e9pz\u00e9st.<\/p>\n<h3>3D WING STRUKT\u00daRA<\/h3>\n<p>A 3D Wing Support mechanizmus automatikusan alkalmazkodik a fejm\u00e9retre, mik\u00f6zben alig \u00e9rezhet\u0151en tartja a fejhallgat\u00f3t a hely\u00e9n.<\/p>\n<\/div>\n<\/div>\n<\/div>\n<\/div>\n<div id=\"product.attributes.container\" class=\"details_accordion__item active\">\n<div class=\"details_accordion-content\">\n<div class=\"details_accordion-content-inner\">\n<div id=\"product-attributes\">\n<table class=\"product__attributes product__table active\">\n<tbody>\n<tr class=\"attributes__group-title\">\n<th class=\"attributes__group-title--text\" colspan=\"2\">Headphones<\/th>\n<\/tr>\n<tr class=\"attributes__tr\">\n<th class=\"attributes__th\" scope=\"row\">T\u00edpus<\/th>\n<td class=\"attributes__td\" data-th=\"T\u00edpus\">Nyitott, dinamikus<\/td>\n<\/tr>\n<tr class=\"attributes__tr\">\n<th class=\"attributes__th\" scope=\"row\">Meghajt\u00f3 \u00e1tm\u00e9r\u0151<\/th>\n<td class=\"attributes__td\" data-th=\"Meghajt\u00f3 \u00e1tm\u00e9r\u0151\">53 mm<\/td>\n<\/tr>\n<tr class=\"attributes__tr\">\n<th class=\"attributes__th\" scope=\"row\">Frekvencia \u00e1tvitel<\/th>\n<td class=\"attributes__td\" data-th=\"Frekvencia \u00e1tvitel\">5 &#8211; 45 000 Hz<\/td>\n<\/tr>\n<tr class=\"attributes__tr\">\n<th class=\"attributes__th\" scope=\"row\">Maxim\u00e1lis terhelhet\u0151s\u00e9g<\/th>\n<td class=\"attributes__td\" data-th=\"Maxim\u00e1lis terhelhet\u0151s\u00e9g\">2 000 mW<\/td>\n<\/tr>\n<tr class=\"attributes__tr\">\n<th class=\"attributes__th\" scope=\"row\">\u00c9rz\u00e9kenys\u00e9g<\/th>\n<td class=\"attributes__td\" data-th=\"\u00c9rz\u00e9kenys\u00e9g\">103 dB\/mW<\/td>\n<\/tr>\n<tr class=\"attributes__tr\">\n<th class=\"attributes__th\" scope=\"row\">Impedancia<\/th>\n<td class=\"attributes__td\" data-th=\"Impedancia\">40 Ohm<\/td>\n<\/tr>\n<tr class=\"attributes__tr\">\n<th class=\"attributes__th\" scope=\"row\">T\u00f6meg<\/th>\n<td class=\"attributes__td\" data-th=\"T\u00f6meg\">265 g<\/td>\n<\/tr>\n<tr class=\"attributes__tr\">\n<th class=\"attributes__th\" scope=\"row\">K\u00e1bel<\/th>\n<td class=\"attributes__td\" data-th=\"K\u00e1bel\">3 m<\/td>\n<\/tr>\n<tr class=\"attributes__tr\">\n<th class=\"attributes__th\" scope=\"row\">Csatlakoz\u00f3<\/th>\n<td class=\"attributes__td\" data-th=\"Csatlakoz\u00f3\">Aranyozott sztere\u00f3 3,5 mm-es mini jack csatlakoz\u00f3<\/td>\n<\/tr>\n<tr class=\"attributes__tr\">\n<th class=\"attributes__th\" scope=\"row\">Mell\u00e9kelt tartoz\u00e9kok<\/th>\n<td class=\"attributes__td\" data-th=\"Mell\u00e9kelt tartoz\u00e9kok\">6,3 mm-es adapter<\/td>\n<\/tr>\n<\/tbody>\n<\/table>\n<div class=\"product__attributes--button\"><\/div>\n<\/div>\n<\/div>\n<\/div>\n<\/div>\n","protected":false},"excerpt":{"rendered":"<p>Az ATH-AD2000X nyitott fejhallgat\u00f3 p\u00e1ratlan zenehallgat\u00e1si \u00e9lm\u00e9nyt k\u00edn\u00e1l. Pehelyk\u00f6nny\u0171 \u00e9s hihetetlen\u00fcl k\u00e9nyelmes viselet, csod\u00e1s sztere\u00f3 hangz\u00e1ssal k\u00e9nyezteti hallgat\u00f3j\u00e1t hossz\u00fa \u00f3r\u00e1kon \u00e1t. A nagym\u00e9ret\u0171, 53mm-es meghajt\u00f3k a r\u00e9zbevonat\u00fa alum\u00edniumhuzal (CCAW) hangtekercsekkel rendelkeznek a pontos, r\u00e9szletez\u0151 hangz\u00e1s \u00e9s a m\u00e9ly, kiegyens\u00falyozott basszus \u00e9rdek\u00e9ben.Az AD2000X kimagasl\u00f3an teljes\u00edt klasszikus \u00e9s audiofil hanganyagok reproduk\u00e1l\u00e1s\u00e1ban. K\u00f6nny\u0171, m\u00e9hsejtes alum\u00ednium kagyl\u00f3kkal \u00e9s egyedi, \u00f6nbe\u00e1ll\u00f3 fejt\u00e1masszal rendelkezik, ami szinte \u00e9szrevehetetlen\u00fcl kis nyom\u00e1st gyakorol a fejre, \u00edgy seg\u00edtve a zenehallgat\u00e1s nagyfok\u00fa\u00a0\u00e9lvezet\u00e9t.<\/p>\n","protected":false},"featured_media":731,"comment_status":"closed","ping_status":"closed","template":"","meta":{"_uag_custom_page_level_css":"","site-sidebar-layout":"default","site-content-layout":"","ast-site-content-layout":"default","site-content-style":"default","site-sidebar-style":"default","ast-global-header-display":"","ast-banner-title-visibility":"","ast-main-header-display":"","ast-hfb-above-header-display":"","ast-hfb-below-header-display":"","ast-hfb-mobile-header-display":"","site-post-title":"","ast-breadcrumbs-content":"","ast-featured-img":"","footer-sml-layout":"","ast-disable-related-posts":"","theme-transparent-header-meta":"default","adv-header-id-meta":"","stick-header-meta":"","header-above-stick-meta":"","header-main-stick-meta":"","header-below-stick-meta":"","astra-migrate-meta-layouts":"set","ast-page-background-enabled":"default","ast-page-background-meta":{"desktop":{"background-color":"var(--ast-global-color-4)","background-image":"","background-repeat":"repeat","background-position":"center center","background-size":"auto","background-attachment":"scroll","background-type":"","background-media":"","overlay-type":"","overlay-color":"","overlay-opacity":"","overlay-gradient":""},"tablet":{"background-color":"","background-image":"","background-repeat":"repeat","background-position":"center center","background-size":"auto","background-attachment":"scroll","background-type":"","background-media":"","overlay-type":"","overlay-color":"","overlay-opacity":"","overlay-gradient":""},"mobile":{"background-color":"","background-image":"","background-repeat":"repeat","background-position":"center center","background-size":"auto","background-attachment":"scroll","background-type":"","background-media":"","overlay-type":"","overlay-color":"","overlay-opacity":"","overlay-gradient":""}},"ast-content-background-meta":{"desktop":{"background-color":"var(--ast-global-color-5)","background-image":"","background-repeat":"repeat","background-position":"center center","background-size":"auto","background-attachment":"scroll","background-type":"","background-media":"","overlay-type":"","overlay-color":"","overlay-opacity":"","overlay-gradient":""},"tablet":{"background-color":"var(--ast-global-color-5)","background-image":"","background-repeat":"repeat","background-position":"center center","background-size":"auto","background-attachment":"scroll","background-type":"","background-media":"","overlay-type":"","overlay-color":"","overlay-opacity":"","overlay-gradient":""},"mobile":{"background-color":"var(--ast-global-color-5)","background-image":"","background-repeat":"repeat","background-position":"center center","background-size":"auto","background-attachment":"scroll","background-type":"","background-media":"","overlay-type":"","overlay-color":"","overlay-opacity":"","overlay-gradient":""}}},"product_brand":[],"product_cat":[39],"product_tag":[],"class_list":{"0":"post-470","1":"product","2":"type-product","3":"status-publish","4":"has-post-thumbnail","6":"product_cat-hi-fi-headphones","7":"desktop-align-left","8":"tablet-align-left","9":"mobile-align-left","11":"first","12":"instock","13":"taxable","14":"shipping-taxable","15":"purchasable","16":"product-type-simple"},"supplier_id":null,"supplier_sku":"","barcode":null,"atum_controlled":true,"out_stock_date":null,"out_stock_threshold":null,"inheritable":false,"inbound_stock":0,"stock_on_hold":0,"sold_today":0,"sales_last_days":0,"reserved_stock":0,"customer_returns":0,"warehouse_damage":0,"lost_in_post":0,"other_logs":0,"out_stock_days":0,"lost_sales":0,"has_location":false,"update_date":"2026-05-01T04:23:39","atum_locations":[],"atum_stock_status":"instock","restock_status":false,"low_stock_amount":"","sales_update_date":"2026-05-01T04:23:39","calc_backorders":null,"uagb_featured_image_src":{"full":["https:\/\/shop.hanaton.hu\/wp-content\/uploads\/ath-ad2000x_01.png-2.webp",2000,2000,false],"thumbnail":["https:\/\/shop.hanaton.hu\/wp-content\/uploads\/ath-ad2000x_01.png-2-150x150.webp",150,150,true],"medium":["https:\/\/shop.hanaton.hu\/wp-content\/uploads\/ath-ad2000x_01.png-2-300x300.webp",300,300,true],"medium_large":["https:\/\/shop.hanaton.hu\/wp-content\/uploads\/ath-ad2000x_01.png-2-768x768.webp",768,768,true],"large":["https:\/\/shop.hanaton.hu\/wp-content\/uploads\/ath-ad2000x_01.png-2-1024x1024.webp",1024,1024,true],"1536x1536":["https:\/\/shop.hanaton.hu\/wp-content\/uploads\/ath-ad2000x_01.png-2-1536x1536.webp",1536,1536,true],"2048x2048":["https:\/\/shop.hanaton.hu\/wp-content\/uploads\/ath-ad2000x_01.png-2.webp",2000,2000,false],"woocommerce_thumbnail":["https:\/\/shop.hanaton.hu\/wp-content\/uploads\/ath-ad2000x_01.png-2-300x300.webp",300,300,true],"woocommerce_single":["https:\/\/shop.hanaton.hu\/wp-content\/uploads\/ath-ad2000x_01.png-2-600x600.webp",600,600,true],"woocommerce_gallery_thumbnail":["https:\/\/shop.hanaton.hu\/wp-content\/uploads\/ath-ad2000x_01.png-2-100x100.webp",100,100,true]},"uagb_author_info":{"display_name":"admin","author_link":"https:\/\/shop.hanaton.hu\/?author=0"},"uagb_comment_info":0,"uagb_excerpt":"Az ATH-AD2000X nyitott fejhallgat\u00f3 p\u00e1ratlan zenehallgat\u00e1si \u00e9lm\u00e9nyt k\u00edn\u00e1l. Pehelyk\u00f6nny\u0171 \u00e9s hihetetlen\u00fcl k\u00e9nyelmes viselet, csod\u00e1s sztere\u00f3 hangz\u00e1ssal k\u00e9nyezteti hallgat\u00f3j\u00e1t hossz\u00fa \u00f3r\u00e1kon \u00e1t. A nagym\u00e9ret\u0171, 53mm-es meghajt\u00f3k a r\u00e9zbevonat\u00fa alum\u00edniumhuzal (CCAW) hangtekercsekkel rendelkeznek a pontos, r\u00e9szletez\u0151 hangz\u00e1s \u00e9s a m\u00e9ly, kiegyens\u00falyozott basszus \u00e9rdek\u00e9ben.Az AD2000X kimagasl\u00f3an teljes\u00edt klasszikus \u00e9s audiofil hanganyagok reproduk\u00e1l\u00e1s\u00e1ban. K\u00f6nny\u0171, m\u00e9hsejtes alum\u00ednium kagyl\u00f3kkal \u00e9s egyedi,&hellip;","_links":{"self":[{"href":"https:\/\/shop.hanaton.hu\/index.php?rest_route=\/wp\/v2\/product\/470","targetHints":{"allow":["GET"]}}],"collection":[{"href":"https:\/\/shop.hanaton.hu\/index.php?rest_route=\/wp\/v2\/product"}],"about":[{"href":"https:\/\/shop.hanaton.hu\/index.php?rest_route=\/wp\/v2\/types\/product"}],"replies":[{"embeddable":true,"href":"https:\/\/shop.hanaton.hu\/index.php?rest_route=%2Fwp%2Fv2%2Fcomments&post=470"}],"wp:featuredmedia":[{"embeddable":true,"href":"https:\/\/shop.hanaton.hu\/index.php?rest_route=\/wp\/v2\/media\/731"}],"wp:attachment":[{"href":"https:\/\/shop.hanaton.hu\/index.php?rest_route=%2Fwp%2Fv2%2Fmedia&parent=470"}],"wp:term":[{"taxonomy":"product_brand","embeddable":true,"href":"https:\/\/shop.hanaton.hu\/index.php?rest_route=%2Fwp%2Fv2%2Fproduct_brand&post=470"},{"taxonomy":"product_cat","embeddable":true,"href":"https:\/\/shop.hanaton.hu\/index.php?rest_route=%2Fwp%2Fv2%2Fproduct_cat&post=470"},{"taxonomy":"product_tag","embeddable":true,"href":"https:\/\/shop.hanaton.hu\/index.php?rest_route=%2Fwp%2Fv2%2Fproduct_tag&post=470"}],"curies":[{"name":"wp","href":"https:\/\/api.w.org\/{rel}","templated":true}]}}