{"id":460,"date":"2024-01-27T20:04:38","date_gmt":"2024-01-27T19:04:38","guid":{"rendered":"https:\/\/shop.hanaton.hu\/?product=audio-technica-ath-awas-f-dynamic-headphones-asada-zakura"},"modified":"2025-12-14T22:25:28","modified_gmt":"2025-12-14T21:25:28","slug":"audio-technica-ath-awas-f-dynamic-headphones-asada-zakura","status":"publish","type":"product","link":"https:\/\/shop.hanaton.hu\/?product=audio-technica-ath-awas-f-dynamic-headphones-asada-zakura","title":{"rendered":"Audio-Technica ATH-AWAS\/f Dynamic Headphones (Asada Zakura)"},"content":{"rendered":"<div id=\"description\" class=\"details_accordion__item active\">\n<div class=\"details_accordion-content\">\n<div class=\"details_accordion-content-inner\">\n<div>\n<ul>\n<li>A k\u00e9zzel k\u00e9sz\u00edtett f\u00e9lig f\u00e9nyes Asada Zakura (jap\u00e1n cseresznye) h\u00e1zak elnyomj\u00e1k a nem k\u00edv\u00e1nt rezonanci\u00e1t a tiszta, term\u00e9szetes hang visszaad\u00e1s\u00e1nak \u00e9rdek\u00e9ben<\/li>\n<li>Az exkluz\u00edv, nagy teljes\u00edtm\u00e9ny\u0171 m\u00e1gneses \u00e1ramk\u00f6r\u00f6kkel rendelkez\u0151 53 mm-es meghajt\u00f3k rendk\u00edv\u00fcl teljes frekvenciatartom\u00e1ny\u00fa hangz\u00e1st biztos\u00edtanak<\/li>\n<li>Az integr\u00e1lt tiszta vas kengyel jav\u00edtja az \u00e1tmeneti v\u00e1laszt a pontos hangvisszaad\u00e1s \u00e9rdek\u00e9ben<br \/>\nDLC (gy\u00e9m\u00e1ntszer\u0171 sz\u00e9n) bevonatos membr\u00e1nok a magas frekvencia\u00e1tvitel jav\u00edt\u00e1sa \u00e9rdek\u00e9ben<\/li>\n<li>A 6N-OFC (nagy tisztas\u00e1g\u00fa, oxig\u00e9nmentes r\u00e9z) hangtekercs ide\u00e1lis jel\u00e1tvitelt biztos\u00edt<br \/>\nD.A.D.S. A (Double Air Damping System) strukt\u00fara m\u00e9ly basszus reprodukci\u00f3r\u00f3l gondoskodik<\/li>\n<li>K\u00e9t levehet\u0151 3,0 m-es (9.8&#8242;) k\u00e1bel A2DC (Audio Designed Detachable Coaxial) csatlakoz\u00f3val a fejhallgat\u00f3n: az egyik 6,3 mm-es (1\/4&#8243;) aranyozott sztere\u00f3 csatlakoz\u00f3val, a m\u00e1sik 4-p\u00f3lus\u00fa kiegyens\u00falyozott XLRM csatlakoz\u00f3val<\/li>\n<li>A magn\u00e9zium\u00f6tv\u00f6zet fejhallgat\u00f3kar sz\u00f6gben van, hogy a lehet\u0151 legjobban illeszkedjen kiv\u00e1l\u00f3 kagyl\u00f3 t\u00f6m\u00edt\u00e9ssel<\/li>\n<li>A f\u00fclp\u00e1rn\u00e1k \u00e9s a fejp\u00e1nt sima, szintetikus b\u0151rb\u0151l k\u00e9sz\u00fclnek a tart\u00f3s k\u00e9nyelem \u00e9rdek\u00e9ben<\/li>\n<li>Jap\u00e1n mestermunka: minden f\u00e1b\u00f3l k\u00e9sz\u00fclt Audio-Technica fejhallgat\u00f3t k\u00e9zzel szerelnek \u00f6ssze Toki\u00f3ban<\/li>\n<\/ul>\n<\/div>\n<\/div>\n<\/div>\n<\/div>\n<div id=\"product.attributes.container\" class=\"details_accordion__item active\">\n<div class=\"details_accordion-content\">\n<div class=\"details_accordion-content-inner\">\n<div id=\"product-attributes\">\n<table class=\"product__attributes product__table active\">\n<tbody>\n<tr class=\"attributes__group-title\">\n<th class=\"attributes__group-title--text\" colspan=\"2\">Headphones<\/th>\n<\/tr>\n<tr class=\"attributes__tr\">\n<th class=\"attributes__th\" scope=\"row\">T\u00edpus<\/th>\n<td class=\"attributes__td\" data-th=\"T\u00edpus\">Z\u00e1rt h\u00e1tlap\u00fa dinamika<\/td>\n<\/tr>\n<tr class=\"attributes__tr\">\n<th class=\"attributes__th\" scope=\"row\">Meghajt\u00f3 \u00e1tm\u00e9r\u0151<\/th>\n<td class=\"attributes__td\" data-th=\"Meghajt\u00f3 \u00e1tm\u00e9r\u0151\">53 mm<\/td>\n<\/tr>\n<tr class=\"attributes__tr\">\n<th class=\"attributes__th\" scope=\"row\">Frekvencia \u00e1tvitel<\/th>\n<td class=\"attributes__td\" data-th=\"Frekvencia \u00e1tvitel\">5 &#8211; 42 000 Hz<\/td>\n<\/tr>\n<tr class=\"attributes__tr\">\n<th class=\"attributes__th\" scope=\"row\">Maxim\u00e1lis terhelhet\u0151s\u00e9g<\/th>\n<td class=\"attributes__td\" data-th=\"Maxim\u00e1lis terhelhet\u0151s\u00e9g\">2000 mW<\/td>\n<\/tr>\n<tr class=\"attributes__tr\">\n<th class=\"attributes__th\" scope=\"row\">\u00c9rz\u00e9kenys\u00e9g<\/th>\n<td class=\"attributes__td\" data-th=\"\u00c9rz\u00e9kenys\u00e9g\">99 dB\/mW<\/td>\n<\/tr>\n<tr class=\"attributes__tr\">\n<th class=\"attributes__th\" scope=\"row\">Impedancia<\/th>\n<td class=\"attributes__td\" data-th=\"Impedancia\">40 ohms<\/td>\n<\/tr>\n<tr class=\"attributes__tr\">\n<th class=\"attributes__th\" scope=\"row\">T\u00f6meg<\/th>\n<td class=\"attributes__td\" data-th=\"T\u00f6meg\">395 g (13.9 oz), k\u00e1bel n\u00e9lk\u00fcl<\/td>\n<\/tr>\n<tr class=\"attributes__tr\">\n<th class=\"attributes__th\" scope=\"row\">K\u00e1bel<\/th>\n<td class=\"attributes__td\" data-th=\"K\u00e1bel\">Levehet\u0151 3,0 m-es (9,8&#8242;) k\u00e1bel (A2DC-t\u0151l a 6,3 mm (1\/4&#8243;) aranyozott sztere\u00f3 csatlakoz\u00f3ig; elasztomer bevonat, OFC); levehet\u0151 3,0 m-es (9,8&#8242;) kiegyens\u00falyozott k\u00e1bel (A2DC-t\u0151l a 4-p\u00f3lus\u00fa XLRM-ig; sz\u00f6vetsz\u00e1l er\u0151s\u00edt\u00e9s\u0171 bevonat, OFC)<\/td>\n<\/tr>\n<\/tbody>\n<\/table>\n<div class=\"product__attributes--button\"><\/div>\n<\/div>\n<\/div>\n<\/div>\n<\/div>\n","protected":false},"excerpt":{"rendered":"<p>Az ATH-AWAS f\u00fcl f\u00f6l\u00f6tti fa fejhallgat\u00f3 h\u00e1z\u00e1hoz a ritka Asada Zakura (jap\u00e1n cseresznye) f\u00e1t v\u00e1lasztottuk. A cs\u00facskateg\u00f3ri\u00e1s hangsz\u00f3r\u00f3kban val\u00f3 haszn\u00e1lat\u00e1r\u00f3l h\u00edres, finom akusztikai jellemz\u0151i \u00e9s tart\u00f3ss\u00e1ga miatt a felt\u0171n\u0151 piros Asada Zakura elnyomja a nem k\u00edv\u00e1natos rezonanci\u00e1t a f\u00fclkagyl\u00f3k belsej\u00e9ben a tiszta, term\u00e9szetes hangvisszaad\u00e1s \u00e9rdek\u00e9ben. A k\u00e9zzel k\u00e9sz\u00edtett f\u00e9lig f\u00e9nyes fel\u00fclet kiemeli a fa szel\u00edd rostozat\u00e1t \u00e9s meleg sz\u00e9ps\u00e9g\u00e9t. A fejhallgat\u00f3k exkluz\u00edv, er\u0151teljes m\u00e1gneses \u00e1ramk\u00f6r\u00f6kkel ell\u00e1tott 53 mm-es meghajt\u00f3kkal vannak felszerelve, integr\u00e1lt tiszta vas kengyellel, DLC (gy\u00e9m\u00e1ntszer\u0171 sz\u00e9n) bevonattal \u00e9s 6N-OFC (nagy tisztas\u00e1g\u00fa, oxig\u00e9nmentes r\u00e9z) hangtekercsekkel a rendk\u00edv\u00fcl teljes terjedelm\u0171 hangvisszaad\u00e1s \u00e9rdek\u00e9ben. Kiv\u00e9teles D.A.D.S. rendszer\u00fcnk (Double Air Damping System), amely a h\u00e1z szerkezet\u00e9t k\u00e9t k\u00fcl\u00f6n\u00e1ll\u00f3 akusztikus kamr\u00e1ra osztja, sima, pontos basszus\u00e1tvitelt biztos\u00edt. A h\u00e1zat tart\u00f3 karok rendk\u00edv\u00fcl merev, k\u00f6nny\u0171 magn\u00e9zium\u00f6tv\u00f6zetb\u0151l k\u00e9sz\u00fclnek. A karok sz\u00f6gben \u00e1llnak, \u00edgy a lehet\u0151 legjobban illeszkednek \u00e9s t\u00f6k\u00e9letesen szigetelnek a kagyl\u00f3k. A k\u00e9nyelmes illeszked\u00e9st sima, szintetikus b\u0151r f\u00fclp\u00e1rn\u00e1k \u00e9s fejp\u00e1nt fokozz\u00e1k. A fejhallgat\u00f3 A2DC (Audio Designed Detachable Coaxial) jack dug\u00f3kkal is rendelkezik a k\u00e9t 3,0 m-es (9.8&#8242;) levehet\u0151 k\u00e1belhez val\u00f3 csatlakoz\u00e1shoz. Az egyik k\u00e1bel 6,3 mm-es (1\/4&#8243;) aranyozott sztere\u00f3 csatlakoz\u00f3val rendelkezik szabv\u00e1nyos audioeszk\u00f6z\u00f6kh\u00f6z. A m\u00e1sik k\u00e1bel 4-p\u00f3lus\u00fa XLRM kiegyens\u00falyozott csatlakoz\u00f3val rendelkezik, amely a leg\u00fajabb HiFi berendez\u00e9ssel haszn\u00e1lhat\u00f3 a jobb csatornaelv\u00e1laszt\u00e1s el\u00e9r\u00e9se \u00e9rdek\u00e9ben.\u00a0A nagy felbont\u00e1s\u00fa hangr\u00f3l r\u00f6viden: \u00dat a nagy felbont\u00e1s\u00fa hanghoz: M\u00edg sok zenehallgat\u00f3 \u00fagy v\u00e9li, hogy a nagy felbont\u00e1s\u00fa hang a Compact Disc 1982-es bevezet\u00e9s\u00e9vel egy\u00fctt j\u00f6tt, addig a lemez t\u00e1rhely\u00e9nek korl\u00e1tozotts\u00e1ga mindig megakad\u00e1lyozta, hogy a CD-hang (44,1 kHz \/ 16 bites szabv\u00e1nyos\u00edtott) teljes eg\u00e9sz\u00e9ben reproduk\u00e1lja az eredeti r\u00f6gz\u00edtett hangot. Az MP3-asok megjelen\u00e9se \u00e9s k\u00e9s\u0151bbi n\u00e9pszer\u0171s\u00e9ge csak nyilv\u00e1nval\u00f3bb\u00e1 tette ezt a probl\u00e9m\u00e1t, mert ezeknek a f\u00e1jloknak a sz\u00fcks\u00e9ges t\u00f6m\u00f6r\u00edt\u00e9se a hanginform\u00e1ci\u00f3k elveszt\u00e9s\u00e9hez vezet, ez\u00e1ltal jelent\u0151sen cs\u00f6kkentve a hangmin\u0151s\u00e9get. De a vesztes\u00e9gmentes hangf\u00e1jl form\u00e1tumok, az egyre k\u00f6nnyebben el\u00e9rhet\u0151 gyorsabb internet \u00e9s nagyobb t\u00e1rhely (egyre kisebb csomagokban) olyan hangfelvev\u0151 berendez\u00e9seket hoz l\u00e9tre, amelyek k\u00e9pesek r\u00f6gz\u00edteni \u00e9s reproduk\u00e1lni a val\u00f3di Hi-Res hangot, amelyek \u00e1ltal\u00e1ban 96 kHz \/ 24 bitesek vagy ann\u00e1l jobbnak. A Hi-Res Audio log\u00f3 tan\u00fas\u00edtja, hogy egy term\u00e9k megfelel a Hi-Res Audio szabv\u00e1nyoknak. E szabv\u00e1nyok szerint a fejhallgat\u00f3knak legal\u00e1bb 40 kHz-es frekvencia-\u00e1talak\u00edt\u00f3 teljes\u00edtm\u00e9nnyel kell rendelkezni\u00fck. Az audiofil fejhallgat\u00f3k gy\u00e1rt\u00f3jak\u00e9nt az Audio-Technica 1972 \u00f3ta kiv\u00e1l\u00f3 helyet foglal el olyan audio megold\u00e1sok ny\u00fajt\u00e1s\u00e1ban, amelyek megfelelnek a Hi-Res Audio m\u00e9diaform\u00e1tumok ig\u00e9nyeinek, lehet\u0151v\u00e9 t\u00e9ve kiterjesztett hangkaraktereik teljes reproduk\u00e1l\u00e1s\u00e1t.<\/p>\n","protected":false},"featured_media":654,"comment_status":"closed","ping_status":"closed","template":"","meta":{"_uag_custom_page_level_css":"","site-sidebar-layout":"default","site-content-layout":"","ast-site-content-layout":"default","site-content-style":"default","site-sidebar-style":"default","ast-global-header-display":"","ast-banner-title-visibility":"","ast-main-header-display":"","ast-hfb-above-header-display":"","ast-hfb-below-header-display":"","ast-hfb-mobile-header-display":"","site-post-title":"","ast-breadcrumbs-content":"","ast-featured-img":"","footer-sml-layout":"","ast-disable-related-posts":"","theme-transparent-header-meta":"default","adv-header-id-meta":"","stick-header-meta":"","header-above-stick-meta":"","header-main-stick-meta":"","header-below-stick-meta":"","astra-migrate-meta-layouts":"set","ast-page-background-enabled":"default","ast-page-background-meta":{"desktop":{"background-color":"var(--ast-global-color-4)","background-image":"","background-repeat":"repeat","background-position":"center center","background-size":"auto","background-attachment":"scroll","background-type":"","background-media":"","overlay-type":"","overlay-color":"","overlay-opacity":"","overlay-gradient":""},"tablet":{"background-color":"","background-image":"","background-repeat":"repeat","background-position":"center center","background-size":"auto","background-attachment":"scroll","background-type":"","background-media":"","overlay-type":"","overlay-color":"","overlay-opacity":"","overlay-gradient":""},"mobile":{"background-color":"","background-image":"","background-repeat":"repeat","background-position":"center center","background-size":"auto","background-attachment":"scroll","background-type":"","background-media":"","overlay-type":"","overlay-color":"","overlay-opacity":"","overlay-gradient":""}},"ast-content-background-meta":{"desktop":{"background-color":"var(--ast-global-color-5)","background-image":"","background-repeat":"repeat","background-position":"center center","background-size":"auto","background-attachment":"scroll","background-type":"","background-media":"","overlay-type":"","overlay-color":"","overlay-opacity":"","overlay-gradient":""},"tablet":{"background-color":"var(--ast-global-color-5)","background-image":"","background-repeat":"repeat","background-position":"center center","background-size":"auto","background-attachment":"scroll","background-type":"","background-media":"","overlay-type":"","overlay-color":"","overlay-opacity":"","overlay-gradient":""},"mobile":{"background-color":"var(--ast-global-color-5)","background-image":"","background-repeat":"repeat","background-position":"center center","background-size":"auto","background-attachment":"scroll","background-type":"","background-media":"","overlay-type":"","overlay-color":"","overlay-opacity":"","overlay-gradient":""}}},"product_brand":[],"product_cat":[39],"product_tag":[],"class_list":{"0":"post-460","1":"product","2":"type-product","3":"status-publish","4":"has-post-thumbnail","6":"product_cat-hi-fi-headphones","7":"desktop-align-left","8":"tablet-align-left","9":"mobile-align-left","11":"first","12":"instock","13":"taxable","14":"shipping-taxable","15":"purchasable","16":"product-type-simple"},"supplier_id":null,"supplier_sku":"","barcode":null,"atum_controlled":true,"out_stock_date":null,"out_stock_threshold":null,"inheritable":false,"inbound_stock":0,"stock_on_hold":0,"sold_today":0,"sales_last_days":0,"reserved_stock":0,"customer_returns":0,"warehouse_damage":0,"lost_in_post":0,"other_logs":0,"out_stock_days":0,"lost_sales":0,"has_location":false,"update_date":"2026-05-16T00:10:59","atum_locations":[],"atum_stock_status":"instock","restock_status":false,"low_stock_amount":"","sales_update_date":"2026-05-16T00:10:59","calc_backorders":null,"uagb_featured_image_src":{"full":["https:\/\/shop.hanaton.hu\/wp-content\/uploads\/ath-awas_01b.png.webp",700,700,false],"thumbnail":["https:\/\/shop.hanaton.hu\/wp-content\/uploads\/ath-awas_01b.png-150x150.webp",150,150,true],"medium":["https:\/\/shop.hanaton.hu\/wp-content\/uploads\/ath-awas_01b.png-300x300.webp",300,300,true],"medium_large":["https:\/\/shop.hanaton.hu\/wp-content\/uploads\/ath-awas_01b.png.webp",700,700,false],"large":["https:\/\/shop.hanaton.hu\/wp-content\/uploads\/ath-awas_01b.png.webp",700,700,false],"1536x1536":["https:\/\/shop.hanaton.hu\/wp-content\/uploads\/ath-awas_01b.png.webp",700,700,false],"2048x2048":["https:\/\/shop.hanaton.hu\/wp-content\/uploads\/ath-awas_01b.png.webp",700,700,false],"woocommerce_thumbnail":["https:\/\/shop.hanaton.hu\/wp-content\/uploads\/ath-awas_01b.png-300x300.webp",300,300,true],"woocommerce_single":["https:\/\/shop.hanaton.hu\/wp-content\/uploads\/ath-awas_01b.png-600x600.webp",600,600,true],"woocommerce_gallery_thumbnail":["https:\/\/shop.hanaton.hu\/wp-content\/uploads\/ath-awas_01b.png-100x100.webp",100,100,true]},"uagb_author_info":{"display_name":"admin","author_link":"https:\/\/shop.hanaton.hu\/?author=0"},"uagb_comment_info":0,"uagb_excerpt":"Az ATH-AWAS f\u00fcl f\u00f6l\u00f6tti fa fejhallgat\u00f3 h\u00e1z\u00e1hoz a ritka Asada Zakura (jap\u00e1n cseresznye) f\u00e1t v\u00e1lasztottuk. A cs\u00facskateg\u00f3ri\u00e1s hangsz\u00f3r\u00f3kban val\u00f3 haszn\u00e1lat\u00e1r\u00f3l h\u00edres, finom akusztikai jellemz\u0151i \u00e9s tart\u00f3ss\u00e1ga miatt a felt\u0171n\u0151 piros Asada Zakura elnyomja a nem k\u00edv\u00e1natos rezonanci\u00e1t a f\u00fclkagyl\u00f3k belsej\u00e9ben a tiszta, term\u00e9szetes hangvisszaad\u00e1s \u00e9rdek\u00e9ben. A k\u00e9zzel k\u00e9sz\u00edtett f\u00e9lig f\u00e9nyes fel\u00fclet kiemeli a fa szel\u00edd&hellip;","_links":{"self":[{"href":"https:\/\/shop.hanaton.hu\/index.php?rest_route=\/wp\/v2\/product\/460","targetHints":{"allow":["GET"]}}],"collection":[{"href":"https:\/\/shop.hanaton.hu\/index.php?rest_route=\/wp\/v2\/product"}],"about":[{"href":"https:\/\/shop.hanaton.hu\/index.php?rest_route=\/wp\/v2\/types\/product"}],"replies":[{"embeddable":true,"href":"https:\/\/shop.hanaton.hu\/index.php?rest_route=%2Fwp%2Fv2%2Fcomments&post=460"}],"wp:featuredmedia":[{"embeddable":true,"href":"https:\/\/shop.hanaton.hu\/index.php?rest_route=\/wp\/v2\/media\/654"}],"wp:attachment":[{"href":"https:\/\/shop.hanaton.hu\/index.php?rest_route=%2Fwp%2Fv2%2Fmedia&parent=460"}],"wp:term":[{"taxonomy":"product_brand","embeddable":true,"href":"https:\/\/shop.hanaton.hu\/index.php?rest_route=%2Fwp%2Fv2%2Fproduct_brand&post=460"},{"taxonomy":"product_cat","embeddable":true,"href":"https:\/\/shop.hanaton.hu\/index.php?rest_route=%2Fwp%2Fv2%2Fproduct_cat&post=460"},{"taxonomy":"product_tag","embeddable":true,"href":"https:\/\/shop.hanaton.hu\/index.php?rest_route=%2Fwp%2Fv2%2Fproduct_tag&post=460"}],"curies":[{"name":"wp","href":"https:\/\/api.w.org\/{rel}","templated":true}]}}