{"id":377,"date":"2024-01-03T22:02:50","date_gmt":"2024-01-03T21:02:50","guid":{"rendered":"https:\/\/shop.hanaton.hu\/?post_type=product&#038;p=377"},"modified":"2025-05-25T18:53:58","modified_gmt":"2025-05-25T16:53:58","slug":"egyedileg-nyomtatott-szimpla-lemezborito-3mm-gerinccel","status":"publish","type":"product","link":"https:\/\/shop.hanaton.hu\/?product=egyedileg-nyomtatott-szimpla-lemezborito-3mm-gerinccel","title":{"rendered":"Szimpla lemezbor\u00edt\u00f3 egyedi grafik\u00e1val"},"content":{"rendered":"<p>A szimpla lemezbor\u00edt\u00f3 egy darab hanglemez (bels\u0151 tokban) \u00e9s hozz\u00e1 tartoz\u00f3 maximum 4 oldalas inzert fogad\u00e1s\u00e1ra alkalmas.<\/p>\n<p>Oldals\u00f3 gerince 3mm, ami a szokv\u00e1nyos, nemzetk\u00f6zileg is ismert standard m\u00e9reteknek felel meg.<\/p>\n<p>290 &#8211; 330 g vastag GC kartonra<\/p>\n<p>A term\u00e9k \u00e1ra a rendelt mennyis\u00e9gt\u0151l f\u00fcgg\u0151en v\u00e1ltozik.<\/p>\n<p>Ig\u00e9ny eset\u00e9n f\u00f3li\u00e1zzuk, lakkozzuk, pr\u00e9gelj\u00fck, formalakkozzuk, k\u00e9zzel, vagy g\u00e9ppel sorsz\u00e1mozzuk. Ezeket a fel\u00e1rakat a felt\u00fcntetett \u00e1r nem tartalmazza, keress minket \u00e9s seg\u00edt\u00fcnk megtal\u00e1lni a sz\u00e1modra legide\u00e1lisabb megold\u00e1sokat!<\/p>\n<p>A grafikai anyagok elk\u00e9sz\u00edt\u00e9se a te feladatod, amennyiben seg\u00edts\u00e9gre van sz\u00fcks\u00e9ged, designer parnereink k\u00e9szs\u00e9ggel seg\u00edtenek neked a tervez\u00e9sben is. Keress minket!<\/p>\n<p>A bor\u00edt\u00f3 tervez\u00e9s\u00e9hez haszn\u00e1ld sablonunkat: <a href=\"https:\/\/hanaton.hu\/wp\/wp-content\/uploads\/2022\/05\/HT12s3.pdf\">Let\u00f6lt\u00e9s<\/a><\/p>\n<ul>\n<li>100 &#8211; 199 db \u00a0 \u00a0 910 Ft \/ db<\/li>\n<li>200 &#8211; 299 db \u00a0 \u00a0 \u00a0600 Ft \/ db<\/li>\n<li>300 &#8211; 499 db \u00a0 \u00a0 520 Ft \/ db<\/li>\n<li>500 &#8211; 999 db \u00a0 \u00a0 \u00a0380 Ft \/ db<\/li>\n<li>1000 db felett k\u00e9rd egyedi aj\u00e1nlatunkat<\/li>\n<\/ul>\n<p>Az \u00e1rak tartalmazz\u00e1k az \u00c1F\u00c1-t!<\/p>\n<p>K\u00e9rd\u00e9sed van a term\u00e9kr\u0151l? Nem tal\u00e1lsz megold\u00e1st a list\u00e1ban? T\u00f6bbet szeretn\u00e9l? \u00cdrj nek\u00fcnk!<\/p>\n<style id=\"wpforms-css-vars-365\">\n\t\t\t\t#wpforms-365 {\n\t\t\t\t\n\t\t\t}\n\t\t\t<\/style><div class=\"wpforms-container wpforms-container-full wpforms-render-modern\" id=\"wpforms-365\"><form id=\"wpforms-form-365\" class=\"wpforms-validate wpforms-form wpforms-ajax-form\" data-formid=\"365\" method=\"post\" enctype=\"multipart\/form-data\" action=\"\/index.php?rest_route=%2Fwp%2Fv2%2Fproduct%2F377\" data-token=\"23bd4d9f027563413fbc027deb1f29d0\" data-token-time=\"1777480866\"><noscript class=\"wpforms-error-noscript\">Please enable JavaScript in your browser to complete this form.<\/noscript><div id=\"wpforms-error-noscript\" style=\"display: none;\">Please enable JavaScript in your browser to complete this form.<\/div><div class=\"wpforms-field-container\"><div id=\"wpforms-365-field_0-container\" class=\"wpforms-field wpforms-field-name\" data-field-id=\"0\"><label class=\"wpforms-field-label\" for=\"wpforms-365-field_0\">n\u00e9v <span class=\"wpforms-required-label\" aria-hidden=\"true\">*<\/span><\/label><input type=\"text\" id=\"wpforms-365-field_0\" class=\"wpforms-field-medium wpforms-field-required\" name=\"wpforms[fields][0]\" aria-errormessage=\"wpforms-365-field_0-error\" required><\/div><div id=\"wpforms-365-field_1-container\" class=\"wpforms-field wpforms-field-email\" data-field-id=\"1\"><label class=\"wpforms-field-label\" for=\"wpforms-365-field_1\">email <span class=\"wpforms-required-label\" aria-hidden=\"true\">*<\/span><\/label><input type=\"email\" id=\"wpforms-365-field_1\" class=\"wpforms-field-medium wpforms-field-required\" name=\"wpforms[fields][1]\" spellcheck=\"false\" aria-errormessage=\"wpforms-365-field_1-error\" required><\/div><div id=\"wpforms-365-field_2-container\" class=\"wpforms-field wpforms-field-textarea\" data-field-id=\"2\"><label class=\"wpforms-field-label\" for=\"wpforms-365-field_2\">\u00fczenet <span class=\"wpforms-required-label\" aria-hidden=\"true\">*<\/span><\/label><textarea id=\"wpforms-365-field_2\" class=\"wpforms-field-medium wpforms-field-required\" name=\"wpforms[fields][2]\" aria-errormessage=\"wpforms-365-field_2-error\" required><\/textarea><\/div><\/div><!-- .wpforms-field-container --><div class=\"wpforms-submit-container\" ><input type=\"hidden\" name=\"wpforms[id]\" value=\"365\"><input type=\"hidden\" name=\"page_title\" value=\"\"><input type=\"hidden\" name=\"page_url\" value=\"https:\/\/shop.hanaton.hu\/index.php?rest_route=\/wp\/v2\/product\/377\"><input type=\"hidden\" name=\"url_referer\" value=\"\"><button type=\"submit\" name=\"wpforms[submit]\" id=\"wpforms-submit-365\" class=\"wpforms-submit\" data-alt-text=\"k\u00fcld\u00e9s...\" data-submit-text=\"mehet\" aria-live=\"assertive\" value=\"wpforms-submit\">mehet<\/button><img loading=\"lazy\" decoding=\"async\" src=\"https:\/\/shop.hanaton.hu\/wp-content\/plugins\/wpforms-lite\/assets\/images\/submit-spin.svg\" class=\"wpforms-submit-spinner\" style=\"display: none;\" width=\"26\" height=\"26\" alt=\"Loading\"><\/div><\/form><\/div>  <!-- .wpforms-container -->\n","protected":false},"excerpt":{"rendered":"<p>A Hanaton t\u00f6bb \u00e9ves tapasztalattal, magas min\u0151s\u00e9gben k\u00e9sz\u00edt lemezbor\u00edt\u00f3kat a saj\u00e1t ig\u00e9nyeid alapj\u00e1n.<\/p>\n","protected":false},"featured_media":66,"comment_status":"closed","ping_status":"closed","template":"","meta":{"_uag_custom_page_level_css":"","site-sidebar-layout":"default","site-content-layout":"","ast-site-content-layout":"default","site-content-style":"default","site-sidebar-style":"default","ast-global-header-display":"","ast-banner-title-visibility":"","ast-main-header-display":"","ast-hfb-above-header-display":"","ast-hfb-below-header-display":"","ast-hfb-mobile-header-display":"","site-post-title":"","ast-breadcrumbs-content":"","ast-featured-img":"","footer-sml-layout":"","ast-disable-related-posts":"","theme-transparent-header-meta":"","adv-header-id-meta":"","stick-header-meta":"","header-above-stick-meta":"","header-main-stick-meta":"","header-below-stick-meta":"","astra-migrate-meta-layouts":"default","ast-page-background-enabled":"default","ast-page-background-meta":{"desktop":{"background-color":"var(--ast-global-color-4)","background-image":"","background-repeat":"repeat","background-position":"center center","background-size":"auto","background-attachment":"scroll","background-type":"","background-media":"","overlay-type":"","overlay-color":"","overlay-opacity":"","overlay-gradient":""},"tablet":{"background-color":"","background-image":"","background-repeat":"repeat","background-position":"center center","background-size":"auto","background-attachment":"scroll","background-type":"","background-media":"","overlay-type":"","overlay-color":"","overlay-opacity":"","overlay-gradient":""},"mobile":{"background-color":"","background-image":"","background-repeat":"repeat","background-position":"center center","background-size":"auto","background-attachment":"scroll","background-type":"","background-media":"","overlay-type":"","overlay-color":"","overlay-opacity":"","overlay-gradient":""}},"ast-content-background-meta":{"desktop":{"background-color":"var(--ast-global-color-5)","background-image":"","background-repeat":"repeat","background-position":"center center","background-size":"auto","background-attachment":"scroll","background-type":"","background-media":"","overlay-type":"","overlay-color":"","overlay-opacity":"","overlay-gradient":""},"tablet":{"background-color":"var(--ast-global-color-5)","background-image":"","background-repeat":"repeat","background-position":"center center","background-size":"auto","background-attachment":"scroll","background-type":"","background-media":"","overlay-type":"","overlay-color":"","overlay-opacity":"","overlay-gradient":""},"mobile":{"background-color":"var(--ast-global-color-5)","background-image":"","background-repeat":"repeat","background-position":"center center","background-size":"auto","background-attachment":"scroll","background-type":"","background-media":"","overlay-type":"","overlay-color":"","overlay-opacity":"","overlay-gradient":""}}},"product_brand":[],"product_cat":[17],"product_tag":[],"class_list":{"0":"post-377","1":"product","2":"type-product","3":"status-publish","4":"has-post-thumbnail","6":"product_cat-boritok-belsok-es-nyomdai-anyagok","7":"desktop-align-left","8":"tablet-align-left","9":"mobile-align-left","11":"first","12":"instock","13":"taxable","14":"shipping-taxable","15":"purchasable","16":"product-type-simple"},"supplier_id":null,"supplier_sku":"","barcode":null,"atum_controlled":true,"out_stock_date":null,"out_stock_threshold":null,"inheritable":false,"inbound_stock":0,"stock_on_hold":0,"sold_today":0,"sales_last_days":0,"reserved_stock":0,"customer_returns":0,"warehouse_damage":0,"lost_in_post":0,"other_logs":0,"out_stock_days":0,"lost_sales":0,"has_location":false,"update_date":"2026-04-29T04:22:29","atum_locations":[],"atum_stock_status":"instock","restock_status":false,"low_stock_amount":"","sales_update_date":"2026-04-29T04:22:29","calc_backorders":null,"uagb_featured_image_src":{"full":["https:\/\/shop.hanaton.hu\/wp-content\/uploads\/2023\/09\/simpla-mockup-noinsert.png",2000,2000,false],"thumbnail":["https:\/\/shop.hanaton.hu\/wp-content\/uploads\/2023\/09\/simpla-mockup-noinsert-150x150.png",150,150,true],"medium":["https:\/\/shop.hanaton.hu\/wp-content\/uploads\/2023\/09\/simpla-mockup-noinsert-300x300.png",300,300,true],"medium_large":["https:\/\/shop.hanaton.hu\/wp-content\/uploads\/2023\/09\/simpla-mockup-noinsert-768x768.png",768,768,true],"large":["https:\/\/shop.hanaton.hu\/wp-content\/uploads\/2023\/09\/simpla-mockup-noinsert-1024x1024.png",1024,1024,true],"1536x1536":["https:\/\/shop.hanaton.hu\/wp-content\/uploads\/2023\/09\/simpla-mockup-noinsert-1536x1536.png",1536,1536,true],"2048x2048":["https:\/\/shop.hanaton.hu\/wp-content\/uploads\/2023\/09\/simpla-mockup-noinsert.png",2000,2000,false],"woocommerce_thumbnail":["https:\/\/shop.hanaton.hu\/wp-content\/uploads\/2023\/09\/simpla-mockup-noinsert-300x300.png",300,300,true],"woocommerce_single":["https:\/\/shop.hanaton.hu\/wp-content\/uploads\/2023\/09\/simpla-mockup-noinsert-600x600.png",600,600,true],"woocommerce_gallery_thumbnail":["https:\/\/shop.hanaton.hu\/wp-content\/uploads\/2023\/09\/simpla-mockup-noinsert-100x100.png",100,100,true]},"uagb_author_info":{"display_name":"admin","author_link":"https:\/\/shop.hanaton.hu\/?author=0"},"uagb_comment_info":0,"uagb_excerpt":"A Hanaton t\u00f6bb \u00e9ves tapasztalattal, magas min\u0151s\u00e9gben k\u00e9sz\u00edt lemezbor\u00edt\u00f3kat a saj\u00e1t ig\u00e9nyeid alapj\u00e1n.","_links":{"self":[{"href":"https:\/\/shop.hanaton.hu\/index.php?rest_route=\/wp\/v2\/product\/377","targetHints":{"allow":["GET"]}}],"collection":[{"href":"https:\/\/shop.hanaton.hu\/index.php?rest_route=\/wp\/v2\/product"}],"about":[{"href":"https:\/\/shop.hanaton.hu\/index.php?rest_route=\/wp\/v2\/types\/product"}],"replies":[{"embeddable":true,"href":"https:\/\/shop.hanaton.hu\/index.php?rest_route=%2Fwp%2Fv2%2Fcomments&post=377"}],"wp:featuredmedia":[{"embeddable":true,"href":"https:\/\/shop.hanaton.hu\/index.php?rest_route=\/wp\/v2\/media\/66"}],"wp:attachment":[{"href":"https:\/\/shop.hanaton.hu\/index.php?rest_route=%2Fwp%2Fv2%2Fmedia&parent=377"}],"wp:term":[{"taxonomy":"product_brand","embeddable":true,"href":"https:\/\/shop.hanaton.hu\/index.php?rest_route=%2Fwp%2Fv2%2Fproduct_brand&post=377"},{"taxonomy":"product_cat","embeddable":true,"href":"https:\/\/shop.hanaton.hu\/index.php?rest_route=%2Fwp%2Fv2%2Fproduct_cat&post=377"},{"taxonomy":"product_tag","embeddable":true,"href":"https:\/\/shop.hanaton.hu\/index.php?rest_route=%2Fwp%2Fv2%2Fproduct_tag&post=377"}],"curies":[{"name":"wp","href":"https:\/\/api.w.org\/{rel}","templated":true}]}}