{"id":357,"date":"2023-12-08T15:16:16","date_gmt":"2023-12-08T14:16:16","guid":{"rendered":"https:\/\/shop.hanaton.hu\/?post_type=product&#038;p=357"},"modified":"2025-05-25T18:53:58","modified_gmt":"2025-05-25T16:53:58","slug":"feher-belso-sleeve-antisztatikus-foliaval","status":"publish","type":"product","link":"https:\/\/shop.hanaton.hu\/?product=feher-belso-sleeve-antisztatikus-foliaval","title":{"rendered":"Feh\u00e9r bels\u0151 sleeve antisztatikus f\u00f3li\u00e1val"},"content":{"rendered":"<ul>\n<li>10 &#8211; 100 db \u00a0 \u00a0 \u00a0130 Ft<\/li>\n<li>101 &#8211; 500 db \u00a0 \u00a0 \u00a0120 Ft<\/li>\n<li>500 db &#8211; \u00a0 \u00a0 \u00a0 \u00a0110 Ft<\/li>\n<\/ul>\n","protected":false},"excerpt":{"rendered":"<ul>\n<li>12&#8243; vinyl bels\u0151 sleeve<\/li>\n<li>90g pap\u00edr, v\u00e1gott sarkokkal<\/li>\n<li>Antisztatikus bels\u0151 f\u00f3li\u00e1val<\/li>\n<li>Meghosszabb\u00edtott h\u00e1ts\u00f3 f\u00fcl a k\u00f6nnyebb nyit\u00e1s\u00e9rt<\/li>\n<\/ul>\n","protected":false},"featured_media":417,"comment_status":"closed","ping_status":"closed","template":"","meta":{"_uag_custom_page_level_css":"","site-sidebar-layout":"default","site-content-layout":"","ast-site-content-layout":"default","site-content-style":"default","site-sidebar-style":"default","ast-global-header-display":"","ast-banner-title-visibility":"","ast-main-header-display":"","ast-hfb-above-header-display":"","ast-hfb-below-header-display":"","ast-hfb-mobile-header-display":"","site-post-title":"","ast-breadcrumbs-content":"","ast-featured-img":"","footer-sml-layout":"","ast-disable-related-posts":"","theme-transparent-header-meta":"default","adv-header-id-meta":"","stick-header-meta":"","header-above-stick-meta":"","header-main-stick-meta":"","header-below-stick-meta":"","astra-migrate-meta-layouts":"set","ast-page-background-enabled":"default","ast-page-background-meta":{"desktop":{"background-color":"var(--ast-global-color-4)","background-image":"","background-repeat":"repeat","background-position":"center center","background-size":"auto","background-attachment":"scroll","background-type":"","background-media":"","overlay-type":"","overlay-color":"","overlay-opacity":"","overlay-gradient":""},"tablet":{"background-color":"","background-image":"","background-repeat":"repeat","background-position":"center center","background-size":"auto","background-attachment":"scroll","background-type":"","background-media":"","overlay-type":"","overlay-color":"","overlay-opacity":"","overlay-gradient":""},"mobile":{"background-color":"","background-image":"","background-repeat":"repeat","background-position":"center center","background-size":"auto","background-attachment":"scroll","background-type":"","background-media":"","overlay-type":"","overlay-color":"","overlay-opacity":"","overlay-gradient":""}},"ast-content-background-meta":{"desktop":{"background-color":"var(--ast-global-color-5)","background-image":"","background-repeat":"repeat","background-position":"center center","background-size":"auto","background-attachment":"scroll","background-type":"","background-media":"","overlay-type":"","overlay-color":"","overlay-opacity":"","overlay-gradient":""},"tablet":{"background-color":"var(--ast-global-color-5)","background-image":"","background-repeat":"repeat","background-position":"center center","background-size":"auto","background-attachment":"scroll","background-type":"","background-media":"","overlay-type":"","overlay-color":"","overlay-opacity":"","overlay-gradient":""},"mobile":{"background-color":"var(--ast-global-color-5)","background-image":"","background-repeat":"repeat","background-position":"center center","background-size":"auto","background-attachment":"scroll","background-type":"","background-media":"","overlay-type":"","overlay-color":"","overlay-opacity":"","overlay-gradient":""}}},"product_brand":[],"product_cat":[17],"product_tag":[],"class_list":{"0":"post-357","1":"product","2":"type-product","3":"status-publish","4":"has-post-thumbnail","6":"product_cat-boritok-belsok-es-nyomdai-anyagok","7":"desktop-align-left","8":"tablet-align-left","9":"mobile-align-left","11":"first","12":"instock","13":"taxable","14":"shipping-taxable","15":"purchasable","16":"product-type-simple"},"supplier_id":null,"supplier_sku":"","barcode":null,"atum_controlled":true,"out_stock_date":null,"out_stock_threshold":null,"inheritable":false,"inbound_stock":0,"stock_on_hold":0,"sold_today":0,"sales_last_days":0,"reserved_stock":0,"customer_returns":0,"warehouse_damage":0,"lost_in_post":0,"other_logs":0,"out_stock_days":0,"lost_sales":0,"has_location":false,"update_date":"2026-05-10T04:50:44","atum_locations":[],"atum_stock_status":"instock","restock_status":false,"low_stock_amount":"","sales_update_date":"2026-05-10T04:50:44","calc_backorders":null,"uagb_featured_image_src":{"full":["https:\/\/shop.hanaton.hu\/wp-content\/uploads\/sleeve-white.png",2317,2317,false],"thumbnail":["https:\/\/shop.hanaton.hu\/wp-content\/uploads\/sleeve-white-150x150.png",150,150,true],"medium":["https:\/\/shop.hanaton.hu\/wp-content\/uploads\/sleeve-white-300x300.png",300,300,true],"medium_large":["https:\/\/shop.hanaton.hu\/wp-content\/uploads\/sleeve-white-768x768.png",768,768,true],"large":["https:\/\/shop.hanaton.hu\/wp-content\/uploads\/sleeve-white-1024x1024.png",1024,1024,true],"1536x1536":["https:\/\/shop.hanaton.hu\/wp-content\/uploads\/sleeve-white-1536x1536.png",1536,1536,true],"2048x2048":["https:\/\/shop.hanaton.hu\/wp-content\/uploads\/sleeve-white-2048x2048.png",2048,2048,true],"woocommerce_thumbnail":["https:\/\/shop.hanaton.hu\/wp-content\/uploads\/sleeve-white-300x300.png",300,300,true],"woocommerce_single":["https:\/\/shop.hanaton.hu\/wp-content\/uploads\/sleeve-white-600x600.png",600,600,true],"woocommerce_gallery_thumbnail":["https:\/\/shop.hanaton.hu\/wp-content\/uploads\/sleeve-white-100x100.png",100,100,true]},"uagb_author_info":{"display_name":"admin","author_link":"https:\/\/shop.hanaton.hu\/?author=0"},"uagb_comment_info":0,"uagb_excerpt":"12\" vinyl bels\u0151 sleeve 90g pap\u00edr, v\u00e1gott sarkokkal Antisztatikus bels\u0151 f\u00f3li\u00e1val Meghosszabb\u00edtott h\u00e1ts\u00f3 f\u00fcl a k\u00f6nnyebb nyit\u00e1s\u00e9rt","_links":{"self":[{"href":"https:\/\/shop.hanaton.hu\/index.php?rest_route=\/wp\/v2\/product\/357","targetHints":{"allow":["GET"]}}],"collection":[{"href":"https:\/\/shop.hanaton.hu\/index.php?rest_route=\/wp\/v2\/product"}],"about":[{"href":"https:\/\/shop.hanaton.hu\/index.php?rest_route=\/wp\/v2\/types\/product"}],"replies":[{"embeddable":true,"href":"https:\/\/shop.hanaton.hu\/index.php?rest_route=%2Fwp%2Fv2%2Fcomments&post=357"}],"wp:featuredmedia":[{"embeddable":true,"href":"https:\/\/shop.hanaton.hu\/index.php?rest_route=\/wp\/v2\/media\/417"}],"wp:attachment":[{"href":"https:\/\/shop.hanaton.hu\/index.php?rest_route=%2Fwp%2Fv2%2Fmedia&parent=357"}],"wp:term":[{"taxonomy":"product_brand","embeddable":true,"href":"https:\/\/shop.hanaton.hu\/index.php?rest_route=%2Fwp%2Fv2%2Fproduct_brand&post=357"},{"taxonomy":"product_cat","embeddable":true,"href":"https:\/\/shop.hanaton.hu\/index.php?rest_route=%2Fwp%2Fv2%2Fproduct_cat&post=357"},{"taxonomy":"product_tag","embeddable":true,"href":"https:\/\/shop.hanaton.hu\/index.php?rest_route=%2Fwp%2Fv2%2Fproduct_tag&post=357"}],"curies":[{"name":"wp","href":"https:\/\/api.w.org\/{rel}","templated":true}]}}