{"id":266,"date":"2023-09-08T17:28:28","date_gmt":"2023-09-08T15:28:28","guid":{"rendered":"https:\/\/shop.hanaton.hu\/?post_type=product&#038;p=266"},"modified":"2025-12-15T22:18:03","modified_gmt":"2025-12-15T21:18:03","slug":"audio-technica-oc9xsh-hangszedo","status":"publish","type":"product","link":"https:\/\/shop.hanaton.hu\/?product=audio-technica-oc9xsh-hangszedo","title":{"rendered":"Audio-Technica OC9XSH hangszed\u0151"},"content":{"rendered":"<h3>The next Generation of the legendary OC9 cartridge series<\/h3>\n<p>Since its introduction more than 30 years ago, Audio-Technica\u2019s pioneering moving coil OC9 cartridge series has been prized by demanding vinyl listeners and professional critics alike for its musical transparency, expression of sound and precise construction. Shibata profile diamond originally design for Quadraphonic replay offers a depth of sound, combined with high frequency response that has to be heard to be believed.<\/p>\n<ul>\n<li>Features nude Shibata stylus and boron cantilever with rich low frequency reproduction and high transient response<\/li>\n<li>A neodymium magnet and permendur yoke provides dramatically increased magnetic energy<\/li>\n<li>Threaded inserts in the cartridge body enable the cartridge to be mounted on to the headshell or integral tonearm with just two screws \u2013 no nuts required<\/li>\n<li>Aluminium body minimizes unwanted vibration for reduced resonance and a superior audio reproduction<\/li>\n<li>Pure Copper by Ohno Continuous Casting process (PCOCC) is used for the coils to achieve pure signal transfer<\/li>\n<\/ul>\n<h3>Shibata Stylus<\/h3>\n<p>Provides a beautiful mid-high range Shibata-signature sound and strong mid-range volume.<\/p>\n<h3>Easy mounting<\/h3>\n<p>Threaded holes in the cartridge body enable the cartridge to be mounted on to the headshell, or integral tonearm, with just two screws M2.6 \u2013 no nuts or bolts required.<\/p>\n<h3>Aluminium Body<\/h3>\n<p>Aluminum body minimizes unwanted vibration for reduced resonance and superior audio reproduction<\/p>\n<h3>Made in Japan<\/h3>\n<p>Produced in the Audio-Technica Fukui factory in Japan under strict quality control for precise manufacturing.<\/p>\n<table id=\"product-attribute-specs-table\" class=\"c-table c-table--spec js-expandable-table__table\">\n<tbody>\n<tr class=\"\">\n<th class=\"o-specifications-group-title \" colspan=\"2\" scope=\"row\">Cartridge &amp; Stylus<\/th>\n<\/tr>\n<tr class=\"\">\n<th scope=\"row\">Frekvencia \u00e1tvitel<\/th>\n<td>20 &#8211; 47,000 Hz<\/td>\n<\/tr>\n<tr class=\"\">\n<th scope=\"row\">Csatorna szepar\u00e1ci\u00f3<\/th>\n<td>27 dB (1 kHz)<\/td>\n<\/tr>\n<tr class=\"\">\n<th scope=\"row\">Vertik\u00e1lis k\u00f6vet\u00e9si sz\u00f6g<\/th>\n<td>20 degrees<\/td>\n<\/tr>\n<tr class=\"\">\n<th scope=\"row\">Vertical Tracking Force<\/th>\n<td>1.8 to 2.2 g (standard 2.0 g)<\/td>\n<\/tr>\n<tr class=\"\">\n<th scope=\"row\">T\u0171 konstrukci\u00f3<\/th>\n<td>Nude square shank<\/td>\n<\/tr>\n<tr class=\"\">\n<th scope=\"row\">Aj\u00e1nlott terhel\u0151 impedancia<\/th>\n<td>Min 100 Ohms<\/td>\n<\/tr>\n<tr class=\"\">\n<th scope=\"row\">Tekercs impedancia<\/th>\n<td>12 Ohms (1 kHz)<\/td>\n<\/tr>\n<tr class=\"\">\n<th scope=\"row\">DC ellen\u00e1ll\u00e1s<\/th>\n<td>12 Ohms<\/td>\n<\/tr>\n<tr class=\"\">\n<th scope=\"row\">Tekercs induktancia<\/th>\n<td>25 \u03bcH (1 kHz)<\/td>\n<\/tr>\n<tr class=\"\">\n<th scope=\"row\">Kimeneti fesz\u00fclts\u00e9g<\/th>\n<td>0.4 mV (at 1 kHz, 5 cm\/sec)<\/td>\n<\/tr>\n<tr class=\"\">\n<th scope=\"row\">Kimeneti csatorna egyens\u00faly<\/th>\n<td>1.0 dB (1 kHz)<\/td>\n<\/tr>\n<tr class=\"\">\n<th scope=\"row\">T\u0171forma<\/th>\n<td>Shibata<\/td>\n<\/tr>\n<tr class=\"\">\n<th scope=\"row\">T\u0171sz\u00e1r<\/th>\n<td>0.28 mm \u00d8 nude boron<\/td>\n<\/tr>\n<tr class=\"\">\n<th scope=\"row\">Statikus enged\u00e9kenys\u00e9g<\/th>\n<td>20 x 10 \u2013 6 cm \/ dyne<\/td>\n<\/tr>\n<tr class=\"\">\n<th scope=\"row\">Dinamikus enged\u00e9kenys\u00e9g<\/th>\n<td>16 x 10 \u2013 6 cm \/ dyne (100 Hz)<\/td>\n<\/tr>\n<tr class=\"\">\n<th scope=\"row\">Felfogat\u00e1s<\/th>\n<td>1\/2\u201d centers \/ Threaded inserts<\/td>\n<\/tr>\n<tr class=\"\">\n<th scope=\"row\">Hangszed\u0151 t\u00f6meg<\/th>\n<td>7.6 g<\/td>\n<\/tr>\n<tr class=\"\">\n<th scope=\"row\">M\u00e9retek<\/th>\n<td>17.3 (H) x 16.8 (W) x 25.7 (L) mm<\/td>\n<\/tr>\n<tr class=\"\">\n<th scope=\"row\">Mell\u00e9kelt tartoz\u00e9kok<\/th>\n<td>1 non magnetic screw driver<br \/>\n1 brush<br \/>\n2 washers<br \/>\n4 pairs of mounting screws: 5mm, 8mm, 10mm, 12mm<br \/>\n1 plastic protector<\/td>\n<\/tr>\n<tr class=\"\">\n<th scope=\"row\">Anyaga<\/th>\n<td>Aluminium<\/td>\n<\/tr>\n<tr class=\"\">\n<th scope=\"row\">Modell<\/th>\n<td>AT-OC9XSH<\/td>\n<\/tr>\n<tr class=\"\">\n<th scope=\"row\">T\u0171 m\u00e9ret<\/th>\n<td>2.7 x 0.26 mil<\/td>\n<\/tr>\n<tr class=\"\">\n<th scope=\"row\">Pin-csatlkoz\u00f3<\/th>\n<td>Brass<\/td>\n<\/tr>\n<tr class=\"\">\n<th scope=\"row\">Tekercshuzal<\/th>\n<td>PCOCC (Copper by Ohno Continuous Casting process.)<\/td>\n<\/tr>\n<\/tbody>\n<\/table>\n","protected":false},"excerpt":{"rendered":"<p>Dual moving coil stereo cartridge with Shibata stylus<\/p>\n","protected":false},"featured_media":267,"comment_status":"closed","ping_status":"closed","template":"","meta":{"_uag_custom_page_level_css":"","site-sidebar-layout":"default","site-content-layout":"","ast-site-content-layout":"default","site-content-style":"default","site-sidebar-style":"default","ast-global-header-display":"","ast-banner-title-visibility":"","ast-main-header-display":"","ast-hfb-above-header-display":"","ast-hfb-below-header-display":"","ast-hfb-mobile-header-display":"","site-post-title":"","ast-breadcrumbs-content":"","ast-featured-img":"","footer-sml-layout":"","ast-disable-related-posts":"","theme-transparent-header-meta":"default","adv-header-id-meta":"","stick-header-meta":"","header-above-stick-meta":"","header-main-stick-meta":"","header-below-stick-meta":"","astra-migrate-meta-layouts":"set","ast-page-background-enabled":"default","ast-page-background-meta":{"desktop":{"background-color":"var(--ast-global-color-4)","background-image":"","background-repeat":"repeat","background-position":"center center","background-size":"auto","background-attachment":"scroll","background-type":"","background-media":"","overlay-type":"","overlay-color":"","overlay-opacity":"","overlay-gradient":""},"tablet":{"background-color":"","background-image":"","background-repeat":"repeat","background-position":"center center","background-size":"auto","background-attachment":"scroll","background-type":"","background-media":"","overlay-type":"","overlay-color":"","overlay-opacity":"","overlay-gradient":""},"mobile":{"background-color":"","background-image":"","background-repeat":"repeat","background-position":"center center","background-size":"auto","background-attachment":"scroll","background-type":"","background-media":"","overlay-type":"","overlay-color":"","overlay-opacity":"","overlay-gradient":""}},"ast-content-background-meta":{"desktop":{"background-color":"var(--ast-global-color-5)","background-image":"","background-repeat":"repeat","background-position":"center center","background-size":"auto","background-attachment":"scroll","background-type":"","background-media":"","overlay-type":"","overlay-color":"","overlay-opacity":"","overlay-gradient":""},"tablet":{"background-color":"var(--ast-global-color-5)","background-image":"","background-repeat":"repeat","background-position":"center center","background-size":"auto","background-attachment":"scroll","background-type":"","background-media":"","overlay-type":"","overlay-color":"","overlay-opacity":"","overlay-gradient":""},"mobile":{"background-color":"var(--ast-global-color-5)","background-image":"","background-repeat":"repeat","background-position":"center center","background-size":"auto","background-attachment":"scroll","background-type":"","background-media":"","overlay-type":"","overlay-color":"","overlay-opacity":"","overlay-gradient":""}}},"product_brand":[],"product_cat":[49,54],"product_tag":[23,26],"class_list":{"0":"post-266","1":"product","2":"type-product","3":"status-publish","4":"has-post-thumbnail","6":"product_cat-hangszedo","7":"product_cat-tuk-es-hangszedo","8":"product_tag-audio-technica","9":"product_tag-hangszedo","10":"desktop-align-left","11":"tablet-align-left","12":"mobile-align-left","14":"first","15":"instock","16":"taxable","17":"shipping-taxable","18":"purchasable","19":"product-type-simple"},"supplier_id":null,"supplier_sku":"","barcode":null,"atum_controlled":true,"out_stock_date":null,"out_stock_threshold":null,"inheritable":false,"inbound_stock":0,"stock_on_hold":0,"sold_today":0,"sales_last_days":0,"reserved_stock":0,"customer_returns":0,"warehouse_damage":0,"lost_in_post":0,"other_logs":0,"out_stock_days":0,"lost_sales":0,"has_location":false,"update_date":"2026-05-06T04:43:16","atum_locations":[],"atum_stock_status":"instock","restock_status":false,"low_stock_amount":"","sales_update_date":"2026-05-06T04:43:16","calc_backorders":null,"uagb_featured_image_src":{"full":["https:\/\/shop.hanaton.hu\/wp-content\/uploads\/2023\/09\/at-oc9xsh_01.png",2000,2000,false],"thumbnail":["https:\/\/shop.hanaton.hu\/wp-content\/uploads\/2023\/09\/at-oc9xsh_01-150x150.png",150,150,true],"medium":["https:\/\/shop.hanaton.hu\/wp-content\/uploads\/2023\/09\/at-oc9xsh_01-300x300.png",300,300,true],"medium_large":["https:\/\/shop.hanaton.hu\/wp-content\/uploads\/2023\/09\/at-oc9xsh_01-768x768.png",768,768,true],"large":["https:\/\/shop.hanaton.hu\/wp-content\/uploads\/2023\/09\/at-oc9xsh_01-1024x1024.png",1024,1024,true],"1536x1536":["https:\/\/shop.hanaton.hu\/wp-content\/uploads\/2023\/09\/at-oc9xsh_01-1536x1536.png",1536,1536,true],"2048x2048":["https:\/\/shop.hanaton.hu\/wp-content\/uploads\/2023\/09\/at-oc9xsh_01.png",2000,2000,false],"woocommerce_thumbnail":["https:\/\/shop.hanaton.hu\/wp-content\/uploads\/2023\/09\/at-oc9xsh_01-300x300.png",300,300,true],"woocommerce_single":["https:\/\/shop.hanaton.hu\/wp-content\/uploads\/2023\/09\/at-oc9xsh_01-600x600.png",600,600,true],"woocommerce_gallery_thumbnail":["https:\/\/shop.hanaton.hu\/wp-content\/uploads\/2023\/09\/at-oc9xsh_01-100x100.png",100,100,true]},"uagb_author_info":{"display_name":"admin","author_link":"https:\/\/shop.hanaton.hu\/?author=0"},"uagb_comment_info":1,"uagb_excerpt":"Dual moving coil stereo cartridge with Shibata stylus","_links":{"self":[{"href":"https:\/\/shop.hanaton.hu\/index.php?rest_route=\/wp\/v2\/product\/266","targetHints":{"allow":["GET"]}}],"collection":[{"href":"https:\/\/shop.hanaton.hu\/index.php?rest_route=\/wp\/v2\/product"}],"about":[{"href":"https:\/\/shop.hanaton.hu\/index.php?rest_route=\/wp\/v2\/types\/product"}],"replies":[{"embeddable":true,"href":"https:\/\/shop.hanaton.hu\/index.php?rest_route=%2Fwp%2Fv2%2Fcomments&post=266"}],"wp:featuredmedia":[{"embeddable":true,"href":"https:\/\/shop.hanaton.hu\/index.php?rest_route=\/wp\/v2\/media\/267"}],"wp:attachment":[{"href":"https:\/\/shop.hanaton.hu\/index.php?rest_route=%2Fwp%2Fv2%2Fmedia&parent=266"}],"wp:term":[{"taxonomy":"product_brand","embeddable":true,"href":"https:\/\/shop.hanaton.hu\/index.php?rest_route=%2Fwp%2Fv2%2Fproduct_brand&post=266"},{"taxonomy":"product_cat","embeddable":true,"href":"https:\/\/shop.hanaton.hu\/index.php?rest_route=%2Fwp%2Fv2%2Fproduct_cat&post=266"},{"taxonomy":"product_tag","embeddable":true,"href":"https:\/\/shop.hanaton.hu\/index.php?rest_route=%2Fwp%2Fv2%2Fproduct_tag&post=266"}],"curies":[{"name":"wp","href":"https:\/\/api.w.org\/{rel}","templated":true}]}}