{"id":1411,"date":"2026-02-25T11:40:03","date_gmt":"2026-02-25T10:40:03","guid":{"rendered":"https:\/\/shop.hanaton.hu\/?post_type=product&#038;p=1411"},"modified":"2026-02-25T11:40:12","modified_gmt":"2026-02-25T10:40:12","slug":"audio-technica-at-lp7x-lemezjatszo","status":"publish","type":"product","link":"https:\/\/shop.hanaton.hu\/?product=audio-technica-at-lp7x-lemezjatszo","title":{"rendered":"Audio-Technica AT-LP7X lemezj\u00e1tsz\u00f3"},"content":{"rendered":"<ul>\n<li>Teljesen k\u00e9zi, sz\u00edjhajt\u00e1s\u00fa m\u0171k\u00f6d\u00e9s k\u00e9t sebess\u00e9ggel: 33-1\/3 \u00e9s 45 RPM<\/li>\n<li>A neh\u00e9z, 40 mm-es MDF (k\u00f6zepes s\u0171r\u0171s\u00e9g\u0171 farostlemez) v\u00e1z konstrukci\u00f3 cs\u00f6kkenti a rezonanci\u00e1t \u00e9s a rezg\u00e9st, \u00edgy tiszt\u00e1bb hangot biztos\u00edt<\/li>\n<li>A motor sebess\u00e9g\u00e9rz\u00e9kel\u0151 rendszerrel rendelkezik, amely biztos\u00edtja a lemez pontos forg\u00e1si sebess\u00e9g\u00e9t<\/li>\n<li>A 20 mm vastag, nagy s\u0171r\u0171s\u00e9g\u0171 akril lemezt\u00e1ny\u00e9r nagy forg\u00e1si tehetetlens\u00e9ggel rendelkezik, \u00edgy a lemezeket \u00e1lland\u00f3 sebess\u00e9ggel forgatja (nincs sz\u00fcks\u00e9g lemezal\u00e1t\u00e9tre)<\/li>\n<li>J-alak\u00fa hangkar \u00e1ll\u00edthat\u00f3 VTA-val (f\u00fcgg\u0151leges k\u00f6vet\u00e9si sz\u00f6g)<\/li>\n<li>AT-VM95E BK (fekete) hangszed\u0151 (0.3 x 0.7 mil elliptikus t\u0171) el\u0151re felszerelve a k\u00f6nny\u0171, elt\u00e1vol\u00edthat\u00f3 AT-LT10 fejszerelv\u00e9nyre<\/li>\n<li>Az AT-VM95 hangszed\u0151 kompatibilis a legt\u00f6bb VM95 sorozat\u00fa cseret\u0171vel, \u00edgy minden k\u00f6lts\u00e9gvet\u00e9shez \u00e9s alkalmaz\u00e1shoz sz\u00e9les v\u00e1laszt\u00e9kot k\u00edn\u00e1l<\/li>\n<li>A mell\u00e9kelt 16 g-os ellens\u00faly a fej\/fejszerelv\u00e9ny s\u00faly\u00e1nak tartom\u00e1ny\u00e1t 14.0\u201323.5 g-ra b\u0151v\u00edti<\/li>\n<li>K\u00fcl\u00f6n megv\u00e1s\u00e1rolhat\u00f3 egy nagyobb, 32 g-os ellens\u00faly, amely lehet\u0151v\u00e9 teszi a 28.5 g-ig terjed\u0151 hangszed\u0151\/headshell kombin\u00e1ci\u00f3k haszn\u00e1lat\u00e1t<\/li>\n<li>\u00c1ll\u00edthat\u00f3 anti-skate vez\u00e9rl\u00e9s, amely ellens\u00falyozza a t\u0171 lej\u00e1tsz\u00e1s k\u00f6zbeni befel\u00e9 ir\u00e1nyul\u00f3 er\u0151t<\/li>\n<li>Be\u00e9p\u00edtett, kapcsolhat\u00f3 phono el\u0151er\u0151s\u00edt\u0151, v\u00e1laszthat\u00f3 \u00fczemm\u00f3dokkal MM (mozg\u00f3 m\u00e1gneses) vagy MC (mozg\u00f3 tekercses) hangszed\u0151kh\u00f6z<\/li>\n<li>Kett\u0151s RCA (papa) \u2013 RCA (papa) sztere\u00f3 k\u00e1bel f\u00f6ldel\u00e9ssel, 45 RPM adapter \u00e9s levehet\u0151 porv\u00e9d\u0151 burkolat tartozik hozz\u00e1<\/li>\n<\/ul>\n<table class=\"product__attributes product__table active\">\n<tbody>\n<tr class=\"attributes__group-title\">\n<th class=\"attributes__group-title--text\" colspan=\"2\" scope=\"rowgroup\">Lemezj\u00e1tsz\u00f3<\/th>\n<\/tr>\n<tr class=\"attributes__tr\">\n<th class=\"attributes__th\" scope=\"row\">Motor<\/th>\n<td class=\"attributes__td\" data-th=\"Motor\">DC szervomotor<\/td>\n<\/tr>\n<tr class=\"attributes__tr\">\n<th class=\"attributes__th\" scope=\"row\">Meghajt\u00e1s<\/th>\n<td class=\"attributes__td\" data-th=\"Meghajt\u00e1s\">\u00d6vhajt\u00e1s<\/td>\n<\/tr>\n<tr class=\"attributes__tr\">\n<th class=\"attributes__th\" scope=\"row\">Sebess\u00e9gek<\/th>\n<td class=\"attributes__td\" data-th=\"Sebess\u00e9gek\">33-1\/3 RPM, 45 RPM<\/td>\n<\/tr>\n<tr class=\"attributes__tr\">\n<th class=\"attributes__th\" scope=\"row\">Lemezt\u00e1ny\u00e9r<\/th>\n<td class=\"attributes__td\" data-th=\"Lemezt\u00e1ny\u00e9r\">20 mm (0,79&#8243;) vastag akril t\u00e1ny\u00e9r<\/td>\n<\/tr>\n<tr class=\"attributes__tr\">\n<th class=\"attributes__th\" scope=\"row\">Ny\u00e1vog\u00e1s<\/th>\n<td class=\"attributes__td\" data-th=\"Ny\u00e1vog\u00e1s\">&lt; 0,1% (WTD) 3 kHz-en (JIS)<\/td>\n<\/tr>\n<tr class=\"attributes__tr\">\n<th class=\"attributes__th\" scope=\"row\">Jel\/Zaj viszony<\/th>\n<td class=\"attributes__td\" data-th=\"Jel\/Zaj viszony\">&gt; 60 dB<\/td>\n<\/tr>\n<tr class=\"attributes__tr\">\n<th class=\"attributes__th\" scope=\"row\">Kimeneti szintek<\/th>\n<td class=\"attributes__td\" data-th=\"Kimeneti szintek\">PHONO: 4,0 mV n\u00e9vleges 1 kHz-en, 5 cm\/sec<br \/>\nLINE: 252 mV n\u00e9vleges 1 kHz-en, 5 cm\/sec<\/td>\n<\/tr>\n<tr class=\"attributes__tr\">\n<th class=\"attributes__th\" scope=\"row\">Phono fokozat er\u0151s\u00edt\u00e9se<\/th>\n<td class=\"attributes__td\" data-th=\"Phono fokozat er\u0151s\u00edt\u00e9se\">MM: 36 dB n\u00e9vleges, RIAA kiegyenl\u00edt\u00e9ssel<br \/>\nMC: 56 dB n\u00e9vleges, RIAA kiegyenl\u00edt\u00e9ssel<\/td>\n<\/tr>\n<tr class=\"attributes__tr\">\n<th class=\"attributes__th\" scope=\"row\">Teljes\u00edtm\u00e9nyfelv\u00e9tel<\/th>\n<td class=\"attributes__td\" data-th=\"Teljes\u00edtm\u00e9nyfelv\u00e9tel\">5,5 W<\/td>\n<\/tr>\n<tr class=\"attributes__tr\">\n<th class=\"attributes__th\" scope=\"row\">M\u00e9retek<\/th>\n<td class=\"attributes__td\" data-th=\"M\u00e9retek\">450 mm (18\u201d) \u00d7 352 mm (14\u201d) \u00d7 157 mm (6,2\u201d) (Sz\u00d7M\u00d7Ma)<\/td>\n<\/tr>\n<tr class=\"attributes__tr\">\n<th class=\"attributes__th\" scope=\"row\">T\u00f6meg<\/th>\n<td class=\"attributes__td\" data-th=\"T\u00f6meg\">Kb. 7,6 kg (17 lbs)<\/td>\n<\/tr>\n<tr class=\"attributes__tr\">\n<th class=\"attributes__th\" scope=\"row\">\u00dczemi h\u0151m\u00e9rs\u00e9klet<\/th>\n<td class=\"attributes__td\" data-th=\"\u00dczemi h\u0151m\u00e9rs\u00e9klet\">5 \u00b0C \u00e9s 35 \u00b0C (41 \u00b0F \u00e9s 95 \u00b0F) k\u00f6z\u00f6tt<\/td>\n<\/tr>\n<tr class=\"attributes__tr\">\n<th class=\"attributes__th\" scope=\"row\">Mell\u00e9kelt tartoz\u00e9kok<\/th>\n<td class=\"attributes__td\" data-th=\"Mell\u00e9kelt tartoz\u00e9kok\">\u30fbPorv\u00e9d\u0151<br \/>\n\u30fbT\u00e1ny\u00e9r<br \/>\n\u30fbHajt\u00f3sz\u00edj<br \/>\n\u30fbEllens\u00faly<br \/>\n\u30fbEllens\u00faly (k\u00f6nny\u0171)<br \/>\n\u30fbFejr\u00e9sz (AT-LT10) VM sztere\u00f3 hangszed\u0151vel (AT-VM95E BK)<br \/>\n\u30fb45 RPM adapter<br \/>\n\u30fbRCA audio k\u00e1bel (kb. 1,4 m)<br \/>\n\u30fbAC adapter (kb. 1,3 m)<br \/>\n\u30fbKeszty\u0171<\/td>\n<\/tr>\n<tr class=\"attributes__tr\">\n<th class=\"attributes__th\" scope=\"row\">Sold Separately<\/th>\n<td class=\"attributes__td\" data-th=\"Sold Separately\">Ellens\u00faly (neh\u00e9z)<\/td>\n<\/tr>\n<tr class=\"attributes__tr\">\n<th class=\"attributes__th\" scope=\"row\">Csere t\u0171<\/th>\n<td class=\"attributes__td\" data-th=\"Csere t\u0171\">AT-VMN95E BK<\/td>\n<\/tr>\n<tr class=\"attributes__tr\">\n<th class=\"attributes__th\" scope=\"row\">Replacement Headshell<\/th>\n<td class=\"attributes__td\" data-th=\"Replacement Headshell\">AT-LT10<\/td>\n<\/tr>\n<tr class=\"attributes__tr\">\n<th class=\"attributes__th\" scope=\"row\">Csere sz\u00edj<\/th>\n<td class=\"attributes__td\" data-th=\"Csere sz\u00edj \">AT-LP7X exkluz\u00edv sz\u00edj (k\u00fcl\u00f6n k\u00fcl\u00f6n)<\/td>\n<\/tr>\n<tr class=\"attributes__tr\">\n<th class=\"attributes__th\" scope=\"row\">Notes<\/th>\n<td class=\"attributes__td\" data-th=\"Notes\">A term\u00e9k fejleszt\u00e9se \u00e9rdek\u00e9ben a term\u00e9k el\u0151zetes \u00e9rtes\u00edt\u00e9s n\u00e9lk\u00fcl m\u00f3dosulhat.<\/td>\n<\/tr>\n<\/tbody>\n<\/table>\n<table class=\"product__attributes\">\n<tbody>\n<tr class=\"attributes__group-title\">\n<th class=\"attributes__group-title--text\" colspan=\"2\" scope=\"rowgroup\">Tonearm<\/th>\n<\/tr>\n<tr class=\"attributes__tr\">\n<th class=\"attributes__th\" scope=\"row\">T\u00edpus<\/th>\n<td class=\"attributes__td\" data-th=\"T\u00edpus\">Statikus, kiegyens\u00falyozott J alak\u00fa tonearm<\/td>\n<\/tr>\n<tr class=\"attributes__tr\">\n<th class=\"attributes__th\" scope=\"row\">Effekt\u00edv hossz<\/th>\n<td class=\"attributes__td\" data-th=\"Effekt\u00edv hossz\">247 mm (9,7\u201d)<\/td>\n<\/tr>\n<tr class=\"attributes__tr\">\n<th class=\"attributes__th\" scope=\"row\">T\u00falny\u00fal\u00e1s<\/th>\n<td class=\"attributes__td\" data-th=\"T\u00falny\u00fal\u00e1s\">15 mm (0,59\u201d)<\/td>\n<\/tr>\n<tr class=\"attributes__tr\">\n<th class=\"attributes__th\" scope=\"row\">Maxim\u00e1lis k\u00f6vet\u00e9si sz\u00f6g hiba<\/th>\n<td class=\"attributes__td\" data-th=\"Maxim\u00e1lis k\u00f6vet\u00e9si sz\u00f6g hiba\">&lt; 2,0\u00b0<\/td>\n<\/tr>\n<tr class=\"attributes__tr\">\n<th class=\"attributes__th\" scope=\"row\">K\u00f6vet\u00e9si er\u0151 be\u00e1ll\u00edt\u00e1si tartom\u00e1ny<\/th>\n<td class=\"attributes__td\" data-th=\"K\u00f6vet\u00e9si er\u0151 be\u00e1ll\u00edt\u00e1si tartom\u00e1ny\">0,0 &#8211; 4,0 g<\/td>\n<\/tr>\n<tr class=\"attributes__tr\">\n<th class=\"attributes__th\" scope=\"row\">Felszerelhet\u0151 hangszed\u0151 t\u00f6mege<\/th>\n<td class=\"attributes__td\" data-th=\"Felszerelhet\u0151 hangszed\u0151 t\u00f6mege\">14,0\u201319,5 g (ellennyom\u00e1s n\u00e9lk\u00fcl)<br \/>\n17,5\u201323,5 g (ellennyom\u00f3val (k\u00f6nny\u0171)) 22,0\u201328,5 g<br \/>\n(ellennyom\u00f3val (neh\u00e9z) Az ellennyom\u00e1s (neh\u00e9z) k\u00fcl\u00f6n kaphat\u00f3. )<\/td>\n<\/tr>\n<\/tbody>\n<\/table>\n<table class=\"product__attributes\">\n<tbody>\n<tr class=\"attributes__group-title\">\n<th class=\"attributes__group-title--text\" colspan=\"2\" scope=\"rowgroup\">Cartridge<\/th>\n<\/tr>\n<tr class=\"attributes__tr\">\n<th class=\"attributes__th\" scope=\"row\">Modell<\/th>\n<td class=\"attributes__td\" data-th=\"Modell\">AT-VM95E BK<\/td>\n<\/tr>\n<tr class=\"attributes__tr\">\n<th class=\"attributes__th\" scope=\"row\">T\u00edpus<\/th>\n<td class=\"attributes__td\" data-th=\"T\u00edpus\">VM<\/td>\n<\/tr>\n<tr class=\"attributes__tr\">\n<th class=\"attributes__th\" scope=\"row\">Aj\u00e1nlott terhel\u0151 impedancia<\/th>\n<td class=\"attributes__td\" data-th=\"Aj\u00e1nlott terhel\u0151 impedancia\">47 000 ohm<\/td>\n<\/tr>\n<tr class=\"attributes__tr\">\n<th class=\"attributes__th\" scope=\"row\">Kimeneti fesz\u00fclts\u00e9g<\/th>\n<td class=\"attributes__td\" data-th=\"Kimeneti fesz\u00fclts\u00e9g\">4,0 mV (1 kHz, 5 cm\/sec)<\/td>\n<\/tr>\n<tr class=\"attributes__tr\">\n<th class=\"attributes__th\" scope=\"row\">T\u0171forma<\/th>\n<td class=\"attributes__td\" data-th=\"T\u0171forma\">0,3 \u00d7 0,7 mil ragasztott elliptikus t\u0171<\/td>\n<\/tr>\n<tr class=\"attributes__tr\">\n<th class=\"attributes__th\" scope=\"row\">T\u0171sz\u00e1r<\/th>\n<td class=\"attributes__td\" data-th=\"T\u0171sz\u00e1r\">Alum\u00ednium cs\u0151<\/td>\n<\/tr>\n<tr class=\"attributes__tr\">\n<th class=\"attributes__th\" scope=\"row\">Nyom\u00f3er\u0151-tartom\u00e1ny<\/th>\n<td class=\"attributes__td\" data-th=\"Nyom\u00f3er\u0151-tartom\u00e1ny\">1,8\u20132,2 g (standard 2,0 g)<\/td>\n<\/tr>\n<tr class=\"attributes__tr\">\n<th class=\"attributes__th\" scope=\"row\">T\u00f6meg<\/th>\n<td class=\"attributes__td\" data-th=\"T\u00f6meg\">6,1 g (0,22 oz)<\/td>\n<\/tr>\n<\/tbody>\n<\/table>\n<table class=\"product__attributes\">\n<tbody>\n<tr class=\"attributes__group-title\">\n<th class=\"attributes__group-title--text\" colspan=\"2\" scope=\"rowgroup\">AC Adapter<\/th>\n<\/tr>\n<tr class=\"attributes__tr\">\n<th class=\"attributes__th\" scope=\"row\">Rated Input Voltage<\/th>\n<td class=\"attributes__td\" data-th=\"Rated Input Voltage\">100 to 240 V AC<\/td>\n<\/tr>\n<tr class=\"attributes__tr\">\n<th class=\"attributes__th\" scope=\"row\">Rated input current<\/th>\n<td class=\"attributes__td\" data-th=\"Rated input current\">Max. 0,6 A<\/td>\n<\/tr>\n<tr class=\"attributes__tr\">\n<th class=\"attributes__th\" scope=\"row\">Rated frequency<\/th>\n<td class=\"attributes__td\" data-th=\"Rated frequency\">50 Hz \/ 60 Hz<\/td>\n<\/tr>\n<tr class=\"attributes__tr\">\n<th class=\"attributes__th\" scope=\"row\">Rated output voltage<\/th>\n<td class=\"attributes__td\" data-th=\"Rated output voltage\">12 V DC<\/td>\n<\/tr>\n<tr class=\"attributes__tr\">\n<th class=\"attributes__th\" scope=\"row\">Rated Secondary Current<\/th>\n<td class=\"attributes__td\" data-th=\"Rated Secondary Current\">0,5 A<\/td>\n<\/tr>\n<tr class=\"attributes__tr\">\n<th class=\"attributes__th\" scope=\"row\">Cable length<\/th>\n<td class=\"attributes__td\" data-th=\"Cable length\">Kb. 1,3 m<\/td>\n<\/tr>\n<\/tbody>\n<\/table>\n<table class=\"product__attributes\">\n<tbody>\n<tr class=\"attributes__group-title\">\n<th class=\"attributes__group-title--text\" colspan=\"2\" scope=\"rowgroup\">Fejhallgat\u00f3<\/th>\n<\/tr>\n<tr class=\"attributes__tr\">\n<th class=\"attributes__th\" scope=\"row\">Modell<\/th>\n<td class=\"attributes__td\" data-th=\"Modell\">AT-LT10<\/td>\n<\/tr>\n<tr class=\"attributes__tr\">\n<th class=\"attributes__th\" scope=\"row\">T\u00f6meg<\/th>\n<td class=\"attributes__td\" data-th=\"T\u00f6meg\">Kb. 10,7 g (0,38 oz) (vezet\u00e9kekkel egy\u00fctt)<br \/>\nKb. 10,0 g (0,35 oz) (vezet\u00e9kek n\u00e9lk\u00fcl)<\/td>\n<\/tr>\n<tr class=\"attributes__tr\">\n<th class=\"attributes__th\" scope=\"row\">T\u00falny\u00fal\u00e1s \u00e1ll\u00edt\u00e1s<\/th>\n<td class=\"attributes__td\" data-th=\"T\u00falny\u00fal\u00e1s \u00e1ll\u00edt\u00e1s\">&#8211; 5,5 mm-t\u0151l + 2,5 mm-ig (AT-VM95E haszn\u00e1lata eset\u00e9n)<\/td>\n<\/tr>\n<\/tbody>\n<\/table>\n<div class=\"product__attributes--button\"><\/div>\n","protected":false},"excerpt":{"rendered":"<p>Az AT-LP7X teljesen manu\u00e1lis, sz\u00edjhajt\u00e1s\u00fa lemezj\u00e1tsz\u00f3 \u00f6tv\u00f6zi az anal\u00f3g kiv\u00e1l\u00f3s\u00e1got a st\u00edlussal \u00e9s a sokoldal\u00fas\u00e1ggal. S\u0171r\u0171 MDF v\u00e1zzal \u00e9s akril lemezt\u00e1ny\u00e9rral rendelkezik, hogy minimaliz\u00e1lja a nem k\u00edv\u00e1nt rezonanci\u00e1t \u00e9s rezg\u00e9st. Ez az eleg\u00e1ns, matt fekete lemezj\u00e1tsz\u00f3 olyan tiszta \u00e9s kifinomult hangz\u00e1st biztos\u00edt, mint amilyen a megjelen\u00e9se.<\/p>\n<p>Az LP7X tervez\u00e9sekor k\u00fcl\u00f6n\u00f6s figyelmet ford\u00edtottunk a v\u00e1z geometri\u00e1j\u00e1ra, biztos\u00edtva, hogy a t\u00e1ny\u00e9r, a tengely \u00e9s a kar optim\u00e1lisan legyenek elhelyezve a pontos, torz\u00edt\u00e1smentes k\u00f6vet\u00e9s \u00e9rdek\u00e9ben. A J alak\u00fa alum\u00ednium hangkar, amely a 1960-as \u00e9s 70-es \u00e9vek klasszikus A-T modelljeib\u0151l mer\u00edt ihletet, prec\u00edzi\u00f3s goly\u00f3scsap\u00e1gyakkal ell\u00e1tott kett\u0151s tengelyes kard\u00e1ncsukl\u00f3val rendelkezik, amely tov\u00e1bb jav\u00edtja a k\u00f6vet\u00e9si k\u00e9pess\u00e9geket.<\/p>\n","protected":false},"featured_media":1416,"comment_status":"open","ping_status":"closed","template":"","meta":{"_uag_custom_page_level_css":"","site-sidebar-layout":"default","site-content-layout":"","ast-site-content-layout":"default","site-content-style":"default","site-sidebar-style":"default","ast-global-header-display":"","ast-banner-title-visibility":"","ast-main-header-display":"","ast-hfb-above-header-display":"","ast-hfb-below-header-display":"","ast-hfb-mobile-header-display":"","site-post-title":"","ast-breadcrumbs-content":"","ast-featured-img":"","footer-sml-layout":"","theme-transparent-header-meta":"default","adv-header-id-meta":"","stick-header-meta":"","header-above-stick-meta":"","header-main-stick-meta":"","header-below-stick-meta":"","astra-migrate-meta-layouts":"set","ast-page-background-enabled":"default","ast-page-background-meta":{"desktop":{"background-color":"var(--ast-global-color-4)","background-image":"","background-repeat":"repeat","background-position":"center center","background-size":"auto","background-attachment":"scroll","background-type":"","background-media":"","overlay-type":"","overlay-color":"","overlay-opacity":"","overlay-gradient":""},"tablet":{"background-color":"","background-image":"","background-repeat":"repeat","background-position":"center center","background-size":"auto","background-attachment":"scroll","background-type":"","background-media":"","overlay-type":"","overlay-color":"","overlay-opacity":"","overlay-gradient":""},"mobile":{"background-color":"","background-image":"","background-repeat":"repeat","background-position":"center center","background-size":"auto","background-attachment":"scroll","background-type":"","background-media":"","overlay-type":"","overlay-color":"","overlay-opacity":"","overlay-gradient":""}},"ast-content-background-meta":{"desktop":{"background-color":"var(--ast-global-color-5)","background-image":"","background-repeat":"repeat","background-position":"center center","background-size":"auto","background-attachment":"scroll","background-type":"","background-media":"","overlay-type":"","overlay-color":"","overlay-opacity":"","overlay-gradient":""},"tablet":{"background-color":"var(--ast-global-color-5)","background-image":"","background-repeat":"repeat","background-position":"center center","background-size":"auto","background-attachment":"scroll","background-type":"","background-media":"","overlay-type":"","overlay-color":"","overlay-opacity":"","overlay-gradient":""},"mobile":{"background-color":"var(--ast-global-color-5)","background-image":"","background-repeat":"repeat","background-position":"center center","background-size":"auto","background-attachment":"scroll","background-type":"","background-media":"","overlay-type":"","overlay-color":"","overlay-opacity":"","overlay-gradient":""}}},"product_brand":[],"product_cat":[19],"product_tag":[],"class_list":{"0":"post-1411","1":"product","2":"type-product","3":"status-publish","4":"has-post-thumbnail","6":"product_cat-lemezjatszok","7":"desktop-align-left","8":"tablet-align-left","9":"mobile-align-left","11":"first","12":"instock","13":"taxable","14":"shipping-taxable","15":"purchasable","16":"product-type-simple"},"supplier_id":null,"supplier_sku":"","barcode":null,"atum_controlled":true,"out_stock_date":null,"out_stock_threshold":null,"inheritable":false,"inbound_stock":null,"stock_on_hold":0,"sold_today":0,"sales_last_days":0,"reserved_stock":null,"customer_returns":null,"warehouse_damage":null,"lost_in_post":null,"other_logs":null,"out_stock_days":0,"lost_sales":0,"has_location":false,"update_date":"2026-04-12T01:20:03","atum_locations":[],"atum_stock_status":"instock","restock_status":false,"low_stock_amount":"","sales_update_date":"2026-04-12T01:20:03","calc_backorders":null,"uagb_featured_image_src":{"full":["https:\/\/shop.hanaton.hu\/wp-content\/uploads\/at-lp7x_03.png.webp",2000,2000,false],"thumbnail":["https:\/\/shop.hanaton.hu\/wp-content\/uploads\/at-lp7x_03.png-150x150.webp",150,150,true],"medium":["https:\/\/shop.hanaton.hu\/wp-content\/uploads\/at-lp7x_03.png-300x300.webp",300,300,true],"medium_large":["https:\/\/shop.hanaton.hu\/wp-content\/uploads\/at-lp7x_03.png-768x768.webp",768,768,true],"large":["https:\/\/shop.hanaton.hu\/wp-content\/uploads\/at-lp7x_03.png-1024x1024.webp",1024,1024,true],"1536x1536":["https:\/\/shop.hanaton.hu\/wp-content\/uploads\/at-lp7x_03.png-1536x1536.webp",1536,1536,true],"2048x2048":["https:\/\/shop.hanaton.hu\/wp-content\/uploads\/at-lp7x_03.png.webp",2000,2000,false],"woocommerce_thumbnail":["https:\/\/shop.hanaton.hu\/wp-content\/uploads\/at-lp7x_03.png-300x300.webp",300,300,true],"woocommerce_single":["https:\/\/shop.hanaton.hu\/wp-content\/uploads\/at-lp7x_03.png-600x600.webp",600,600,true],"woocommerce_gallery_thumbnail":["https:\/\/shop.hanaton.hu\/wp-content\/uploads\/at-lp7x_03.png-100x100.webp",100,100,true]},"uagb_author_info":{"display_name":"admin","author_link":"https:\/\/shop.hanaton.hu\/?author=0"},"uagb_comment_info":0,"uagb_excerpt":"Az AT-LP7X teljesen manu\u00e1lis, sz\u00edjhajt\u00e1s\u00fa lemezj\u00e1tsz\u00f3 \u00f6tv\u00f6zi az anal\u00f3g kiv\u00e1l\u00f3s\u00e1got a st\u00edlussal \u00e9s a sokoldal\u00fas\u00e1ggal. S\u0171r\u0171 MDF v\u00e1zzal \u00e9s akril lemezt\u00e1ny\u00e9rral rendelkezik, hogy minimaliz\u00e1lja a nem k\u00edv\u00e1nt rezonanci\u00e1t \u00e9s rezg\u00e9st. Ez az eleg\u00e1ns, matt fekete lemezj\u00e1tsz\u00f3 olyan tiszta \u00e9s kifinomult hangz\u00e1st biztos\u00edt, mint amilyen a megjelen\u00e9se. Az LP7X tervez\u00e9sekor k\u00fcl\u00f6n\u00f6s figyelmet ford\u00edtottunk a v\u00e1z geometri\u00e1j\u00e1ra,&hellip;","_links":{"self":[{"href":"https:\/\/shop.hanaton.hu\/index.php?rest_route=\/wp\/v2\/product\/1411","targetHints":{"allow":["GET"]}}],"collection":[{"href":"https:\/\/shop.hanaton.hu\/index.php?rest_route=\/wp\/v2\/product"}],"about":[{"href":"https:\/\/shop.hanaton.hu\/index.php?rest_route=\/wp\/v2\/types\/product"}],"replies":[{"embeddable":true,"href":"https:\/\/shop.hanaton.hu\/index.php?rest_route=%2Fwp%2Fv2%2Fcomments&post=1411"}],"wp:featuredmedia":[{"embeddable":true,"href":"https:\/\/shop.hanaton.hu\/index.php?rest_route=\/wp\/v2\/media\/1416"}],"wp:attachment":[{"href":"https:\/\/shop.hanaton.hu\/index.php?rest_route=%2Fwp%2Fv2%2Fmedia&parent=1411"}],"wp:term":[{"taxonomy":"product_brand","embeddable":true,"href":"https:\/\/shop.hanaton.hu\/index.php?rest_route=%2Fwp%2Fv2%2Fproduct_brand&post=1411"},{"taxonomy":"product_cat","embeddable":true,"href":"https:\/\/shop.hanaton.hu\/index.php?rest_route=%2Fwp%2Fv2%2Fproduct_cat&post=1411"},{"taxonomy":"product_tag","embeddable":true,"href":"https:\/\/shop.hanaton.hu\/index.php?rest_route=%2Fwp%2Fv2%2Fproduct_tag&post=1411"}],"curies":[{"name":"wp","href":"https:\/\/api.w.org\/{rel}","templated":true}]}}