{"id":1206,"date":"2025-12-13T21:00:47","date_gmt":"2025-12-13T20:00:47","guid":{"rendered":"https:\/\/shop.hanaton.hu\/?product=audio-technica-at-hs4bk-angled-shape-headshell-for-straight-tonearm"},"modified":"2025-12-14T21:48:15","modified_gmt":"2025-12-14T20:48:15","slug":"audio-technica-at-hs4bk-angled-shape-headshell-for-straight-tonearm","status":"publish","type":"product","link":"https:\/\/shop.hanaton.hu\/?product=audio-technica-at-hs4bk-angled-shape-headshell-for-straight-tonearm","title":{"rendered":"Audio Technica AT-HS4BK univerz\u00e1lis headshell"},"content":{"rendered":"","protected":false},"excerpt":{"rendered":"<p class=\"my-2 [&amp;+p]:mt-4 [&amp;_strong:has(+br)]:inline-block [&amp;_strong:has(+br)]:pb-2\"><strong>Az AT-HS4BK<\/strong> egy univerz\u00e1lis, \u00bd&#8221;-os r\u00f6gz\u00edt\u00e9s\u0171 headshell (hangszed\u0151h\u00e1z), amelyet egyenes, 4 t\u0171s hangkarokhoz terveztek. Ultrak\u00f6nny\u0171, 8,5 grammos alum\u00ednium\u00f6ntv\u00e9ny v\u00e1zzal k\u00e9sz\u00fclt, ami minim\u00e1lisra cs\u00f6kkenti a rezg\u00e9seket, tov\u00e1bb\u00e1 ujjemel\u0151 karral van ell\u00e1tva a prec\u00edz t\u0171elhelyez\u00e9s \u00e9rdek\u00e9ben.<\/p>\n<p class=\"my-2 [&amp;+p]:mt-4 [&amp;_strong:has(+br)]:inline-block [&amp;_strong:has(+br)]:pb-2\">A headshell sz\u00ednjel\u00f6lt csatlakoz\u00f3vezet\u00e9kekkel rendelkezik, \u00e9s a szerel\u00e9shez sz\u00fcks\u00e9ges csavarokat is tartalmazza.<br \/>\nEl\u00e9rhet\u0151 fekete (<strong>AT-HS4BK<\/strong>) \u00e9s ez\u00fcst (<strong>AT-HS4SV<\/strong>) kivitelben.<\/p>\n<p class=\"my-2 [&amp;+p]:mt-4 [&amp;_strong:has(+br)]:inline-block [&amp;_strong:has(+br)]:pb-2\"><strong>M\u0171szaki adatok<\/strong><\/p>\n<ul class=\"marker:text-quiet list-disc\">\n<li class=\"py-0 my-0 prose-p:pt-0 prose-p:mb-2 prose-p:my-0 [&amp;&gt;p]:pt-0 [&amp;&gt;p]:mb-2 [&amp;&gt;p]:my-0\">\n<p class=\"my-2 [&amp;+p]:mt-4 [&amp;_strong:has(+br)]:inline-block [&amp;_strong:has(+br)]:pb-2\"><strong>Anyag:<\/strong> alum\u00ednium<\/p>\n<\/li>\n<li class=\"py-0 my-0 prose-p:pt-0 prose-p:mb-2 prose-p:my-0 [&amp;&gt;p]:pt-0 [&amp;&gt;p]:mb-2 [&amp;&gt;p]:my-0\">\n<p class=\"my-2 [&amp;+p]:mt-4 [&amp;_strong:has(+br)]:inline-block [&amp;_strong:has(+br)]:pb-2\"><strong>Csatlakoz\u00f3:<\/strong> alum\u00ednium<\/p>\n<\/li>\n<li class=\"py-0 my-0 prose-p:pt-0 prose-p:mb-2 prose-p:my-0 [&amp;&gt;p]:pt-0 [&amp;&gt;p]:mb-2 [&amp;&gt;p]:my-0\">\n<p class=\"my-2 [&amp;+p]:mt-4 [&amp;_strong:has(+br)]:inline-block [&amp;_strong:has(+br)]:pb-2\"><strong>T\u00f6meg:<\/strong> 8,5 g (0,3 oz), a csatlakoz\u00f3vezet\u00e9kekkel egy\u00fctt<\/p>\n<\/li>\n<li class=\"py-0 my-0 prose-p:pt-0 prose-p:mb-2 prose-p:my-0 [&amp;&gt;p]:pt-0 [&amp;&gt;p]:mb-2 [&amp;&gt;p]:my-0\">\n<p class=\"my-2 [&amp;+p]:mt-4 [&amp;_strong:has(+br)]:inline-block [&amp;_strong:has(+br)]:pb-2\"><strong>M\u00e9retek:<\/strong> 12,5 mm (0,5&#8243;) (magass\u00e1g) \u00d7 20,7 mm (0,8&#8243;) (sz\u00e9less\u00e9g) \u00d7 54,0 mm (2,1&#8243;) (m\u00e9lys\u00e9g)<\/p>\n<\/li>\n<li class=\"py-0 my-0 prose-p:pt-0 prose-p:mb-2 prose-p:my-0 [&amp;&gt;p]:pt-0 [&amp;&gt;p]:mb-2 [&amp;&gt;p]:my-0\">\n<p class=\"my-2 [&amp;+p]:mt-4 [&amp;_strong:has(+br)]:inline-block [&amp;_strong:has(+br)]:pb-2\"><strong>Tartoz\u00e9kok:<\/strong> szerel\u0151csavarok (2 \u00d7 10 mm, 2 \u00d7 8 mm), 2 db anya, 2 db m\u0171anyag al\u00e1t\u00e9t<\/p>\n<\/li>\n<\/ul>\n","protected":false},"featured_media":1255,"comment_status":"open","ping_status":"closed","template":"","meta":{"_uag_custom_page_level_css":"","site-sidebar-layout":"default","site-content-layout":"","ast-site-content-layout":"default","site-content-style":"default","site-sidebar-style":"default","ast-global-header-display":"","ast-banner-title-visibility":"","ast-main-header-display":"","ast-hfb-above-header-display":"","ast-hfb-below-header-display":"","ast-hfb-mobile-header-display":"","site-post-title":"","ast-breadcrumbs-content":"","ast-featured-img":"","footer-sml-layout":"","ast-disable-related-posts":"","theme-transparent-header-meta":"default","adv-header-id-meta":"","stick-header-meta":"","header-above-stick-meta":"","header-main-stick-meta":"","header-below-stick-meta":"","astra-migrate-meta-layouts":"set","ast-page-background-enabled":"default","ast-page-background-meta":{"desktop":{"background-color":"var(--ast-global-color-4)","background-image":"","background-repeat":"repeat","background-position":"center center","background-size":"auto","background-attachment":"scroll","background-type":"","background-media":"","overlay-type":"","overlay-color":"","overlay-opacity":"","overlay-gradient":""},"tablet":{"background-color":"","background-image":"","background-repeat":"repeat","background-position":"center center","background-size":"auto","background-attachment":"scroll","background-type":"","background-media":"","overlay-type":"","overlay-color":"","overlay-opacity":"","overlay-gradient":""},"mobile":{"background-color":"","background-image":"","background-repeat":"repeat","background-position":"center center","background-size":"auto","background-attachment":"scroll","background-type":"","background-media":"","overlay-type":"","overlay-color":"","overlay-opacity":"","overlay-gradient":""}},"ast-content-background-meta":{"desktop":{"background-color":"var(--ast-global-color-5)","background-image":"","background-repeat":"repeat","background-position":"center center","background-size":"auto","background-attachment":"scroll","background-type":"","background-media":"","overlay-type":"","overlay-color":"","overlay-opacity":"","overlay-gradient":""},"tablet":{"background-color":"var(--ast-global-color-5)","background-image":"","background-repeat":"repeat","background-position":"center center","background-size":"auto","background-attachment":"scroll","background-type":"","background-media":"","overlay-type":"","overlay-color":"","overlay-opacity":"","overlay-gradient":""},"mobile":{"background-color":"var(--ast-global-color-5)","background-image":"","background-repeat":"repeat","background-position":"center center","background-size":"auto","background-attachment":"scroll","background-type":"","background-media":"","overlay-type":"","overlay-color":"","overlay-opacity":"","overlay-gradient":""}}},"product_brand":[],"product_cat":[51,54],"product_tag":[],"class_list":{"0":"post-1206","1":"product","2":"type-product","3":"status-publish","4":"has-post-thumbnail","6":"product_cat-headshell","7":"product_cat-tuk-es-hangszedo","8":"desktop-align-left","9":"tablet-align-left","10":"mobile-align-left","12":"first","13":"instock","14":"taxable","15":"shipping-taxable","16":"purchasable","17":"product-type-simple"},"supplier_id":null,"supplier_sku":"","barcode":null,"atum_controlled":true,"out_stock_date":null,"out_stock_threshold":null,"inheritable":false,"inbound_stock":0,"stock_on_hold":0,"sold_today":0,"sales_last_days":0,"reserved_stock":0,"customer_returns":0,"warehouse_damage":0,"lost_in_post":0,"other_logs":0,"out_stock_days":0,"lost_sales":0,"has_location":false,"update_date":"2026-04-29T04:22:31","atum_locations":[],"atum_stock_status":"instock","restock_status":false,"low_stock_amount":"","sales_update_date":"2026-04-29T04:22:31","calc_backorders":null,"uagb_featured_image_src":{"full":["https:\/\/shop.hanaton.hu\/wp-content\/uploads\/at-hs4_01.png-2.webp",2000,2000,false],"thumbnail":["https:\/\/shop.hanaton.hu\/wp-content\/uploads\/at-hs4_01.png-2-150x150.webp",150,150,true],"medium":["https:\/\/shop.hanaton.hu\/wp-content\/uploads\/at-hs4_01.png-2-300x300.webp",300,300,true],"medium_large":["https:\/\/shop.hanaton.hu\/wp-content\/uploads\/at-hs4_01.png-2-768x768.webp",768,768,true],"large":["https:\/\/shop.hanaton.hu\/wp-content\/uploads\/at-hs4_01.png-2-1024x1024.webp",1024,1024,true],"1536x1536":["https:\/\/shop.hanaton.hu\/wp-content\/uploads\/at-hs4_01.png-2-1536x1536.webp",1536,1536,true],"2048x2048":["https:\/\/shop.hanaton.hu\/wp-content\/uploads\/at-hs4_01.png-2.webp",2000,2000,false],"woocommerce_thumbnail":["https:\/\/shop.hanaton.hu\/wp-content\/uploads\/at-hs4_01.png-2-300x300.webp",300,300,true],"woocommerce_single":["https:\/\/shop.hanaton.hu\/wp-content\/uploads\/at-hs4_01.png-2-600x600.webp",600,600,true],"woocommerce_gallery_thumbnail":["https:\/\/shop.hanaton.hu\/wp-content\/uploads\/at-hs4_01.png-2-100x100.webp",100,100,true]},"uagb_author_info":{"display_name":"admin","author_link":"https:\/\/shop.hanaton.hu\/?author=0"},"uagb_comment_info":0,"uagb_excerpt":"Az AT-HS4BK egy univerz\u00e1lis, \u00bd\"-os r\u00f6gz\u00edt\u00e9s\u0171 headshell (hangszed\u0151h\u00e1z), amelyet egyenes, 4 t\u0171s hangkarokhoz terveztek. Ultrak\u00f6nny\u0171, 8,5 grammos alum\u00ednium\u00f6ntv\u00e9ny v\u00e1zzal k\u00e9sz\u00fclt, ami minim\u00e1lisra cs\u00f6kkenti a rezg\u00e9seket, tov\u00e1bb\u00e1 ujjemel\u0151 karral van ell\u00e1tva a prec\u00edz t\u0171elhelyez\u00e9s \u00e9rdek\u00e9ben. A headshell sz\u00ednjel\u00f6lt csatlakoz\u00f3vezet\u00e9kekkel rendelkezik, \u00e9s a szerel\u00e9shez sz\u00fcks\u00e9ges csavarokat is tartalmazza. El\u00e9rhet\u0151 fekete (AT-HS4BK) \u00e9s ez\u00fcst (AT-HS4SV) kivitelben. M\u0171szaki adatok&hellip;","_links":{"self":[{"href":"https:\/\/shop.hanaton.hu\/index.php?rest_route=\/wp\/v2\/product\/1206","targetHints":{"allow":["GET"]}}],"collection":[{"href":"https:\/\/shop.hanaton.hu\/index.php?rest_route=\/wp\/v2\/product"}],"about":[{"href":"https:\/\/shop.hanaton.hu\/index.php?rest_route=\/wp\/v2\/types\/product"}],"replies":[{"embeddable":true,"href":"https:\/\/shop.hanaton.hu\/index.php?rest_route=%2Fwp%2Fv2%2Fcomments&post=1206"}],"wp:featuredmedia":[{"embeddable":true,"href":"https:\/\/shop.hanaton.hu\/index.php?rest_route=\/wp\/v2\/media\/1255"}],"wp:attachment":[{"href":"https:\/\/shop.hanaton.hu\/index.php?rest_route=%2Fwp%2Fv2%2Fmedia&parent=1206"}],"wp:term":[{"taxonomy":"product_brand","embeddable":true,"href":"https:\/\/shop.hanaton.hu\/index.php?rest_route=%2Fwp%2Fv2%2Fproduct_brand&post=1206"},{"taxonomy":"product_cat","embeddable":true,"href":"https:\/\/shop.hanaton.hu\/index.php?rest_route=%2Fwp%2Fv2%2Fproduct_cat&post=1206"},{"taxonomy":"product_tag","embeddable":true,"href":"https:\/\/shop.hanaton.hu\/index.php?rest_route=%2Fwp%2Fv2%2Fproduct_tag&post=1206"}],"curies":[{"name":"wp","href":"https:\/\/api.w.org\/{rel}","templated":true}]}}