{"id":1205,"date":"2025-12-13T21:00:47","date_gmt":"2025-12-13T20:00:47","guid":{"rendered":"https:\/\/shop.hanaton.hu\/?product=audio-technica-at-hs3bk-headshell"},"modified":"2025-12-14T21:48:15","modified_gmt":"2025-12-14T20:48:15","slug":"audio-technica-at-hs3bk-headshell","status":"publish","type":"product","link":"https:\/\/shop.hanaton.hu\/?product=audio-technica-at-hs3bk-headshell","title":{"rendered":"Audio Technica AT-HS3BK Alum\u00ednium \u00f6ntv\u00e9ny Headshell, az AT-LP3-hoz tervezve"},"content":{"rendered":"","protected":false},"excerpt":{"rendered":"<p>A szerelhet\u0151 univerz\u00e1lis\u00a0AT-HS3 fejtart\u00f3 lehet\u0151v\u00e9 teszi a m\u00e9g jobb hang \u00e9rdek\u00e9ben a hangszed\u0151 cser\u00e9j\u00e9t. \u00c9l\u00e9nkpiros sz\u00ednben kaphat\u00f3, 1\/2&#8243;-es felfogat\u00e1s\u00fa hangszed\u0151kh\u00f6z \u00e9s 4-\u00a0\u00e9rintkez\u0151s lemezj\u00e1tsz\u00f3 karokhoz.<\/p>\n<ul>\n<li>Ferde kialak\u00edt\u00e1s az AT-LP3 egyenes hangkarnak megfelel\u0151en<\/li>\n<li>K\u00f6nny\u0171 alum\u00ednium fejtart\u00f3 1\/2&#8243;-es felfogat\u00e1s\u00fa hangszed\u0151kh\u00f6z \u00e9s 4- \u00e9rintkez\u0151s lemezj\u00e1tsz\u00f3 karokhoz.<\/li>\n<li>A t\u0171 prec\u00edz elhelyez\u00e9s\u00e9t emel\u0151ny\u00falv\u00e1ny teszi lehet\u0151v\u00e9<\/li>\n<li>\u00c9l\u00e9nkpiros fejtart\u00f3 design<\/li>\n<li>Tartalmazza a vezet\u00e9keket \u00e9s r\u00f6gz\u00edt\u0151csavarokat<\/li>\n<\/ul>\n","protected":false},"featured_media":1253,"comment_status":"open","ping_status":"closed","template":"","meta":{"_uag_custom_page_level_css":"","site-sidebar-layout":"default","site-content-layout":"","ast-site-content-layout":"default","site-content-style":"default","site-sidebar-style":"default","ast-global-header-display":"","ast-banner-title-visibility":"","ast-main-header-display":"","ast-hfb-above-header-display":"","ast-hfb-below-header-display":"","ast-hfb-mobile-header-display":"","site-post-title":"","ast-breadcrumbs-content":"","ast-featured-img":"","footer-sml-layout":"","ast-disable-related-posts":"","theme-transparent-header-meta":"default","adv-header-id-meta":"","stick-header-meta":"","header-above-stick-meta":"","header-main-stick-meta":"","header-below-stick-meta":"","astra-migrate-meta-layouts":"set","ast-page-background-enabled":"default","ast-page-background-meta":{"desktop":{"background-color":"var(--ast-global-color-4)","background-image":"","background-repeat":"repeat","background-position":"center center","background-size":"auto","background-attachment":"scroll","background-type":"","background-media":"","overlay-type":"","overlay-color":"","overlay-opacity":"","overlay-gradient":""},"tablet":{"background-color":"","background-image":"","background-repeat":"repeat","background-position":"center center","background-size":"auto","background-attachment":"scroll","background-type":"","background-media":"","overlay-type":"","overlay-color":"","overlay-opacity":"","overlay-gradient":""},"mobile":{"background-color":"","background-image":"","background-repeat":"repeat","background-position":"center center","background-size":"auto","background-attachment":"scroll","background-type":"","background-media":"","overlay-type":"","overlay-color":"","overlay-opacity":"","overlay-gradient":""}},"ast-content-background-meta":{"desktop":{"background-color":"var(--ast-global-color-5)","background-image":"","background-repeat":"repeat","background-position":"center center","background-size":"auto","background-attachment":"scroll","background-type":"","background-media":"","overlay-type":"","overlay-color":"","overlay-opacity":"","overlay-gradient":""},"tablet":{"background-color":"var(--ast-global-color-5)","background-image":"","background-repeat":"repeat","background-position":"center center","background-size":"auto","background-attachment":"scroll","background-type":"","background-media":"","overlay-type":"","overlay-color":"","overlay-opacity":"","overlay-gradient":""},"mobile":{"background-color":"var(--ast-global-color-5)","background-image":"","background-repeat":"repeat","background-position":"center center","background-size":"auto","background-attachment":"scroll","background-type":"","background-media":"","overlay-type":"","overlay-color":"","overlay-opacity":"","overlay-gradient":""}}},"product_brand":[],"product_cat":[51,54],"product_tag":[],"class_list":{"0":"post-1205","1":"product","2":"type-product","3":"status-publish","4":"has-post-thumbnail","6":"product_cat-headshell","7":"product_cat-tuk-es-hangszedo","8":"desktop-align-left","9":"tablet-align-left","10":"mobile-align-left","12":"first","13":"instock","14":"taxable","15":"shipping-taxable","16":"purchasable","17":"product-type-simple"},"supplier_id":null,"supplier_sku":"","barcode":null,"atum_controlled":true,"out_stock_date":null,"out_stock_threshold":null,"inheritable":false,"inbound_stock":0,"stock_on_hold":0,"sold_today":0,"sales_last_days":0,"reserved_stock":0,"customer_returns":0,"warehouse_damage":0,"lost_in_post":0,"other_logs":0,"out_stock_days":0,"lost_sales":0,"has_location":false,"update_date":"2026-04-29T04:22:31","atum_locations":[],"atum_stock_status":"instock","restock_status":false,"low_stock_amount":"","sales_update_date":"2026-04-29T04:22:31","calc_backorders":null,"uagb_featured_image_src":{"full":["https:\/\/shop.hanaton.hu\/wp-content\/uploads\/at-hs3_bk_01.png",2000,2000,false],"thumbnail":["https:\/\/shop.hanaton.hu\/wp-content\/uploads\/at-hs3_bk_01-150x150.png",150,150,true],"medium":["https:\/\/shop.hanaton.hu\/wp-content\/uploads\/at-hs3_bk_01-300x300.png",300,300,true],"medium_large":["https:\/\/shop.hanaton.hu\/wp-content\/uploads\/at-hs3_bk_01-768x768.png",768,768,true],"large":["https:\/\/shop.hanaton.hu\/wp-content\/uploads\/at-hs3_bk_01-1024x1024.png",1024,1024,true],"1536x1536":["https:\/\/shop.hanaton.hu\/wp-content\/uploads\/at-hs3_bk_01-1536x1536.png",1536,1536,true],"2048x2048":["https:\/\/shop.hanaton.hu\/wp-content\/uploads\/at-hs3_bk_01.png",2000,2000,false],"woocommerce_thumbnail":["https:\/\/shop.hanaton.hu\/wp-content\/uploads\/at-hs3_bk_01-300x300.png",300,300,true],"woocommerce_single":["https:\/\/shop.hanaton.hu\/wp-content\/uploads\/at-hs3_bk_01-600x600.png",600,600,true],"woocommerce_gallery_thumbnail":["https:\/\/shop.hanaton.hu\/wp-content\/uploads\/at-hs3_bk_01-100x100.png",100,100,true]},"uagb_author_info":{"display_name":"admin","author_link":"https:\/\/shop.hanaton.hu\/?author=0"},"uagb_comment_info":0,"uagb_excerpt":"A szerelhet\u0151 univerz\u00e1lis\u00a0AT-HS3 fejtart\u00f3 lehet\u0151v\u00e9 teszi a m\u00e9g jobb hang \u00e9rdek\u00e9ben a hangszed\u0151 cser\u00e9j\u00e9t. \u00c9l\u00e9nkpiros sz\u00ednben kaphat\u00f3, 1\/2\"-es felfogat\u00e1s\u00fa hangszed\u0151kh\u00f6z \u00e9s 4-\u00a0\u00e9rintkez\u0151s lemezj\u00e1tsz\u00f3 karokhoz. Ferde kialak\u00edt\u00e1s az AT-LP3 egyenes hangkarnak megfelel\u0151en K\u00f6nny\u0171 alum\u00ednium fejtart\u00f3 1\/2\"-es felfogat\u00e1s\u00fa hangszed\u0151kh\u00f6z \u00e9s 4- \u00e9rintkez\u0151s lemezj\u00e1tsz\u00f3 karokhoz. A t\u0171 prec\u00edz elhelyez\u00e9s\u00e9t emel\u0151ny\u00falv\u00e1ny teszi lehet\u0151v\u00e9 \u00c9l\u00e9nkpiros fejtart\u00f3 design Tartalmazza a vezet\u00e9keket&hellip;","_links":{"self":[{"href":"https:\/\/shop.hanaton.hu\/index.php?rest_route=\/wp\/v2\/product\/1205","targetHints":{"allow":["GET"]}}],"collection":[{"href":"https:\/\/shop.hanaton.hu\/index.php?rest_route=\/wp\/v2\/product"}],"about":[{"href":"https:\/\/shop.hanaton.hu\/index.php?rest_route=\/wp\/v2\/types\/product"}],"replies":[{"embeddable":true,"href":"https:\/\/shop.hanaton.hu\/index.php?rest_route=%2Fwp%2Fv2%2Fcomments&post=1205"}],"wp:featuredmedia":[{"embeddable":true,"href":"https:\/\/shop.hanaton.hu\/index.php?rest_route=\/wp\/v2\/media\/1253"}],"wp:attachment":[{"href":"https:\/\/shop.hanaton.hu\/index.php?rest_route=%2Fwp%2Fv2%2Fmedia&parent=1205"}],"wp:term":[{"taxonomy":"product_brand","embeddable":true,"href":"https:\/\/shop.hanaton.hu\/index.php?rest_route=%2Fwp%2Fv2%2Fproduct_brand&post=1205"},{"taxonomy":"product_cat","embeddable":true,"href":"https:\/\/shop.hanaton.hu\/index.php?rest_route=%2Fwp%2Fv2%2Fproduct_cat&post=1205"},{"taxonomy":"product_tag","embeddable":true,"href":"https:\/\/shop.hanaton.hu\/index.php?rest_route=%2Fwp%2Fv2%2Fproduct_tag&post=1205"}],"curies":[{"name":"wp","href":"https:\/\/api.w.org\/{rel}","templated":true}]}}