{"id":1189,"date":"2025-12-13T21:00:42","date_gmt":"2025-12-13T20:00:42","guid":{"rendered":"https:\/\/shop.hanaton.hu\/?product=audio-technica-at-lh11h-headshell-11g"},"modified":"2025-12-14T21:48:16","modified_gmt":"2025-12-14T20:48:16","slug":"audio-technica-at-lh11h-headshell-11g","status":"publish","type":"product","link":"https:\/\/shop.hanaton.hu\/?product=audio-technica-at-lh11h-headshell-11g","title":{"rendered":"Audio Technica AT-LH11H univerz\u00e1lis headshell"},"content":{"rendered":"","protected":false},"excerpt":{"rendered":"<p class=\"my-2 [&amp;+p]:mt-4 [&amp;_strong:has(+br)]:inline-block [&amp;_strong:has(+br)]:pb-2\"><strong>Az AT-LH11H<\/strong> egy univerz\u00e1lis, \u00bd&#8221;-os r\u00f6gz\u00edt\u00e9s\u0171 alum\u00ednium headshell (hangszed\u0151h\u00e1z), amely mind\u00f6ssze 11 gramm t\u00f6meg\u0171 \u2013 ez a legk\u00f6nnyebb modell az LH sorozatban. Alacsony t\u00f6meg\u00e9nek k\u00f6sz\u00f6nhet\u0151en a t\u00f6bbi modelln\u00e9l sz\u00e9lesebb k\u00f6rben kompatibilis k\u00fcl\u00f6nf\u00e9le hangszed\u0151kkel, lemezj\u00e1tsz\u00f3kkal \u00e9s hangkarokkal.<\/p>\n<p class=\"my-2 [&amp;+p]:mt-4 [&amp;_strong:has(+br)]:inline-block [&amp;_strong:has(+br)]:pb-2\">Az \u00e1tf\u00fart, menetes r\u00f6gz\u00edt\u00e9st nem tartalmaz\u00f3 furatok r\u00e9v\u00e9n az <strong>AT-LH11H<\/strong> ide\u00e1lis a menetes r\u00f6gz\u00edt\u00e9s\u0171 hangszed\u0151k (p\u00e9ld\u00e1ul <strong>AT-OC9X<\/strong>, <strong>AT-ART9X<\/strong> \u00e9s <strong>VM95<\/strong> sorozat) felszerel\u00e9s\u00e9hez. Az LH-sorozat minden modellj\u00e9hez hasonl\u00f3an kem\u00e9nyanodiz\u00e1lt fel\u00fcletkezel\u00e9st kapott, amely cs\u00f6kkenti a nem k\u00edv\u00e1nt rezg\u00e9seket, tov\u00e1bb\u00e1 <strong>OFC<\/strong> (oxig\u00e9nmentes r\u00e9z) csatlakoz\u00f3vezet\u00e9kekkel van ell\u00e1tva. Emellett \u00e1ll\u00edthat\u00f3 r\u00f6gz\u00edt\u0151hengerrel (cilinderrel) rendelkezik, amely lehet\u0151v\u00e9 teszi a pontos azimut- \u00e9s t\u00falny\u00fal\u00e1s-be\u00e1ll\u00edt\u00e1st.<\/p>\n<p class=\"my-2 [&amp;+p]:mt-4 [&amp;_strong:has(+br)]:inline-block [&amp;_strong:has(+br)]:pb-2\">A csomag tartalmazza a hangszed\u0151 r\u00f6gz\u00edt\u00e9s\u00e9hez sz\u00fcks\u00e9ges szerel\u0151csavarokat, m\u0171anyag al\u00e1t\u00e9teket \u00e9s egy hatsz\u00f6gkulcsot.<\/p>\n<p class=\"my-2 [&amp;+p]:mt-4 [&amp;_strong:has(+br)]:inline-block [&amp;_strong:has(+br)]:pb-2\">A headshell tov\u00e1bb\u00e1 <strong>13 grammos (AT-LH13H)<\/strong>, <strong>15 grammos (AT-LH15H)<\/strong> \u00e9s <strong>18 grammos (AT-LH18H)<\/strong> kivitelben is el\u00e9rhet\u0151, \u00edgy k\u00f6nnyen kiv\u00e1laszthat\u00f3 az adott hangszed\u0151- \u00e9s hangkarkombin\u00e1ci\u00f3hoz legmegfelel\u0151bb v\u00e1ltozat.<\/p>\n","protected":false},"featured_media":1281,"comment_status":"open","ping_status":"closed","template":"","meta":{"_uag_custom_page_level_css":"","site-sidebar-layout":"default","site-content-layout":"","ast-site-content-layout":"default","site-content-style":"default","site-sidebar-style":"default","ast-global-header-display":"","ast-banner-title-visibility":"","ast-main-header-display":"","ast-hfb-above-header-display":"","ast-hfb-below-header-display":"","ast-hfb-mobile-header-display":"","site-post-title":"","ast-breadcrumbs-content":"","ast-featured-img":"","footer-sml-layout":"","ast-disable-related-posts":"","theme-transparent-header-meta":"default","adv-header-id-meta":"","stick-header-meta":"","header-above-stick-meta":"","header-main-stick-meta":"","header-below-stick-meta":"","astra-migrate-meta-layouts":"set","ast-page-background-enabled":"default","ast-page-background-meta":{"desktop":{"background-color":"var(--ast-global-color-4)","background-image":"","background-repeat":"repeat","background-position":"center center","background-size":"auto","background-attachment":"scroll","background-type":"","background-media":"","overlay-type":"","overlay-color":"","overlay-opacity":"","overlay-gradient":""},"tablet":{"background-color":"","background-image":"","background-repeat":"repeat","background-position":"center center","background-size":"auto","background-attachment":"scroll","background-type":"","background-media":"","overlay-type":"","overlay-color":"","overlay-opacity":"","overlay-gradient":""},"mobile":{"background-color":"","background-image":"","background-repeat":"repeat","background-position":"center center","background-size":"auto","background-attachment":"scroll","background-type":"","background-media":"","overlay-type":"","overlay-color":"","overlay-opacity":"","overlay-gradient":""}},"ast-content-background-meta":{"desktop":{"background-color":"var(--ast-global-color-5)","background-image":"","background-repeat":"repeat","background-position":"center center","background-size":"auto","background-attachment":"scroll","background-type":"","background-media":"","overlay-type":"","overlay-color":"","overlay-opacity":"","overlay-gradient":""},"tablet":{"background-color":"var(--ast-global-color-5)","background-image":"","background-repeat":"repeat","background-position":"center center","background-size":"auto","background-attachment":"scroll","background-type":"","background-media":"","overlay-type":"","overlay-color":"","overlay-opacity":"","overlay-gradient":""},"mobile":{"background-color":"var(--ast-global-color-5)","background-image":"","background-repeat":"repeat","background-position":"center center","background-size":"auto","background-attachment":"scroll","background-type":"","background-media":"","overlay-type":"","overlay-color":"","overlay-opacity":"","overlay-gradient":""}}},"product_brand":[],"product_cat":[51,54],"product_tag":[],"class_list":{"0":"post-1189","1":"product","2":"type-product","3":"status-publish","4":"has-post-thumbnail","6":"product_cat-headshell","7":"product_cat-tuk-es-hangszedo","8":"desktop-align-left","9":"tablet-align-left","10":"mobile-align-left","12":"first","13":"instock","14":"taxable","15":"shipping-taxable","16":"purchasable","17":"product-type-simple"},"supplier_id":null,"supplier_sku":"","barcode":null,"atum_controlled":true,"out_stock_date":null,"out_stock_threshold":null,"inheritable":false,"inbound_stock":0,"stock_on_hold":0,"sold_today":0,"sales_last_days":0,"reserved_stock":0,"customer_returns":0,"warehouse_damage":0,"lost_in_post":0,"other_logs":0,"out_stock_days":0,"lost_sales":0,"has_location":false,"update_date":"2026-04-29T04:22:30","atum_locations":[],"atum_stock_status":"instock","restock_status":false,"low_stock_amount":"","sales_update_date":"2026-04-29T04:22:30","calc_backorders":null,"uagb_featured_image_src":{"full":["https:\/\/shop.hanaton.hu\/wp-content\/uploads\/at-lh11h_01.png.webp",2000,2000,false],"thumbnail":["https:\/\/shop.hanaton.hu\/wp-content\/uploads\/at-lh11h_01.png-150x150.webp",150,150,true],"medium":["https:\/\/shop.hanaton.hu\/wp-content\/uploads\/at-lh11h_01.png-300x300.webp",300,300,true],"medium_large":["https:\/\/shop.hanaton.hu\/wp-content\/uploads\/at-lh11h_01.png-768x768.webp",768,768,true],"large":["https:\/\/shop.hanaton.hu\/wp-content\/uploads\/at-lh11h_01.png-1024x1024.webp",1024,1024,true],"1536x1536":["https:\/\/shop.hanaton.hu\/wp-content\/uploads\/at-lh11h_01.png-1536x1536.webp",1536,1536,true],"2048x2048":["https:\/\/shop.hanaton.hu\/wp-content\/uploads\/at-lh11h_01.png.webp",2000,2000,false],"woocommerce_thumbnail":["https:\/\/shop.hanaton.hu\/wp-content\/uploads\/at-lh11h_01.png-300x300.webp",300,300,true],"woocommerce_single":["https:\/\/shop.hanaton.hu\/wp-content\/uploads\/at-lh11h_01.png-600x600.webp",600,600,true],"woocommerce_gallery_thumbnail":["https:\/\/shop.hanaton.hu\/wp-content\/uploads\/at-lh11h_01.png-100x100.webp",100,100,true]},"uagb_author_info":{"display_name":"admin","author_link":"https:\/\/shop.hanaton.hu\/?author=0"},"uagb_comment_info":0,"uagb_excerpt":"Az AT-LH11H egy univerz\u00e1lis, \u00bd\"-os r\u00f6gz\u00edt\u00e9s\u0171 alum\u00ednium headshell (hangszed\u0151h\u00e1z), amely mind\u00f6ssze 11 gramm t\u00f6meg\u0171 \u2013 ez a legk\u00f6nnyebb modell az LH sorozatban. Alacsony t\u00f6meg\u00e9nek k\u00f6sz\u00f6nhet\u0151en a t\u00f6bbi modelln\u00e9l sz\u00e9lesebb k\u00f6rben kompatibilis k\u00fcl\u00f6nf\u00e9le hangszed\u0151kkel, lemezj\u00e1tsz\u00f3kkal \u00e9s hangkarokkal. Az \u00e1tf\u00fart, menetes r\u00f6gz\u00edt\u00e9st nem tartalmaz\u00f3 furatok r\u00e9v\u00e9n az AT-LH11H ide\u00e1lis a menetes r\u00f6gz\u00edt\u00e9s\u0171 hangszed\u0151k (p\u00e9ld\u00e1ul AT-OC9X, AT-ART9X \u00e9s&hellip;","_links":{"self":[{"href":"https:\/\/shop.hanaton.hu\/index.php?rest_route=\/wp\/v2\/product\/1189","targetHints":{"allow":["GET"]}}],"collection":[{"href":"https:\/\/shop.hanaton.hu\/index.php?rest_route=\/wp\/v2\/product"}],"about":[{"href":"https:\/\/shop.hanaton.hu\/index.php?rest_route=\/wp\/v2\/types\/product"}],"replies":[{"embeddable":true,"href":"https:\/\/shop.hanaton.hu\/index.php?rest_route=%2Fwp%2Fv2%2Fcomments&post=1189"}],"wp:featuredmedia":[{"embeddable":true,"href":"https:\/\/shop.hanaton.hu\/index.php?rest_route=\/wp\/v2\/media\/1281"}],"wp:attachment":[{"href":"https:\/\/shop.hanaton.hu\/index.php?rest_route=%2Fwp%2Fv2%2Fmedia&parent=1189"}],"wp:term":[{"taxonomy":"product_brand","embeddable":true,"href":"https:\/\/shop.hanaton.hu\/index.php?rest_route=%2Fwp%2Fv2%2Fproduct_brand&post=1189"},{"taxonomy":"product_cat","embeddable":true,"href":"https:\/\/shop.hanaton.hu\/index.php?rest_route=%2Fwp%2Fv2%2Fproduct_cat&post=1189"},{"taxonomy":"product_tag","embeddable":true,"href":"https:\/\/shop.hanaton.hu\/index.php?rest_route=%2Fwp%2Fv2%2Fproduct_tag&post=1189"}],"curies":[{"name":"wp","href":"https:\/\/api.w.org\/{rel}","templated":true}]}}