{"id":1174,"date":"2025-12-13T21:00:39","date_gmt":"2025-12-13T20:00:39","guid":{"rendered":"https:\/\/shop.hanaton.hu\/?product=audio-technica-atn95ex-replacement-stylus-for-at95ex-packaged"},"modified":"2025-12-14T21:48:18","modified_gmt":"2025-12-14T20:48:18","slug":"audio-technica-atn95ex-replacement-stylus-for-at95ex-packaged","status":"publish","type":"product","link":"https:\/\/shop.hanaton.hu\/?product=audio-technica-atn95ex-replacement-stylus-for-at95ex-packaged","title":{"rendered":"Audio Technica ATN95EX Cseret\u0171 AT95EX hangszed\u0151h\u00f6z"},"content":{"rendered":"","protected":false},"excerpt":{"rendered":"<p class=\"my-2 [&amp;+p]:mt-4 [&amp;_strong:has(+br)]:inline-block [&amp;_strong:has(+br)]:pb-2\"><strong>0,3 \u00d7 0,7 mil gy\u00e9m\u00e1nt elliptikus csere t\u0171 kerek nyakkal<\/strong> az <strong>AT95EX<\/strong> hangszed\u0151h\u00f6z.<\/p>\n<p class=\"my-2 [&amp;+p]:mt-4 [&amp;_strong:has(+br)]:inline-block [&amp;_strong:has(+br)]:pb-2\">Ez a csere t\u0171 <strong>gy\u00e9m\u00e1nt elliptikus profil\u00fa<\/strong> cs\u00faccsal \u00e9s <strong>k\u00f6t\u00f6tt kerek nyakkal<\/strong> k\u00e9sz\u00fclt. A <strong>0,3 \u00d7 0,7 mil<\/strong>m\u00e9ret prec\u00edz bar\u00e1zdak\u00f6vet\u00e9st \u00e9s kiv\u00e1l\u00f3 hangmin\u0151s\u00e9get biztos\u00edt. Az <strong>AT95EX<\/strong> hangszed\u0151h\u00f6z kifejezetten tervezett, egyszer\u0171en felcser\u00e9lhet\u0151 alkatr\u00e9sz.<\/p>\n<p class=\"my-2 [&amp;+p]:mt-4 [&amp;_strong:has(+br)]:inline-block [&amp;_strong:has(+br)]:pb-2\">A csere t\u0171 haszn\u00e1lata aj\u00e1nlott, amikor az eredeti t\u0171 kopott, s\u00e9r\u00fclt vagy m\u00e1r nem ny\u00fajt optim\u00e1lis hangz\u00e1st. Rendszeres csere sz\u00fcks\u00e9ges a lemezek \u00e9s a hallgat\u00e1si \u00e9lm\u00e9ny meg\u0151rz\u00e9s\u00e9hez.<\/p>\n","protected":false},"featured_media":1310,"comment_status":"open","ping_status":"closed","template":"","meta":{"_uag_custom_page_level_css":"","site-sidebar-layout":"default","site-content-layout":"","ast-site-content-layout":"default","site-content-style":"default","site-sidebar-style":"default","ast-global-header-display":"","ast-banner-title-visibility":"","ast-main-header-display":"","ast-hfb-above-header-display":"","ast-hfb-below-header-display":"","ast-hfb-mobile-header-display":"","site-post-title":"","ast-breadcrumbs-content":"","ast-featured-img":"","footer-sml-layout":"","ast-disable-related-posts":"","theme-transparent-header-meta":"default","adv-header-id-meta":"","stick-header-meta":"","header-above-stick-meta":"","header-main-stick-meta":"","header-below-stick-meta":"","astra-migrate-meta-layouts":"set","ast-page-background-enabled":"default","ast-page-background-meta":{"desktop":{"background-color":"var(--ast-global-color-4)","background-image":"","background-repeat":"repeat","background-position":"center center","background-size":"auto","background-attachment":"scroll","background-type":"","background-media":"","overlay-type":"","overlay-color":"","overlay-opacity":"","overlay-gradient":""},"tablet":{"background-color":"","background-image":"","background-repeat":"repeat","background-position":"center center","background-size":"auto","background-attachment":"scroll","background-type":"","background-media":"","overlay-type":"","overlay-color":"","overlay-opacity":"","overlay-gradient":""},"mobile":{"background-color":"","background-image":"","background-repeat":"repeat","background-position":"center center","background-size":"auto","background-attachment":"scroll","background-type":"","background-media":"","overlay-type":"","overlay-color":"","overlay-opacity":"","overlay-gradient":""}},"ast-content-background-meta":{"desktop":{"background-color":"var(--ast-global-color-5)","background-image":"","background-repeat":"repeat","background-position":"center center","background-size":"auto","background-attachment":"scroll","background-type":"","background-media":"","overlay-type":"","overlay-color":"","overlay-opacity":"","overlay-gradient":""},"tablet":{"background-color":"var(--ast-global-color-5)","background-image":"","background-repeat":"repeat","background-position":"center center","background-size":"auto","background-attachment":"scroll","background-type":"","background-media":"","overlay-type":"","overlay-color":"","overlay-opacity":"","overlay-gradient":""},"mobile":{"background-color":"var(--ast-global-color-5)","background-image":"","background-repeat":"repeat","background-position":"center center","background-size":"auto","background-attachment":"scroll","background-type":"","background-media":"","overlay-type":"","overlay-color":"","overlay-opacity":"","overlay-gradient":""}}},"product_brand":[],"product_cat":[50,54],"product_tag":[],"class_list":{"0":"post-1174","1":"product","2":"type-product","3":"status-publish","4":"has-post-thumbnail","6":"product_cat-tu-hangszedobe","7":"product_cat-tuk-es-hangszedo","8":"desktop-align-left","9":"tablet-align-left","10":"mobile-align-left","12":"first","13":"instock","14":"taxable","15":"shipping-taxable","16":"purchasable","17":"product-type-simple"},"supplier_id":null,"supplier_sku":"","barcode":null,"atum_controlled":true,"out_stock_date":null,"out_stock_threshold":null,"inheritable":false,"inbound_stock":0,"stock_on_hold":0,"sold_today":0,"sales_last_days":0,"reserved_stock":0,"customer_returns":0,"warehouse_damage":0,"lost_in_post":0,"other_logs":0,"out_stock_days":0,"lost_sales":0,"has_location":false,"update_date":"2026-04-30T04:23:34","atum_locations":[],"atum_stock_status":"instock","restock_status":false,"low_stock_amount":"","sales_update_date":"2026-04-30T04:23:34","calc_backorders":null,"uagb_featured_image_src":{"full":["https:\/\/shop.hanaton.hu\/wp-content\/uploads\/atn95ex_01.png",2000,2000,false],"thumbnail":["https:\/\/shop.hanaton.hu\/wp-content\/uploads\/atn95ex_01-150x150.png",150,150,true],"medium":["https:\/\/shop.hanaton.hu\/wp-content\/uploads\/atn95ex_01-300x300.png",300,300,true],"medium_large":["https:\/\/shop.hanaton.hu\/wp-content\/uploads\/atn95ex_01-768x768.png",768,768,true],"large":["https:\/\/shop.hanaton.hu\/wp-content\/uploads\/atn95ex_01-1024x1024.png",1024,1024,true],"1536x1536":["https:\/\/shop.hanaton.hu\/wp-content\/uploads\/atn95ex_01-1536x1536.png",1536,1536,true],"2048x2048":["https:\/\/shop.hanaton.hu\/wp-content\/uploads\/atn95ex_01.png",2000,2000,false],"woocommerce_thumbnail":["https:\/\/shop.hanaton.hu\/wp-content\/uploads\/atn95ex_01-300x300.png",300,300,true],"woocommerce_single":["https:\/\/shop.hanaton.hu\/wp-content\/uploads\/atn95ex_01-600x600.png",600,600,true],"woocommerce_gallery_thumbnail":["https:\/\/shop.hanaton.hu\/wp-content\/uploads\/atn95ex_01-100x100.png",100,100,true]},"uagb_author_info":{"display_name":"admin","author_link":"https:\/\/shop.hanaton.hu\/?author=0"},"uagb_comment_info":0,"uagb_excerpt":"0,3 \u00d7 0,7 mil gy\u00e9m\u00e1nt elliptikus csere t\u0171 kerek nyakkal az AT95EX hangszed\u0151h\u00f6z. Ez a csere t\u0171 gy\u00e9m\u00e1nt elliptikus profil\u00fa cs\u00faccsal \u00e9s k\u00f6t\u00f6tt kerek nyakkal k\u00e9sz\u00fclt. A 0,3 \u00d7 0,7 milm\u00e9ret prec\u00edz bar\u00e1zdak\u00f6vet\u00e9st \u00e9s kiv\u00e1l\u00f3 hangmin\u0151s\u00e9get biztos\u00edt. Az AT95EX hangszed\u0151h\u00f6z kifejezetten tervezett, egyszer\u0171en felcser\u00e9lhet\u0151 alkatr\u00e9sz. A csere t\u0171 haszn\u00e1lata aj\u00e1nlott, amikor az eredeti t\u0171 kopott,&hellip;","_links":{"self":[{"href":"https:\/\/shop.hanaton.hu\/index.php?rest_route=\/wp\/v2\/product\/1174","targetHints":{"allow":["GET"]}}],"collection":[{"href":"https:\/\/shop.hanaton.hu\/index.php?rest_route=\/wp\/v2\/product"}],"about":[{"href":"https:\/\/shop.hanaton.hu\/index.php?rest_route=\/wp\/v2\/types\/product"}],"replies":[{"embeddable":true,"href":"https:\/\/shop.hanaton.hu\/index.php?rest_route=%2Fwp%2Fv2%2Fcomments&post=1174"}],"wp:featuredmedia":[{"embeddable":true,"href":"https:\/\/shop.hanaton.hu\/index.php?rest_route=\/wp\/v2\/media\/1310"}],"wp:attachment":[{"href":"https:\/\/shop.hanaton.hu\/index.php?rest_route=%2Fwp%2Fv2%2Fmedia&parent=1174"}],"wp:term":[{"taxonomy":"product_brand","embeddable":true,"href":"https:\/\/shop.hanaton.hu\/index.php?rest_route=%2Fwp%2Fv2%2Fproduct_brand&post=1174"},{"taxonomy":"product_cat","embeddable":true,"href":"https:\/\/shop.hanaton.hu\/index.php?rest_route=%2Fwp%2Fv2%2Fproduct_cat&post=1174"},{"taxonomy":"product_tag","embeddable":true,"href":"https:\/\/shop.hanaton.hu\/index.php?rest_route=%2Fwp%2Fv2%2Fproduct_tag&post=1174"}],"curies":[{"name":"wp","href":"https:\/\/api.w.org\/{rel}","templated":true}]}}