{"id":1167,"date":"2025-12-13T21:00:35","date_gmt":"2025-12-13T20:00:35","guid":{"rendered":"https:\/\/shop.hanaton.hu\/?product=audio-technica-atn3600lc-conical-replacement-stylus-for-at3600l"},"modified":"2025-12-14T21:48:18","modified_gmt":"2025-12-14T20:48:18","slug":"audio-technica-atn3600lc-conical-replacement-stylus-for-at3600l","status":"publish","type":"product","link":"https:\/\/shop.hanaton.hu\/?product=audio-technica-atn3600lc-conical-replacement-stylus-for-at3600l","title":{"rendered":"Audio Technica ATN3600LC cseret\u0171"},"content":{"rendered":"<ul>\n<li>Cseret\u0171 az Audio-Technica AT3600L hangszed\u0151h\u00f6z<\/li>\n<li>Az ipar\u00e1gi sztenderdnek tekintett ATN3600L friss\u00edtett v\u00e1ltozata, amely meg\u0151rizte a k\u00f6nny\u0171 kezelhet\u0151s\u00e9get, a megb\u00edzhat\u00f3s\u00e1got \u00e9s a kiv\u00e1l\u00f3 hangmin\u0151s\u00e9get<\/li>\n<li>0,6 mil-es k\u00fapos t\u0171<\/li>\n<li>Kompatibilis ezekkel az Audio-Technica lemezj\u00e1tsz\u00f3kkal: * AT-LP60X sorozat, AT-LP60 sorozat, AT-LP2D sorozat, AT-PL300 sorozat, AT-SB727, AT-SB2022, AT-LPGO-BT, AT-PL50<\/li>\n<\/ul>\n<p><em>* Az ATN3600LC kompatibilis m\u00e1s m\u00e1rk\u00e1j\u00fa lemezj\u00e1tsz\u00f3kkal is. A kompatibilit\u00e1s meg\u00e1llap\u00edt\u00e1s\u00e1hoz tekintse meg a lemezj\u00e1tsz\u00f3 haszn\u00e1lati \u00fatmutat\u00f3j\u00e1t, vagy forduljon a gy\u00e1rt\u00f3hoz.\u00a0<\/em><\/p>\n<div id=\"product.attributes.container\" class=\"details_accordion__item active\">\n<div class=\"details_accordion-content\">\n<div class=\"details_accordion-content-inner\">\n<div id=\"product-attributes\">\n<table class=\"product__attributes product__table\">\n<tbody>\n<tr class=\"attributes__group-title\">\n<th class=\"attributes__group-title--text\" colspan=\"2\" scope=\"rowgroup\">hangszed\u0151 \u00e9s t\u0171<\/th>\n<\/tr>\n<tr class=\"attributes__tr\">\n<th class=\"attributes__th\" scope=\"row\">Vertical Tracking Force<\/th>\n<td class=\"attributes__td\" data-th=\"Vertical Tracking Force\">3,0-t\u00f3l 4,0 g-ig (3,5 g standard)<\/td>\n<\/tr>\n<tr class=\"attributes__tr\">\n<th class=\"attributes__th\" scope=\"row\">T\u0171forma<\/th>\n<td class=\"attributes__td\" data-th=\"T\u0171forma\">k\u00fapos ragasztott<\/td>\n<\/tr>\n<tr class=\"attributes__tr\">\n<th class=\"attributes__th\" scope=\"row\">M\u00e9retek<\/th>\n<td class=\"attributes__td\" data-th=\"M\u00e9retek\">0,6 mil<\/td>\n<\/tr>\n<tr class=\"attributes__tr\">\n<th class=\"attributes__th\" scope=\"row\">T\u0171 \u00e9lettartam<\/th>\n<td class=\"attributes__td\" data-th=\"T\u0171 \u00e9lettartam\">kb. 300\u2013500 \u00f3ra<\/td>\n<\/tr>\n<\/tbody>\n<\/table>\n<\/div>\n<\/div>\n<\/div>\n<\/div>\n","protected":false},"excerpt":{"rendered":"<div class=\"product-hero__intro-text\">\n<p>A milli\u00f3s sz\u00e1mban eladott \u00e9s t\u00f6bb mint 50 \u00e9ve sz\u00e1mtalan zenekedvel\u0151 bizalm\u00e1t \u00e9lvez\u0151, \u00a0ATN3600L k\u00fapos ragasztott t\u0171 \u00faj elnevez\u00e9s\u0171 v\u00e1ltozata. Ugyanazzal a kialak\u00edt\u00e1ssal k\u00e9sz\u00fcl, \u00e9s megtartja azt a k\u00f6nny\u0171 kezelhet\u0151s\u00e9get, megb\u00edzhat\u00f3s\u00e1got \u00e9s hangmin\u0151s\u00e9get, amely miatt az AT3600L oly sok lemezj\u00e1tsz\u00f3 hangszed\u0151je lett. A 0,6 mil-es k\u00fapos t\u0171 biztos\u00edtja a megfelel\u0151 \u00e9rintkez\u00e9st a lemezbar\u00e1zd\u00e1val m\u00e9g akkor is, ha a hangszed\u0151 nincs t\u00f6k\u00e9letesen be\u00e1ll\u00edtva.<\/p>\n<\/div>\n<div class=\"product-hero__expanded-text\">\n<p>T\u0171profil: k\u00fapos<br \/>\nT\u0171 m\u00e9ret: 0,6 mil<br \/>\nT\u0171 \u00e9lettartam: kb. 300\u2013500 \u00f3ra<\/p>\n<p><em>Az Audio-Technica az 1962-ben k\u00e9zzel k\u00e9sz\u00edtett els\u0151 hangszed\u0151je \u00f3ta t\u00f6k\u00e9letes\u00edtette a jel\u00e1talak\u00edt\u00f3 technol\u00f3gia m\u0171v\u00e9szet\u00e9t.<\/em><\/p>\n<\/div>\n","protected":false},"featured_media":1333,"comment_status":"open","ping_status":"closed","template":"","meta":{"_uag_custom_page_level_css":"","site-sidebar-layout":"default","site-content-layout":"","ast-site-content-layout":"default","site-content-style":"default","site-sidebar-style":"default","ast-global-header-display":"","ast-banner-title-visibility":"","ast-main-header-display":"","ast-hfb-above-header-display":"","ast-hfb-below-header-display":"","ast-hfb-mobile-header-display":"","site-post-title":"","ast-breadcrumbs-content":"","ast-featured-img":"","footer-sml-layout":"","ast-disable-related-posts":"","theme-transparent-header-meta":"default","adv-header-id-meta":"","stick-header-meta":"","header-above-stick-meta":"","header-main-stick-meta":"","header-below-stick-meta":"","astra-migrate-meta-layouts":"set","ast-page-background-enabled":"default","ast-page-background-meta":{"desktop":{"background-color":"var(--ast-global-color-4)","background-image":"","background-repeat":"repeat","background-position":"center center","background-size":"auto","background-attachment":"scroll","background-type":"","background-media":"","overlay-type":"","overlay-color":"","overlay-opacity":"","overlay-gradient":""},"tablet":{"background-color":"","background-image":"","background-repeat":"repeat","background-position":"center center","background-size":"auto","background-attachment":"scroll","background-type":"","background-media":"","overlay-type":"","overlay-color":"","overlay-opacity":"","overlay-gradient":""},"mobile":{"background-color":"","background-image":"","background-repeat":"repeat","background-position":"center center","background-size":"auto","background-attachment":"scroll","background-type":"","background-media":"","overlay-type":"","overlay-color":"","overlay-opacity":"","overlay-gradient":""}},"ast-content-background-meta":{"desktop":{"background-color":"var(--ast-global-color-5)","background-image":"","background-repeat":"repeat","background-position":"center center","background-size":"auto","background-attachment":"scroll","background-type":"","background-media":"","overlay-type":"","overlay-color":"","overlay-opacity":"","overlay-gradient":""},"tablet":{"background-color":"var(--ast-global-color-5)","background-image":"","background-repeat":"repeat","background-position":"center center","background-size":"auto","background-attachment":"scroll","background-type":"","background-media":"","overlay-type":"","overlay-color":"","overlay-opacity":"","overlay-gradient":""},"mobile":{"background-color":"var(--ast-global-color-5)","background-image":"","background-repeat":"repeat","background-position":"center center","background-size":"auto","background-attachment":"scroll","background-type":"","background-media":"","overlay-type":"","overlay-color":"","overlay-opacity":"","overlay-gradient":""}}},"product_brand":[],"product_cat":[50,54],"product_tag":[],"class_list":{"0":"post-1167","1":"product","2":"type-product","3":"status-publish","4":"has-post-thumbnail","6":"product_cat-tu-hangszedobe","7":"product_cat-tuk-es-hangszedo","8":"desktop-align-left","9":"tablet-align-left","10":"mobile-align-left","12":"first","13":"instock","14":"taxable","15":"shipping-taxable","16":"purchasable","17":"product-type-simple"},"supplier_id":null,"supplier_sku":"","barcode":null,"atum_controlled":true,"out_stock_date":null,"out_stock_threshold":null,"inheritable":false,"inbound_stock":0,"stock_on_hold":0,"sold_today":0,"sales_last_days":0,"reserved_stock":0,"customer_returns":0,"warehouse_damage":0,"lost_in_post":0,"other_logs":0,"out_stock_days":0,"lost_sales":0,"has_location":false,"update_date":"2026-04-30T04:23:34","atum_locations":[],"atum_stock_status":"instock","restock_status":false,"low_stock_amount":"","sales_update_date":"2026-04-30T04:23:34","calc_backorders":null,"uagb_featured_image_src":{"full":["https:\/\/shop.hanaton.hu\/wp-content\/uploads\/atn3600lc_01.png.webp",2000,2000,false],"thumbnail":["https:\/\/shop.hanaton.hu\/wp-content\/uploads\/atn3600lc_01.png-150x150.webp",150,150,true],"medium":["https:\/\/shop.hanaton.hu\/wp-content\/uploads\/atn3600lc_01.png-300x300.webp",300,300,true],"medium_large":["https:\/\/shop.hanaton.hu\/wp-content\/uploads\/atn3600lc_01.png-768x768.webp",768,768,true],"large":["https:\/\/shop.hanaton.hu\/wp-content\/uploads\/atn3600lc_01.png-1024x1024.webp",1024,1024,true],"1536x1536":["https:\/\/shop.hanaton.hu\/wp-content\/uploads\/atn3600lc_01.png-1536x1536.webp",1536,1536,true],"2048x2048":["https:\/\/shop.hanaton.hu\/wp-content\/uploads\/atn3600lc_01.png.webp",2000,2000,false],"woocommerce_thumbnail":["https:\/\/shop.hanaton.hu\/wp-content\/uploads\/atn3600lc_01.png-300x300.webp",300,300,true],"woocommerce_single":["https:\/\/shop.hanaton.hu\/wp-content\/uploads\/atn3600lc_01.png-600x600.webp",600,600,true],"woocommerce_gallery_thumbnail":["https:\/\/shop.hanaton.hu\/wp-content\/uploads\/atn3600lc_01.png-100x100.webp",100,100,true]},"uagb_author_info":{"display_name":"admin","author_link":"https:\/\/shop.hanaton.hu\/?author=0"},"uagb_comment_info":0,"uagb_excerpt":"A milli\u00f3s sz\u00e1mban eladott \u00e9s t\u00f6bb mint 50 \u00e9ve sz\u00e1mtalan zenekedvel\u0151 bizalm\u00e1t \u00e9lvez\u0151, \u00a0ATN3600L k\u00fapos ragasztott t\u0171 \u00faj elnevez\u00e9s\u0171 v\u00e1ltozata. Ugyanazzal a kialak\u00edt\u00e1ssal k\u00e9sz\u00fcl, \u00e9s megtartja azt a k\u00f6nny\u0171 kezelhet\u0151s\u00e9get, megb\u00edzhat\u00f3s\u00e1got \u00e9s hangmin\u0151s\u00e9get, amely miatt az AT3600L oly sok lemezj\u00e1tsz\u00f3 hangszed\u0151je lett. A 0,6 mil-es k\u00fapos t\u0171 biztos\u00edtja a megfelel\u0151 \u00e9rintkez\u00e9st a lemezbar\u00e1zd\u00e1val m\u00e9g akkor&hellip;","_links":{"self":[{"href":"https:\/\/shop.hanaton.hu\/index.php?rest_route=\/wp\/v2\/product\/1167","targetHints":{"allow":["GET"]}}],"collection":[{"href":"https:\/\/shop.hanaton.hu\/index.php?rest_route=\/wp\/v2\/product"}],"about":[{"href":"https:\/\/shop.hanaton.hu\/index.php?rest_route=\/wp\/v2\/types\/product"}],"replies":[{"embeddable":true,"href":"https:\/\/shop.hanaton.hu\/index.php?rest_route=%2Fwp%2Fv2%2Fcomments&post=1167"}],"wp:featuredmedia":[{"embeddable":true,"href":"https:\/\/shop.hanaton.hu\/index.php?rest_route=\/wp\/v2\/media\/1333"}],"wp:attachment":[{"href":"https:\/\/shop.hanaton.hu\/index.php?rest_route=%2Fwp%2Fv2%2Fmedia&parent=1167"}],"wp:term":[{"taxonomy":"product_brand","embeddable":true,"href":"https:\/\/shop.hanaton.hu\/index.php?rest_route=%2Fwp%2Fv2%2Fproduct_brand&post=1167"},{"taxonomy":"product_cat","embeddable":true,"href":"https:\/\/shop.hanaton.hu\/index.php?rest_route=%2Fwp%2Fv2%2Fproduct_cat&post=1167"},{"taxonomy":"product_tag","embeddable":true,"href":"https:\/\/shop.hanaton.hu\/index.php?rest_route=%2Fwp%2Fv2%2Fproduct_tag&post=1167"}],"curies":[{"name":"wp","href":"https:\/\/api.w.org\/{rel}","templated":true}]}}