{"id":1166,"date":"2025-12-13T21:00:35","date_gmt":"2025-12-13T20:00:35","guid":{"rendered":"https:\/\/shop.hanaton.hu\/?product=audio-technica-at-vm95sp-vm95-series-78rpm-sp-stereo-cartridge"},"modified":"2025-12-14T21:48:18","modified_gmt":"2025-12-14T20:48:18","slug":"audio-technica-at-vm95sp-vm95-series-78rpm-sp-stereo-cartridge","status":"publish","type":"product","link":"https:\/\/shop.hanaton.hu\/?product=audio-technica-at-vm95sp-vm95-series-78rpm-sp-stereo-cartridge","title":{"rendered":"Audio Technica AT-VM95SP VM95 sorozat\u00fa 78 RPM SP hangszed\u0151"},"content":{"rendered":"<table class=\"product__attributes product__table active\">\n<tbody>\n<tr class=\"attributes__group-title\">\n<th class=\"attributes__group-title--text\" colspan=\"2\" scope=\"rowgroup\">hangszed\u0151 \u00e9s t\u0171<\/th>\n<\/tr>\n<tr class=\"attributes__tr\">\n<th class=\"attributes__th\" scope=\"row\">Frekvencia \u00e1tvitel<\/th>\n<td class=\"attributes__td\" data-th=\"Frekvencia \u00e1tvitel\">20 &#8211; 20 000 Hz<\/td>\n<\/tr>\n<tr class=\"attributes__tr\">\n<th class=\"attributes__th\" scope=\"row\">Vertik\u00e1lis k\u00f6vet\u00e9si sz\u00f6g<\/th>\n<td class=\"attributes__td\" data-th=\"Vertik\u00e1lis k\u00f6vet\u00e9si sz\u00f6g\">23\u00b0<\/td>\n<\/tr>\n<tr class=\"attributes__tr\">\n<th class=\"attributes__th\" scope=\"row\">Vertical Tracking Force<\/th>\n<td class=\"attributes__td\" data-th=\"Vertical Tracking Force\">4.5 to 5.5g (standard 5.0g)<\/td>\n<\/tr>\n<tr class=\"attributes__tr\">\n<th class=\"attributes__th\" scope=\"row\">T\u0171 konstrukci\u00f3<\/th>\n<td class=\"attributes__td\" data-th=\"T\u0171 konstrukci\u00f3\">Hengeres csapra ragasztott t\u0171hegy<\/td>\n<\/tr>\n<tr class=\"attributes__tr\">\n<th class=\"attributes__th\" scope=\"row\">Aj\u00e1nlott terhel\u0151 impedancia<\/th>\n<td class=\"attributes__td\" data-th=\"Aj\u00e1nlott terhel\u0151 impedancia\">47,000 \u03a9<\/td>\n<\/tr>\n<tr class=\"attributes__tr\">\n<th class=\"attributes__th\" scope=\"row\">Tekercs impedancia<\/th>\n<td class=\"attributes__td\" data-th=\"Tekercs impedancia\">3.3 k\u03a9 (1 kHz)<\/td>\n<\/tr>\n<tr class=\"attributes__tr\">\n<th class=\"attributes__th\" scope=\"row\">DC ellen\u00e1ll\u00e1s<\/th>\n<td class=\"attributes__td\" data-th=\"DC ellen\u00e1ll\u00e1s\">485 \u03a9<\/td>\n<\/tr>\n<tr class=\"attributes__tr\">\n<th class=\"attributes__th\" scope=\"row\">Tekercs induktancia<\/th>\n<td class=\"attributes__td\" data-th=\"Tekercs induktancia\">550 mH (1 kHz)<\/td>\n<\/tr>\n<tr class=\"attributes__tr\">\n<th class=\"attributes__th\" scope=\"row\">Kimeneti fesz\u00fclts\u00e9g<\/th>\n<td class=\"attributes__td\" data-th=\"Kimeneti fesz\u00fclts\u00e9g\">2.7 mV (@ 1 kHz, 5 cm\/sec)<\/td>\n<\/tr>\n<tr class=\"attributes__tr\">\n<th class=\"attributes__th\" scope=\"row\">Kimeneti csatorna egyens\u00faly<\/th>\n<td class=\"attributes__td\" data-th=\"Kimeneti csatorna egyens\u00faly\">1.5 dB (1 kHz)<\/td>\n<\/tr>\n<tr class=\"attributes__tr\">\n<th class=\"attributes__th\" scope=\"row\">T\u0171forma<\/th>\n<td class=\"attributes__td\" data-th=\"T\u0171forma\">SP 3 mil Conical Bonded<\/td>\n<\/tr>\n<tr class=\"attributes__tr\">\n<th class=\"attributes__th\" scope=\"row\">T\u0171sz\u00e1r<\/th>\n<td class=\"attributes__td\" data-th=\"T\u0171sz\u00e1r\">Alum\u00ednium cs\u0151<\/td>\n<\/tr>\n<tr class=\"attributes__tr\">\n<th class=\"attributes__th\" scope=\"row\">Statikus enged\u00e9kenys\u00e9g<\/th>\n<td class=\"attributes__td\" data-th=\"Statikus enged\u00e9kenys\u00e9g\">12 x 10 \u2013 6 cm \/ dyne<\/td>\n<\/tr>\n<tr class=\"attributes__tr\">\n<th class=\"attributes__th\" scope=\"row\">Dinamikus enged\u00e9kenys\u00e9g<\/th>\n<td class=\"attributes__td\" data-th=\"Dinamikus enged\u00e9kenys\u00e9g\">2 x 10 \u2013 6 cm \/ dyne (100 Hz)<\/td>\n<\/tr>\n<tr class=\"attributes__tr\">\n<th class=\"attributes__th\" scope=\"row\">Felfogat\u00e1s<\/th>\n<td class=\"attributes__td\" data-th=\"Felfogat\u00e1s\">1\/2\u201d coll<\/td>\n<\/tr>\n<tr class=\"attributes__tr\">\n<th class=\"attributes__th\" scope=\"row\">Hangszed\u0151 t\u00f6meg<\/th>\n<td class=\"attributes__td\" data-th=\"Hangszed\u0151 t\u00f6meg\">6.1 g<\/td>\n<\/tr>\n<tr class=\"attributes__tr\">\n<th class=\"attributes__th\" scope=\"row\">M\u00e9retek<\/th>\n<td class=\"attributes__td\" data-th=\"M\u00e9retek\">17.2 x 18.9 x 28.3 (mag x sz\u00e9l x m\u00e9ly, mm)<\/td>\n<\/tr>\n<tr class=\"attributes__tr\">\n<th class=\"attributes__th\" scope=\"row\">Mell\u00e9kelt tartoz\u00e9kok<\/th>\n<td class=\"attributes__td\" data-th=\"Mell\u00e9kelt tartoz\u00e9kok\">K\u00e9t 11 mm M2.6 csavar;<br \/>\nK\u00e9t 8 mm M2.6 csavar;<br \/>\nK\u00e9t al\u00e1t\u00e9t<\/td>\n<\/tr>\n<tr class=\"attributes__tr\">\n<th class=\"attributes__th\" scope=\"row\">Modell<\/th>\n<td class=\"attributes__td\" data-th=\"Modell\">AT-VM95SP<\/td>\n<\/tr>\n<tr class=\"attributes__tr\">\n<th class=\"attributes__th\" scope=\"row\">Aj\u00e1nlott terhel\u0151 kapacit\u00e1s<\/th>\n<td class=\"attributes__td\" data-th=\"Aj\u00e1nlott terhel\u0151 kapacit\u00e1s\">100-200 pF<\/td>\n<\/tr>\n<tr class=\"attributes__tr\">\n<th class=\"attributes__th\" scope=\"row\">Cseret\u0171 t\u00edpusa<\/th>\n<td class=\"attributes__td\" data-th=\"Cseret\u0171 t\u00edpusa\">AT-VMN95SP<\/td>\n<\/tr>\n<tr class=\"attributes__tr\">\n<th class=\"attributes__th\" scope=\"row\">T\u0171 m\u00e9ret<\/th>\n<td class=\"attributes__td\" data-th=\"T\u0171 m\u00e9ret\">3 mil<\/td>\n<\/tr>\n<tr class=\"attributes__tr\">\n<th class=\"attributes__th\" scope=\"row\">T\u00edpus<\/th>\n<td class=\"attributes__td\" data-th=\"T\u00edpus\">VM Sztere\u00f3 du\u00e1l m\u00e1gneses<\/td>\n<\/tr>\n<tr class=\"attributes__tr\">\n<th class=\"attributes__th\" scope=\"row\">Tekercshuzal<\/th>\n<td class=\"attributes__td\" data-th=\"Tekercshuzal\">T.P. R\u00e9z<\/td>\n<\/tr>\n<\/tbody>\n<\/table>\n<div class=\"product__attributes--button\"><\/div>\n","protected":false},"excerpt":{"rendered":"<p>Mivel az SP lemezek monoaur\u00e1lis modul\u00e1ci\u00f3val k\u00e9sz\u00fclnek, amikor egy SP t\u0171t egy sztere\u00f3 hangszed\u0151 h\u00e1zzal kombin\u00e1lunk, mint p\u00e9ld\u00e1ul az AT-VM95SP eset\u00e9ben, aj\u00e1nlott a \u201cMONO ON\u201d funkci\u00f3 haszn\u00e1lata a lemezj\u00e1tsz\u00f3 el\u0151er\u0151s\u00edt\u0151n, a lemez fel\u00fcleti zaj\u00e1nak cs\u00f6kkent\u00e9se \u00e9rdek\u00e9ben.<\/p>\n<p>Az AT-VM95SP, mint SP mon\u00f3 lemezekre kifejlesztett sztere\u00f3 hangszed\u0151, kiv\u00e1l\u00f3an haszn\u00e1lhat\u00f3 r\u00e9gi lemezek archiv\u00e1l\u00e1s\u00e1ra egy dedik\u00e1lt archiv\u00e1l\u00f3 el\u0151er\u0151s\u00edt\u0151 alkalmaz\u00e1s\u00e1val, ami t\u00f6bbf\u00e9le mon\u00f3s\u00edt\u00e1si opci\u00f3t k\u00edn\u00e1l (Mono L+R, Mono L, Mono R, LR Variable Mix), melyek seg\u00edts\u00e9g\u00e9vel a profi archiv\u00e1l\u00f3 kiv\u00e1laszthatja a legkevesebb zajt \u00e9s torz\u00edt\u00e1st eredm\u00e9nyez\u0151 be\u00e1ll\u00edt\u00e1st, amivel a bar\u00e1zda legkev\u00e9sb\u00e9 s\u00e9r\u00fclt vagy elhaszn\u00e1l\u00f3dott oldala ker\u00fcl kiolvas\u00e1sra.<\/p>\n<ul>\n<li>3 mil SP t\u0171 a minim\u00e1lis fel\u00fcleti zaj \u00e9rdek\u00e9ben<\/li>\n<li>Alum\u00ednium t\u0171sz\u00e1r<\/li>\n<li>2.7 mV kimeneti fesz\u00fclts\u00e9g<\/li>\n<li>A hangszed\u0151 test kompatibilis az \u00f6sszes VM95 sorozat\u00fa t\u0171vel<\/li>\n<\/ul>\n<h3>VM95 sorozat &#8211; kompatibilit\u00e1s<\/h3>\n<p>Minden hangszed\u0151 gy\u00e9m\u00e1nt t\u0171je elkopik bizonyos id\u0151 ut\u00e1n.<\/p>\n<p>A k\u00fapos t\u0171 k\u00f6r\u00fclbel\u00fcl 500 \u00f3ra lej\u00e1tsz\u00e1s ut\u00e1n, az eilliptikus 300 \u00f3ra ut\u00e1n, a Microline 1000 \u00f3ra ut\u00e1n \u00e9s a Shibata \u00fagy 800 \u00f3r\u00e1nyi lej\u00e1tsz\u00e1s ut\u00e1n sz\u00e1m\u00edt kopottnak.<\/p>\n<p>A VM95 sorozat\u00fa du\u00e1l mozg\u00f3m\u00e1gneses hangszed\u0151nk szinte \u00f6r\u00f6k id\u0151kig haszn\u00e1lhat\u00f3, cser\u00e9lhet\u0151 t\u0171je r\u00e9v\u00e9n. Nem sz\u00fcks\u00e9ges komplett hangszed\u0151t v\u00e1s\u00e1rolni, ha a t\u0171 elkopott, egyszer\u0171en v\u00e1s\u00e1rolhat a hangszed\u0151h\u00f6z egy a kor\u00e1bbival megegyez\u0151 cseret\u0171t, de ak\u00e1r tov\u00e1bb is fejlesztheti a hangszed\u0151j\u00e9t egy m\u00e1sik fajta t\u0171vel a sorozatb\u00f3l.<\/p>\n<p>A VM95 sorozat hat hangszed\u0151je ugyanazt a testet alkalmazza, \u00edgy mind a hatf\u00e9le t\u0171 t\u00f6k\u00e9letesen kompatibilis.<\/p>\n<p>AT-VMN95C<\/p>\n<p>AT-VMN95E<\/p>\n<p>AT-VMN95EN<\/p>\n<p>AT-VMN95ML<\/p>\n<p>AT-VMN95SH<\/p>\n<p>AT-VMN95SP<\/p>\n<h3>AT-VM95 kompatibilit\u00e1s az AT-XP sorozat\u00fa DJ hangszed\u0151kkel<\/h3>\n<ul>\n<li>Az XP sorozat\u00fa hangszed\u0151 testek kompatibilisek a VM95 sorozat \u00f6sszes cseret\u0171j\u00e9vel, viszont nagyobb kimen\u0151 jelet szolg\u00e1ltatnak, mint a VM95 hangszed\u0151. Ezzel tov\u00e1bb n\u0151 a kompatibilit\u00e1s k\u00fcl\u00f6nb\u00f6z\u0151 lemezj\u00e1tsz\u00f3 bemenetekkel \u00e9s DJ kever\u0151kkel.<\/li>\n<li>A VM95 sorozat\u00fa hangszed\u0151 test szint\u00e9n kompatibilis az AT-XP sorozat\u00fa DJ hangszed\u0151k h\u00e1romf\u00e9le cseret\u0171j\u00e9vel, mindazon\u00e1ltal, az XP sorozat hangszed\u0151 test nagyobb kimen\u0151 jelet szolg\u00e1ltat a VM95-n\u00e9l, ezzel ink\u00e1bb illeszkedik professzion\u00e1lis DJ kever\u0151kh\u00f6z.<\/li>\n<li>Vegye figyelembe, hogy az XP sorozat t\u0171inek tipikus t\u0171nyom\u00e1sa h\u00e1rom gramm, ellent\u00e9tben a VM95 sorozat k\u00e9t grammj\u00e1val.<\/li>\n<li>Az XP sorozat\u00fa t\u0171k felf\u00fcggeszt\u00e9se \u00e9s enged\u00e9kenys\u00e9ge intenz\u00edv DJ-z\u00e9sre van optimaliz\u00e1lva.<\/li>\n<li>A VM95 sorozat felf\u00fcggeszt\u00e9se \u00e9s enged\u00e9kenys\u00e9ge viszont az optim\u00e1lis audiophile reprodukci\u00f3ra van hangolva.<\/li>\n<\/ul>\n<p>ATN-XP7<\/p>\n<p>ATN-XP5<\/p>\n<p>ATN-XP3<\/p>\n<h4>K\u00fapos ragasztott t\u0171 (3mil)<\/h4>\n<p>K\u00fapos hegy\u0171 ragasztott t\u0171 nagy g\u00f6rb\u00fclet\u0171 heggyel. A g\u00f6rb\u00fcleti sug\u00e1r 3mil, ami j\u00f3l haszn\u00e1lhat\u00f3 k\u00fcl\u00f6nb\u00f6z\u0151 korszakokb\u00f3l sz\u00e1rmaz\u00f3 78 RPM-es lemezek lej\u00e1tsz\u00e1s\u00e1ra.<\/p>\n<h4>Anyacsavar n\u00e9lk\u00fcl<\/h4>\n<p>A VM95 sorozat\u00fa hangszed\u0151k k\u00e9t M2.6-os menetes bet\u00e9ttel vannak ell\u00e1tva, \u00edgy a headshellbe szerel\u00e9shez nem sz\u00fcks\u00e9ges anyacsavar. Minden hangszed\u0151h\u00f6z j\u00e1r k\u00e9t 8mm-es \u00e9s k\u00e9t 11mm-es M2.6-os csavar, valamint k\u00e9t m\u0171anyag al\u00e1t\u00e9t.<\/p>\n","protected":false},"featured_media":1331,"comment_status":"open","ping_status":"closed","template":"","meta":{"_uag_custom_page_level_css":"","site-sidebar-layout":"default","site-content-layout":"","ast-site-content-layout":"default","site-content-style":"default","site-sidebar-style":"default","ast-global-header-display":"","ast-banner-title-visibility":"","ast-main-header-display":"","ast-hfb-above-header-display":"","ast-hfb-below-header-display":"","ast-hfb-mobile-header-display":"","site-post-title":"","ast-breadcrumbs-content":"","ast-featured-img":"","footer-sml-layout":"","ast-disable-related-posts":"","theme-transparent-header-meta":"default","adv-header-id-meta":"","stick-header-meta":"","header-above-stick-meta":"","header-main-stick-meta":"","header-below-stick-meta":"","astra-migrate-meta-layouts":"set","ast-page-background-enabled":"default","ast-page-background-meta":{"desktop":{"background-color":"var(--ast-global-color-4)","background-image":"","background-repeat":"repeat","background-position":"center center","background-size":"auto","background-attachment":"scroll","background-type":"","background-media":"","overlay-type":"","overlay-color":"","overlay-opacity":"","overlay-gradient":""},"tablet":{"background-color":"","background-image":"","background-repeat":"repeat","background-position":"center center","background-size":"auto","background-attachment":"scroll","background-type":"","background-media":"","overlay-type":"","overlay-color":"","overlay-opacity":"","overlay-gradient":""},"mobile":{"background-color":"","background-image":"","background-repeat":"repeat","background-position":"center center","background-size":"auto","background-attachment":"scroll","background-type":"","background-media":"","overlay-type":"","overlay-color":"","overlay-opacity":"","overlay-gradient":""}},"ast-content-background-meta":{"desktop":{"background-color":"var(--ast-global-color-5)","background-image":"","background-repeat":"repeat","background-position":"center center","background-size":"auto","background-attachment":"scroll","background-type":"","background-media":"","overlay-type":"","overlay-color":"","overlay-opacity":"","overlay-gradient":""},"tablet":{"background-color":"var(--ast-global-color-5)","background-image":"","background-repeat":"repeat","background-position":"center center","background-size":"auto","background-attachment":"scroll","background-type":"","background-media":"","overlay-type":"","overlay-color":"","overlay-opacity":"","overlay-gradient":""},"mobile":{"background-color":"var(--ast-global-color-5)","background-image":"","background-repeat":"repeat","background-position":"center center","background-size":"auto","background-attachment":"scroll","background-type":"","background-media":"","overlay-type":"","overlay-color":"","overlay-opacity":"","overlay-gradient":""}}},"product_brand":[],"product_cat":[49,54],"product_tag":[],"class_list":{"0":"post-1166","1":"product","2":"type-product","3":"status-publish","4":"has-post-thumbnail","6":"product_cat-hangszedo","7":"product_cat-tuk-es-hangszedo","8":"desktop-align-left","9":"tablet-align-left","10":"mobile-align-left","12":"first","13":"instock","14":"taxable","15":"shipping-taxable","16":"purchasable","17":"product-type-simple"},"supplier_id":null,"supplier_sku":"","barcode":null,"atum_controlled":true,"out_stock_date":null,"out_stock_threshold":null,"inheritable":false,"inbound_stock":0,"stock_on_hold":0,"sold_today":0,"sales_last_days":0,"reserved_stock":0,"customer_returns":0,"warehouse_damage":0,"lost_in_post":0,"other_logs":0,"out_stock_days":0,"lost_sales":0,"has_location":false,"update_date":"2026-04-29T04:22:30","atum_locations":[],"atum_stock_status":"instock","restock_status":false,"low_stock_amount":"","sales_update_date":"2026-04-29T04:22:30","calc_backorders":null,"uagb_featured_image_src":{"full":["https:\/\/shop.hanaton.hu\/wp-content\/uploads\/at-vm95sp_01.png",2000,2000,false],"thumbnail":["https:\/\/shop.hanaton.hu\/wp-content\/uploads\/at-vm95sp_01-150x150.png",150,150,true],"medium":["https:\/\/shop.hanaton.hu\/wp-content\/uploads\/at-vm95sp_01-300x300.png",300,300,true],"medium_large":["https:\/\/shop.hanaton.hu\/wp-content\/uploads\/at-vm95sp_01-768x768.png",768,768,true],"large":["https:\/\/shop.hanaton.hu\/wp-content\/uploads\/at-vm95sp_01-1024x1024.png",1024,1024,true],"1536x1536":["https:\/\/shop.hanaton.hu\/wp-content\/uploads\/at-vm95sp_01-1536x1536.png",1536,1536,true],"2048x2048":["https:\/\/shop.hanaton.hu\/wp-content\/uploads\/at-vm95sp_01.png",2000,2000,false],"woocommerce_thumbnail":["https:\/\/shop.hanaton.hu\/wp-content\/uploads\/at-vm95sp_01-300x300.png",300,300,true],"woocommerce_single":["https:\/\/shop.hanaton.hu\/wp-content\/uploads\/at-vm95sp_01-600x600.png",600,600,true],"woocommerce_gallery_thumbnail":["https:\/\/shop.hanaton.hu\/wp-content\/uploads\/at-vm95sp_01-100x100.png",100,100,true]},"uagb_author_info":{"display_name":"admin","author_link":"https:\/\/shop.hanaton.hu\/?author=0"},"uagb_comment_info":0,"uagb_excerpt":"Mivel az SP lemezek monoaur\u00e1lis modul\u00e1ci\u00f3val k\u00e9sz\u00fclnek, amikor egy SP t\u0171t egy sztere\u00f3 hangszed\u0151 h\u00e1zzal kombin\u00e1lunk, mint p\u00e9ld\u00e1ul az AT-VM95SP eset\u00e9ben, aj\u00e1nlott a \u201cMONO ON\u201d funkci\u00f3 haszn\u00e1lata a lemezj\u00e1tsz\u00f3 el\u0151er\u0151s\u00edt\u0151n, a lemez fel\u00fcleti zaj\u00e1nak cs\u00f6kkent\u00e9se \u00e9rdek\u00e9ben. Az AT-VM95SP, mint SP mon\u00f3 lemezekre kifejlesztett sztere\u00f3 hangszed\u0151, kiv\u00e1l\u00f3an haszn\u00e1lhat\u00f3 r\u00e9gi lemezek archiv\u00e1l\u00e1s\u00e1ra egy dedik\u00e1lt archiv\u00e1l\u00f3 el\u0151er\u0151s\u00edt\u0151 alkalmaz\u00e1s\u00e1val,&hellip;","_links":{"self":[{"href":"https:\/\/shop.hanaton.hu\/index.php?rest_route=\/wp\/v2\/product\/1166","targetHints":{"allow":["GET"]}}],"collection":[{"href":"https:\/\/shop.hanaton.hu\/index.php?rest_route=\/wp\/v2\/product"}],"about":[{"href":"https:\/\/shop.hanaton.hu\/index.php?rest_route=\/wp\/v2\/types\/product"}],"replies":[{"embeddable":true,"href":"https:\/\/shop.hanaton.hu\/index.php?rest_route=%2Fwp%2Fv2%2Fcomments&post=1166"}],"wp:featuredmedia":[{"embeddable":true,"href":"https:\/\/shop.hanaton.hu\/index.php?rest_route=\/wp\/v2\/media\/1331"}],"wp:attachment":[{"href":"https:\/\/shop.hanaton.hu\/index.php?rest_route=%2Fwp%2Fv2%2Fmedia&parent=1166"}],"wp:term":[{"taxonomy":"product_brand","embeddable":true,"href":"https:\/\/shop.hanaton.hu\/index.php?rest_route=%2Fwp%2Fv2%2Fproduct_brand&post=1166"},{"taxonomy":"product_cat","embeddable":true,"href":"https:\/\/shop.hanaton.hu\/index.php?rest_route=%2Fwp%2Fv2%2Fproduct_cat&post=1166"},{"taxonomy":"product_tag","embeddable":true,"href":"https:\/\/shop.hanaton.hu\/index.php?rest_route=%2Fwp%2Fv2%2Fproduct_tag&post=1166"}],"curies":[{"name":"wp","href":"https:\/\/api.w.org\/{rel}","templated":true}]}}