{"id":1161,"date":"2025-12-13T21:00:34","date_gmt":"2025-12-13T20:00:34","guid":{"rendered":"https:\/\/shop.hanaton.hu\/?product=audio-technica-at-oc9xml-dual-moving-coil-stereo-cartridge-microlinear"},"modified":"2025-12-14T21:48:19","modified_gmt":"2025-12-14T20:48:19","slug":"audio-technica-at-oc9xml-dual-moving-coil-stereo-cartridge-microlinear","status":"publish","type":"product","link":"https:\/\/shop.hanaton.hu\/?product=audio-technica-at-oc9xml-dual-moving-coil-stereo-cartridge-microlinear","title":{"rendered":"Audio Technica AT-OC9XML Kett\u0151s mozg\u00f3tekercs\u0171 sztere\u00f3 hangszed\u0151 mikroline\u00e1ris t\u0171vel."},"content":{"rendered":"<table class=\"product__attributes product__table active\">\n<tbody>\n<tr class=\"attributes__group-title\">\n<th class=\"attributes__group-title--text\" colspan=\"2\" scope=\"rowgroup\">hangszed\u0151 \u00e9s t\u0171<\/th>\n<\/tr>\n<tr class=\"attributes__tr\">\n<th class=\"attributes__th\" scope=\"row\">Frekvencia \u00e1tvitel<\/th>\n<td class=\"attributes__td\" data-th=\"Frekvencia \u00e1tvitel\">20 &#8211; 47,000 Hz<\/td>\n<\/tr>\n<tr class=\"attributes__tr\">\n<th class=\"attributes__th\" scope=\"row\">Csatorna szepar\u00e1ci\u00f3<\/th>\n<td class=\"attributes__td\" data-th=\"Csatorna szepar\u00e1ci\u00f3\">27 dB (1 kHz)<\/td>\n<\/tr>\n<tr class=\"attributes__tr\">\n<th class=\"attributes__th\" scope=\"row\">Vertik\u00e1lis k\u00f6vet\u00e9si sz\u00f6g<\/th>\n<td class=\"attributes__td\" data-th=\"Vertik\u00e1lis k\u00f6vet\u00e9si sz\u00f6g\">20 degrees<\/td>\n<\/tr>\n<tr class=\"attributes__tr\">\n<th class=\"attributes__th\" scope=\"row\">Vertical Tracking Force<\/th>\n<td class=\"attributes__td\" data-th=\"Vertical Tracking Force\">1.8 to 2.2 g (standard 2.0 g)<\/td>\n<\/tr>\n<tr class=\"attributes__tr\">\n<th class=\"attributes__th\" scope=\"row\">T\u0171 konstrukci\u00f3<\/th>\n<td class=\"attributes__td\" data-th=\"T\u0171 konstrukci\u00f3\">Nude square shank<\/td>\n<\/tr>\n<tr class=\"attributes__tr\">\n<th class=\"attributes__th\" scope=\"row\">Aj\u00e1nlott terhel\u0151 impedancia<\/th>\n<td class=\"attributes__td\" data-th=\"Aj\u00e1nlott terhel\u0151 impedancia\">Min 100 Ohms<\/td>\n<\/tr>\n<tr class=\"attributes__tr\">\n<th class=\"attributes__th\" scope=\"row\">Tekercs impedancia<\/th>\n<td class=\"attributes__td\" data-th=\"Tekercs impedancia\">12 Ohms (1 kHz)<\/td>\n<\/tr>\n<tr class=\"attributes__tr\">\n<th class=\"attributes__th\" scope=\"row\">DC ellen\u00e1ll\u00e1s<\/th>\n<td class=\"attributes__td\" data-th=\"DC ellen\u00e1ll\u00e1s\">12 Ohms<\/td>\n<\/tr>\n<tr class=\"attributes__tr\">\n<th class=\"attributes__th\" scope=\"row\">Tekercs induktancia<\/th>\n<td class=\"attributes__td\" data-th=\"Tekercs induktancia\">25 \u03bcH (1 kHz)<\/td>\n<\/tr>\n<tr class=\"attributes__tr\">\n<th class=\"attributes__th\" scope=\"row\">Kimeneti fesz\u00fclts\u00e9g<\/th>\n<td class=\"attributes__td\" data-th=\"Kimeneti fesz\u00fclts\u00e9g\">0.4 mV (at 1 kHz, 5 cm\/sec)<\/td>\n<\/tr>\n<tr class=\"attributes__tr\">\n<th class=\"attributes__th\" scope=\"row\">Kimeneti csatorna egyens\u00faly<\/th>\n<td class=\"attributes__td\" data-th=\"Kimeneti csatorna egyens\u00faly\">1.0 dB (1 kHz)<\/td>\n<\/tr>\n<tr class=\"attributes__tr\">\n<th class=\"attributes__th\" scope=\"row\">T\u0171forma<\/th>\n<td class=\"attributes__td\" data-th=\"T\u0171forma\">Microlinear<\/td>\n<\/tr>\n<tr class=\"attributes__tr\">\n<th class=\"attributes__th\" scope=\"row\">T\u0171sz\u00e1r<\/th>\n<td class=\"attributes__td\" data-th=\"T\u0171sz\u00e1r\">0.28 mm \u00d8 nude boron<\/td>\n<\/tr>\n<tr class=\"attributes__tr\">\n<th class=\"attributes__th\" scope=\"row\">Statikus enged\u00e9kenys\u00e9g<\/th>\n<td class=\"attributes__td\" data-th=\"Statikus enged\u00e9kenys\u00e9g\">20 x 10 \u2013 6 cm \/ dyne<\/td>\n<\/tr>\n<tr class=\"attributes__tr\">\n<th class=\"attributes__th\" scope=\"row\">Dinamikus enged\u00e9kenys\u00e9g<\/th>\n<td class=\"attributes__td\" data-th=\"Dinamikus enged\u00e9kenys\u00e9g\">16 x 10 \u2013 6 cm \/ dyne (100 Hz)<\/td>\n<\/tr>\n<tr class=\"attributes__tr\">\n<th class=\"attributes__th\" scope=\"row\">Felfogat\u00e1s<\/th>\n<td class=\"attributes__td\" data-th=\"Felfogat\u00e1s\">1\/2\u201d centers \/ Threaded<\/td>\n<\/tr>\n<tr class=\"attributes__tr\">\n<th class=\"attributes__th\" scope=\"row\">Hangszed\u0151 t\u00f6meg<\/th>\n<td class=\"attributes__td\" data-th=\"Hangszed\u0151 t\u00f6meg\">7.6 g<\/td>\n<\/tr>\n<tr class=\"attributes__tr\">\n<th class=\"attributes__th\" scope=\"row\">M\u00e9retek<\/th>\n<td class=\"attributes__td\" data-th=\"M\u00e9retek\">17.3 (H) x 16.8 (W) x 25.7 (L) mm<\/td>\n<\/tr>\n<tr class=\"attributes__tr\">\n<th class=\"attributes__th\" scope=\"row\">Mell\u00e9kelt tartoz\u00e9kok<\/th>\n<td class=\"attributes__td\" data-th=\"Mell\u00e9kelt tartoz\u00e9kok\">1 non magnetic screw driver<br \/>\n1 brush<br \/>\n2 washers<br \/>\n4 pairs of mounting screws: 5mm, 8mm, 10mm, 12mm<br \/>\n1 plastic protector<\/td>\n<\/tr>\n<tr class=\"attributes__tr\">\n<th class=\"attributes__th\" scope=\"row\">Anyaga<\/th>\n<td class=\"attributes__td\" data-th=\"Anyaga\">Aluminium<\/td>\n<\/tr>\n<tr class=\"attributes__tr\">\n<th class=\"attributes__th\" scope=\"row\">Modell<\/th>\n<td class=\"attributes__td\" data-th=\"Modell\">AT-OC9XML<\/td>\n<\/tr>\n<tr class=\"attributes__tr\">\n<th class=\"attributes__th\" scope=\"row\">T\u0171 m\u00e9ret<\/th>\n<td class=\"attributes__td\" data-th=\"T\u0171 m\u00e9ret\">2.2 x 0.12 mil<\/td>\n<\/tr>\n<tr class=\"attributes__tr\">\n<th class=\"attributes__th\" scope=\"row\">Pin-csatlkoz\u00f3<\/th>\n<td class=\"attributes__td\" data-th=\"Pin-csatlkoz\u00f3\">Brass<\/td>\n<\/tr>\n<tr class=\"attributes__tr\">\n<th class=\"attributes__th\" scope=\"row\">Tekercshuzal<\/th>\n<td class=\"attributes__td\" data-th=\"Tekercshuzal\">PCOCC (Copper by Ohno Continuous Casting process.)<\/td>\n<\/tr>\n<\/tbody>\n<\/table>\n<div class=\"product__attributes--button\"><\/div>\n","protected":false},"excerpt":{"rendered":"<p class=\"my-2 [&amp;+p]:mt-4 [&amp;_strong:has(+br)]:inline-block [&amp;_strong:has(+br)]:pb-2\"><strong>Az OC9 hangszed\u0151-sorozat \u00faj gener\u00e1ci\u00f3ja<\/strong><\/p>\n<p class=\"my-2 [&amp;+p]:mt-4 [&amp;_strong:has(+br)]:inline-block [&amp;_strong:has(+br)]:pb-2\">T\u00f6bb mint 30 \u00e9ve t\u00f6rt\u00e9nt bemutat\u00e1sa \u00f3ta az Audio-Technica \u00fatt\u00f6r\u0151 <strong>OC9 mozg\u00f3tekercs hangszed\u0151-sorozata<\/strong> kedvelt a v\u00e1logat\u00f3s vinilsl\u00e1geres hallgat\u00f3k \u00e9s a szakmai kritikusok k\u00f6r\u00e9ben egyar\u00e1nt, mivel p\u00e1ratlan zenei transzparenci\u00e1j\u00e1t, hangkifejez\u00e9s\u00e9nek er\u0151forr\u00e1sait \u00e9s prec\u00edz konstru\u00e1l\u00e1s\u00e1t \u00e9rt\u00e9kelik. Az \u00faj modell <strong>komplex mikroline\u00e1ris gy\u00e9m\u00e1ntprofil\u00fa<\/strong> t\u0171vel rendelkezik, amely magasabb frekvencia\u00e1tvitelt, eddig nem tapasztalt r\u00e9szletgazdags\u00e1got \u00e9s a bels\u0151 bar\u00e1zdadisztorzi\u00f3 cs\u00f6kkent\u00e9s\u00e9t biztos\u00edtja. A <strong>mikroline\u00e1ris gy\u00e9m\u00e1ntprofil<\/strong> alacsony lemez- \u00e9s t\u0171kop\u00e1st eredm\u00e9nyez.<\/p>\n<p class=\"my-2 [&amp;+p]:mt-4 [&amp;_strong:has(+br)]:inline-block [&amp;_strong:has(+br)]:pb-2\"><strong>Jellemz\u0151i<\/strong><\/p>\n<p class=\"my-2 [&amp;+p]:mt-4 [&amp;_strong:has(+br)]:inline-block [&amp;_strong:has(+br)]:pb-2\">A hangszed\u0151 <strong>csupasz mikroline\u00e1ris t\u0171vel<\/strong> \u00e9s <strong>b\u00f3r cantileverrel<\/strong> van felszerelve, amely alacsonyabb torz\u00edt\u00e1st \u00e9s magas tranziens v\u00e1laszt biztos\u00edt. A <strong>neod\u00edmium m\u00e1gnes<\/strong> \u00e9s a <strong>permendur j\u00e1rom<\/strong>drasztikusan megn\u00f6velt m\u00e1gneses energi\u00e1t ny\u00fajt. A hangszed\u0151 test\u00e9be integr\u00e1lt <strong>menetes furatok<\/strong>lehet\u0151v\u00e9 teszik, hogy mind\u00f6ssze k\u00e9t <strong>M2,6-os csavar<\/strong> seg\u00edts\u00e9g\u00e9vel r\u00f6gz\u00edts\u00fck a headshellre vagy az integr\u00e1lt hangkarra \u2013 sem any\u00e1kra, sem tov\u00e1bbi csavarokra nincs sz\u00fcks\u00e9g.<\/p>\n<p class=\"my-2 [&amp;+p]:mt-4 [&amp;_strong:has(+br)]:inline-block [&amp;_strong:has(+br)]:pb-2\">Az <strong>alum\u00ednium test<\/strong> minim\u00e1lisra cs\u00f6kkenti a nem k\u00edv\u00e1nt rezg\u00e9seket, \u00edgy cs\u00f6kkenti a rezonanci\u00e1t \u00e9s biztos\u00edtja a kiv\u00e1l\u00f3 hangreprodukci\u00f3j\u00e1t. A tekercsekhez az <strong>Ohno Continuous Casting folyamattal k\u00e9sz\u00fclt tiszta r\u00e9z (PCOCC)<\/strong> haszn\u00e1latos, amely a tiszta jeltov\u00e1bb\u00edt\u00e1st biztos\u00edtja.<\/p>\n<p class=\"my-2 [&amp;+p]:mt-4 [&amp;_strong:has(+br)]:inline-block [&amp;_strong:has(+br)]:pb-2\"><strong>Mikroline\u00e1ris t\u0171<\/strong><\/p>\n<p class=\"my-2 [&amp;+p]:mt-4 [&amp;_strong:has(+br)]:inline-block [&amp;_strong:has(+br)]:pb-2\">A <strong>mikroline\u00e1ris gy\u00e9m\u00e1ntprofil<\/strong> magas frekvencia\u00e1tvitelt ny\u00fajt, mik\u00f6zben cs\u00f6kkenti a kop\u00e1st \u00e9s a torz\u00edt\u00e1st az elliptikus vagy hagyom\u00e1nyos line\u00e1ris \u00e9rintkez\u00e9s\u0171 t\u0171kh\u00f6z k\u00e9pest.<\/p>\n<p class=\"my-2 [&amp;+p]:mt-4 [&amp;_strong:has(+br)]:inline-block [&amp;_strong:has(+br)]:pb-2\"><strong>Egyszer\u0171 szerel\u00e9s<\/strong><\/p>\n<p class=\"my-2 [&amp;+p]:mt-4 [&amp;_strong:has(+br)]:inline-block [&amp;_strong:has(+br)]:pb-2\">A hangszed\u0151 test\u00e9be integr\u00e1lt <strong>menetes furatok<\/strong> lehet\u0151v\u00e9 teszik, hogy mind\u00f6ssze k\u00e9t <strong>M2,6-os csavar<\/strong> seg\u00edts\u00e9g\u00e9vel r\u00f6gz\u00edts\u00fck a headshellre vagy az integr\u00e1lt hangkarra \u2013 sz\u00fcks\u00e9gtelen any\u00e1k vagy tov\u00e1bbi csavarok haszn\u00e1lata.<\/p>\n<p class=\"my-2 [&amp;+p]:mt-4 [&amp;_strong:has(+br)]:inline-block [&amp;_strong:has(+br)]:pb-2\"><strong>Alum\u00ednium test<\/strong><\/p>\n<p class=\"my-2 [&amp;+p]:mt-4 [&amp;_strong:has(+br)]:inline-block [&amp;_strong:has(+br)]:pb-2\">Az <strong>alum\u00ednium szerkezet<\/strong> minim\u00e1lisra cs\u00f6kkenti a nem k\u00edv\u00e1nt rezg\u00e9seket, \u00edgy biztos\u00edtja a reduk\u00e1lt rezonanci\u00e1t \u00e9s a kiv\u00e1l\u00f3 hangmin\u0151s\u00e9get.<\/p>\n<p class=\"my-2 [&amp;+p]:mt-4 [&amp;_strong:has(+br)]:inline-block [&amp;_strong:has(+br)]:pb-2\"><strong>Made in Japan<\/strong><\/p>\n<p class=\"my-2 [&amp;+p]:mt-4 [&amp;_strong:has(+br)]:inline-block [&amp;_strong:has(+br)]:pb-2\">Az Audio-Technica fukui gy\u00e1r\u00e1ban, Jap\u00e1nban k\u00e9sz\u00fcl, szigor\u00fa min\u0151s\u00e9g-ellen\u0151rz\u00e9s alatt, prec\u00edz gy\u00e1rt\u00e1stechnol\u00f3gi\u00e1val.<\/p>\n","protected":false},"featured_media":1341,"comment_status":"open","ping_status":"closed","template":"","meta":{"_uag_custom_page_level_css":"","site-sidebar-layout":"default","site-content-layout":"","ast-site-content-layout":"default","site-content-style":"default","site-sidebar-style":"default","ast-global-header-display":"","ast-banner-title-visibility":"","ast-main-header-display":"","ast-hfb-above-header-display":"","ast-hfb-below-header-display":"","ast-hfb-mobile-header-display":"","site-post-title":"","ast-breadcrumbs-content":"","ast-featured-img":"","footer-sml-layout":"","ast-disable-related-posts":"","theme-transparent-header-meta":"default","adv-header-id-meta":"","stick-header-meta":"","header-above-stick-meta":"","header-main-stick-meta":"","header-below-stick-meta":"","astra-migrate-meta-layouts":"set","ast-page-background-enabled":"default","ast-page-background-meta":{"desktop":{"background-color":"var(--ast-global-color-4)","background-image":"","background-repeat":"repeat","background-position":"center center","background-size":"auto","background-attachment":"scroll","background-type":"","background-media":"","overlay-type":"","overlay-color":"","overlay-opacity":"","overlay-gradient":""},"tablet":{"background-color":"","background-image":"","background-repeat":"repeat","background-position":"center center","background-size":"auto","background-attachment":"scroll","background-type":"","background-media":"","overlay-type":"","overlay-color":"","overlay-opacity":"","overlay-gradient":""},"mobile":{"background-color":"","background-image":"","background-repeat":"repeat","background-position":"center center","background-size":"auto","background-attachment":"scroll","background-type":"","background-media":"","overlay-type":"","overlay-color":"","overlay-opacity":"","overlay-gradient":""}},"ast-content-background-meta":{"desktop":{"background-color":"var(--ast-global-color-5)","background-image":"","background-repeat":"repeat","background-position":"center center","background-size":"auto","background-attachment":"scroll","background-type":"","background-media":"","overlay-type":"","overlay-color":"","overlay-opacity":"","overlay-gradient":""},"tablet":{"background-color":"var(--ast-global-color-5)","background-image":"","background-repeat":"repeat","background-position":"center center","background-size":"auto","background-attachment":"scroll","background-type":"","background-media":"","overlay-type":"","overlay-color":"","overlay-opacity":"","overlay-gradient":""},"mobile":{"background-color":"var(--ast-global-color-5)","background-image":"","background-repeat":"repeat","background-position":"center center","background-size":"auto","background-attachment":"scroll","background-type":"","background-media":"","overlay-type":"","overlay-color":"","overlay-opacity":"","overlay-gradient":""}}},"product_brand":[],"product_cat":[49,54],"product_tag":[],"class_list":{"0":"post-1161","1":"product","2":"type-product","3":"status-publish","4":"has-post-thumbnail","6":"product_cat-hangszedo","7":"product_cat-tuk-es-hangszedo","8":"desktop-align-left","9":"tablet-align-left","10":"mobile-align-left","12":"first","13":"instock","14":"taxable","15":"shipping-taxable","16":"purchasable","17":"product-type-simple"},"supplier_id":null,"supplier_sku":"","barcode":null,"atum_controlled":true,"out_stock_date":null,"out_stock_threshold":null,"inheritable":false,"inbound_stock":0,"stock_on_hold":0,"sold_today":0,"sales_last_days":0,"reserved_stock":0,"customer_returns":0,"warehouse_damage":0,"lost_in_post":0,"other_logs":0,"out_stock_days":0,"lost_sales":0,"has_location":false,"update_date":"2026-04-29T04:22:30","atum_locations":[],"atum_stock_status":"instock","restock_status":false,"low_stock_amount":"","sales_update_date":"2026-04-29T04:22:30","calc_backorders":null,"uagb_featured_image_src":{"full":["https:\/\/shop.hanaton.hu\/wp-content\/uploads\/at-oc9xml_01.png",2000,2000,false],"thumbnail":["https:\/\/shop.hanaton.hu\/wp-content\/uploads\/at-oc9xml_01-150x150.png",150,150,true],"medium":["https:\/\/shop.hanaton.hu\/wp-content\/uploads\/at-oc9xml_01-300x300.png",300,300,true],"medium_large":["https:\/\/shop.hanaton.hu\/wp-content\/uploads\/at-oc9xml_01-768x768.png",768,768,true],"large":["https:\/\/shop.hanaton.hu\/wp-content\/uploads\/at-oc9xml_01-1024x1024.png",1024,1024,true],"1536x1536":["https:\/\/shop.hanaton.hu\/wp-content\/uploads\/at-oc9xml_01-1536x1536.png",1536,1536,true],"2048x2048":["https:\/\/shop.hanaton.hu\/wp-content\/uploads\/at-oc9xml_01.png",2000,2000,false],"woocommerce_thumbnail":["https:\/\/shop.hanaton.hu\/wp-content\/uploads\/at-oc9xml_01-300x300.png",300,300,true],"woocommerce_single":["https:\/\/shop.hanaton.hu\/wp-content\/uploads\/at-oc9xml_01-600x600.png",600,600,true],"woocommerce_gallery_thumbnail":["https:\/\/shop.hanaton.hu\/wp-content\/uploads\/at-oc9xml_01-100x100.png",100,100,true]},"uagb_author_info":{"display_name":"admin","author_link":"https:\/\/shop.hanaton.hu\/?author=0"},"uagb_comment_info":0,"uagb_excerpt":"Az OC9 hangszed\u0151-sorozat \u00faj gener\u00e1ci\u00f3ja T\u00f6bb mint 30 \u00e9ve t\u00f6rt\u00e9nt bemutat\u00e1sa \u00f3ta az Audio-Technica \u00fatt\u00f6r\u0151 OC9 mozg\u00f3tekercs hangszed\u0151-sorozata kedvelt a v\u00e1logat\u00f3s vinilsl\u00e1geres hallgat\u00f3k \u00e9s a szakmai kritikusok k\u00f6r\u00e9ben egyar\u00e1nt, mivel p\u00e1ratlan zenei transzparenci\u00e1j\u00e1t, hangkifejez\u00e9s\u00e9nek er\u0151forr\u00e1sait \u00e9s prec\u00edz konstru\u00e1l\u00e1s\u00e1t \u00e9rt\u00e9kelik. Az \u00faj modell komplex mikroline\u00e1ris gy\u00e9m\u00e1ntprofil\u00fa t\u0171vel rendelkezik, amely magasabb frekvencia\u00e1tvitelt, eddig nem tapasztalt r\u00e9szletgazdags\u00e1got \u00e9s&hellip;","_links":{"self":[{"href":"https:\/\/shop.hanaton.hu\/index.php?rest_route=\/wp\/v2\/product\/1161","targetHints":{"allow":["GET"]}}],"collection":[{"href":"https:\/\/shop.hanaton.hu\/index.php?rest_route=\/wp\/v2\/product"}],"about":[{"href":"https:\/\/shop.hanaton.hu\/index.php?rest_route=\/wp\/v2\/types\/product"}],"replies":[{"embeddable":true,"href":"https:\/\/shop.hanaton.hu\/index.php?rest_route=%2Fwp%2Fv2%2Fcomments&post=1161"}],"wp:featuredmedia":[{"embeddable":true,"href":"https:\/\/shop.hanaton.hu\/index.php?rest_route=\/wp\/v2\/media\/1341"}],"wp:attachment":[{"href":"https:\/\/shop.hanaton.hu\/index.php?rest_route=%2Fwp%2Fv2%2Fmedia&parent=1161"}],"wp:term":[{"taxonomy":"product_brand","embeddable":true,"href":"https:\/\/shop.hanaton.hu\/index.php?rest_route=%2Fwp%2Fv2%2Fproduct_brand&post=1161"},{"taxonomy":"product_cat","embeddable":true,"href":"https:\/\/shop.hanaton.hu\/index.php?rest_route=%2Fwp%2Fv2%2Fproduct_cat&post=1161"},{"taxonomy":"product_tag","embeddable":true,"href":"https:\/\/shop.hanaton.hu\/index.php?rest_route=%2Fwp%2Fv2%2Fproduct_tag&post=1161"}],"curies":[{"name":"wp","href":"https:\/\/api.w.org\/{rel}","templated":true}]}}