{"id":1158,"date":"2025-12-13T21:00:34","date_gmt":"2025-12-13T20:00:34","guid":{"rendered":"https:\/\/shop.hanaton.hu\/?product=audio-technica-at-art9xi-dual-moving-coil-stereo-cartridge"},"modified":"2025-12-14T21:48:19","modified_gmt":"2025-12-14T20:48:19","slug":"audio-technica-at-art9xi-dual-moving-coil-stereo-cartridge","status":"publish","type":"product","link":"https:\/\/shop.hanaton.hu\/?product=audio-technica-at-art9xi-dual-moving-coil-stereo-cartridge","title":{"rendered":"Audio Technica AT-ART9XI Dual Moving Coil Stereo Cartridge"},"content":{"rendered":"<table class=\"product__attributes product__table active\">\n<tbody>\n<tr class=\"attributes__group-title\">\n<th class=\"attributes__group-title--text\" colspan=\"2\" scope=\"rowgroup\">hangszed\u0151 \u00e9s t\u0171<\/th>\n<\/tr>\n<tr class=\"attributes__tr\">\n<th class=\"attributes__th\" scope=\"row\">Frekvencia \u00e1tvitel<\/th>\n<td class=\"attributes__td\" data-th=\"Frekvencia \u00e1tvitel\">20-50,000 Hz<\/td>\n<\/tr>\n<tr class=\"attributes__tr\">\n<th class=\"attributes__th\" scope=\"row\">Csatorna szepar\u00e1ci\u00f3<\/th>\n<td class=\"attributes__td\" data-th=\"Csatorna szepar\u00e1ci\u00f3\">30 (dB at 1 kHz)<\/td>\n<\/tr>\n<tr class=\"attributes__tr\">\n<th class=\"attributes__th\" scope=\"row\">Vertik\u00e1lis k\u00f6vet\u00e9si sz\u00f6g<\/th>\n<td class=\"attributes__td\" data-th=\"Vertik\u00e1lis k\u00f6vet\u00e9si sz\u00f6g\">20\u00b0<\/td>\n<\/tr>\n<tr class=\"attributes__tr\">\n<th class=\"attributes__th\" scope=\"row\">Vertical Tracking Force<\/th>\n<td class=\"attributes__td\" data-th=\"Vertical Tracking Force\">1.6-2.0 g (1.8 g standard)<\/td>\n<\/tr>\n<tr class=\"attributes__tr\">\n<th class=\"attributes__th\" scope=\"row\">T\u0171 konstrukci\u00f3<\/th>\n<td class=\"attributes__td\" data-th=\"T\u0171 konstrukci\u00f3\">Nude<\/td>\n<\/tr>\n<tr class=\"attributes__tr\">\n<th class=\"attributes__th\" scope=\"row\">Aj\u00e1nlott terhel\u0151 impedancia<\/th>\n<td class=\"attributes__td\" data-th=\"Aj\u00e1nlott terhel\u0151 impedancia\">Min. 100 ohms (when head amplifier connected)<\/td>\n<\/tr>\n<tr class=\"attributes__tr\">\n<th class=\"attributes__th\" scope=\"row\">Tekercs impedancia<\/th>\n<td class=\"attributes__td\" data-th=\"Tekercs impedancia\">12 ohms (1 kHz)<\/td>\n<\/tr>\n<tr class=\"attributes__tr\">\n<th class=\"attributes__th\" scope=\"row\">DC ellen\u00e1ll\u00e1s<\/th>\n<td class=\"attributes__td\" data-th=\"DC ellen\u00e1ll\u00e1s\">12 ohms<\/td>\n<\/tr>\n<tr class=\"attributes__tr\">\n<th class=\"attributes__th\" scope=\"row\">Tekercs induktancia<\/th>\n<td class=\"attributes__td\" data-th=\"Tekercs induktancia\">25 \u00b5H (1 kHz)<\/td>\n<\/tr>\n<tr class=\"attributes__tr\">\n<th class=\"attributes__th\" scope=\"row\">Kimeneti fesz\u00fclts\u00e9g<\/th>\n<td class=\"attributes__td\" data-th=\"Kimeneti fesz\u00fclts\u00e9g\">0.5 mV (1 kHz, 5 cm\/sec.)<\/td>\n<\/tr>\n<tr class=\"attributes__tr\">\n<th class=\"attributes__th\" scope=\"row\">Kimeneti csatorna egyens\u00faly<\/th>\n<td class=\"attributes__td\" data-th=\"Kimeneti csatorna egyens\u00faly\">0.5 dB (1 kHz)<\/td>\n<\/tr>\n<tr class=\"attributes__tr\">\n<th class=\"attributes__th\" scope=\"row\">T\u0171forma<\/th>\n<td class=\"attributes__td\" data-th=\"T\u0171forma\">Special line contact<\/td>\n<\/tr>\n<tr class=\"attributes__tr\">\n<th class=\"attributes__th\" scope=\"row\">T\u0171sz\u00e1r<\/th>\n<td class=\"attributes__td\" data-th=\"T\u0171sz\u00e1r\">0.28 mm diameter solid boron<\/td>\n<\/tr>\n<tr class=\"attributes__tr\">\n<th class=\"attributes__th\" scope=\"row\">Statikus enged\u00e9kenys\u00e9g<\/th>\n<td class=\"attributes__td\" data-th=\"Statikus enged\u00e9kenys\u00e9g\">25 x 10-6 cm\/dyne<\/td>\n<\/tr>\n<tr class=\"attributes__tr\">\n<th class=\"attributes__th\" scope=\"row\">Dinamikus enged\u00e9kenys\u00e9g<\/th>\n<td class=\"attributes__td\" data-th=\"Dinamikus enged\u00e9kenys\u00e9g\">15 x 10-6 cm\/dyne (100 Hz)<\/td>\n<\/tr>\n<tr class=\"attributes__tr\">\n<th class=\"attributes__th\" scope=\"row\">Felfogat\u00e1s<\/th>\n<td class=\"attributes__td\" data-th=\"Felfogat\u00e1s\">Half-inch<\/td>\n<\/tr>\n<tr class=\"attributes__tr\">\n<th class=\"attributes__th\" scope=\"row\">Hangszed\u0151 t\u00f6meg<\/th>\n<td class=\"attributes__td\" data-th=\"Hangszed\u0151 t\u00f6meg\">8.5 g (0.30 oz)<\/td>\n<\/tr>\n<tr class=\"attributes__tr\">\n<th class=\"attributes__th\" scope=\"row\">M\u00e9retek<\/th>\n<td class=\"attributes__td\" data-th=\"M\u00e9retek\">17.3 mm (0.68&#8243;) H \u00d7 16.8 mm (0.66&#8243;) W \u00d7 25.0 mm (0.98&#8243;) D<\/td>\n<\/tr>\n<tr class=\"attributes__tr\">\n<th class=\"attributes__th\" scope=\"row\">Mell\u00e9kelt tartoz\u00e9kok<\/th>\n<td class=\"attributes__td\" data-th=\"Mell\u00e9kelt tartoz\u00e9kok\">Non-magnetic screwdriver; 2 washers; cartridge installation screws (M2.6) (5.0 mm \u00d7 2, 8.0 mm \u00d7 2, 10.0 mm x 2, 12.0 mm x 2); protector; brush<\/td>\n<\/tr>\n<tr class=\"attributes__tr\">\n<th class=\"attributes__th\" scope=\"row\">Threaded Hole<\/th>\n<td class=\"attributes__td\" data-th=\"Threaded Hole\">M2.6 x 2<\/td>\n<\/tr>\n<tr class=\"attributes__tr\">\n<th class=\"attributes__th\" scope=\"row\">Notes<\/th>\n<td class=\"attributes__td\" data-th=\"Notes\">Note: moving coil cartridges require receivers or preamps with compatible inputs; their stylus assemblies are not field-replaceable.<\/td>\n<\/tr>\n<\/tbody>\n<\/table>\n<div class=\"product__attributes--button\"><\/div>\n","protected":false},"excerpt":{"rendered":"<p class=\"my-2 [&amp;+p]:mt-4 [&amp;_strong:has(+br)]:inline-block [&amp;_strong:has(+br)]:pb-2\"><strong>Az AT-ART9XI<\/strong> egy <strong>speci\u00e1lis vonalvez\u00e9rl\u00e9s\u0171 t\u0171vel<\/strong> \u00e9s <strong>0,28 mm \u00e1tm\u00e9r\u0151j\u0171 szil\u00e1rd b\u00f3r cantileverrel<\/strong>felszerelt m\u00e1gneses mag\u00fa MC-hangszed\u0151, amely az Audio-Technica leg\u00fajabb z\u00e1szl\u00f3shaj\u00f3ja, \u00e9s helyettes\u00edti az AT-ART9 modellt.<\/p>\n<p class=\"my-2 [&amp;+p]:mt-4 [&amp;_strong:has(+br)]:inline-block [&amp;_strong:has(+br)]:pb-2\">Az <strong>AT-ART9XI<\/strong> az <a class=\"reset interactable cursor-pointer decoration-1 underline-offset-1 text-super hover:underline font-semibold\" href=\"https:\/\/www.audio-technica.com\/hu-hu\/authorised-retailers\" target=\"_blank\" rel=\"nofollow noopener\"><span class=\"text-box-trim-both\">Audio-Technica Excellence Product<\/span><\/a> kit\u00fcntet\u0151 c\u00edm visel\u0151je \u2013 ez a jel\u00f6l\u00e9s olyan term\u00e9keket azonos\u00edt, amelyek megfelelnek a legmagasabb szint\u0171 hi-fi teljes\u00edtm\u00e9nyre vonatkoz\u00f3 k\u00f6vetelm\u00e9nyeinknek.<\/p>\n<p class=\"my-2 [&amp;+p]:mt-4 [&amp;_strong:has(+br)]:inline-block [&amp;_strong:has(+br)]:pb-2\">Az <strong>\u201eART&#8221;<\/strong> r\u00f6vid\u00edt\u00e9s az <strong>Audio-Technica Reference Transducer<\/strong> (Audio-Technica Referencia \u00c1talak\u00edt\u00f3) kifejez\u00e9sb\u0151l ered \u2013 ezt a megnevez\u00e9st csak a legfels\u0151 szint\u0171 fono-hangszed\u0151inkre osztjuk ki. Az egyedileg tervezett m\u00e1gneses \u00e1ramk\u00f6r <strong>0,5 mV kimeneti fesz\u00fclts\u00e9get<\/strong> biztos\u00edt (1 kHz, 5 cm\/sec), amely k\u00f6nny\u0171 kezelhet\u0151s\u00e9get tesz lehet\u0151v\u00e9, \u00e9s m\u00e9g a legfinomabb zenei \u00e1rnyalatokat is k\u00e9pes visszaadni, mik\u00f6zben biztos\u00edtja a dinamikus lej\u00e1tsz\u00e1st. A <strong>kett\u0151s mozg\u00f3tekercs<\/strong> (magas teljes\u00edtm\u00e9ny\u0171 <strong>PCOCC vezet\u00e9kb\u0151l<\/strong> k\u00e9sz\u00fclt) ford\u00edtott V alakban van elrendezve, amely kiv\u00e1l\u00f3 sz\u00e9tv\u00e1laszt\u00e1st \u00e9s sz\u00e9les frekvencia\u00e1tvitelt ny\u00fajt, \u00edgy tiszta hangk\u00e9pet, minim\u00e1lis torz\u00edt\u00e1st \u00e9s pontos t\u00e9rbeli lokaliz\u00e1ci\u00f3t biztos\u00edt. A <strong>menetes r\u00f6gz\u00edt\u0151furat\u00fa<\/strong> tervez\u00e9s lehet\u0151v\u00e9 teszi a headshellre vagy az integr\u00e1lt hangkarra val\u00f3 egyszer\u0171 \u00e9s gyors felszerel\u00e9st.<\/p>\n","protected":false},"featured_media":1335,"comment_status":"open","ping_status":"closed","template":"","meta":{"_uag_custom_page_level_css":"","site-sidebar-layout":"default","site-content-layout":"","ast-site-content-layout":"default","site-content-style":"default","site-sidebar-style":"default","ast-global-header-display":"","ast-banner-title-visibility":"","ast-main-header-display":"","ast-hfb-above-header-display":"","ast-hfb-below-header-display":"","ast-hfb-mobile-header-display":"","site-post-title":"","ast-breadcrumbs-content":"","ast-featured-img":"","footer-sml-layout":"","ast-disable-related-posts":"","theme-transparent-header-meta":"default","adv-header-id-meta":"","stick-header-meta":"","header-above-stick-meta":"","header-main-stick-meta":"","header-below-stick-meta":"","astra-migrate-meta-layouts":"set","ast-page-background-enabled":"default","ast-page-background-meta":{"desktop":{"background-color":"var(--ast-global-color-4)","background-image":"","background-repeat":"repeat","background-position":"center center","background-size":"auto","background-attachment":"scroll","background-type":"","background-media":"","overlay-type":"","overlay-color":"","overlay-opacity":"","overlay-gradient":""},"tablet":{"background-color":"","background-image":"","background-repeat":"repeat","background-position":"center center","background-size":"auto","background-attachment":"scroll","background-type":"","background-media":"","overlay-type":"","overlay-color":"","overlay-opacity":"","overlay-gradient":""},"mobile":{"background-color":"","background-image":"","background-repeat":"repeat","background-position":"center center","background-size":"auto","background-attachment":"scroll","background-type":"","background-media":"","overlay-type":"","overlay-color":"","overlay-opacity":"","overlay-gradient":""}},"ast-content-background-meta":{"desktop":{"background-color":"var(--ast-global-color-5)","background-image":"","background-repeat":"repeat","background-position":"center center","background-size":"auto","background-attachment":"scroll","background-type":"","background-media":"","overlay-type":"","overlay-color":"","overlay-opacity":"","overlay-gradient":""},"tablet":{"background-color":"var(--ast-global-color-5)","background-image":"","background-repeat":"repeat","background-position":"center center","background-size":"auto","background-attachment":"scroll","background-type":"","background-media":"","overlay-type":"","overlay-color":"","overlay-opacity":"","overlay-gradient":""},"mobile":{"background-color":"var(--ast-global-color-5)","background-image":"","background-repeat":"repeat","background-position":"center center","background-size":"auto","background-attachment":"scroll","background-type":"","background-media":"","overlay-type":"","overlay-color":"","overlay-opacity":"","overlay-gradient":""}}},"product_brand":[],"product_cat":[49,54],"product_tag":[],"class_list":{"0":"post-1158","1":"product","2":"type-product","3":"status-publish","4":"has-post-thumbnail","6":"product_cat-hangszedo","7":"product_cat-tuk-es-hangszedo","8":"desktop-align-left","9":"tablet-align-left","10":"mobile-align-left","12":"first","13":"instock","14":"taxable","15":"shipping-taxable","16":"purchasable","17":"product-type-simple"},"supplier_id":null,"supplier_sku":"","barcode":null,"atum_controlled":true,"out_stock_date":null,"out_stock_threshold":null,"inheritable":false,"inbound_stock":0,"stock_on_hold":0,"sold_today":0,"sales_last_days":0,"reserved_stock":0,"customer_returns":0,"warehouse_damage":0,"lost_in_post":0,"other_logs":0,"out_stock_days":0,"lost_sales":0,"has_location":false,"update_date":"2026-04-29T04:22:30","atum_locations":[],"atum_stock_status":"instock","restock_status":false,"low_stock_amount":"","sales_update_date":"2026-04-29T04:22:30","calc_backorders":null,"uagb_featured_image_src":{"full":["https:\/\/shop.hanaton.hu\/wp-content\/uploads\/at-art9xi_01.png.webp",2000,2000,false],"thumbnail":["https:\/\/shop.hanaton.hu\/wp-content\/uploads\/at-art9xi_01.png-150x150.webp",150,150,true],"medium":["https:\/\/shop.hanaton.hu\/wp-content\/uploads\/at-art9xi_01.png-300x300.webp",300,300,true],"medium_large":["https:\/\/shop.hanaton.hu\/wp-content\/uploads\/at-art9xi_01.png-768x768.webp",768,768,true],"large":["https:\/\/shop.hanaton.hu\/wp-content\/uploads\/at-art9xi_01.png-1024x1024.webp",1024,1024,true],"1536x1536":["https:\/\/shop.hanaton.hu\/wp-content\/uploads\/at-art9xi_01.png-1536x1536.webp",1536,1536,true],"2048x2048":["https:\/\/shop.hanaton.hu\/wp-content\/uploads\/at-art9xi_01.png.webp",2000,2000,false],"woocommerce_thumbnail":["https:\/\/shop.hanaton.hu\/wp-content\/uploads\/at-art9xi_01.png-300x300.webp",300,300,true],"woocommerce_single":["https:\/\/shop.hanaton.hu\/wp-content\/uploads\/at-art9xi_01.png-600x600.webp",600,600,true],"woocommerce_gallery_thumbnail":["https:\/\/shop.hanaton.hu\/wp-content\/uploads\/at-art9xi_01.png-100x100.webp",100,100,true]},"uagb_author_info":{"display_name":"admin","author_link":"https:\/\/shop.hanaton.hu\/?author=0"},"uagb_comment_info":0,"uagb_excerpt":"Az AT-ART9XI egy speci\u00e1lis vonalvez\u00e9rl\u00e9s\u0171 t\u0171vel \u00e9s 0,28 mm \u00e1tm\u00e9r\u0151j\u0171 szil\u00e1rd b\u00f3r cantileverrelfelszerelt m\u00e1gneses mag\u00fa MC-hangszed\u0151, amely az Audio-Technica leg\u00fajabb z\u00e1szl\u00f3shaj\u00f3ja, \u00e9s helyettes\u00edti az AT-ART9 modellt. Az AT-ART9XI az Audio-Technica Excellence Product kit\u00fcntet\u0151 c\u00edm visel\u0151je \u2013 ez a jel\u00f6l\u00e9s olyan term\u00e9keket azonos\u00edt, amelyek megfelelnek a legmagasabb szint\u0171 hi-fi teljes\u00edtm\u00e9nyre vonatkoz\u00f3 k\u00f6vetelm\u00e9nyeinknek. Az \u201eART\" r\u00f6vid\u00edt\u00e9s az&hellip;","_links":{"self":[{"href":"https:\/\/shop.hanaton.hu\/index.php?rest_route=\/wp\/v2\/product\/1158","targetHints":{"allow":["GET"]}}],"collection":[{"href":"https:\/\/shop.hanaton.hu\/index.php?rest_route=\/wp\/v2\/product"}],"about":[{"href":"https:\/\/shop.hanaton.hu\/index.php?rest_route=\/wp\/v2\/types\/product"}],"replies":[{"embeddable":true,"href":"https:\/\/shop.hanaton.hu\/index.php?rest_route=%2Fwp%2Fv2%2Fcomments&post=1158"}],"wp:featuredmedia":[{"embeddable":true,"href":"https:\/\/shop.hanaton.hu\/index.php?rest_route=\/wp\/v2\/media\/1335"}],"wp:attachment":[{"href":"https:\/\/shop.hanaton.hu\/index.php?rest_route=%2Fwp%2Fv2%2Fmedia&parent=1158"}],"wp:term":[{"taxonomy":"product_brand","embeddable":true,"href":"https:\/\/shop.hanaton.hu\/index.php?rest_route=%2Fwp%2Fv2%2Fproduct_brand&post=1158"},{"taxonomy":"product_cat","embeddable":true,"href":"https:\/\/shop.hanaton.hu\/index.php?rest_route=%2Fwp%2Fv2%2Fproduct_cat&post=1158"},{"taxonomy":"product_tag","embeddable":true,"href":"https:\/\/shop.hanaton.hu\/index.php?rest_route=%2Fwp%2Fv2%2Fproduct_tag&post=1158"}],"curies":[{"name":"wp","href":"https:\/\/api.w.org\/{rel}","templated":true}]}}