{"id":1156,"date":"2025-12-13T21:00:33","date_gmt":"2025-12-13T20:00:33","guid":{"rendered":"https:\/\/shop.hanaton.hu\/?product=audio-technica-at-art20-dual-moving-coil-stereo-cartridge"},"modified":"2025-12-14T21:48:19","modified_gmt":"2025-12-14T20:48:19","slug":"audio-technica-at-art20-dual-moving-coil-stereo-cartridge","status":"publish","type":"product","link":"https:\/\/shop.hanaton.hu\/?product=audio-technica-at-art20-dual-moving-coil-stereo-cartridge","title":{"rendered":"Audio Technica AT-ART20 Kett\u0151s mozg\u00f3tekercs\u0171 sztere\u00f3 hangszed\u0151"},"content":{"rendered":"<table class=\"product__attributes product__table active\">\n<tbody>\n<tr class=\"attributes__group-title\">\n<th class=\"attributes__group-title--text\" colspan=\"2\" scope=\"rowgroup\">hangszed\u0151 \u00e9s t\u0171<\/th>\n<\/tr>\n<tr class=\"attributes__tr\">\n<th class=\"attributes__th\" scope=\"row\">Frekvencia \u00e1tvitel<\/th>\n<td class=\"attributes__td\" data-th=\"Frekvencia \u00e1tvitel\">20 \u2013 50\u202f000\u202fHz<\/td>\n<\/tr>\n<tr class=\"attributes__tr\">\n<th class=\"attributes__th\" scope=\"row\">Csatorna szepar\u00e1ci\u00f3<\/th>\n<td class=\"attributes__td\" data-th=\"Csatorna szepar\u00e1ci\u00f3\">30 dB (1 kHz)<\/td>\n<\/tr>\n<tr class=\"attributes__tr\">\n<th class=\"attributes__th\" scope=\"row\">Vertik\u00e1lis k\u00f6vet\u00e9si sz\u00f6g<\/th>\n<td class=\"attributes__td\" data-th=\"Vertik\u00e1lis k\u00f6vet\u00e9si sz\u00f6g\">20\u00b0<\/td>\n<\/tr>\n<tr class=\"attributes__tr\">\n<th class=\"attributes__th\" scope=\"row\">Vertical Tracking Force<\/th>\n<td class=\"attributes__td\" data-th=\"Vertical Tracking Force\">1,6 \u2013 2,0\u202fg (alap\u00e9rtelmezetten 1,8\u202fg)<\/td>\n<\/tr>\n<tr class=\"attributes__tr\">\n<th class=\"attributes__th\" scope=\"row\">T\u0171 konstrukci\u00f3<\/th>\n<td class=\"attributes__td\" data-th=\"T\u0171 konstrukci\u00f3\">Csupasz<\/td>\n<\/tr>\n<tr class=\"attributes__tr\">\n<th class=\"attributes__th\" scope=\"row\">Aj\u00e1nlott terhel\u0151 impedancia<\/th>\n<td class=\"attributes__td\" data-th=\"Aj\u00e1nlott terhel\u0151 impedancia\">\u2265 100 ohm (el\u0151er\u0151s\u00edt\u0151 csatlakoztat\u00e1sa eset\u00e9n)<\/td>\n<\/tr>\n<tr class=\"attributes__tr\">\n<th class=\"attributes__th\" scope=\"row\">Tekercs impedancia<\/th>\n<td class=\"attributes__td\" data-th=\"Tekercs impedancia\">12 ohm (1 kHz)<\/td>\n<\/tr>\n<tr class=\"attributes__tr\">\n<th class=\"attributes__th\" scope=\"row\">DC ellen\u00e1ll\u00e1s<\/th>\n<td class=\"attributes__td\" data-th=\"DC ellen\u00e1ll\u00e1s\">12 ohm<\/td>\n<\/tr>\n<tr class=\"attributes__tr\">\n<th class=\"attributes__th\" scope=\"row\">Tekercs induktancia<\/th>\n<td class=\"attributes__td\" data-th=\"Tekercs induktancia\">25 \u03bcH (1 kHz)<\/td>\n<\/tr>\n<tr class=\"attributes__tr\">\n<th class=\"attributes__th\" scope=\"row\">Kimeneti fesz\u00fclts\u00e9g<\/th>\n<td class=\"attributes__td\" data-th=\"Kimeneti fesz\u00fclts\u00e9g\">0.55 mV (1 kHz, 5 cm\/sec.)<\/td>\n<\/tr>\n<tr class=\"attributes__tr\">\n<th class=\"attributes__th\" scope=\"row\">T\u0171forma<\/th>\n<td class=\"attributes__td\" data-th=\"T\u0171forma\">Speci\u00e1lis vonalkapcsolatos<\/td>\n<\/tr>\n<tr class=\"attributes__tr\">\n<th class=\"attributes__th\" scope=\"row\">T\u0171sz\u00e1r<\/th>\n<td class=\"attributes__td\" data-th=\"T\u0171sz\u00e1r\">0,28\u202fmm \u00e1tm\u00e9r\u0151j\u0171 t\u00f6m\u00f6r b\u0151r<\/td>\n<\/tr>\n<tr class=\"attributes__tr\">\n<th class=\"attributes__th\" scope=\"row\">Statikus enged\u00e9kenys\u00e9g<\/th>\n<td class=\"attributes__td\" data-th=\"Statikus enged\u00e9kenys\u00e9g\">23 \u00d7 10-6 cm\/dyne<\/td>\n<\/tr>\n<tr class=\"attributes__tr\">\n<th class=\"attributes__th\" scope=\"row\">Dinamikus enged\u00e9kenys\u00e9g<\/th>\n<td class=\"attributes__td\" data-th=\"Dinamikus enged\u00e9kenys\u00e9g\">13 \u00d7 10-6 cm\/dyne (100 Hz)<\/td>\n<\/tr>\n<tr class=\"attributes__tr\">\n<th class=\"attributes__th\" scope=\"row\">Hangszed\u0151 t\u00f6meg<\/th>\n<td class=\"attributes__td\" data-th=\"Hangszed\u0151 t\u00f6meg\">9,0 g<\/td>\n<\/tr>\n<tr class=\"attributes__tr\">\n<th class=\"attributes__th\" scope=\"row\">M\u00e9retek<\/th>\n<td class=\"attributes__td\" data-th=\"M\u00e9retek\">17,3\u202fmm\u202f\u00d7\u202f16,8\u202fmm\u202f\u00d7\u202f26,6\u202fmm (Ma\u00d7Sz\u00e9\u00d7M\u00e9)<\/td>\n<\/tr>\n<tr class=\"attributes__tr\">\n<th class=\"attributes__th\" scope=\"row\">Mell\u00e9kelt tartoz\u00e9kok<\/th>\n<td class=\"attributes__td\" data-th=\"Mell\u00e9kelt tartoz\u00e9kok\">Nem m\u00e1gneses csavarh\u00faz\u00f3, kefe, 2 db al\u00e1t\u00e9t, a gramofont\u0171 telep\u00edt\u00e9s\u00e9hez sz\u00fcks\u00e9ges csavarok (M2,6) (5,0\u202fmm \u00d7\u202f2, 8,0\u202fmm \u00d7 2, 10,0\u202fmm \u00d7 2, 12,0 mm \u00d7 2), v\u00e9d\u0151<\/td>\n<\/tr>\n<tr class=\"attributes__tr\">\n<th class=\"attributes__th\" scope=\"row\">Threaded Hole<\/th>\n<td class=\"attributes__td\" data-th=\"Threaded Hole\">M2,6 \u00d7 2<\/td>\n<\/tr>\n<tr class=\"attributes__tr\">\n<th class=\"attributes__th\" scope=\"row\">T\u0171 g\u00f6rb\u00fcleti sugara<\/th>\n<td class=\"attributes__td\" data-th=\"T\u0171 g\u00f6rb\u00fcleti sugara\">1,5 \u00d7 0,28 mil<\/td>\n<\/tr>\n<tr class=\"attributes__tr\">\n<th class=\"attributes__th\" scope=\"row\">T\u00edpus<\/th>\n<td class=\"attributes__td\" data-th=\"T\u00edpus\">M\u00e1gnesmagos<\/td>\n<\/tr>\n<\/tbody>\n<\/table>\n<div class=\"product__attributes--button\"><\/div>\n","protected":false},"excerpt":{"rendered":"<div class=\"product-hero__content\">\n<div class=\"product-hero__intro-text\">\n<p>Az Audio-Technika \u00f6r\u00f6mmel mutatja be az AT-ART20-at, az ART-term\u00e9kcsal\u00e1d leg\u00fajabb hangszed\u0151j\u00e9t, amelynek seg\u00edts\u00e9g\u00e9vel egy teljesen \u00faj hangz\u00e1svil\u00e1got tapasztalhat meg. A kor\u00e1bbi, fels\u0151kateg\u00f3ri\u00e1s berendez\u00e9seinkben jelen l\u00e9v\u0151 m\u00e1gnesmagos hangszed\u0151kh\u00f6z hasonl\u00f3an az AT-ART20 kifejleszt\u00e9se sor\u00e1n is k\u00e9t c\u00e9lunk volt: reproduk\u00e1lni a fel\u00fclm\u00falhatatlan anal\u00f3g hanghat\u00e1st \u00e9s optimaliz\u00e1lni a m\u00e1gnesmagos hangszed\u0151k teljes\u00edtm\u00e9ny\u00e9t \u00e9s el\u0151nyeit.<\/p>\n<p>A hangszed\u0151technol\u00f3gia \u00e9s a hossz\u00fa t\u00f6rt\u00e9nelm\u00fcnk sor\u00e1n \u00f6sszegy\u0171jt\u00f6tt szak\u00e9rtelm\u00fcnk alapj\u00e1n, kar\u00f6ltve a legjobb alapanyagok \u00e9s fejlett feldolgoz\u00f3technik\u00e1k alkalmaz\u00e1s\u00e1val egy olyan m\u00e1gnesmagos, mozg\u00f3 tekercses hangszed\u0151t fejlesztett\u00fcnk ki, amely optim\u00e1lis kialak\u00edt\u00e1s\u00e1nak h\u00e1la k\u00e9pes az eredeti felv\u00e9tel teljes kifejez\u0151k\u00e9szs\u00e9g\u00e9ben reproduk\u00e1lni a hangot.<\/p>\n<p><span data-teams=\"true\">Az AT-ART20 az <a href=\"https:\/\/www.audio-technica.com\/hu-hu\/authorised-retailers\">Audio-Technica Excellence Product<\/a> min\u0151s\u00edt\u00e9st kapta, amely elismer\u00e9s azokat a term\u00e9keket jel\u00f6li, amelyek megfelelnek a magas hangh\u0171s\u00e9gre vonatkoz\u00f3 legmagasabb elv\u00e1r\u00e1sainknak.<\/span><\/p>\n<\/div>\n<\/div>\n<div class=\"product-hero__image\"><\/div>\n","protected":false},"featured_media":1351,"comment_status":"open","ping_status":"closed","template":"","meta":{"_uag_custom_page_level_css":"","site-sidebar-layout":"default","site-content-layout":"","ast-site-content-layout":"default","site-content-style":"default","site-sidebar-style":"default","ast-global-header-display":"","ast-banner-title-visibility":"","ast-main-header-display":"","ast-hfb-above-header-display":"","ast-hfb-below-header-display":"","ast-hfb-mobile-header-display":"","site-post-title":"","ast-breadcrumbs-content":"","ast-featured-img":"","footer-sml-layout":"","ast-disable-related-posts":"","theme-transparent-header-meta":"default","adv-header-id-meta":"","stick-header-meta":"","header-above-stick-meta":"","header-main-stick-meta":"","header-below-stick-meta":"","astra-migrate-meta-layouts":"set","ast-page-background-enabled":"default","ast-page-background-meta":{"desktop":{"background-color":"var(--ast-global-color-4)","background-image":"","background-repeat":"repeat","background-position":"center center","background-size":"auto","background-attachment":"scroll","background-type":"","background-media":"","overlay-type":"","overlay-color":"","overlay-opacity":"","overlay-gradient":""},"tablet":{"background-color":"","background-image":"","background-repeat":"repeat","background-position":"center center","background-size":"auto","background-attachment":"scroll","background-type":"","background-media":"","overlay-type":"","overlay-color":"","overlay-opacity":"","overlay-gradient":""},"mobile":{"background-color":"","background-image":"","background-repeat":"repeat","background-position":"center center","background-size":"auto","background-attachment":"scroll","background-type":"","background-media":"","overlay-type":"","overlay-color":"","overlay-opacity":"","overlay-gradient":""}},"ast-content-background-meta":{"desktop":{"background-color":"var(--ast-global-color-5)","background-image":"","background-repeat":"repeat","background-position":"center center","background-size":"auto","background-attachment":"scroll","background-type":"","background-media":"","overlay-type":"","overlay-color":"","overlay-opacity":"","overlay-gradient":""},"tablet":{"background-color":"var(--ast-global-color-5)","background-image":"","background-repeat":"repeat","background-position":"center center","background-size":"auto","background-attachment":"scroll","background-type":"","background-media":"","overlay-type":"","overlay-color":"","overlay-opacity":"","overlay-gradient":""},"mobile":{"background-color":"var(--ast-global-color-5)","background-image":"","background-repeat":"repeat","background-position":"center center","background-size":"auto","background-attachment":"scroll","background-type":"","background-media":"","overlay-type":"","overlay-color":"","overlay-opacity":"","overlay-gradient":""}}},"product_brand":[],"product_cat":[49,54],"product_tag":[],"class_list":{"0":"post-1156","1":"product","2":"type-product","3":"status-publish","4":"has-post-thumbnail","6":"product_cat-hangszedo","7":"product_cat-tuk-es-hangszedo","8":"desktop-align-left","9":"tablet-align-left","10":"mobile-align-left","12":"first","13":"instock","14":"taxable","15":"shipping-taxable","16":"purchasable","17":"product-type-simple"},"supplier_id":null,"supplier_sku":"","barcode":null,"atum_controlled":true,"out_stock_date":null,"out_stock_threshold":null,"inheritable":false,"inbound_stock":0,"stock_on_hold":0,"sold_today":0,"sales_last_days":0,"reserved_stock":0,"customer_returns":0,"warehouse_damage":0,"lost_in_post":0,"other_logs":0,"out_stock_days":0,"lost_sales":0,"has_location":false,"update_date":"2026-04-29T04:22:30","atum_locations":[],"atum_stock_status":"instock","restock_status":false,"low_stock_amount":"","sales_update_date":"2026-04-29T04:22:30","calc_backorders":null,"uagb_featured_image_src":{"full":["https:\/\/shop.hanaton.hu\/wp-content\/uploads\/at-art20_01.png.webp",2000,2000,false],"thumbnail":["https:\/\/shop.hanaton.hu\/wp-content\/uploads\/at-art20_01.png-150x150.webp",150,150,true],"medium":["https:\/\/shop.hanaton.hu\/wp-content\/uploads\/at-art20_01.png-300x300.webp",300,300,true],"medium_large":["https:\/\/shop.hanaton.hu\/wp-content\/uploads\/at-art20_01.png-768x768.webp",768,768,true],"large":["https:\/\/shop.hanaton.hu\/wp-content\/uploads\/at-art20_01.png-1024x1024.webp",1024,1024,true],"1536x1536":["https:\/\/shop.hanaton.hu\/wp-content\/uploads\/at-art20_01.png-1536x1536.webp",1536,1536,true],"2048x2048":["https:\/\/shop.hanaton.hu\/wp-content\/uploads\/at-art20_01.png.webp",2000,2000,false],"woocommerce_thumbnail":["https:\/\/shop.hanaton.hu\/wp-content\/uploads\/at-art20_01.png-300x300.webp",300,300,true],"woocommerce_single":["https:\/\/shop.hanaton.hu\/wp-content\/uploads\/at-art20_01.png-600x600.webp",600,600,true],"woocommerce_gallery_thumbnail":["https:\/\/shop.hanaton.hu\/wp-content\/uploads\/at-art20_01.png-100x100.webp",100,100,true]},"uagb_author_info":{"display_name":"admin","author_link":"https:\/\/shop.hanaton.hu\/?author=0"},"uagb_comment_info":0,"uagb_excerpt":"Az Audio-Technika \u00f6r\u00f6mmel mutatja be az AT-ART20-at, az ART-term\u00e9kcsal\u00e1d leg\u00fajabb hangszed\u0151j\u00e9t, amelynek seg\u00edts\u00e9g\u00e9vel egy teljesen \u00faj hangz\u00e1svil\u00e1got tapasztalhat meg. A kor\u00e1bbi, fels\u0151kateg\u00f3ri\u00e1s berendez\u00e9seinkben jelen l\u00e9v\u0151 m\u00e1gnesmagos hangszed\u0151kh\u00f6z hasonl\u00f3an az AT-ART20 kifejleszt\u00e9se sor\u00e1n is k\u00e9t c\u00e9lunk volt: reproduk\u00e1lni a fel\u00fclm\u00falhatatlan anal\u00f3g hanghat\u00e1st \u00e9s optimaliz\u00e1lni a m\u00e1gnesmagos hangszed\u0151k teljes\u00edtm\u00e9ny\u00e9t \u00e9s el\u0151nyeit. A hangszed\u0151technol\u00f3gia \u00e9s a hossz\u00fa t\u00f6rt\u00e9nelm\u00fcnk&hellip;","_links":{"self":[{"href":"https:\/\/shop.hanaton.hu\/index.php?rest_route=\/wp\/v2\/product\/1156","targetHints":{"allow":["GET"]}}],"collection":[{"href":"https:\/\/shop.hanaton.hu\/index.php?rest_route=\/wp\/v2\/product"}],"about":[{"href":"https:\/\/shop.hanaton.hu\/index.php?rest_route=\/wp\/v2\/types\/product"}],"replies":[{"embeddable":true,"href":"https:\/\/shop.hanaton.hu\/index.php?rest_route=%2Fwp%2Fv2%2Fcomments&post=1156"}],"wp:featuredmedia":[{"embeddable":true,"href":"https:\/\/shop.hanaton.hu\/index.php?rest_route=\/wp\/v2\/media\/1351"}],"wp:attachment":[{"href":"https:\/\/shop.hanaton.hu\/index.php?rest_route=%2Fwp%2Fv2%2Fmedia&parent=1156"}],"wp:term":[{"taxonomy":"product_brand","embeddable":true,"href":"https:\/\/shop.hanaton.hu\/index.php?rest_route=%2Fwp%2Fv2%2Fproduct_brand&post=1156"},{"taxonomy":"product_cat","embeddable":true,"href":"https:\/\/shop.hanaton.hu\/index.php?rest_route=%2Fwp%2Fv2%2Fproduct_cat&post=1156"},{"taxonomy":"product_tag","embeddable":true,"href":"https:\/\/shop.hanaton.hu\/index.php?rest_route=%2Fwp%2Fv2%2Fproduct_tag&post=1156"}],"curies":[{"name":"wp","href":"https:\/\/api.w.org\/{rel}","templated":true}]}}