{"id":1155,"date":"2025-12-13T21:00:33","date_gmt":"2025-12-13T20:00:33","guid":{"rendered":"https:\/\/shop.hanaton.hu\/?product=audio-technica-at33sa-moving-coil-cartridge-with-shibata-stylus"},"modified":"2026-03-17T09:03:20","modified_gmt":"2026-03-17T08:03:20","slug":"audio-technica-at33sa-moving-coil-cartridge-with-shibata-stylus","status":"publish","type":"product","link":"https:\/\/shop.hanaton.hu\/?product=audio-technica-at33sa-moving-coil-cartridge-with-shibata-stylus","title":{"rendered":"Audio Technica AT33SA Mozg\u00f3tekercses hangszed\u0151"},"content":{"rendered":"<table class=\"product__attributes product__table active\">\n<tbody>\n<tr class=\"attributes__group-title\">\n<th class=\"attributes__group-title--text\" colspan=\"2\" scope=\"rowgroup\">hangszed\u0151 \u00e9s t\u0171<\/th>\n<\/tr>\n<tr class=\"attributes__tr\">\n<th class=\"attributes__th\" scope=\"row\">Frekvencia \u00e1tvitel<\/th>\n<td class=\"attributes__td\" data-th=\"Frekvencia \u00e1tvitel\">15 &#8211; 50 000 Hz<\/td>\n<\/tr>\n<tr class=\"attributes__tr\">\n<th class=\"attributes__th\" scope=\"row\">Csatorna szepar\u00e1ci\u00f3<\/th>\n<td class=\"attributes__td\" data-th=\"Csatorna szepar\u00e1ci\u00f3\">30 dB (1kHz)<\/td>\n<\/tr>\n<tr class=\"attributes__tr\">\n<th class=\"attributes__th\" scope=\"row\">Vertik\u00e1lis k\u00f6vet\u00e9si sz\u00f6g<\/th>\n<td class=\"attributes__td\" data-th=\"Vertik\u00e1lis k\u00f6vet\u00e9si sz\u00f6g\">23\u00b0<\/td>\n<\/tr>\n<tr class=\"attributes__tr\">\n<th class=\"attributes__th\" scope=\"row\">Vertical Tracking Force<\/th>\n<td class=\"attributes__td\" data-th=\"Vertical Tracking Force\">1.8 to 2.2 g (standard 2.0 g)<\/td>\n<\/tr>\n<tr class=\"attributes__tr\">\n<th class=\"attributes__th\" scope=\"row\">T\u0171 konstrukci\u00f3<\/th>\n<td class=\"attributes__td\" data-th=\"T\u0171 konstrukci\u00f3\">N\u00e9gyzetes has\u00e1b t\u00f6mbb\u0151l csiszolt<\/td>\n<\/tr>\n<tr class=\"attributes__tr\">\n<th class=\"attributes__th\" scope=\"row\">Aj\u00e1nlott terhel\u0151 impedancia<\/th>\n<td class=\"attributes__td\" data-th=\"Aj\u00e1nlott terhel\u0151 impedancia\">Min 100 \u03a9<\/td>\n<\/tr>\n<tr class=\"attributes__tr\">\n<th class=\"attributes__th\" scope=\"row\">Tekercs impedancia<\/th>\n<td class=\"attributes__td\" data-th=\"Tekercs impedancia\">10 \u03a9 (1 kHz)<\/td>\n<\/tr>\n<tr class=\"attributes__tr\">\n<th class=\"attributes__th\" scope=\"row\">DC ellen\u00e1ll\u00e1s<\/th>\n<td class=\"attributes__td\" data-th=\"DC ellen\u00e1ll\u00e1s\">10 \u03a9<\/td>\n<\/tr>\n<tr class=\"attributes__tr\">\n<th class=\"attributes__th\" scope=\"row\">Tekercs induktancia<\/th>\n<td class=\"attributes__td\" data-th=\"Tekercs induktancia\">22 \u00b5H (1kHz)<\/td>\n<\/tr>\n<tr class=\"attributes__tr\">\n<th class=\"attributes__th\" scope=\"row\">Kimeneti fesz\u00fclts\u00e9g<\/th>\n<td class=\"attributes__td\" data-th=\"Kimeneti fesz\u00fclts\u00e9g\">0.4 mV (1 kHz 5 cm\/sec.)<\/td>\n<\/tr>\n<tr class=\"attributes__tr\">\n<th class=\"attributes__th\" scope=\"row\">Kimeneti csatorna egyens\u00faly<\/th>\n<td class=\"attributes__td\" data-th=\"Kimeneti csatorna egyens\u00faly\">0.5 dB (1kHz)<\/td>\n<\/tr>\n<tr class=\"attributes__tr\">\n<th class=\"attributes__th\" scope=\"row\">T\u0171forma<\/th>\n<td class=\"attributes__td\" data-th=\"T\u0171forma\">Shibata<\/td>\n<\/tr>\n<tr class=\"attributes__tr\">\n<th class=\"attributes__th\" scope=\"row\">T\u0171sz\u00e1r<\/th>\n<td class=\"attributes__td\" data-th=\"T\u0171sz\u00e1r\">T\u00f6m\u00f6r b\u00f3r, k\u00fapos forma<\/td>\n<\/tr>\n<tr class=\"attributes__tr\">\n<th class=\"attributes__th\" scope=\"row\">Statikus enged\u00e9kenys\u00e9g<\/th>\n<td class=\"attributes__td\" data-th=\"Statikus enged\u00e9kenys\u00e9g\">40\u00d710-6 cm\/dyne<\/td>\n<\/tr>\n<tr class=\"attributes__tr\">\n<th class=\"attributes__th\" scope=\"row\">Dinamikus enged\u00e9kenys\u00e9g<\/th>\n<td class=\"attributes__td\" data-th=\"Dinamikus enged\u00e9kenys\u00e9g\">10\u00d710-6 cm\/dyne (10 0Hz)<\/td>\n<\/tr>\n<tr class=\"attributes__tr\">\n<th class=\"attributes__th\" scope=\"row\">Felfogat\u00e1s<\/th>\n<td class=\"attributes__td\" data-th=\"Felfogat\u00e1s\">1\/2\u201d<\/td>\n<\/tr>\n<tr class=\"attributes__tr\">\n<th class=\"attributes__th\" scope=\"row\">M\u00e9retek<\/th>\n<td class=\"attributes__td\" data-th=\"M\u00e9retek\">16.0 (magass\u00e1g) x 16.6 (sz\u00e9less\u00e9g) x 26.5 (hossz) mm<\/td>\n<\/tr>\n<tr class=\"attributes__tr\">\n<th class=\"attributes__th\" scope=\"row\">Mell\u00e9kelt tartoz\u00e9kok<\/th>\n<td class=\"attributes__td\" data-th=\"Mell\u00e9kelt tartoz\u00e9kok\">Nem m\u00e1gnesezhet\u0151 csavarh\u00faz\u00f3; 2 al\u00e1t\u00e9t; 2x 13 mm-es r\u00f6gz\u00edt\u0151csavar; 2x 19 mm-es r\u00f6gz\u00edt\u0151csavar; 2x anyacsavar; PCOCC k\u00e1belszett (AT6101)<\/td>\n<\/tr>\n<tr class=\"attributes__tr\">\n<th class=\"attributes__th\" scope=\"row\">Anyaga<\/th>\n<td class=\"attributes__td\" data-th=\"Anyaga\">Alum\u00ednium\/Szintetikus gyanta<\/td>\n<\/tr>\n<tr class=\"attributes__tr\">\n<th class=\"attributes__th\" scope=\"row\">T\u0171 g\u00f6rb\u00fcleti sugara<\/th>\n<td class=\"attributes__td\" data-th=\"T\u0171 g\u00f6rb\u00fcleti sugara\">Shibata<\/td>\n<\/tr>\n<tr class=\"attributes__tr\">\n<th class=\"attributes__th\" scope=\"row\">T\u00edpus<\/th>\n<td class=\"attributes__td\" data-th=\"T\u00edpus\">Du\u00e1l mozg\u00f3tekercses<\/td>\n<\/tr>\n<tr class=\"attributes__tr\">\n<th class=\"attributes__th\" scope=\"row\">T\u00f6meg<\/th>\n<td class=\"attributes__td\" data-th=\"T\u00f6meg\">6.9 g<\/td>\n<\/tr>\n<\/tbody>\n<\/table>\n<div class=\"product__attributes--button\"><\/div>\n","protected":false},"excerpt":{"rendered":"<p>Az AT33Sa az els\u0151 Audio-Technica \u00e1ltal gy\u00e1rtott mozg\u00f3tekercses hangszed\u0151 Shibata t\u0171heggyel. Kiv\u00e1l\u00f3 magasfrekvenci\u00e1s teljes\u00edtm\u00e9ny\u00e9n t\u00fal, a Shibata t\u0171 er\u0151s \u00e9s gazdag k\u00f6z\u00e9pm\u00e9ly tartom\u00e1ny\u00fa hangokat gener\u00e1l. A Shibata t\u0171 egy kett\u0151s csillap\u00edt\u00e1s\u00fa\u00a0t\u00f6m\u00f6r b\u00f3r t\u0171sz\u00e1rra van csatlakoztatva a kiv\u00e1l\u00f3 hangz\u00e1s\u00e9rt.<strong>Tov\u00e1bbfejlesztett k\u00fapos t\u00f6m\u00f6r b\u00f3r t\u0171sz\u00e1r \u00e9s k\u00f6nny\u00edtett rezg\u0151rendszer<\/strong>Az AT33Sa-ban egy k\u00fapos t\u00f6m\u00f6r b\u00f3r t\u0171sz\u00e1r tal\u00e1lhat\u00f3.\u00a0Ez a model nagy el\u0151rel\u00e9p\u00e9st jelent\u00a0a t\u0171sz\u00e1l\u00a0elv\u00e9kony\u00edt\u00e1s\u00e1ban \u00e9s ler\u00f6vid\u00edt\u00e9s\u00e9ben.\u00a0Jelent\u0151s s\u00falycs\u00f6kkent\u00e9st hajtottunk v\u00e9gre a rezg\u0151rendszerben \u00e9s sikerrel n\u00f6velt\u00fck meg a hangszed\u0151 teljes\u00edt\u0151k\u00e9pess\u00e9g\u00e9t \u00e9s hangmin\u0151s\u00e9g\u00e9t.\u00a0<strong>Drasztikusan megn\u00f6velt m\u00e1gneses erej\u0171 neod\u00edmium m\u00e1gnesek<\/strong>A neod\u00edmium m\u00e1gnes maxim\u00e1lis energi\u00e1t (BHmax of 50 [kJ\/m3]), m\u00edg a permendur inga\u00a0t\u00f6k\u00e9letes m\u00e1gneses tulajdons\u00e1gokat vonultat fel. Ez a k\u00e9t r\u00e9sz egy\u00fcttesen tov\u00e1bb n\u00f6veli a tekercsek k\u00f6zti r\u00e9sben fell\u00e9p\u0151 m\u00e1gneses er\u0151t.\u00a0<strong>PCOCC tekercsek<\/strong>A PCOCC huzal tiszta jel\u00e1tvitelt ny\u00fajt a krist\u00e1lymentes szerkezet\u00e9nek k\u00f6sz\u00f6nhet\u0151en.\u00a0<strong>Sz\u00e9les \u00e1tvitel\u0171 \u00e9s nagy sz\u00e9tv\u00e1laszt\u00f3 k\u00e9pess\u00e9g\u0171 du\u00e1l tekercses konstrukci\u00f3<\/strong>A k\u00e9t, k\u00fcl\u00f6nb\u00f6z\u0151 sug\u00e1rral lekerek\u00edtett, elliptikus t\u0171 nagytengelye mer\u0151leges a bar\u00e1zda hosszmetszet\u00e9re, \u00edgy a t\u0171 j\u00f3l illeszkedik a bar\u00e1zd\u00e1ba, m\u00edg a kisebbik, oldals\u00f3 sug\u00e1r nagym\u00e9rt\u00e9kben cs\u00f6kkenti a geometriai torz\u00edt\u00e1st.\u00a0A kett\u0151s tekercs konstrukci\u00f3 kimagasl\u00f3 hangtisztas\u00e1got \u00e9s transzparenci\u00e1t ny\u00fajt kiterjesztett frekvenciamenettel \u00e9s prec\u00edz sztere\u00f3k\u00e9ppel.\u00a0<strong>VC \u00f6ntv\u00e9ny, mely csillap\u00edtja a nemk\u00edv\u00e1natos rezg\u00e9seket<\/strong>A tekercseket tartalmaz\u00f3 VC \u00f6ntv\u00e9ny k\u00e1lium-titan\u00e1tot tartalmaz\u00f3 szintetikus m\u0171gyant\u00e1b\u00f3l k\u00e9sz\u00fcl, hogy er\u0151s \u00e9s merev legyen. Ez a konstrukci\u00f3 kisebb t\u00f6meget, mindazon\u00e1ltal kimagasl\u00f3 nemk\u00edv\u00e1natos vibr\u00e1ci\u00f3csillap\u00edt\u00e1st eredm\u00e9nyez.<strong>Hossz\u00fa \u00e9lettartam\u00fa merev test<\/strong>Egy prec\u00edzi\u00f3san megmunk\u00e1lt er\u0151s alum\u00ednium alap, \u00e9s egy szintetikus m\u0171gyant\u00e1b\u00f3l k\u00e9sz\u00fclt test felel a parazitikus rezonanci\u00e1k csillap\u00edt\u00e1s\u00e1r\u00e9rt. Ez a kialak\u00edt\u00e1s nagyobb fok\u00fa merevs\u00e9get \u00e9s fejletttebb jel\/zaj ar\u00e1nyt k\u00edn\u00e1l.<\/p>\n<h4>\u201cKimagasl\u00f3 magasfrekvenci\u00e1s teljes\u00edtm\u00e9ny\u201d<\/h4>\n<p>Kiv\u00e1l\u00f3 magasfrekvenci\u00e1s teljes\u00edtm\u00e9ny\u00e9n t\u00fal, a Shibata t\u0171 er\u0151s \u00e9s gazdag k\u00f6z\u00e9pm\u00e9ly tartom\u00e1ny\u00fa hangokat gener\u00e1l.<\/p>\n<h4>\u201cKimagasl\u00f3 m\u00e1gneses tulajdons\u00e1gok\u201d<\/h4>\n<p>A neod\u00edmium m\u00e1gnes maxim\u00e1lis energi\u00e1t, m\u00edg a permendur inga\u00a0t\u00f6k\u00e9letes m\u00e1gneses tulajdons\u00e1gokat vonultat fel. Ez a k\u00e9t r\u00e9sz egy\u00fcttesen tov\u00e1bb n\u00f6veli a tekercsek k\u00f6zti r\u00e9sben fell\u00e9p\u0151 m\u00e1gneses er\u0151t.<\/p>\n<h4>\u201cTiszt\u00e1bb jel\u00e1tvitel\u201d<\/h4>\n<p>A PCOCC huzal tiszta jel\u00e1tvitelt ny\u00fajt a krist\u00e1lymentes szerkezet\u00e9nek k\u00f6sz\u00f6nhet\u0151en.<\/p>\n","protected":false},"featured_media":1349,"comment_status":"open","ping_status":"closed","template":"","meta":{"_uag_custom_page_level_css":"","site-sidebar-layout":"default","site-content-layout":"","ast-site-content-layout":"default","site-content-style":"default","site-sidebar-style":"default","ast-global-header-display":"","ast-banner-title-visibility":"","ast-main-header-display":"","ast-hfb-above-header-display":"","ast-hfb-below-header-display":"","ast-hfb-mobile-header-display":"","site-post-title":"","ast-breadcrumbs-content":"","ast-featured-img":"","footer-sml-layout":"","ast-disable-related-posts":"","theme-transparent-header-meta":"default","adv-header-id-meta":"","stick-header-meta":"","header-above-stick-meta":"","header-main-stick-meta":"","header-below-stick-meta":"","astra-migrate-meta-layouts":"set","ast-page-background-enabled":"default","ast-page-background-meta":{"desktop":{"background-color":"var(--ast-global-color-4)","background-image":"","background-repeat":"repeat","background-position":"center center","background-size":"auto","background-attachment":"scroll","background-type":"","background-media":"","overlay-type":"","overlay-color":"","overlay-opacity":"","overlay-gradient":""},"tablet":{"background-color":"","background-image":"","background-repeat":"repeat","background-position":"center center","background-size":"auto","background-attachment":"scroll","background-type":"","background-media":"","overlay-type":"","overlay-color":"","overlay-opacity":"","overlay-gradient":""},"mobile":{"background-color":"","background-image":"","background-repeat":"repeat","background-position":"center center","background-size":"auto","background-attachment":"scroll","background-type":"","background-media":"","overlay-type":"","overlay-color":"","overlay-opacity":"","overlay-gradient":""}},"ast-content-background-meta":{"desktop":{"background-color":"var(--ast-global-color-5)","background-image":"","background-repeat":"repeat","background-position":"center center","background-size":"auto","background-attachment":"scroll","background-type":"","background-media":"","overlay-type":"","overlay-color":"","overlay-opacity":"","overlay-gradient":""},"tablet":{"background-color":"var(--ast-global-color-5)","background-image":"","background-repeat":"repeat","background-position":"center center","background-size":"auto","background-attachment":"scroll","background-type":"","background-media":"","overlay-type":"","overlay-color":"","overlay-opacity":"","overlay-gradient":""},"mobile":{"background-color":"var(--ast-global-color-5)","background-image":"","background-repeat":"repeat","background-position":"center center","background-size":"auto","background-attachment":"scroll","background-type":"","background-media":"","overlay-type":"","overlay-color":"","overlay-opacity":"","overlay-gradient":""}}},"product_brand":[],"product_cat":[49,54],"product_tag":[],"class_list":{"0":"post-1155","1":"product","2":"type-product","3":"status-publish","4":"has-post-thumbnail","6":"product_cat-hangszedo","7":"product_cat-tuk-es-hangszedo","8":"desktop-align-left","9":"tablet-align-left","10":"mobile-align-left","12":"first","13":"outofstock","14":"taxable","15":"shipping-taxable","16":"purchasable","17":"product-type-simple"},"supplier_id":null,"supplier_sku":"","barcode":null,"atum_controlled":true,"out_stock_date":null,"out_stock_threshold":null,"inheritable":false,"inbound_stock":0,"stock_on_hold":0,"sold_today":0,"sales_last_days":0,"reserved_stock":0,"customer_returns":0,"warehouse_damage":0,"lost_in_post":0,"other_logs":0,"out_stock_days":0,"lost_sales":0,"has_location":false,"update_date":"2026-04-29T04:22:30","atum_locations":[],"atum_stock_status":"outofstock","restock_status":false,"low_stock_amount":"","sales_update_date":"2026-04-29T04:22:30","calc_backorders":null,"uagb_featured_image_src":{"full":["https:\/\/shop.hanaton.hu\/wp-content\/uploads\/at33sa_01.png-2.webp",2000,2000,false],"thumbnail":["https:\/\/shop.hanaton.hu\/wp-content\/uploads\/at33sa_01.png-2-150x150.webp",150,150,true],"medium":["https:\/\/shop.hanaton.hu\/wp-content\/uploads\/at33sa_01.png-2-300x300.webp",300,300,true],"medium_large":["https:\/\/shop.hanaton.hu\/wp-content\/uploads\/at33sa_01.png-2-768x768.webp",768,768,true],"large":["https:\/\/shop.hanaton.hu\/wp-content\/uploads\/at33sa_01.png-2-1024x1024.webp",1024,1024,true],"1536x1536":["https:\/\/shop.hanaton.hu\/wp-content\/uploads\/at33sa_01.png-2-1536x1536.webp",1536,1536,true],"2048x2048":["https:\/\/shop.hanaton.hu\/wp-content\/uploads\/at33sa_01.png-2.webp",2000,2000,false],"woocommerce_thumbnail":["https:\/\/shop.hanaton.hu\/wp-content\/uploads\/at33sa_01.png-2-300x300.webp",300,300,true],"woocommerce_single":["https:\/\/shop.hanaton.hu\/wp-content\/uploads\/at33sa_01.png-2-600x600.webp",600,600,true],"woocommerce_gallery_thumbnail":["https:\/\/shop.hanaton.hu\/wp-content\/uploads\/at33sa_01.png-2-100x100.webp",100,100,true]},"uagb_author_info":{"display_name":"admin","author_link":"https:\/\/shop.hanaton.hu\/?author=0"},"uagb_comment_info":0,"uagb_excerpt":"Az AT33Sa az els\u0151 Audio-Technica \u00e1ltal gy\u00e1rtott mozg\u00f3tekercses hangszed\u0151 Shibata t\u0171heggyel. Kiv\u00e1l\u00f3 magasfrekvenci\u00e1s teljes\u00edtm\u00e9ny\u00e9n t\u00fal, a Shibata t\u0171 er\u0151s \u00e9s gazdag k\u00f6z\u00e9pm\u00e9ly tartom\u00e1ny\u00fa hangokat gener\u00e1l. A Shibata t\u0171 egy kett\u0151s csillap\u00edt\u00e1s\u00fa\u00a0t\u00f6m\u00f6r b\u00f3r t\u0171sz\u00e1rra van csatlakoztatva a kiv\u00e1l\u00f3 hangz\u00e1s\u00e9rt.Tov\u00e1bbfejlesztett k\u00fapos t\u00f6m\u00f6r b\u00f3r t\u0171sz\u00e1r \u00e9s k\u00f6nny\u00edtett rezg\u0151rendszerAz AT33Sa-ban egy k\u00fapos t\u00f6m\u00f6r b\u00f3r t\u0171sz\u00e1r tal\u00e1lhat\u00f3.\u00a0Ez a model nagy&hellip;","_links":{"self":[{"href":"https:\/\/shop.hanaton.hu\/index.php?rest_route=\/wp\/v2\/product\/1155","targetHints":{"allow":["GET"]}}],"collection":[{"href":"https:\/\/shop.hanaton.hu\/index.php?rest_route=\/wp\/v2\/product"}],"about":[{"href":"https:\/\/shop.hanaton.hu\/index.php?rest_route=\/wp\/v2\/types\/product"}],"replies":[{"embeddable":true,"href":"https:\/\/shop.hanaton.hu\/index.php?rest_route=%2Fwp%2Fv2%2Fcomments&post=1155"}],"wp:featuredmedia":[{"embeddable":true,"href":"https:\/\/shop.hanaton.hu\/index.php?rest_route=\/wp\/v2\/media\/1349"}],"wp:attachment":[{"href":"https:\/\/shop.hanaton.hu\/index.php?rest_route=%2Fwp%2Fv2%2Fmedia&parent=1155"}],"wp:term":[{"taxonomy":"product_brand","embeddable":true,"href":"https:\/\/shop.hanaton.hu\/index.php?rest_route=%2Fwp%2Fv2%2Fproduct_brand&post=1155"},{"taxonomy":"product_cat","embeddable":true,"href":"https:\/\/shop.hanaton.hu\/index.php?rest_route=%2Fwp%2Fv2%2Fproduct_cat&post=1155"},{"taxonomy":"product_tag","embeddable":true,"href":"https:\/\/shop.hanaton.hu\/index.php?rest_route=%2Fwp%2Fv2%2Fproduct_tag&post=1155"}],"curies":[{"name":"wp","href":"https:\/\/api.w.org\/{rel}","templated":true}]}}