{"id":1144,"date":"2025-12-13T21:00:31","date_gmt":"2025-12-13T20:00:31","guid":{"rendered":"https:\/\/shop.hanaton.hu\/?product=audio-technica-at-sp3x-powered-bookshelf-speakers-pair"},"modified":"2025-12-14T18:19:32","modified_gmt":"2025-12-14T17:19:32","slug":"audio-technica-at-sp3x-powered-bookshelf-speakers-pair","status":"publish","type":"product","link":"https:\/\/shop.hanaton.hu\/?product=audio-technica-at-sp3x-powered-bookshelf-speakers-pair","title":{"rendered":"Audio Technica AT-SP3X Akt\u00edv k\u00f6nyvespolc hangsz\u00f3r\u00f3 p\u00e1r"},"content":{"rendered":"<ul>\n<li>A kompakt k\u00f6nyvespolc hangsz\u00f3r\u00f3k kifejezetten a leny\u0171g\u00f6z\u0151, teljes tartom\u00e1ny\u00fa hangz\u00e1sra lettek kifejlesztve<\/li>\n<li>A hangsz\u00f3r\u00f3k kett\u0151s RCA csatlakoz\u00f3val rendelkeznek a vezet\u00e9kes csatlakoz\u00e1shoz \u00e9s Bluetooth technol\u00f3gi\u00e1val a vezet\u00e9kn\u00e9lk\u00fcli csatlakoz\u00e1shoz<\/li>\n<li>Az akt\u00edv hangsz\u00f3r\u00f3kkal a rendszer leegyszer\u0171s\u00f6dik, nem ig\u00e9nyel k\u00fcls\u0151 vev\u0151egys\u00e9get\/er\u0151s\u00edt\u0151t<\/li>\n<li>Ide\u00e1lis audio megold\u00e1s lemezj\u00e1tsz\u00f3khoz, sz\u00e1m\u00edt\u00f3g\u00e9pekhez, okostelefonokhoz \u00e9s egy\u00e9b eszk\u00f6z\u00f6kh\u00f6z<\/li>\n<li>A t\u00f6bbpontos p\u00e1ros\u00edt\u00e1si k\u00e9pess\u00e9g egyszerre k\u00e9t Bluetooth eszk\u00f6zh\u00f6z val\u00f3 csatlakoz\u00e1st tesz lehet\u0151v\u00e9<\/li>\n<li>A minimalista design b\u00e1rmilyen helyis\u00e9gbe illik<\/li>\n<li>A LED-del ell\u00e1tott bekapcsol\u00f3gomb \u00e9s a hanger\u0151szab\u00e1lyz\u00f3 forg\u00f3gomb k\u00f6nny\u0171 kezelhet\u0151s\u00e9get biztos\u00edt<\/li>\n<li>Tartalmaz egy AC adaptert h\u00e1rom nemzetk\u00f6zi csatlakoz\u00f3adapterrel \u00e9s egy 2.0 m-es hangsz\u00f3r\u00f3k\u00e1belt<\/li>\n<\/ul>\n<table class=\"product__attributes product__table active\">\n<tbody>\n<tr class=\"attributes__group-title\">\n<th class=\"attributes__group-title--text\" colspan=\"2\" scope=\"rowgroup\">Hangsz\u00f3r\u00f3<\/th>\n<\/tr>\n<tr class=\"attributes__tr\">\n<th class=\"attributes__th\" scope=\"row\">Hangsz\u00f3r\u00f3 egys\u00e9g<\/th>\n<td class=\"attributes__td\" data-th=\"Hangsz\u00f3r\u00f3 egys\u00e9g\">76\u202fmm \u00e1tm\u00e9r\u0151 x 2<\/td>\n<\/tr>\n<tr class=\"attributes__tr\">\n<th class=\"attributes__th\" scope=\"row\">Magas hangsz\u00f3r\u00f3 egys\u00e9g<\/th>\n<td class=\"attributes__td\" data-th=\"Magas hangsz\u00f3r\u00f3 egys\u00e9g\">27 mm \u00e1tm\u00e9r\u0151 x 2<\/td>\n<\/tr>\n<tr class=\"attributes__tr\">\n<th class=\"attributes__th\" scope=\"row\">Maxim\u00e1lis kimeneti teljes\u00edtm\u00e9ny<\/th>\n<td class=\"attributes__td\" data-th=\"Maxim\u00e1lis kimeneti teljes\u00edtm\u00e9ny\">30W<\/td>\n<\/tr>\n<tr class=\"attributes__tr\">\n<th class=\"attributes__th\" scope=\"row\">Frekvencia\u00e1tvitel<\/th>\n<td class=\"attributes__td\" data-th=\"Frekvencia\u00e1tvitel\">55 &#8211; 20,000 Hz<\/td>\n<\/tr>\n<tr class=\"attributes__tr\">\n<th class=\"attributes__th\" scope=\"row\">Kommunik\u00e1ci\u00f3s rendszer<\/th>\n<td class=\"attributes__td\" data-th=\"Kommunik\u00e1ci\u00f3s rendszer\">Megfelel a Bluetooth 5.3 szabv\u00e1nynak<\/td>\n<\/tr>\n<tr class=\"attributes__tr\">\n<th class=\"attributes__th\" scope=\"row\">Maximum RF Output<\/th>\n<td class=\"attributes__td\" data-th=\"Maximum RF Output\">10 mW EIRP<\/td>\n<\/tr>\n<tr class=\"attributes__tr\">\n<th class=\"attributes__th\" scope=\"row\">Maxim\u00e1lis hat\u00f3t\u00e1vols\u00e1g<\/th>\n<td class=\"attributes__td\" data-th=\"Maxim\u00e1lis hat\u00f3t\u00e1vols\u00e1g\">Hat\u00f3t\u00e1v kb. 10 m<\/td>\n<\/tr>\n<tr class=\"attributes__tr\">\n<th class=\"attributes__th\" scope=\"row\">Frequency Band<\/th>\n<td class=\"attributes__td\" data-th=\"Frequency Band\">2.4 GHz-es s\u00e1v (2.402 GHz &#8211; 2.480 GHz)<\/td>\n<\/tr>\n<tr class=\"attributes__tr\">\n<th class=\"attributes__th\" scope=\"row\">Modulation Method<\/th>\n<td class=\"attributes__td\" data-th=\"Modulation Method\">GFSK, Pi\/4DQPSK, 8DPSK<\/td>\n<\/tr>\n<tr class=\"attributes__tr\">\n<th class=\"attributes__th\" scope=\"row\">Spread Spectrum Method<\/th>\n<td class=\"attributes__td\" data-th=\"Spread Spectrum Method\">FHSS<\/td>\n<\/tr>\n<tr class=\"attributes__tr\">\n<th class=\"attributes__th\" scope=\"row\">Kompatibilis Bluetooth profilok<\/th>\n<td class=\"attributes__td\" data-th=\"Kompatibilis Bluetooth profilok\">A2DP<\/td>\n<\/tr>\n<tr class=\"attributes__tr\">\n<th class=\"attributes__th\" scope=\"row\">Support Codec<\/th>\n<td class=\"attributes__td\" data-th=\"Support Codec\">SBC<\/td>\n<\/tr>\n<tr class=\"attributes__tr\">\n<th class=\"attributes__th\" scope=\"row\">Supported Content Protection Method<\/th>\n<td class=\"attributes__td\" data-th=\"Supported Content Protection Method\">SCMS-T<\/td>\n<\/tr>\n<tr class=\"attributes__tr\">\n<th class=\"attributes__th\" scope=\"row\">Supported Sample Rates<\/th>\n<td class=\"attributes__td\" data-th=\"Supported Sample Rates\">44.1 kHz, 48 kHz<\/td>\n<\/tr>\n<tr class=\"attributes__tr\">\n<th class=\"attributes__th\" scope=\"row\">Supported Bit Rates<\/th>\n<td class=\"attributes__td\" data-th=\"Supported Bit Rates\">16 bit, 24 bit<\/td>\n<\/tr>\n<tr class=\"attributes__tr\">\n<th class=\"attributes__th\" scope=\"row\">Transmission Band<\/th>\n<td class=\"attributes__td\" data-th=\"Transmission Band\">20 &#8211; 20,000 Hz<\/td>\n<\/tr>\n<tr class=\"attributes__tr\">\n<th class=\"attributes__th\" scope=\"row\">Power Supply<\/th>\n<td class=\"attributes__td\" data-th=\"Power Supply\">AC100-240V \/ DC18V (using supplied AC adapter)<\/td>\n<\/tr>\n<tr class=\"attributes__tr\">\n<th class=\"attributes__th\" scope=\"row\">Input Jack<\/th>\n<td class=\"attributes__td\" data-th=\"Input Jack\">Anal\u00f3g audio bemeneti csatlakoz\u00f3k (RCA dug\u00f3 x 2)<\/td>\n<\/tr>\n<tr class=\"attributes__tr\">\n<th class=\"attributes__th\" scope=\"row\">Speaker Cord Length<\/th>\n<td class=\"attributes__td\" data-th=\"Speaker Cord Length\">2.0 m (6.6&#8242;)<\/td>\n<\/tr>\n<tr class=\"attributes__tr\">\n<th class=\"attributes__th\" scope=\"row\">AC Adapter Cord Length<\/th>\n<td class=\"attributes__td\" data-th=\"AC Adapter Cord Length\">1.2 m (3.9&#8242;)<\/td>\n<\/tr>\n<tr class=\"attributes__tr\">\n<th class=\"attributes__th\" scope=\"row\">Dimensions<\/th>\n<td class=\"attributes__td\" data-th=\"Dimensions\">200 mm (7.9&#8243;) x 125 mm (4.9&#8243;) x 136 mm (5.4&#8243;)<br \/>\n(Ma x Sz\u00e9 x M\u00e9) (kiemelked\u00e9sek n\u00e9lk\u00fcl)<\/td>\n<\/tr>\n<tr class=\"attributes__tr\">\n<th class=\"attributes__th\" scope=\"row\">T\u00f6meg<\/th>\n<td class=\"attributes__td\" data-th=\"T\u00f6meg\">Kb. 1.5 kg (Bal), kb. 1.6 kg (Jobb)<\/td>\n<\/tr>\n<tr class=\"attributes__tr\">\n<th class=\"attributes__th\" scope=\"row\">Operating Temperature<\/th>\n<td class=\"attributes__td\" data-th=\"Operating Temperature\">5\u00b0C to 40\u00b0C<\/td>\n<\/tr>\n<tr class=\"attributes__tr\">\n<th class=\"attributes__th\" scope=\"row\">Mell\u00e9kelt tartoz\u00e9kok<\/th>\n<td class=\"attributes__td\" data-th=\"Mell\u00e9kelt tartoz\u00e9kok\">AC adapter, AC adapter cseredug\u00f3 x 4, hangsz\u00f3r\u00f3k\u00e1bel (L\/R csatlakoz\u00e1shoz), gumil\u00e1b x 8<\/td>\n<\/tr>\n<tr class=\"attributes__tr\">\n<th class=\"attributes__th\" scope=\"row\">Sold Separately<\/th>\n<td class=\"attributes__td\" data-th=\"Sold Separately\">AC adapter, AC adapter cseredug\u00f3 x 4, hangsz\u00f3r\u00f3k\u00e1bel (L\/R csatlakoz\u00e1shoz), gumil\u00e1b x 8<\/td>\n<\/tr>\n<tr class=\"attributes__tr\">\n<th class=\"attributes__th\" scope=\"row\">Notes<\/th>\n<td class=\"attributes__td\" data-th=\"Notes\">A term\u00e9k fejleszt\u00e9se \u00e9rdek\u00e9ben a term\u00e9k el\u0151zetes \u00e9rtes\u00edt\u00e9s n\u00e9lk\u00fcl m\u00f3dos\u00edt\u00e1s t\u00e1rgy\u00e1t k\u00e9pezheti.<\/td>\n<\/tr>\n<\/tbody>\n<\/table>\n<div class=\"product__attributes--button\"><\/div>\n","protected":false},"excerpt":{"rendered":"<div class=\"product-hero__intro-text\">\n<p>A lemezj\u00e1tsz\u00f3kkal, sz\u00e1m\u00edt\u00f3g\u00e9pekkel, okostelefonokkal vagy m\u00e1s eszk\u00f6z\u00f6kkel val\u00f3 haszn\u00e1latra t\u00f6k\u00e9letesen alkalmas AT-SP3X akt\u00edv k\u00f6nyvespolc hangsz\u00f3r\u00f3k vezet\u00e9kes vagy vezet\u00e9kn\u00e9lk\u00fcli kapcsolaton kereszt\u00fcl gazdag, teljes tartom\u00e1ny\u00fa hangz\u00e1st biztos\u00edtanak. Ezek a kompakt, nem felt\u0171n\u0151 hangsz\u00f3r\u00f3k b\u00e1rmilyen helyis\u00e9gben feldobj\u00e1k a hallgat\u00e1si \u00e9lm\u00e9nyt. Be\u00e9p\u00edtett DSP (digit\u00e1lis jelfeldolgoz\u00f3 processzor) \u00e1ltal speci\u00e1lisan hangolt 3&#8243;-os m\u00e9lysug\u00e1rz\u00f3kkal \u00e9s 1.1&#8243;-os magassug\u00e1rz\u00f3kkal rendelkeznek, hogy er\u0151teljes, kiegyens\u00falyozott hangz\u00e1st biztos\u00edtsanak zen\u00e9hez, filmekhez \u00e9s m\u00e1sokhoz.<\/p>\n<\/div>\n<div class=\"product-hero__expanded-text\">\n<p>A mell\u00e9kelt AC adapterrel (amely h\u00e1romf\u00e9le vill\u00e1sdug\u00f3 adaptert tartalmaz a nemzetk\u00f6zi haszn\u00e1lathoz) \u00e9s egy hossz\u00fa, 2.0 m-es hangsz\u00f3r\u00f3k\u00e1bellel csatlakoztatva a hangsz\u00f3r\u00f3k k\u00f6nnyen be\u00e1ll\u00edthat\u00f3k \u00e9s haszn\u00e1lhat\u00f3k b\u00e1rmilyen t\u00e9rben \u2013 nem ig\u00e9nyelnek k\u00fcls\u0151 vev\u0151egys\u00e9get vagy er\u0151s\u00edt\u0151t. A forr\u00e1sok k\u00f6zvetlen\u00fcl a hangsz\u00f3r\u00f3k kett\u0151s RCA csatlakoz\u00f3j\u00e1hoz vagy vezet\u00e9k n\u00e9lk\u00fcl, Bluetooth\u00ae technol\u00f3gi\u00e1n kereszt\u00fcl csatlakoztathat\u00f3k. A LED visszajelz\u0151vel ell\u00e1tott bekapcsol\u00f3gombbal \u00e9s a hanger\u0151szab\u00e1lyz\u00f3 forg\u00f3gombbal a kezel\u00e9s v\u00e9gtelen\u00fcl egyszer\u0171.<\/p>\n<\/div>\n<div class=\"product-hero__button\"><\/div>\n","protected":false},"featured_media":1365,"comment_status":"open","ping_status":"closed","template":"","meta":{"_uag_custom_page_level_css":"","site-sidebar-layout":"default","site-content-layout":"","ast-site-content-layout":"default","site-content-style":"default","site-sidebar-style":"default","ast-global-header-display":"","ast-banner-title-visibility":"","ast-main-header-display":"","ast-hfb-above-header-display":"","ast-hfb-below-header-display":"","ast-hfb-mobile-header-display":"","site-post-title":"","ast-breadcrumbs-content":"","ast-featured-img":"","footer-sml-layout":"","ast-disable-related-posts":"","theme-transparent-header-meta":"default","adv-header-id-meta":"","stick-header-meta":"","header-above-stick-meta":"","header-main-stick-meta":"","header-below-stick-meta":"","astra-migrate-meta-layouts":"set","ast-page-background-enabled":"default","ast-page-background-meta":{"desktop":{"background-color":"var(--ast-global-color-4)","background-image":"","background-repeat":"repeat","background-position":"center center","background-size":"auto","background-attachment":"scroll","background-type":"","background-media":"","overlay-type":"","overlay-color":"","overlay-opacity":"","overlay-gradient":""},"tablet":{"background-color":"","background-image":"","background-repeat":"repeat","background-position":"center center","background-size":"auto","background-attachment":"scroll","background-type":"","background-media":"","overlay-type":"","overlay-color":"","overlay-opacity":"","overlay-gradient":""},"mobile":{"background-color":"","background-image":"","background-repeat":"repeat","background-position":"center center","background-size":"auto","background-attachment":"scroll","background-type":"","background-media":"","overlay-type":"","overlay-color":"","overlay-opacity":"","overlay-gradient":""}},"ast-content-background-meta":{"desktop":{"background-color":"var(--ast-global-color-5)","background-image":"","background-repeat":"repeat","background-position":"center center","background-size":"auto","background-attachment":"scroll","background-type":"","background-media":"","overlay-type":"","overlay-color":"","overlay-opacity":"","overlay-gradient":""},"tablet":{"background-color":"var(--ast-global-color-5)","background-image":"","background-repeat":"repeat","background-position":"center center","background-size":"auto","background-attachment":"scroll","background-type":"","background-media":"","overlay-type":"","overlay-color":"","overlay-opacity":"","overlay-gradient":""},"mobile":{"background-color":"var(--ast-global-color-5)","background-image":"","background-repeat":"repeat","background-position":"center center","background-size":"auto","background-attachment":"scroll","background-type":"","background-media":"","overlay-type":"","overlay-color":"","overlay-opacity":"","overlay-gradient":""}}},"product_brand":[],"product_cat":[47],"product_tag":[],"class_list":{"0":"post-1144","1":"product","2":"type-product","3":"status-publish","4":"has-post-thumbnail","6":"product_cat-hangszoro","7":"desktop-align-left","8":"tablet-align-left","9":"mobile-align-left","11":"first","12":"instock","13":"taxable","14":"shipping-taxable","15":"purchasable","16":"product-type-simple"},"supplier_id":null,"supplier_sku":"","barcode":null,"atum_controlled":true,"out_stock_date":null,"out_stock_threshold":null,"inheritable":false,"inbound_stock":0,"stock_on_hold":0,"sold_today":0,"sales_last_days":0,"reserved_stock":0,"customer_returns":0,"warehouse_damage":0,"lost_in_post":0,"other_logs":0,"out_stock_days":0,"lost_sales":0,"has_location":false,"update_date":"2026-04-30T04:23:34","atum_locations":[],"atum_stock_status":"instock","restock_status":false,"low_stock_amount":"","sales_update_date":"2026-04-30T04:23:34","calc_backorders":null,"uagb_featured_image_src":{"full":["https:\/\/shop.hanaton.hu\/wp-content\/uploads\/at-sp3x_01.png-2.webp",2000,2000,false],"thumbnail":["https:\/\/shop.hanaton.hu\/wp-content\/uploads\/at-sp3x_01.png-2-150x150.webp",150,150,true],"medium":["https:\/\/shop.hanaton.hu\/wp-content\/uploads\/at-sp3x_01.png-2-300x300.webp",300,300,true],"medium_large":["https:\/\/shop.hanaton.hu\/wp-content\/uploads\/at-sp3x_01.png-2-768x768.webp",768,768,true],"large":["https:\/\/shop.hanaton.hu\/wp-content\/uploads\/at-sp3x_01.png-2-1024x1024.webp",1024,1024,true],"1536x1536":["https:\/\/shop.hanaton.hu\/wp-content\/uploads\/at-sp3x_01.png-2-1536x1536.webp",1536,1536,true],"2048x2048":["https:\/\/shop.hanaton.hu\/wp-content\/uploads\/at-sp3x_01.png-2.webp",2000,2000,false],"woocommerce_thumbnail":["https:\/\/shop.hanaton.hu\/wp-content\/uploads\/at-sp3x_01.png-2-300x300.webp",300,300,true],"woocommerce_single":["https:\/\/shop.hanaton.hu\/wp-content\/uploads\/at-sp3x_01.png-2-600x600.webp",600,600,true],"woocommerce_gallery_thumbnail":["https:\/\/shop.hanaton.hu\/wp-content\/uploads\/at-sp3x_01.png-2-100x100.webp",100,100,true]},"uagb_author_info":{"display_name":"admin","author_link":"https:\/\/shop.hanaton.hu\/?author=0"},"uagb_comment_info":0,"uagb_excerpt":"A lemezj\u00e1tsz\u00f3kkal, sz\u00e1m\u00edt\u00f3g\u00e9pekkel, okostelefonokkal vagy m\u00e1s eszk\u00f6z\u00f6kkel val\u00f3 haszn\u00e1latra t\u00f6k\u00e9letesen alkalmas AT-SP3X akt\u00edv k\u00f6nyvespolc hangsz\u00f3r\u00f3k vezet\u00e9kes vagy vezet\u00e9kn\u00e9lk\u00fcli kapcsolaton kereszt\u00fcl gazdag, teljes tartom\u00e1ny\u00fa hangz\u00e1st biztos\u00edtanak. Ezek a kompakt, nem felt\u0171n\u0151 hangsz\u00f3r\u00f3k b\u00e1rmilyen helyis\u00e9gben feldobj\u00e1k a hallgat\u00e1si \u00e9lm\u00e9nyt. Be\u00e9p\u00edtett DSP (digit\u00e1lis jelfeldolgoz\u00f3 processzor) \u00e1ltal speci\u00e1lisan hangolt 3\"-os m\u00e9lysug\u00e1rz\u00f3kkal \u00e9s 1.1\"-os magassug\u00e1rz\u00f3kkal rendelkeznek, hogy er\u0151teljes, kiegyens\u00falyozott hangz\u00e1st&hellip;","_links":{"self":[{"href":"https:\/\/shop.hanaton.hu\/index.php?rest_route=\/wp\/v2\/product\/1144","targetHints":{"allow":["GET"]}}],"collection":[{"href":"https:\/\/shop.hanaton.hu\/index.php?rest_route=\/wp\/v2\/product"}],"about":[{"href":"https:\/\/shop.hanaton.hu\/index.php?rest_route=\/wp\/v2\/types\/product"}],"replies":[{"embeddable":true,"href":"https:\/\/shop.hanaton.hu\/index.php?rest_route=%2Fwp%2Fv2%2Fcomments&post=1144"}],"wp:featuredmedia":[{"embeddable":true,"href":"https:\/\/shop.hanaton.hu\/index.php?rest_route=\/wp\/v2\/media\/1365"}],"wp:attachment":[{"href":"https:\/\/shop.hanaton.hu\/index.php?rest_route=%2Fwp%2Fv2%2Fmedia&parent=1144"}],"wp:term":[{"taxonomy":"product_brand","embeddable":true,"href":"https:\/\/shop.hanaton.hu\/index.php?rest_route=%2Fwp%2Fv2%2Fproduct_brand&post=1144"},{"taxonomy":"product_cat","embeddable":true,"href":"https:\/\/shop.hanaton.hu\/index.php?rest_route=%2Fwp%2Fv2%2Fproduct_cat&post=1144"},{"taxonomy":"product_tag","embeddable":true,"href":"https:\/\/shop.hanaton.hu\/index.php?rest_route=%2Fwp%2Fv2%2Fproduct_tag&post=1144"}],"curies":[{"name":"wp","href":"https:\/\/api.w.org\/{rel}","templated":true}]}}