{"id":1135,"date":"2025-12-13T21:00:27","date_gmt":"2025-12-13T20:00:27","guid":{"rendered":"https:\/\/shop.hanaton.hu\/?product=audio-technica-at-peq30-phono-equaliser-with-mm-mc-inputs"},"modified":"2025-12-14T21:12:58","modified_gmt":"2025-12-14T20:12:58","slug":"audio-technica-at-peq30-phono-equaliser-with-mm-mc-inputs","status":"publish","type":"product","link":"https:\/\/shop.hanaton.hu\/?product=audio-technica-at-peq30-phono-equaliser-with-mm-mc-inputs","title":{"rendered":"Audio Technica AT-PEQ30 Lemezj\u00e1tsz\u00f3-el\u0151er\u0151s\u00edt\u0151"},"content":{"rendered":"<table class=\"product__attributes product__table active\">\n<tbody>\n<tr class=\"attributes__group-title\">\n<th class=\"attributes__group-title--text\" colspan=\"2\" scope=\"rowgroup\">Fon\u00f3 kiegyenl\u00edt\u0151<\/th>\n<\/tr>\n<tr class=\"attributes__tr\">\n<th class=\"attributes__th\" scope=\"row\">Input Impedance<\/th>\n<td class=\"attributes__td\" data-th=\"Input Impedance\">MM type: 47 kiloohms MC type: 120 ohms<\/td>\n<\/tr>\n<tr class=\"attributes__tr\">\n<th class=\"attributes__th\" scope=\"row\">Input Sensitivity<\/th>\n<td class=\"attributes__td\" data-th=\"Input Sensitivity\">MM type: 4.5 mV MC type: 0.28 mV<\/td>\n<\/tr>\n<tr class=\"attributes__tr\">\n<th class=\"attributes__th\" scope=\"row\">Rated Output<\/th>\n<td class=\"attributes__td\" data-th=\"Rated Output\">MM type: 250 mV MC type: 250 mV<\/td>\n<\/tr>\n<tr class=\"attributes__tr\">\n<th class=\"attributes__th\" scope=\"row\">Gain<\/th>\n<td class=\"attributes__td\" data-th=\"Gain\">MM type: 35 dB MC type: 59 dB<\/td>\n<\/tr>\n<tr class=\"attributes__tr\">\n<th class=\"attributes__th\" scope=\"row\">Signal-to-Noise Ratio<\/th>\n<td class=\"attributes__td\" data-th=\"Signal-to-Noise Ratio\">MM type: 100 dB MC type: 74 dB<\/td>\n<\/tr>\n<tr class=\"attributes__tr\">\n<th class=\"attributes__th\" scope=\"row\">RIAA Deviation<\/th>\n<td class=\"attributes__td\" data-th=\"RIAA Deviation\">(20 to 20,000 Hz) MM type: \u00b10.5 dB (20 to 20,000 Hz) MC type: \u00b10.5 dB<\/td>\n<\/tr>\n<tr class=\"attributes__tr\">\n<th class=\"attributes__th\" scope=\"row\">Power Supply<\/th>\n<td class=\"attributes__td\" data-th=\"Power Supply\">DC 15 V, 1.2 A<\/td>\n<\/tr>\n<tr class=\"attributes__tr\">\n<th class=\"attributes__th\" scope=\"row\">Power Consumption<\/th>\n<td class=\"attributes__td\" data-th=\"Power Consumption\">2.5 W<\/td>\n<\/tr>\n<tr class=\"attributes__tr\">\n<th class=\"attributes__th\" scope=\"row\">Dimensions<\/th>\n<td class=\"attributes__td\" data-th=\"Dimensions\">47 mm (1.85&#8243;) H x 197.5 mm (7.78&#8243;) W x 125.5 mm (4.94&#8243;) D (excluding protrusions)<\/td>\n<\/tr>\n<tr class=\"attributes__tr\">\n<th class=\"attributes__th\" scope=\"row\">Weight<\/th>\n<td class=\"attributes__td\" data-th=\"Weight\">890 g (31.4 oz)<\/td>\n<\/tr>\n<tr class=\"attributes__tr\">\n<th class=\"attributes__th\" scope=\"row\">Accessories Included<\/th>\n<td class=\"attributes__td\" data-th=\"Accessories Included\">AC adapter<\/td>\n<\/tr>\n<\/tbody>\n<\/table>\n<div class=\"product__attributes--button\"><\/div>\n","protected":false},"excerpt":{"rendered":"<p class=\"my-2 [&amp;+p]:mt-4 [&amp;_strong:has(+br)]:inline-block [&amp;_strong:has(+br)]:pb-2\"><strong>V\u00e1laszthat\u00f3 MM \u00e9s MC bemenet<\/strong> r\u00f6gz\u00edtett er\u0151s\u00edt\u00e9ssel \u00e9s impedanci\u00e1val, amely sz\u00e9les k\u00f6rben kompatibilis mozg\u00f3m\u00e1gnes \u00e9s mozg\u00f3tekercs hangszed\u0151kkel.<\/p>\n<p class=\"my-2 [&amp;+p]:mt-4 [&amp;_strong:has(+br)]:inline-block [&amp;_strong:has(+br)]:pb-2\">A <strong>kiv\u00e1l\u00f3 min\u0151s\u00e9g\u0171 FET-bemenetek<\/strong> alacsony zajszintet biztos\u00edtanak, kombin\u00e1lva a negat\u00edv visszacsatol\u00e1sos fono-equaliz\u00e1tor \u00e1ramk\u00f6rrel.<\/p>\n<p class=\"my-2 [&amp;+p]:mt-4 [&amp;_strong:has(+br)]:inline-block [&amp;_strong:has(+br)]:pb-2\">A <strong>prec\u00edzi\u00f3s alkatr\u00e9szek<\/strong> kiv\u00e1l\u00f3 <strong>RIAA-v\u00e1laszfrekvenci\u00e1t<\/strong> biztos\u00edtanak az oszt\u00e1lyban legjobb teljes\u00edtm\u00e9nyre.<\/p>\n<p class=\"my-2 [&amp;+p]:mt-4 [&amp;_strong:has(+br)]:inline-block [&amp;_strong:has(+br)]:pb-2\">Az <strong>\u00f6tv\u00f6z\u00f6tt f\u00e9m burkolat<\/strong> kiv\u00e1l\u00f3 \u00e1rny\u00e9kol\u00e1st ny\u00fajt a r\u00e1di\u00f3frekvenci\u00e1s \u00e9s elektronikus zavar\u00e1sok ellen.<\/p>\n<p class=\"my-2 [&amp;+p]:mt-4 [&amp;_strong:has(+br)]:inline-block [&amp;_strong:has(+br)]:pb-2\">A <strong>eszterg\u00e1lt alum\u00ednium el\u00fcls\u0151 panel<\/strong> \u00e9s az <strong>aranyozott RCA-csatlakoz\u00f3k<\/strong> (bemenet\/kimenet) p\u00e9ld\u00e1i a teljes konstrukci\u00f3ban haszn\u00e1lt kiv\u00e1l\u00f3 min\u0151s\u00e9g\u0171 anyagoknak.<\/p>\n","protected":false},"featured_media":1376,"comment_status":"open","ping_status":"closed","template":"","meta":{"_uag_custom_page_level_css":"","site-sidebar-layout":"default","site-content-layout":"","ast-site-content-layout":"default","site-content-style":"default","site-sidebar-style":"default","ast-global-header-display":"","ast-banner-title-visibility":"","ast-main-header-display":"","ast-hfb-above-header-display":"","ast-hfb-below-header-display":"","ast-hfb-mobile-header-display":"","site-post-title":"","ast-breadcrumbs-content":"","ast-featured-img":"","footer-sml-layout":"","ast-disable-related-posts":"","theme-transparent-header-meta":"default","adv-header-id-meta":"","stick-header-meta":"","header-above-stick-meta":"","header-main-stick-meta":"","header-below-stick-meta":"","astra-migrate-meta-layouts":"set","ast-page-background-enabled":"default","ast-page-background-meta":{"desktop":{"background-color":"var(--ast-global-color-4)","background-image":"","background-repeat":"repeat","background-position":"center center","background-size":"auto","background-attachment":"scroll","background-type":"","background-media":"","overlay-type":"","overlay-color":"","overlay-opacity":"","overlay-gradient":""},"tablet":{"background-color":"","background-image":"","background-repeat":"repeat","background-position":"center center","background-size":"auto","background-attachment":"scroll","background-type":"","background-media":"","overlay-type":"","overlay-color":"","overlay-opacity":"","overlay-gradient":""},"mobile":{"background-color":"","background-image":"","background-repeat":"repeat","background-position":"center center","background-size":"auto","background-attachment":"scroll","background-type":"","background-media":"","overlay-type":"","overlay-color":"","overlay-opacity":"","overlay-gradient":""}},"ast-content-background-meta":{"desktop":{"background-color":"var(--ast-global-color-5)","background-image":"","background-repeat":"repeat","background-position":"center center","background-size":"auto","background-attachment":"scroll","background-type":"","background-media":"","overlay-type":"","overlay-color":"","overlay-opacity":"","overlay-gradient":""},"tablet":{"background-color":"var(--ast-global-color-5)","background-image":"","background-repeat":"repeat","background-position":"center center","background-size":"auto","background-attachment":"scroll","background-type":"","background-media":"","overlay-type":"","overlay-color":"","overlay-opacity":"","overlay-gradient":""},"mobile":{"background-color":"var(--ast-global-color-5)","background-image":"","background-repeat":"repeat","background-position":"center center","background-size":"auto","background-attachment":"scroll","background-type":"","background-media":"","overlay-type":"","overlay-color":"","overlay-opacity":"","overlay-gradient":""}}},"product_brand":[],"product_cat":[47,20],"product_tag":[],"class_list":{"0":"post-1135","1":"product","2":"type-product","3":"status-publish","4":"has-post-thumbnail","6":"product_cat-hangszoro","7":"product_cat-tisztitoszerek-es-egyebek","8":"desktop-align-left","9":"tablet-align-left","10":"mobile-align-left","12":"first","13":"instock","14":"taxable","15":"shipping-taxable","16":"purchasable","17":"product-type-simple"},"supplier_id":null,"supplier_sku":"","barcode":null,"atum_controlled":true,"out_stock_date":null,"out_stock_threshold":null,"inheritable":false,"inbound_stock":0,"stock_on_hold":0,"sold_today":0,"sales_last_days":0,"reserved_stock":0,"customer_returns":0,"warehouse_damage":0,"lost_in_post":0,"other_logs":0,"out_stock_days":0,"lost_sales":0,"has_location":false,"update_date":"2026-05-02T04:24:33","atum_locations":[],"atum_stock_status":"instock","restock_status":false,"low_stock_amount":"","sales_update_date":"2026-05-02T04:24:33","calc_backorders":null,"uagb_featured_image_src":{"full":["https:\/\/shop.hanaton.hu\/wp-content\/uploads\/at-peq30_01.png.webp",2000,2000,false],"thumbnail":["https:\/\/shop.hanaton.hu\/wp-content\/uploads\/at-peq30_01.png-150x150.webp",150,150,true],"medium":["https:\/\/shop.hanaton.hu\/wp-content\/uploads\/at-peq30_01.png-300x300.webp",300,300,true],"medium_large":["https:\/\/shop.hanaton.hu\/wp-content\/uploads\/at-peq30_01.png-768x768.webp",768,768,true],"large":["https:\/\/shop.hanaton.hu\/wp-content\/uploads\/at-peq30_01.png-1024x1024.webp",1024,1024,true],"1536x1536":["https:\/\/shop.hanaton.hu\/wp-content\/uploads\/at-peq30_01.png-1536x1536.webp",1536,1536,true],"2048x2048":["https:\/\/shop.hanaton.hu\/wp-content\/uploads\/at-peq30_01.png.webp",2000,2000,false],"woocommerce_thumbnail":["https:\/\/shop.hanaton.hu\/wp-content\/uploads\/at-peq30_01.png-300x300.webp",300,300,true],"woocommerce_single":["https:\/\/shop.hanaton.hu\/wp-content\/uploads\/at-peq30_01.png-600x600.webp",600,600,true],"woocommerce_gallery_thumbnail":["https:\/\/shop.hanaton.hu\/wp-content\/uploads\/at-peq30_01.png-100x100.webp",100,100,true]},"uagb_author_info":{"display_name":"admin","author_link":"https:\/\/shop.hanaton.hu\/?author=0"},"uagb_comment_info":0,"uagb_excerpt":"V\u00e1laszthat\u00f3 MM \u00e9s MC bemenet r\u00f6gz\u00edtett er\u0151s\u00edt\u00e9ssel \u00e9s impedanci\u00e1val, amely sz\u00e9les k\u00f6rben kompatibilis mozg\u00f3m\u00e1gnes \u00e9s mozg\u00f3tekercs hangszed\u0151kkel. A kiv\u00e1l\u00f3 min\u0151s\u00e9g\u0171 FET-bemenetek alacsony zajszintet biztos\u00edtanak, kombin\u00e1lva a negat\u00edv visszacsatol\u00e1sos fono-equaliz\u00e1tor \u00e1ramk\u00f6rrel. A prec\u00edzi\u00f3s alkatr\u00e9szek kiv\u00e1l\u00f3 RIAA-v\u00e1laszfrekvenci\u00e1t biztos\u00edtanak az oszt\u00e1lyban legjobb teljes\u00edtm\u00e9nyre. Az \u00f6tv\u00f6z\u00f6tt f\u00e9m burkolat kiv\u00e1l\u00f3 \u00e1rny\u00e9kol\u00e1st ny\u00fajt a r\u00e1di\u00f3frekvenci\u00e1s \u00e9s elektronikus zavar\u00e1sok ellen. A eszterg\u00e1lt&hellip;","_links":{"self":[{"href":"https:\/\/shop.hanaton.hu\/index.php?rest_route=\/wp\/v2\/product\/1135","targetHints":{"allow":["GET"]}}],"collection":[{"href":"https:\/\/shop.hanaton.hu\/index.php?rest_route=\/wp\/v2\/product"}],"about":[{"href":"https:\/\/shop.hanaton.hu\/index.php?rest_route=\/wp\/v2\/types\/product"}],"replies":[{"embeddable":true,"href":"https:\/\/shop.hanaton.hu\/index.php?rest_route=%2Fwp%2Fv2%2Fcomments&post=1135"}],"wp:featuredmedia":[{"embeddable":true,"href":"https:\/\/shop.hanaton.hu\/index.php?rest_route=\/wp\/v2\/media\/1376"}],"wp:attachment":[{"href":"https:\/\/shop.hanaton.hu\/index.php?rest_route=%2Fwp%2Fv2%2Fmedia&parent=1135"}],"wp:term":[{"taxonomy":"product_brand","embeddable":true,"href":"https:\/\/shop.hanaton.hu\/index.php?rest_route=%2Fwp%2Fv2%2Fproduct_brand&post=1135"},{"taxonomy":"product_cat","embeddable":true,"href":"https:\/\/shop.hanaton.hu\/index.php?rest_route=%2Fwp%2Fv2%2Fproduct_cat&post=1135"},{"taxonomy":"product_tag","embeddable":true,"href":"https:\/\/shop.hanaton.hu\/index.php?rest_route=%2Fwp%2Fv2%2Fproduct_tag&post=1135"}],"curies":[{"name":"wp","href":"https:\/\/api.w.org\/{rel}","templated":true}]}}