{"id":1133,"date":"2025-12-13T21:00:26","date_gmt":"2025-12-13T20:00:26","guid":{"rendered":"https:\/\/shop.hanaton.hu\/?product=audio-technica-ath-adx3000-audiophile-open-air-dinamikus-fejhallgato"},"modified":"2025-12-14T21:09:02","modified_gmt":"2025-12-14T20:09:02","slug":"audio-technica-ath-adx3000-audiophile-open-air-dinamikus-fejhallgato","status":"publish","type":"product","link":"https:\/\/shop.hanaton.hu\/?product=audio-technica-ath-adx3000-audiophile-open-air-dinamikus-fejhallgato","title":{"rendered":"Audio Technica ATH-ADX3000 Nyitott (Open Air), dinamikus rendszer\u0171 fejhallgat\u00f3"},"content":{"rendered":"<ul>\n<li>A teljesen nyitott h\u00e1tlapi kialak\u00edt\u00e1s lehet\u0151v\u00e9 teszi a korl\u00e1tlan l\u00e9g\u00e1raml\u00e1st a term\u00e9szetes m\u00e9lyhangok mesters\u00e9ges rezonancia n\u00e9lk\u00fcli visszaad\u00e1s\u00e1hoz, megtartva a tiszta k\u00f6z\u00e9p- \u00e9s magas frekvenci\u00e1kat<\/li>\n<li>Az 58\u202fmm-es integr\u00e1lt meghajt\u00f3 kialak\u00edt\u00e1sa k\u00f6z\u00f6s egys\u00e9gben egyes\u00edti a membr\u00e1nt, a hangtekercset, a terel\u0151lapot \u00e9s a m\u00e1gnest a nem k\u00edv\u00e1nt rezg\u00e9sek cs\u00f6kkent\u00e9se \u00e9rdek\u00e9ben<\/li>\n<li>A szabadalmazott Core Mount technol\u00f3gia optim\u00e1lis poz\u00edci\u00f3ba helyezi a meghajt\u00f3egys\u00e9get a jobb l\u00e9g\u00e1raml\u00e1s \u00e9rdek\u00e9ben, \u00e9s cs\u00f6kkenti a torz\u00edt\u00e1st<\/li>\n<li>A meghajt\u00f3egys\u00e9gek hat\u00e9kony m\u00e1gneses tulajdons\u00e1gokkal rendelkez\u0151 tiszta vas \u00e1ramk\u00f6rt haszn\u00e1lnak, ami pontos hangvisszaad\u00e1st eredm\u00e9nyez<\/li>\n<li>A volfr\u00e1mmal bevont membr\u00e1n nagy merevs\u00e9get biztos\u00edt a jobb tranziens v\u00e1lasz \u00e9rdek\u00e9ben<\/li>\n<li>Jap\u00e1n k\u00e9zm\u0171vess\u00e9g: minden fejhallgat\u00f3t a leggondosabban szerel\u00fcnk \u00f6ssze a h\u00e1zon bel\u00fcl gy\u00e1rtott alkatr\u00e9szekb\u0151l, majd szigor\u00faan tesztel\u00fcnk, miel\u0151tt elhagyja toki\u00f3i gy\u00e1runkat<\/li>\n<li>A magn\u00e9zium \u00f6tv\u00f6zetb\u0151l k\u00e9sz\u00fclt v\u00e1z merev, v\u00e9kony, k\u00f6nny\u0171 szerkezetet eredm\u00e9nyez<\/li>\n<li>A m\u00e9hsejtszer\u0171 lyukacsos h\u00e1z kialak\u00edt\u00e1sa blokkolja az oldals\u00f3 l\u00e9gmozg\u00e1st a nemk\u00edv\u00e1natos l\u00e9gnyom\u00e1svesztes\u00e9g megel\u0151z\u00e9se \u00e9rdek\u00e9ben<\/li>\n<li>A vel\u00far f\u00fclp\u00e1rn\u00e1k k\u00e9nyelmesek \u00e9s tart\u00f3sak<\/li>\n<li>Elt\u00e1vol\u00edthat\u00f3 3,0 m-es k\u00e1bel A2DC (Audio Designed Detachable Coaxial) csatlakoz\u00f3kkal a fejhallgat\u00f3n\u00e1l, illetve 6,3\u202fmm-es aranyozott sztere\u00f3 jack dug\u00f3val<\/li>\n<li>Speci\u00e1lisan kialak\u00edtott kem\u00e9ny hordt\u00e1ska<\/li>\n<\/ul>\n<table class=\"product__attributes product__table active\">\n<tbody>\n<tr class=\"attributes__group-title\">\n<th class=\"attributes__group-title--text\" colspan=\"2\" scope=\"rowgroup\">Fejhallgat\u00f3<\/th>\n<\/tr>\n<tr class=\"attributes__tr\">\n<th class=\"attributes__th\" scope=\"row\">T\u00edpus<\/th>\n<td class=\"attributes__td\" data-th=\"T\u00edpus\">Nyitott, dinamikus rendszer\u0171<\/td>\n<\/tr>\n<tr class=\"attributes__tr\">\n<th class=\"attributes__th\" scope=\"row\">Meghajt\u00f3 \u00e1tm\u00e9r\u0151<\/th>\n<td class=\"attributes__td\" data-th=\"Meghajt\u00f3 \u00e1tm\u00e9r\u0151\">58 mm<\/td>\n<\/tr>\n<tr class=\"attributes__tr\">\n<th class=\"attributes__th\" scope=\"row\">Frekvencia \u00e1tvitel<\/th>\n<td class=\"attributes__td\" data-th=\"Frekvencia \u00e1tvitel\">5 \u2013 45\u202f000 Hz<\/td>\n<\/tr>\n<tr class=\"attributes__tr\">\n<th class=\"attributes__th\" scope=\"row\">Maxim\u00e1lis terhelhet\u0151s\u00e9g<\/th>\n<td class=\"attributes__td\" data-th=\"Maxim\u00e1lis terhelhet\u0151s\u00e9g\">700 mW<\/td>\n<\/tr>\n<tr class=\"attributes__tr\">\n<th class=\"attributes__th\" scope=\"row\">\u00c9rz\u00e9kenys\u00e9g<\/th>\n<td class=\"attributes__td\" data-th=\"\u00c9rz\u00e9kenys\u00e9g\">98 dB\/mW<\/td>\n<\/tr>\n<tr class=\"attributes__tr\">\n<th class=\"attributes__th\" scope=\"row\">Impedancia<\/th>\n<td class=\"attributes__td\" data-th=\"Impedancia\">50 ohm<\/td>\n<\/tr>\n<tr class=\"attributes__tr\">\n<th class=\"attributes__th\" scope=\"row\">T\u00f6meg<\/th>\n<td class=\"attributes__td\" data-th=\"T\u00f6meg\">Kb. 257 g<\/td>\n<\/tr>\n<tr class=\"attributes__tr\">\n<th class=\"attributes__th\" scope=\"row\">Csatlakoz\u00f3<\/th>\n<td class=\"attributes__td\" data-th=\"Csatlakoz\u00f3\">A2DC rendszer\u0171<\/td>\n<\/tr>\n<tr class=\"attributes__tr\">\n<th class=\"attributes__th\" scope=\"row\">Mell\u00e9kelt tartoz\u00e9kok<\/th>\n<td class=\"attributes__td\" data-th=\"Mell\u00e9kelt tartoz\u00e9kok\">\u30fbLevehet\u0151 k\u00e1bel (3,0 m) \/6,3 mm aranyozott sztere\u00f3 csatlakoz\u00f3val \u30fbKem\u00e9ny hordt\u00e1ska<\/td>\n<\/tr>\n<tr class=\"attributes__tr\">\n<th class=\"attributes__th\" scope=\"row\">Cser\u00e9lhet\u0151 alkatr\u00e9szek \/ k\u00fcl\u00f6n kaphat\u00f3 t\u00e9telek<\/th>\n<td class=\"attributes__td\" data-th=\"Cser\u00e9lhet\u0151 alkatr\u00e9szek \/ k\u00fcl\u00f6n kaphat\u00f3 t\u00e9telek\">F\u00fclp\u00e1rn\u00e1k , K\u00e1bel<\/td>\n<\/tr>\n<tr class=\"attributes__tr\">\n<th class=\"attributes__th\" scope=\"row\">Notes<\/th>\n<td class=\"attributes__td\" data-th=\"Notes\">A term\u00e9k fejleszt\u00e9se \u00e9rdek\u00e9ben a term\u00e9k el\u0151zetes \u00e9rtes\u00edt\u00e9s n\u00e9lk\u00fcl m\u00f3dos\u00edt\u00e1s t\u00e1rgy\u00e1t k\u00e9pezi.<\/td>\n<\/tr>\n<\/tbody>\n<\/table>\n<div class=\"product__attributes--button\"><\/div>\n","protected":false},"excerpt":{"rendered":"<div class=\"product-hero__intro-text\">\n<p>Az ATH-ADX3000-et a z\u00e1szl\u00f3shaj\u00f3 ATH-ADX5000 nyitott fejhallgat\u00f3 mint\u00e1j\u00e1ra \u00fagy tervezt\u00fck, hogy a term\u00e9szetes nyitott hangz\u00e1s sz\u00e9lesebb k\u00f6z\u00f6ns\u00e9ghez juthasson el. A fejhallgat\u00f3 58\u202fmm-es integr\u00e1lt meghajt\u00f3egys\u00e9ge egyetlen egys\u00e9gbe foglalja a membr\u00e1nt, a tekercset, a terel\u0151lapot \u00e9s a m\u00e1gnest. Ez jobb l\u00e9g\u00e1raml\u00e1st \u00e9s teljes tartom\u00e1ny\u00fa hangvisszaad\u00e1st eredm\u00e9nyez. Az optim\u00e1lis szerkezet cs\u00f6kkenti a torz\u00edt\u00e1st. Az eredm\u00e9ny teljes hangz\u00e1s term\u00e9szetes basszussal, tiszta k\u00f6z\u00e9p- \u00e9s magas frekvenci\u00e1kkal, valamint pontos, val\u00f3s\u00e1gh\u0171 hangz\u00e1svil\u00e1ggal.<\/p>\n<\/div>\n<div class=\"product-hero__expanded-text\">\n<p>Ezeket a pehelyk\u00f6nny\u0171 (257 g) audiofil fejhallgat\u00f3kat a toki\u00f3i Machid\u00e1ban tal\u00e1lhat\u00f3 l\u00e9tes\u00edtm\u00e9ny\u00fcnkben k\u00e9zzel szerelj\u00fck \u00f6ssze saj\u00e1t gy\u00e1rt\u00e1s\u00fa alkatr\u00e9szekb\u0151l, \u00e9s szigor\u00faan tesztelj\u00fck, miel\u0151tt elhagyj\u00e1k a gy\u00e1rat.<\/p>\n<p>A tart\u00f3s k\u00e9nyelem \u00e9rdek\u00e9ben cser\u00e9lhet\u0151 vel\u00far f\u00fclp\u00e1rn\u00e1kat alkalmazunk. Mell\u00e9kel\u00fcnk egy elt\u00e1vol\u00edthat\u00f3 3,0\u202fm-es k\u00e1belt, amely a kagyl\u00f3kn\u00e1l A2DC (Audio Designed Detachable Coaxial) csatlakoz\u00f3kkal van szerelve, a forr\u00e1sk\u00e9sz\u00fcl\u00e9khez pedig 6,3\u202fmm-es (1\/4&#8243;) aranyozott sztere\u00f3 jackdug\u00f3val csatlakozik.<\/p>\n<\/div>\n","protected":false},"featured_media":1382,"comment_status":"open","ping_status":"closed","template":"","meta":{"_uag_custom_page_level_css":"","site-sidebar-layout":"default","site-content-layout":"","ast-site-content-layout":"default","site-content-style":"default","site-sidebar-style":"default","ast-global-header-display":"","ast-banner-title-visibility":"","ast-main-header-display":"","ast-hfb-above-header-display":"","ast-hfb-below-header-display":"","ast-hfb-mobile-header-display":"","site-post-title":"","ast-breadcrumbs-content":"","ast-featured-img":"","footer-sml-layout":"","ast-disable-related-posts":"","theme-transparent-header-meta":"default","adv-header-id-meta":"","stick-header-meta":"","header-above-stick-meta":"","header-main-stick-meta":"","header-below-stick-meta":"","astra-migrate-meta-layouts":"set","ast-page-background-enabled":"default","ast-page-background-meta":{"desktop":{"background-color":"var(--ast-global-color-4)","background-image":"","background-repeat":"repeat","background-position":"center center","background-size":"auto","background-attachment":"scroll","background-type":"","background-media":"","overlay-type":"","overlay-color":"","overlay-opacity":"","overlay-gradient":""},"tablet":{"background-color":"","background-image":"","background-repeat":"repeat","background-position":"center center","background-size":"auto","background-attachment":"scroll","background-type":"","background-media":"","overlay-type":"","overlay-color":"","overlay-opacity":"","overlay-gradient":""},"mobile":{"background-color":"","background-image":"","background-repeat":"repeat","background-position":"center center","background-size":"auto","background-attachment":"scroll","background-type":"","background-media":"","overlay-type":"","overlay-color":"","overlay-opacity":"","overlay-gradient":""}},"ast-content-background-meta":{"desktop":{"background-color":"var(--ast-global-color-5)","background-image":"","background-repeat":"repeat","background-position":"center center","background-size":"auto","background-attachment":"scroll","background-type":"","background-media":"","overlay-type":"","overlay-color":"","overlay-opacity":"","overlay-gradient":""},"tablet":{"background-color":"var(--ast-global-color-5)","background-image":"","background-repeat":"repeat","background-position":"center center","background-size":"auto","background-attachment":"scroll","background-type":"","background-media":"","overlay-type":"","overlay-color":"","overlay-opacity":"","overlay-gradient":""},"mobile":{"background-color":"var(--ast-global-color-5)","background-image":"","background-repeat":"repeat","background-position":"center center","background-size":"auto","background-attachment":"scroll","background-type":"","background-media":"","overlay-type":"","overlay-color":"","overlay-opacity":"","overlay-gradient":""}}},"product_brand":[],"product_cat":[37,39],"product_tag":[],"class_list":{"0":"post-1133","1":"product","2":"type-product","3":"status-publish","4":"has-post-thumbnail","6":"product_cat-fejhallgatok","7":"product_cat-hi-fi-headphones","8":"desktop-align-left","9":"tablet-align-left","10":"mobile-align-left","12":"first","13":"instock","14":"taxable","15":"shipping-taxable","16":"purchasable","17":"product-type-simple"},"supplier_id":null,"supplier_sku":"","barcode":null,"atum_controlled":true,"out_stock_date":null,"out_stock_threshold":null,"inheritable":false,"inbound_stock":0,"stock_on_hold":0,"sold_today":0,"sales_last_days":0,"reserved_stock":0,"customer_returns":0,"warehouse_damage":0,"lost_in_post":0,"other_logs":0,"out_stock_days":0,"lost_sales":0,"has_location":false,"update_date":"2026-05-03T04:29:00","atum_locations":[],"atum_stock_status":"instock","restock_status":false,"low_stock_amount":"","sales_update_date":"2026-05-03T04:29:00","calc_backorders":null,"uagb_featured_image_src":{"full":["https:\/\/shop.hanaton.hu\/wp-content\/uploads\/ath-adx3000_01.png.webp",2000,2000,false],"thumbnail":["https:\/\/shop.hanaton.hu\/wp-content\/uploads\/ath-adx3000_01.png-150x150.webp",150,150,true],"medium":["https:\/\/shop.hanaton.hu\/wp-content\/uploads\/ath-adx3000_01.png-300x300.webp",300,300,true],"medium_large":["https:\/\/shop.hanaton.hu\/wp-content\/uploads\/ath-adx3000_01.png-768x768.webp",768,768,true],"large":["https:\/\/shop.hanaton.hu\/wp-content\/uploads\/ath-adx3000_01.png-1024x1024.webp",1024,1024,true],"1536x1536":["https:\/\/shop.hanaton.hu\/wp-content\/uploads\/ath-adx3000_01.png-1536x1536.webp",1536,1536,true],"2048x2048":["https:\/\/shop.hanaton.hu\/wp-content\/uploads\/ath-adx3000_01.png.webp",2000,2000,false],"woocommerce_thumbnail":["https:\/\/shop.hanaton.hu\/wp-content\/uploads\/ath-adx3000_01.png-300x300.webp",300,300,true],"woocommerce_single":["https:\/\/shop.hanaton.hu\/wp-content\/uploads\/ath-adx3000_01.png-600x600.webp",600,600,true],"woocommerce_gallery_thumbnail":["https:\/\/shop.hanaton.hu\/wp-content\/uploads\/ath-adx3000_01.png-100x100.webp",100,100,true]},"uagb_author_info":{"display_name":"admin","author_link":"https:\/\/shop.hanaton.hu\/?author=0"},"uagb_comment_info":0,"uagb_excerpt":"Az ATH-ADX3000-et a z\u00e1szl\u00f3shaj\u00f3 ATH-ADX5000 nyitott fejhallgat\u00f3 mint\u00e1j\u00e1ra \u00fagy tervezt\u00fck, hogy a term\u00e9szetes nyitott hangz\u00e1s sz\u00e9lesebb k\u00f6z\u00f6ns\u00e9ghez juthasson el. A fejhallgat\u00f3 58\u202fmm-es integr\u00e1lt meghajt\u00f3egys\u00e9ge egyetlen egys\u00e9gbe foglalja a membr\u00e1nt, a tekercset, a terel\u0151lapot \u00e9s a m\u00e1gnest. Ez jobb l\u00e9g\u00e1raml\u00e1st \u00e9s teljes tartom\u00e1ny\u00fa hangvisszaad\u00e1st eredm\u00e9nyez. Az optim\u00e1lis szerkezet cs\u00f6kkenti a torz\u00edt\u00e1st. Az eredm\u00e9ny teljes hangz\u00e1s term\u00e9szetes&hellip;","_links":{"self":[{"href":"https:\/\/shop.hanaton.hu\/index.php?rest_route=\/wp\/v2\/product\/1133","targetHints":{"allow":["GET"]}}],"collection":[{"href":"https:\/\/shop.hanaton.hu\/index.php?rest_route=\/wp\/v2\/product"}],"about":[{"href":"https:\/\/shop.hanaton.hu\/index.php?rest_route=\/wp\/v2\/types\/product"}],"replies":[{"embeddable":true,"href":"https:\/\/shop.hanaton.hu\/index.php?rest_route=%2Fwp%2Fv2%2Fcomments&post=1133"}],"wp:featuredmedia":[{"embeddable":true,"href":"https:\/\/shop.hanaton.hu\/index.php?rest_route=\/wp\/v2\/media\/1382"}],"wp:attachment":[{"href":"https:\/\/shop.hanaton.hu\/index.php?rest_route=%2Fwp%2Fv2%2Fmedia&parent=1133"}],"wp:term":[{"taxonomy":"product_brand","embeddable":true,"href":"https:\/\/shop.hanaton.hu\/index.php?rest_route=%2Fwp%2Fv2%2Fproduct_brand&post=1133"},{"taxonomy":"product_cat","embeddable":true,"href":"https:\/\/shop.hanaton.hu\/index.php?rest_route=%2Fwp%2Fv2%2Fproduct_cat&post=1133"},{"taxonomy":"product_tag","embeddable":true,"href":"https:\/\/shop.hanaton.hu\/index.php?rest_route=%2Fwp%2Fv2%2Fproduct_tag&post=1133"}],"curies":[{"name":"wp","href":"https:\/\/api.w.org\/{rel}","templated":true}]}}