{"id":1132,"date":"2025-12-13T21:00:18","date_gmt":"2025-12-13T20:00:18","guid":{"rendered":"https:\/\/shop.hanaton.hu\/?product=audio-technica-ath-awkg-dinamikus-fejhallgato"},"modified":"2025-12-14T21:09:24","modified_gmt":"2025-12-14T20:09:24","slug":"audio-technica-ath-awkg-dinamikus-fejhallgato","status":"publish","type":"product","link":"https:\/\/shop.hanaton.hu\/?product=audio-technica-ath-awkg-dinamikus-fejhallgato","title":{"rendered":"Audio Technica ATH-AWKG audiofil z\u00e1rt h\u00e1tlap\u00fa dinamikus fa fejhallgat\u00f3"},"content":{"rendered":"<ul>\n<li>A h\u00e1z \u00e9rt\u00e9kes KUROGAKI f\u00e1b\u00f3l k\u00e9sz\u00fclt, k\u00e9zzel felhordott lakkoz\u00e1ssal, amely a fa egyedi fizikai tulajdons\u00e1gait hasznos\u00edtva rendk\u00edv\u00fcl tiszta hangmin\u0151s\u00e9get biztos\u00edt<\/li>\n<li>A rendk\u00edv\u00fcl hat\u00e9kony n\u00e9met Permendur m\u00e1gneses \u00e1ramk\u00f6r\u00f6kkel ell\u00e1tott 53 mm-es meghajt\u00f3k er\u0151teljes hangot biztos\u00edtanak kiterjedt hangz\u00e1startom\u00e1nnyal<\/li>\n<li>A meghajt\u00f3 k\u00f6nny\u0171, tart\u00f3s tit\u00e1n karim\u00e1ja lehet\u0151v\u00e9 teszi a membr\u00e1n pontosabb reakci\u00f3j\u00e1t a jelre<\/li>\n<li>A 6N-OFC (nagy tisztas\u00e1g\u00fa, oxig\u00e9nmentes r\u00e9z) hangtekercs optim\u00e1lis jel\u00e1tvitelt biztos\u00edt<\/li>\n<li>A D.A.D.S. A (Double Air Damping System) strukt\u00fara m\u00e9ly basszus reprodukci\u00f3r\u00f3l gondoskodik<\/li>\n<li>A magn\u00e9zium\u00f6tv\u00f6zet fejhallgat\u00f3kar sz\u00f6gben van, hogy a lehet\u0151 legjobban illeszkedjen a kiv\u00e1l\u00f3 kagyl\u00f3 szigetel\u00e9ssel<\/li>\n<li>A varrott ergonomikus f\u00fclp\u00e1rn\u00e1k \u00e9s fejp\u00e1nt sima, nagy tart\u00f3ss\u00e1g\u00fa juhb\u0151rb\u0151l k\u00e9sz\u00fclnek a tart\u00f3s k\u00e9nyelem \u00e9rdek\u00e9ben<\/li>\n<li>A fonott pr\u00e9mium sz\u00f6vettel bevont fejhallgat\u00f3-k\u00e1belek megakad\u00e1lyozz\u00e1k az \u00f6sszegabalyod\u00e1s<\/li>\n<li>Tartalom:\n<ul>\n<li>K\u00e9t levehet\u0151 3,0 m-es (9,8&#8242;) k\u00e1bel A2DC (Audio Designed Detachable Coaxial) csatlakoz\u00f3val a fejhallgat\u00f3n: az egyik 6,3 mm-es (1\/4&#8243;) aranyozott sztere\u00f3 csatlakoz\u00f3val, a m\u00e1sik 4-t\u0171s kiegyens\u00falyozott XLR-M csatlakoz\u00f3val.<\/li>\n<\/ul>\n<\/li>\n<li>KUROGAKI f\u00e1val d\u00edsz\u00edtett f\u00e1b\u00f3l k\u00e9sz\u00fclt t\u00e1rol\u00f3dobozban kaphat\u00f3<\/li>\n<\/ul>\n<table class=\"product__attributes product__table active\">\n<tbody>\n<tr class=\"attributes__group-title\">\n<th class=\"attributes__group-title--text\" colspan=\"2\" scope=\"rowgroup\">Fejhallgat\u00f3<\/th>\n<\/tr>\n<tr class=\"attributes__tr\">\n<th class=\"attributes__th\" scope=\"row\">T\u00edpus<\/th>\n<td class=\"attributes__td\" data-th=\"T\u00edpus\">Z\u00e1rt h\u00e1tlap\u00fa dinamika<\/td>\n<\/tr>\n<tr class=\"attributes__tr\">\n<th class=\"attributes__th\" scope=\"row\">Meghajt\u00f3 \u00e1tm\u00e9r\u0151<\/th>\n<td class=\"attributes__td\" data-th=\"Meghajt\u00f3 \u00e1tm\u00e9r\u0151\">53 mm<\/td>\n<\/tr>\n<tr class=\"attributes__tr\">\n<th class=\"attributes__th\" scope=\"row\">Frekvencia \u00e1tvitel<\/th>\n<td class=\"attributes__td\" data-th=\"Frekvencia \u00e1tvitel\">5 &#8211; 45,000 Hz<\/td>\n<\/tr>\n<tr class=\"attributes__tr\">\n<th class=\"attributes__th\" scope=\"row\">Maxim\u00e1lis terhelhet\u0151s\u00e9g<\/th>\n<td class=\"attributes__td\" data-th=\"Maxim\u00e1lis terhelhet\u0151s\u00e9g\">2,000 mW<\/td>\n<\/tr>\n<tr class=\"attributes__tr\">\n<th class=\"attributes__th\" scope=\"row\">\u00c9rz\u00e9kenys\u00e9g<\/th>\n<td class=\"attributes__td\" data-th=\"\u00c9rz\u00e9kenys\u00e9g\">102 dB\/mW<\/td>\n<\/tr>\n<tr class=\"attributes__tr\">\n<th class=\"attributes__th\" scope=\"row\">Impedancia<\/th>\n<td class=\"attributes__td\" data-th=\"Impedancia\">48 ohms<\/td>\n<\/tr>\n<tr class=\"attributes__tr\">\n<th class=\"attributes__th\" scope=\"row\">T\u00f6meg<\/th>\n<td class=\"attributes__td\" data-th=\"T\u00f6meg\">Kb. 390 g (14 oz), without cable<\/td>\n<\/tr>\n<tr class=\"attributes__tr\">\n<th class=\"attributes__th\" scope=\"row\">Csatlakoz\u00f3<\/th>\n<td class=\"attributes__td\" data-th=\"Csatlakoz\u00f3\">A2DC csatlakoz\u00f3 jack<\/td>\n<\/tr>\n<tr class=\"attributes__tr\">\n<th class=\"attributes__th\" scope=\"row\">Mell\u00e9kelt tartoz\u00e9kok<\/th>\n<td class=\"attributes__td\" data-th=\"Mell\u00e9kelt tartoz\u00e9kok\">K\u00e1bel (3,0 m (9,8&#8242;)\/6,3 mm (1\/4&#8243;) aranyozott sztere\u00f3 csatlakoz\u00f3), kiegyens\u00falyozott k\u00e1bel (3,0 m (9,8\u2019)\/XLR-M csatlakoz\u00f3 (4-t\u0171s))<\/td>\n<\/tr>\n<tr class=\"attributes__tr\">\n<th class=\"attributes__th\" scope=\"row\">Opcion\u00e1lis kieg\u00e9sz\u00edt\u0151k<\/th>\n<td class=\"attributes__td\" data-th=\"Opcion\u00e1lis kieg\u00e9sz\u00edt\u0151k\">K\u00fcl\u00f6n kaphat\u00f3: F\u00fclp\u00e1rn\u00e1k, k\u00e1bel, kiegyens\u00falyozott k\u00e1bel<\/td>\n<\/tr>\n<tr class=\"attributes__tr\">\n<th class=\"attributes__th\" scope=\"row\">Notes<\/th>\n<td class=\"attributes__td\" data-th=\"Notes\">A term\u00e9k fejleszt\u00e9se \u00e9rdek\u00e9ben a term\u00e9k el\u0151zetes \u00e9rtes\u00edt\u00e9s n\u00e9lk\u00fcl m\u00f3dos\u00edt\u00e1s t\u00e1rgy\u00e1t k\u00e9pezi<\/td>\n<\/tr>\n<\/tbody>\n<\/table>\n<div class=\"product__attributes--button\"><\/div>\n","protected":false},"excerpt":{"rendered":"<div class=\"product-hero__intro-text\">\n<p>1962-es alap\u00edt\u00e1sunk \u00f3ta igyeksz\u00fcnk t\u00e1g\u00edtani az audio technol\u00f3gia hat\u00e1rait, \u00e9s az emberi kapcsolatok el\u0151seg\u00edt\u00e9se \u00e9rdek\u00e9ben a mindenki sz\u00e1m\u00e1ra el\u00e9rhet\u0151 tiszta hangz\u00e1st k\u00f6vetj\u00fck. M\u00e9g hat \u00e9vtizednyi felfedez\u00e9s \u00e9s innov\u00e1ci\u00f3 ut\u00e1n is \u00fagy \u00e9rezz\u00fck, itt az ideje, hogy m\u00e9g magasabb szintre emelj\u00fck az anal\u00f3g hangz\u00e1s kutat\u00e1s\u00e1t. A NARUKAMI sorozat hat\u00e1rokat feszeget\u0151 pr\u00e9mium hang\u00e9lm\u00e9nyt k\u00edn\u00e1l, az Audio-Technica v\u00e9djegy\u00e9nek sz\u00e1m\u00edt\u00f3 apr\u00f3l\u00e9kos jap\u00e1n k\u00e9zm\u0171ves munka mellett.<\/p>\n<p>A NARUKAMI sorozat, amely nev\u00e9t a jap\u00e1n mennyd\u00f6rg\u00e9s isten\u00e9r\u0151l kapta, olyan cs\u00facskateg\u00f3ri\u00e1s audio term\u00e9keket tartalmaz, amelyeket element\u00e1ris szenved\u00e9lyek l\u00e1ngra lobbant\u00e1s\u00e1ra terveztek. M\u00e9rn\u00f6keink a hangmin\u0151s\u00e9g \u00e9rt\u00e9kel\u00e9s\u00e9n\u00e9l a steril m\u0171szaki specifik\u00e1ci\u00f3k helyett ink\u00e1bb kifinomult hall\u00e1sukra hagyatkoznak, m\u00edg a fontosabb anyagokat, mint p\u00e9ld\u00e1ul az \u00e9rt\u00e9kes KUROGAKI f\u00e1t az\u00e9rt v\u00e1lasztottuk, hogy a hallgat\u00f3t k\u00f6zelebb hozzuk a term\u00e9szet csod\u00e1ihoz.<\/p>\n<\/div>\n<div class=\"product-hero__expanded-text\">\n<p>A KUROGAKI a datolyaszilvaf\u00e1ra utal, amelynek belseje fekete, tintaszer\u0171 mint\u00e1zatot mutat. Ezen term\u00e9szetes m\u00f3don elk\u00fcl\u00f6n\u00fcl\u0151 fekete mint\u00e1k kialakul\u00e1s\u00e1nak az ok\u00e1t a mai napig nem siker\u00fclt megfejteni. A KUROGAKI sz\u00e1r\u00edt\u00e1si folyamata nagy kih\u00edv\u00e1st jelent, \u00e9s \u00e9vek alatt felhalmozott, sz\u00e9lesk\u00f6r\u0171 tud\u00e1st \u00e9s szak\u00e9rtelmet ig\u00e9nyel. Ezek a t\u00e9nyez\u0151k hozz\u00e1j\u00e1rulnak ahhoz, hogy a f\u00e1nak Jap\u00e1n-szerte nagyra becs\u00fclt st\u00e1tusza van. Titokzatos \u00e9s zen-szer\u0171 mint\u00e1zat\u00e1nak k\u00f6sz\u00f6nhet\u0151en a KUROGAKI a t\u00f6rt\u00e9nelem sor\u00e1n a nemesekn\u00e9l \u00e9s irodalm\u00e1rokn\u00e1l nagy becsben \u00e1llt, ami a KUROGAKI fontoss\u00e1g\u00e1r\u00f3l tan\u00faskodik a jap\u00e1n kult\u00far\u00e1ban.<\/p>\n<p>Az ATH-AWKG KUROGAKI fah\u00e1za egyed\u00fcl\u00e1ll\u00f3 fizikai tulajdons\u00e1gokkal rendelkezik, amelyek hozz\u00e1j\u00e1rulnak a kiv\u00e9teles hangmin\u0151s\u00e9ghez. A szakk\u00e9pzett mesterember \u00e1ltal k\u00e9zzel lakkozott fel\u00fclet kiemeli a fa term\u00e9szetes rostozat\u00e1nak sz\u00e9ps\u00e9g\u00e9t \u2013 ez a sz\u00e9ps\u00e9g az \u00e9letkorral egyre jobban kidomborodik.<\/p>\n<p>A fejhallgat\u00f3 exkluz\u00edv, rendk\u00edv\u00fcl hat\u00e9kony n\u00e9met Permendur m\u00e1gneses \u00e1ramk\u00f6r\u00f6kkel ell\u00e1tott 53 mm-es meghajt\u00f3kkal van felszerelve, amelyek kiv\u00e9telesen pontos hangot k\u00e9pesek biztos\u00edtani kiterjedt hangz\u00e1startom\u00e1nnyal.<\/p>\n<p>Mindk\u00e9t meghajt\u00f3 k\u00f6nny\u0171, tart\u00f3s tit\u00e1n karim\u00e1val \u00e9s 6N-OFC (nagy tisztas\u00e1g\u00fa, oxig\u00e9nmentes r\u00e9z) hangtekerccsel rendelkezik a membr\u00e1n prec\u00edz mozg\u00e1s\u00e1nak \u00e9s jel optim\u00e1lis \u00e1tvitel\u00e9nek a biztos\u00edt\u00e1s\u00e1ra. Kiz\u00e1r\u00f3lagos D.A.D.S. rendszer\u00fcnk (Double Air Damping System), amely a h\u00e1z szerkezet\u00e9t k\u00e9t k\u00fcl\u00f6n\u00e1ll\u00f3 akusztikus kamr\u00e1ra osztja, sima, pontos basszus\u00e1tvitelr\u0151l gondoskodik.<\/p>\n<p>A h\u00e1zat r\u00f6gz\u00edt\u0151 karok k\u00f6nny\u0171, nagy szil\u00e1rds\u00e1g\u00fa magn\u00e9zium\u00f6tv\u00f6zetb\u0151l k\u00e9sz\u00fclnek. A karok sz\u00f6gben \u00e1llnak, ez\u00e1ltal biztos\u00edtj\u00e1k a kagyl\u00f3k lehet\u0151 legjobb illeszked\u00e9s\u00e9t \u00e9s t\u00f6k\u00e9letes szigetel\u00e9s\u00e9t. A k\u00e9nyelmet m\u00e9g tov\u00e1bb fokozz\u00e1k a sima, tart\u00f3s juhb\u0151r f\u00fclp\u00e1rn\u00e1k \u00e9s a fejp\u00e1nt. K\u00fcl\u00f6nleges b\u00f3nuszk\u00e9nt pedig egy p\u00e1r cser\u00e9lhet\u0151 ZMF Universe Hybrid f\u00fclp\u00e1rn\u00e1t is mell\u00e9kel\u00fcnk az egyedi, alternat\u00edv hallgat\u00e1si \u00e9lm\u00e9ny \u00e9rdek\u00e9ben.<\/p>\n<p>A fejhallgat\u00f3 A2DC (Audio Designed Detachable Coaxial) jack dug\u00f3kkal rendelkezik a mell\u00e9kelt k\u00e9t 3,0 m-es (9,8&#8242;) levehet\u0151 k\u00e1belhez val\u00f3 csatlakoz\u00e1shoz. Az egyik k\u00e1bel 6,3 mm-es (1\/4&#8243;) aranyozott sztere\u00f3 csatlakoz\u00f3val van felszerelve szabv\u00e1nyos audioeszk\u00f6z\u00f6kh\u00f6z. A m\u00e1sik k\u00e1bel 4-t\u0171s XLR-M kiegyens\u00falyozott csatlakoz\u00f3val rendelkezik, amely alkalmas a leg\u00fajabb HiFi berendez\u00e9ssel val\u00f3 haszn\u00e1latra, \u00edgy jobb csatornaelv\u00e1laszt\u00e1st biztos\u00edt a jobb hang\u00e9lm\u00e9ny \u00e9rdek\u00e9ben.<\/p>\n<p>A term\u00e9khez egy gy\u00f6ny\u00f6r\u0171en megtervezett, KUROGAKI f\u00e1val d\u00edsz\u00edtett t\u00e1rol\u00f3doboz is tartozik, amely t\u00f6k\u00e9letes harm\u00f3ni\u00e1t alkot mag\u00e1val a fejhallgat\u00f3val.<\/p>\n<\/div>\n","protected":false},"featured_media":1385,"comment_status":"open","ping_status":"closed","template":"","meta":{"_uag_custom_page_level_css":"","site-sidebar-layout":"default","site-content-layout":"","ast-site-content-layout":"default","site-content-style":"default","site-sidebar-style":"default","ast-global-header-display":"","ast-banner-title-visibility":"","ast-main-header-display":"","ast-hfb-above-header-display":"","ast-hfb-below-header-display":"","ast-hfb-mobile-header-display":"","site-post-title":"","ast-breadcrumbs-content":"","ast-featured-img":"","footer-sml-layout":"","ast-disable-related-posts":"","theme-transparent-header-meta":"default","adv-header-id-meta":"","stick-header-meta":"","header-above-stick-meta":"","header-main-stick-meta":"","header-below-stick-meta":"","astra-migrate-meta-layouts":"set","ast-page-background-enabled":"default","ast-page-background-meta":{"desktop":{"background-color":"var(--ast-global-color-4)","background-image":"","background-repeat":"repeat","background-position":"center center","background-size":"auto","background-attachment":"scroll","background-type":"","background-media":"","overlay-type":"","overlay-color":"","overlay-opacity":"","overlay-gradient":""},"tablet":{"background-color":"","background-image":"","background-repeat":"repeat","background-position":"center center","background-size":"auto","background-attachment":"scroll","background-type":"","background-media":"","overlay-type":"","overlay-color":"","overlay-opacity":"","overlay-gradient":""},"mobile":{"background-color":"","background-image":"","background-repeat":"repeat","background-position":"center center","background-size":"auto","background-attachment":"scroll","background-type":"","background-media":"","overlay-type":"","overlay-color":"","overlay-opacity":"","overlay-gradient":""}},"ast-content-background-meta":{"desktop":{"background-color":"var(--ast-global-color-5)","background-image":"","background-repeat":"repeat","background-position":"center center","background-size":"auto","background-attachment":"scroll","background-type":"","background-media":"","overlay-type":"","overlay-color":"","overlay-opacity":"","overlay-gradient":""},"tablet":{"background-color":"var(--ast-global-color-5)","background-image":"","background-repeat":"repeat","background-position":"center center","background-size":"auto","background-attachment":"scroll","background-type":"","background-media":"","overlay-type":"","overlay-color":"","overlay-opacity":"","overlay-gradient":""},"mobile":{"background-color":"var(--ast-global-color-5)","background-image":"","background-repeat":"repeat","background-position":"center center","background-size":"auto","background-attachment":"scroll","background-type":"","background-media":"","overlay-type":"","overlay-color":"","overlay-opacity":"","overlay-gradient":""}}},"product_brand":[],"product_cat":[37,39],"product_tag":[],"class_list":{"0":"post-1132","1":"product","2":"type-product","3":"status-publish","4":"has-post-thumbnail","6":"product_cat-fejhallgatok","7":"product_cat-hi-fi-headphones","8":"desktop-align-left","9":"tablet-align-left","10":"mobile-align-left","12":"first","13":"instock","14":"taxable","15":"shipping-taxable","16":"purchasable","17":"product-type-simple"},"supplier_id":null,"supplier_sku":"","barcode":null,"atum_controlled":true,"out_stock_date":null,"out_stock_threshold":null,"inheritable":false,"inbound_stock":0,"stock_on_hold":0,"sold_today":0,"sales_last_days":0,"reserved_stock":0,"customer_returns":0,"warehouse_damage":0,"lost_in_post":0,"other_logs":0,"out_stock_days":0,"lost_sales":0,"has_location":false,"update_date":"2026-05-01T04:23:40","atum_locations":[],"atum_stock_status":"instock","restock_status":false,"low_stock_amount":"","sales_update_date":"2026-05-01T04:23:40","calc_backorders":null,"uagb_featured_image_src":{"full":["https:\/\/shop.hanaton.hu\/wp-content\/uploads\/ath-awkg_01.png.webp",2000,2000,false],"thumbnail":["https:\/\/shop.hanaton.hu\/wp-content\/uploads\/ath-awkg_01.png-150x150.webp",150,150,true],"medium":["https:\/\/shop.hanaton.hu\/wp-content\/uploads\/ath-awkg_01.png-300x300.webp",300,300,true],"medium_large":["https:\/\/shop.hanaton.hu\/wp-content\/uploads\/ath-awkg_01.png-768x768.webp",768,768,true],"large":["https:\/\/shop.hanaton.hu\/wp-content\/uploads\/ath-awkg_01.png-1024x1024.webp",1024,1024,true],"1536x1536":["https:\/\/shop.hanaton.hu\/wp-content\/uploads\/ath-awkg_01.png-1536x1536.webp",1536,1536,true],"2048x2048":["https:\/\/shop.hanaton.hu\/wp-content\/uploads\/ath-awkg_01.png.webp",2000,2000,false],"woocommerce_thumbnail":["https:\/\/shop.hanaton.hu\/wp-content\/uploads\/ath-awkg_01.png-300x300.webp",300,300,true],"woocommerce_single":["https:\/\/shop.hanaton.hu\/wp-content\/uploads\/ath-awkg_01.png-600x600.webp",600,600,true],"woocommerce_gallery_thumbnail":["https:\/\/shop.hanaton.hu\/wp-content\/uploads\/ath-awkg_01.png-100x100.webp",100,100,true]},"uagb_author_info":{"display_name":"admin","author_link":"https:\/\/shop.hanaton.hu\/?author=0"},"uagb_comment_info":0,"uagb_excerpt":"1962-es alap\u00edt\u00e1sunk \u00f3ta igyeksz\u00fcnk t\u00e1g\u00edtani az audio technol\u00f3gia hat\u00e1rait, \u00e9s az emberi kapcsolatok el\u0151seg\u00edt\u00e9se \u00e9rdek\u00e9ben a mindenki sz\u00e1m\u00e1ra el\u00e9rhet\u0151 tiszta hangz\u00e1st k\u00f6vetj\u00fck. M\u00e9g hat \u00e9vtizednyi felfedez\u00e9s \u00e9s innov\u00e1ci\u00f3 ut\u00e1n is \u00fagy \u00e9rezz\u00fck, itt az ideje, hogy m\u00e9g magasabb szintre emelj\u00fck az anal\u00f3g hangz\u00e1s kutat\u00e1s\u00e1t. A NARUKAMI sorozat hat\u00e1rokat feszeget\u0151 pr\u00e9mium hang\u00e9lm\u00e9nyt k\u00edn\u00e1l, az Audio-Technica v\u00e9djegy\u00e9nek&hellip;","_links":{"self":[{"href":"https:\/\/shop.hanaton.hu\/index.php?rest_route=\/wp\/v2\/product\/1132","targetHints":{"allow":["GET"]}}],"collection":[{"href":"https:\/\/shop.hanaton.hu\/index.php?rest_route=\/wp\/v2\/product"}],"about":[{"href":"https:\/\/shop.hanaton.hu\/index.php?rest_route=\/wp\/v2\/types\/product"}],"replies":[{"embeddable":true,"href":"https:\/\/shop.hanaton.hu\/index.php?rest_route=%2Fwp%2Fv2%2Fcomments&post=1132"}],"wp:featuredmedia":[{"embeddable":true,"href":"https:\/\/shop.hanaton.hu\/index.php?rest_route=\/wp\/v2\/media\/1385"}],"wp:attachment":[{"href":"https:\/\/shop.hanaton.hu\/index.php?rest_route=%2Fwp%2Fv2%2Fmedia&parent=1132"}],"wp:term":[{"taxonomy":"product_brand","embeddable":true,"href":"https:\/\/shop.hanaton.hu\/index.php?rest_route=%2Fwp%2Fv2%2Fproduct_brand&post=1132"},{"taxonomy":"product_cat","embeddable":true,"href":"https:\/\/shop.hanaton.hu\/index.php?rest_route=%2Fwp%2Fv2%2Fproduct_cat&post=1132"},{"taxonomy":"product_tag","embeddable":true,"href":"https:\/\/shop.hanaton.hu\/index.php?rest_route=%2Fwp%2Fv2%2Fproduct_tag&post=1132"}],"curies":[{"name":"wp","href":"https:\/\/api.w.org\/{rel}","templated":true}]}}