{"id":429,"date":"2024-01-10T21:46:10","date_gmt":"2024-01-10T20:46:10","guid":{"rendered":"https:\/\/shop.hanaton.hu\/?page_id=429"},"modified":"2025-02-24T19:04:36","modified_gmt":"2025-02-24T18:04:36","slug":"szallitas-es-visszakuldes","status":"publish","type":"page","link":"https:\/\/shop.hanaton.hu\/?page_id=429","title":{"rendered":"Sz\u00e1ll\u00edt\u00e1s \u00e9s visszak\u00fcld\u00e9s"},"content":{"rendered":"\n<h2 class=\"wp-block-heading\">Sz\u00e1ll\u00edt\u00e1s d\u00edja<\/h2>\n\n\n\n<p>A kisz\u00e1ll\u00edt\u00e1s d\u00edja egys\u00e9gesen 2200 Ft, 100 000 Ft feletti megrendel\u00e9s eset\u00e9n pedig d\u00edjmentes.<\/p>\n\n\n\n<h2 class=\"wp-block-heading\">Sz\u00e1ll\u00edt\u00e1si id\u0151<\/h2>\n\n\n\n<p>A megrendelt term\u00e9keket igyeksz\u00fcnk 3 munkanapon bel\u00fcl elk\u00fcldeni. Amennyiben ez nem siker\u00fcl, felvessz\u00fck veled a kapcsolatot \u00e9s egyeztetj\u00fck a kisz\u00e1ll\u00edt\u00e1s v\u00e1rhat\u00f3 idej\u00e9t.<\/p>\n\n\n\n<p>Egyedileg k\u00e9sz\u00fcl\u0151 nyomdai term\u00e9kek sz\u00e1ll\u00edt\u00e1si ideje 2-4 h\u00e9t, de minden esetben felvessz\u00fck veled a kapcsolatot \u00e9s egyeztetj\u00fck a r\u00e9szleteket.<\/p>\n\n\n\n<h2 class=\"wp-block-heading\">Visszav\u00e1s\u00e1rl\u00e1s<\/h2>\n\n\n\n<p>B\u00e1rmilyen okb\u00f3l gondolod is meg magad, a term\u00e9kek 14 napon bel\u00fcl visszak\u00fcldhet\u0151k, mi pedig visszat\u00e9r\u00edtj\u00fck a term\u00e9k v\u00e9tel\u00e1r\u00e1t. A Hanaton fenntartja mag\u00e1nak a jogot a term\u00e9kvisszav\u00e1s\u00e1rl\u00e1s megtagad\u00e1s\u00e1ra, amennyiben a term\u00e9k, vagy a csomagol\u00e1s s\u00e9r\u00fclt, hi\u00e1nyos, valamint nem \u00e1ll m\u00f3dunkban visszav\u00e1s\u00e1rolni az egyedi ig\u00e9nyek alapj\u00e1n k\u00e9sz\u00fclt megrendel\u00e9seket sem. <\/p>\n","protected":false},"excerpt":{"rendered":"<p>Sz\u00e1ll\u00edt\u00e1s d\u00edja A kisz\u00e1ll\u00edt\u00e1s d\u00edja egys\u00e9gesen 2200 Ft, 100 000 Ft feletti megrendel\u00e9s eset\u00e9n pedig d\u00edjmentes. Sz\u00e1ll\u00edt\u00e1si id\u0151 A megrendelt [&hellip;]<\/p>\n","protected":false},"author":1,"featured_media":0,"parent":0,"menu_order":0,"comment_status":"closed","ping_status":"closed","template":"","meta":{"_uag_custom_page_level_css":"","site-sidebar-layout":"default","site-content-layout":"","ast-site-content-layout":"default","site-content-style":"default","site-sidebar-style":"default","ast-global-header-display":"","ast-banner-title-visibility":"","ast-main-header-display":"","ast-hfb-above-header-display":"","ast-hfb-below-header-display":"","ast-hfb-mobile-header-display":"","site-post-title":"","ast-breadcrumbs-content":"","ast-featured-img":"","footer-sml-layout":"","ast-disable-related-posts":"","theme-transparent-header-meta":"","adv-header-id-meta":"","stick-header-meta":"","header-above-stick-meta":"","header-main-stick-meta":"","header-below-stick-meta":"","astra-migrate-meta-layouts":"default","ast-page-background-enabled":"default","ast-page-background-meta":{"desktop":{"background-color":"var(--ast-global-color-4)","background-image":"","background-repeat":"repeat","background-position":"center center","background-size":"auto","background-attachment":"scroll","background-type":"","background-media":"","overlay-type":"","overlay-color":"","overlay-opacity":"","overlay-gradient":""},"tablet":{"background-color":"","background-image":"","background-repeat":"repeat","background-position":"center center","background-size":"auto","background-attachment":"scroll","background-type":"","background-media":"","overlay-type":"","overlay-color":"","overlay-opacity":"","overlay-gradient":""},"mobile":{"background-color":"","background-image":"","background-repeat":"repeat","background-position":"center center","background-size":"auto","background-attachment":"scroll","background-type":"","background-media":"","overlay-type":"","overlay-color":"","overlay-opacity":"","overlay-gradient":""}},"ast-content-background-meta":{"desktop":{"background-color":"var(--ast-global-color-5)","background-image":"","background-repeat":"repeat","background-position":"center center","background-size":"auto","background-attachment":"scroll","background-type":"","background-media":"","overlay-type":"","overlay-color":"","overlay-opacity":"","overlay-gradient":""},"tablet":{"background-color":"var(--ast-global-color-5)","background-image":"","background-repeat":"repeat","background-position":"center center","background-size":"auto","background-attachment":"scroll","background-type":"","background-media":"","overlay-type":"","overlay-color":"","overlay-opacity":"","overlay-gradient":""},"mobile":{"background-color":"var(--ast-global-color-5)","background-image":"","background-repeat":"repeat","background-position":"center center","background-size":"auto","background-attachment":"scroll","background-type":"","background-media":"","overlay-type":"","overlay-color":"","overlay-opacity":"","overlay-gradient":""}},"footnotes":""},"class_list":["post-429","page","type-page","status-publish","hentry"],"uagb_featured_image_src":{"full":false,"thumbnail":false,"medium":false,"medium_large":false,"large":false,"1536x1536":false,"2048x2048":false,"woocommerce_thumbnail":false,"woocommerce_single":false,"woocommerce_gallery_thumbnail":false},"uagb_author_info":{"display_name":"admin","author_link":"https:\/\/shop.hanaton.hu\/?author=1"},"uagb_comment_info":0,"uagb_excerpt":"Sz\u00e1ll\u00edt\u00e1s d\u00edja A kisz\u00e1ll\u00edt\u00e1s d\u00edja egys\u00e9gesen 2200 Ft, 100 000 Ft feletti megrendel\u00e9s eset\u00e9n pedig d\u00edjmentes. Sz\u00e1ll\u00edt\u00e1si id\u0151 A megrendelt [&hellip;]","_links":{"self":[{"href":"https:\/\/shop.hanaton.hu\/index.php?rest_route=\/wp\/v2\/pages\/429","targetHints":{"allow":["GET"]}}],"collection":[{"href":"https:\/\/shop.hanaton.hu\/index.php?rest_route=\/wp\/v2\/pages"}],"about":[{"href":"https:\/\/shop.hanaton.hu\/index.php?rest_route=\/wp\/v2\/types\/page"}],"author":[{"embeddable":true,"href":"https:\/\/shop.hanaton.hu\/index.php?rest_route=\/wp\/v2\/users\/1"}],"replies":[{"embeddable":true,"href":"https:\/\/shop.hanaton.hu\/index.php?rest_route=%2Fwp%2Fv2%2Fcomments&post=429"}],"version-history":[{"count":5,"href":"https:\/\/shop.hanaton.hu\/index.php?rest_route=\/wp\/v2\/pages\/429\/revisions"}],"predecessor-version":[{"id":944,"href":"https:\/\/shop.hanaton.hu\/index.php?rest_route=\/wp\/v2\/pages\/429\/revisions\/944"}],"wp:attachment":[{"href":"https:\/\/shop.hanaton.hu\/index.php?rest_route=%2Fwp%2Fv2%2Fmedia&parent=429"}],"curies":[{"name":"wp","href":"https:\/\/api.w.org\/{rel}","templated":true}]}}